{"id":8371,"date":"2023-04-03T09:24:28","date_gmt":"2023-04-03T07:24:28","guid":{"rendered":"https:\/\/elektro-fontana.com\/?post_type=product&#038;p=8371"},"modified":"2025-06-04T08:17:21","modified_gmt":"2025-06-04T06:17:21","slug":"ariete-backofen-980-grangusto-100","status":"publish","type":"product","link":"https:\/\/elektro-fontana.com\/it\/produkt\/ariete-backofen-980-grangusto-100\/","title":{"rendered":"Ariete Fornetto 980 Grangusto 100"},"content":{"rendered":"","protected":false},"excerpt":{"rendered":"<table style=\"height: 265px;\" width=\"536\">\n<tbody>\n<tr>\n<td>\n<h4><span style=\"color: #0f62ab;\"><strong>Dettagli prodotto:<\/strong><\/span><\/h4>\n<\/td>\n<td>\n<h4><span style=\"color: #0f62ab;\"><strong>Fornetto elettrico \/ Grangusto <\/strong><\/span><\/h4>\n<\/td>\n<\/tr>\n<tr>\n<td>Potenza massima: <\/td>\n<td>800 W<\/td>\n<\/tr>\n<tr>\n<td>Range di temperatura:<\/td>\n<td>fino a 230 \u00b0C<\/td>\n<\/tr>\n<tr>\n<td>Capacit\u00e0:<\/td>\n<td>10 l<\/td>\n<\/tr>\n<tr>\n<td>Tipo di controllo:<\/td>\n<td>Manopole<\/td>\n<\/tr>\n<tr>\n<td>Colore:<\/td>\n<td>Nero<\/td>\n<\/tr>\n<tr>\n<td>Peso:<\/td>\n<td>4,25 kg<\/td>\n<\/tr>\n<tr>\n<td>Misure esterne in cm (L\/A\/P):<\/td>\n<td>38 \/ 18 \/ 29<\/td>\n<\/tr>\n<\/tbody>\n<\/table>\n<h3><strong><span style=\"color: #ff0000;\"><span style=\"color: #0f62ab;\">Ordinabile &#8211; Prezzo su richiesta<\/span><\/span><\/strong><\/h3>\n<hr>\n<h3><\/h3>\n","protected":false},"featured_media":8373,"comment_status":"closed","ping_status":"closed","template":"","meta":[],"product_brand":[],"product_cat":[165,298,389,154],"product_tag":[],"class_list":{"0":"post-8371","1":"product","2":"type-product","3":"status-publish","4":"has-post-thumbnail","6":"product_cat-apparecchi-da-cucina","7":"product_cat-ariete-it","8":"product_cat-forni-microonde","9":"product_cat-piccoli-elettrodomestici","11":"first","12":"outofstock","13":"shipping-taxable","14":"product-type-simple"},"yoast_head":"<!-- This site is optimized with the Yoast SEO plugin v27.3 - https:\/\/yoast.com\/product\/yoast-seo-wordpress\/ -->\n<title>Ariete Fornetto 980 Grangusto 100 - Elektrofachmarkt Fontana Meran<\/title>\n<meta name=\"robots\" content=\"index, follow, max-snippet:-1, max-image-preview:large, max-video-preview:-1\" \/>\n<link rel=\"canonical\" href=\"https:\/\/elektro-fontana.com\/it\/produkt\/ariete-backofen-980-grangusto-100\/\" \/>\n<meta property=\"og:locale\" content=\"it_IT\" \/>\n<meta property=\"og:type\" content=\"article\" \/>\n<meta property=\"og:title\" content=\"Ariete Fornetto 980 Grangusto 100 - Elektrofachmarkt Fontana Meran\" \/>\n<meta property=\"og:description\" content=\"Dettagli prodotto:  Fornetto elettrico \/ Grangusto   Potenza massima: 800 W  Range di temperatura: fino a 230 \u00b0C  Capacit\u00e0: 10 l  Tipo di controllo: Manopole  Colore: Nero  Peso: 4,25 kg  Misure esterne in cm (L\/A\/P): 38 \/ 18 \/ 29  Ordinabile - Prezzo su richiesta\" \/>\n<meta property=\"og:url\" content=\"https:\/\/elektro-fontana.com\/it\/produkt\/ariete-backofen-980-grangusto-100\/\" \/>\n<meta property=\"og:site_name\" content=\"Elektrofachmarkt Fontana Meran\" \/>\n<meta property=\"article:modified_time\" content=\"2025-06-04T06:17:21+00:00\" \/>\n<meta property=\"og:image\" content=\"https:\/\/elektro-fontana.com\/shop\/wp-content\/uploads\/2023\/04\/Ariete-980-Grangusto-01.jpg\" \/>\n\t<meta property=\"og:image:width\" content=\"1000\" \/>\n\t<meta property=\"og:image:height\" content=\"1000\" \/>\n\t<meta property=\"og:image:type\" content=\"image\/jpeg\" \/>\n<meta name=\"twitter:card\" content=\"summary_large_image\" \/>\n<script type=\"application\/ld+json\" class=\"yoast-schema-graph\">{\"@context\":\"https:\\\/\\\/schema.org\",\"@graph\":[{\"@type\":\"WebPage\",\"@id\":\"https:\\\/\\\/elektro-fontana.com\\\/it\\\/produkt\\\/ariete-backofen-980-grangusto-100\\\/\",\"url\":\"https:\\\/\\\/elektro-fontana.com\\\/it\\\/produkt\\\/ariete-backofen-980-grangusto-100\\\/\",\"name\":\"Ariete Fornetto 980 Grangusto 100 - Elektrofachmarkt Fontana Meran\",\"isPartOf\":{\"@id\":\"https:\\\/\\\/elektro-fontana.com\\\/#website\"},\"primaryImageOfPage\":{\"@id\":\"https:\\\/\\\/elektro-fontana.com\\\/it\\\/produkt\\\/ariete-backofen-980-grangusto-100\\\/#primaryimage\"},\"image\":{\"@id\":\"https:\\\/\\\/elektro-fontana.com\\\/it\\\/produkt\\\/ariete-backofen-980-grangusto-100\\\/#primaryimage\"},\"thumbnailUrl\":\"https:\\\/\\\/elektro-fontana.com\\\/shop\\\/wp-content\\\/uploads\\\/2023\\\/04\\\/Ariete-980-Grangusto-01.jpg\",\"datePublished\":\"2023-04-03T07:24:28+00:00\",\"dateModified\":\"2025-06-04T06:17:21+00:00\",\"breadcrumb\":{\"@id\":\"https:\\\/\\\/elektro-fontana.com\\\/it\\\/produkt\\\/ariete-backofen-980-grangusto-100\\\/#breadcrumb\"},\"inLanguage\":\"it-IT\",\"potentialAction\":[{\"@type\":\"ReadAction\",\"target\":[\"https:\\\/\\\/elektro-fontana.com\\\/it\\\/produkt\\\/ariete-backofen-980-grangusto-100\\\/\"]}]},{\"@type\":\"ImageObject\",\"inLanguage\":\"it-IT\",\"@id\":\"https:\\\/\\\/elektro-fontana.com\\\/it\\\/produkt\\\/ariete-backofen-980-grangusto-100\\\/#primaryimage\",\"url\":\"https:\\\/\\\/elektro-fontana.com\\\/shop\\\/wp-content\\\/uploads\\\/2023\\\/04\\\/Ariete-980-Grangusto-01.jpg\",\"contentUrl\":\"https:\\\/\\\/elektro-fontana.com\\\/shop\\\/wp-content\\\/uploads\\\/2023\\\/04\\\/Ariete-980-Grangusto-01.jpg\",\"width\":1000,\"height\":1000},{\"@type\":\"BreadcrumbList\",\"@id\":\"https:\\\/\\\/elektro-fontana.com\\\/it\\\/produkt\\\/ariete-backofen-980-grangusto-100\\\/#breadcrumb\",\"itemListElement\":[{\"@type\":\"ListItem\",\"position\":1,\"name\":\"Startseite\",\"item\":\"https:\\\/\\\/elektro-fontana.com\\\/it\\\/\"},{\"@type\":\"ListItem\",\"position\":2,\"name\":\"Onlineshop\",\"item\":\"https:\\\/\\\/elektro-fontana.com\\\/it\\\/shop\\\/\"},{\"@type\":\"ListItem\",\"position\":3,\"name\":\"Ariete Fornetto 980 Grangusto 100\"}]},{\"@type\":\"WebSite\",\"@id\":\"https:\\\/\\\/elektro-fontana.com\\\/#website\",\"url\":\"https:\\\/\\\/elektro-fontana.com\\\/\",\"name\":\"Elektrofachmarkt Fontana Meran\",\"description\":\"Bei uns finden Sie die wahrscheinlich gr\u00f6\u00dfte Auswahl an hochwertigen Elektroger\u00e4ten in und um Meran, sowie die beste pers\u00f6nliche Beratung\",\"potentialAction\":[{\"@type\":\"SearchAction\",\"target\":{\"@type\":\"EntryPoint\",\"urlTemplate\":\"https:\\\/\\\/elektro-fontana.com\\\/?s={search_term_string}\"},\"query-input\":{\"@type\":\"PropertyValueSpecification\",\"valueRequired\":true,\"valueName\":\"search_term_string\"}}],\"inLanguage\":\"it-IT\"}]}<\/script>\n<!-- \/ Yoast SEO plugin. -->","yoast_head_json":{"title":"Ariete Fornetto 980 Grangusto 100 - Elektrofachmarkt Fontana Meran","robots":{"index":"index","follow":"follow","max-snippet":"max-snippet:-1","max-image-preview":"max-image-preview:large","max-video-preview":"max-video-preview:-1"},"canonical":"https:\/\/elektro-fontana.com\/it\/produkt\/ariete-backofen-980-grangusto-100\/","og_locale":"it_IT","og_type":"article","og_title":"Ariete Fornetto 980 Grangusto 100 - Elektrofachmarkt Fontana Meran","og_description":"Dettagli prodotto:  Fornetto elettrico \/ Grangusto   Potenza massima: 800 W  Range di temperatura: fino a 230 \u00b0C  Capacit\u00e0: 10 l  Tipo di controllo: Manopole  Colore: Nero  Peso: 4,25 kg  Misure esterne in cm (L\/A\/P): 38 \/ 18 \/ 29  Ordinabile - Prezzo su richiesta","og_url":"https:\/\/elektro-fontana.com\/it\/produkt\/ariete-backofen-980-grangusto-100\/","og_site_name":"Elektrofachmarkt Fontana Meran","article_modified_time":"2025-06-04T06:17:21+00:00","og_image":[{"width":1000,"height":1000,"url":"https:\/\/elektro-fontana.com\/shop\/wp-content\/uploads\/2023\/04\/Ariete-980-Grangusto-01.jpg","type":"image\/jpeg"}],"twitter_card":"summary_large_image","schema":{"@context":"https:\/\/schema.org","@graph":[{"@type":"WebPage","@id":"https:\/\/elektro-fontana.com\/it\/produkt\/ariete-backofen-980-grangusto-100\/","url":"https:\/\/elektro-fontana.com\/it\/produkt\/ariete-backofen-980-grangusto-100\/","name":"Ariete Fornetto 980 Grangusto 100 - Elektrofachmarkt Fontana Meran","isPartOf":{"@id":"https:\/\/elektro-fontana.com\/#website"},"primaryImageOfPage":{"@id":"https:\/\/elektro-fontana.com\/it\/produkt\/ariete-backofen-980-grangusto-100\/#primaryimage"},"image":{"@id":"https:\/\/elektro-fontana.com\/it\/produkt\/ariete-backofen-980-grangusto-100\/#primaryimage"},"thumbnailUrl":"https:\/\/elektro-fontana.com\/shop\/wp-content\/uploads\/2023\/04\/Ariete-980-Grangusto-01.jpg","datePublished":"2023-04-03T07:24:28+00:00","dateModified":"2025-06-04T06:17:21+00:00","breadcrumb":{"@id":"https:\/\/elektro-fontana.com\/it\/produkt\/ariete-backofen-980-grangusto-100\/#breadcrumb"},"inLanguage":"it-IT","potentialAction":[{"@type":"ReadAction","target":["https:\/\/elektro-fontana.com\/it\/produkt\/ariete-backofen-980-grangusto-100\/"]}]},{"@type":"ImageObject","inLanguage":"it-IT","@id":"https:\/\/elektro-fontana.com\/it\/produkt\/ariete-backofen-980-grangusto-100\/#primaryimage","url":"https:\/\/elektro-fontana.com\/shop\/wp-content\/uploads\/2023\/04\/Ariete-980-Grangusto-01.jpg","contentUrl":"https:\/\/elektro-fontana.com\/shop\/wp-content\/uploads\/2023\/04\/Ariete-980-Grangusto-01.jpg","width":1000,"height":1000},{"@type":"BreadcrumbList","@id":"https:\/\/elektro-fontana.com\/it\/produkt\/ariete-backofen-980-grangusto-100\/#breadcrumb","itemListElement":[{"@type":"ListItem","position":1,"name":"Startseite","item":"https:\/\/elektro-fontana.com\/it\/"},{"@type":"ListItem","position":2,"name":"Onlineshop","item":"https:\/\/elektro-fontana.com\/it\/shop\/"},{"@type":"ListItem","position":3,"name":"Ariete Fornetto 980 Grangusto 100"}]},{"@type":"WebSite","@id":"https:\/\/elektro-fontana.com\/#website","url":"https:\/\/elektro-fontana.com\/","name":"Elektrofachmarkt Fontana Meran","description":"Bei uns finden Sie die wahrscheinlich gr\u00f6\u00dfte Auswahl an hochwertigen Elektroger\u00e4ten in und um Meran, sowie die beste pers\u00f6nliche Beratung","potentialAction":[{"@type":"SearchAction","target":{"@type":"EntryPoint","urlTemplate":"https:\/\/elektro-fontana.com\/?s={search_term_string}"},"query-input":{"@type":"PropertyValueSpecification","valueRequired":true,"valueName":"search_term_string"}}],"inLanguage":"it-IT"}]}},"_links":{"self":[{"href":"https:\/\/elektro-fontana.com\/it\/wp-json\/wp\/v2\/product\/8371","targetHints":{"allow":["GET"]}}],"collection":[{"href":"https:\/\/elektro-fontana.com\/it\/wp-json\/wp\/v2\/product"}],"about":[{"href":"https:\/\/elektro-fontana.com\/it\/wp-json\/wp\/v2\/types\/product"}],"replies":[{"embeddable":true,"href":"https:\/\/elektro-fontana.com\/it\/wp-json\/wp\/v2\/comments?post=8371"}],"wp:featuredmedia":[{"embeddable":true,"href":"https:\/\/elektro-fontana.com\/it\/wp-json\/wp\/v2\/media\/8373"}],"wp:attachment":[{"href":"https:\/\/elektro-fontana.com\/it\/wp-json\/wp\/v2\/media?parent=8371"}],"wp:term":[{"taxonomy":"product_brand","embeddable":true,"href":"https:\/\/elektro-fontana.com\/it\/wp-json\/wp\/v2\/product_brand?post=8371"},{"taxonomy":"product_cat","embeddable":true,"href":"https:\/\/elektro-fontana.com\/it\/wp-json\/wp\/v2\/product_cat?post=8371"},{"taxonomy":"product_tag","embeddable":true,"href":"https:\/\/elektro-fontana.com\/it\/wp-json\/wp\/v2\/product_tag?post=8371"}],"curies":[{"name":"wp","href":"https:\/\/api.w.org\/{rel}","templated":true}]}}