{"id":8329,"date":"2023-03-31T08:05:37","date_gmt":"2023-03-31T06:05:37","guid":{"rendered":"https:\/\/elektro-fontana.com\/?post_type=product&#038;p=8329"},"modified":"2025-06-04T08:25:07","modified_gmt":"2025-06-04T06:25:07","slug":"whirlpool-mikrowelle-mwp203sb","status":"publish","type":"product","link":"https:\/\/elektro-fontana.com\/it\/produkt\/whirlpool-mikrowelle-mwp203sb\/","title":{"rendered":"Whirlpool Forno a Microonde MWP203SB"},"content":{"rendered":"","protected":false},"excerpt":{"rendered":"<table style=\"height: 251px;\" width=\"524\">\n<tbody>\n<tr>\n<td>\n<h4><span style=\"color: #0f62ab;\"><strong>Dettagli prodotto:<\/strong><\/span><\/h4>\n<\/td>\n<td>\n<h4><span style=\"color: #0f62ab;\"><strong>Forno a microonde con funzione Grill<\/strong><\/span><\/h4>\n<\/td>\n<\/tr>\n<tr>\n<td>Potenza massima Microonde:<\/td>\n<td>700 W<\/td>\n<\/tr>\n<tr>\n<td>Potenza aria calda\/Grill:<\/td>\n<td>1000 W<\/td>\n<\/tr>\n<tr>\n<td>Capacit\u00e0:<\/td>\n<td>20 l<\/td>\n<\/tr>\n<tr>\n<td>Tipo di controllo:<\/td>\n<td>Display LED, Touch Control<\/td>\n<\/tr>\n<tr>\n<td>Colore:<\/td>\n<td>Nero, Argento<\/td>\n<\/tr>\n<tr>\n<td>Peso:<\/td>\n<td>12 kg<\/td>\n<\/tr>\n<tr>\n<td>Misure esterne in cm (L\/A\/P):<\/td>\n<td>45,2 \/ 26,2 \/ 36,3<\/td>\n<\/tr>\n<\/tbody>\n<\/table>\n<h3><strong><span style=\"color: #ff0000;\"><span style=\"color: #0f62ab;\">Ordinabile &#8211; Prezzo su richiesta<\/span><\/span><\/strong><\/h3>\n<hr>\n<h3><\/h3>\n","protected":false},"featured_media":8331,"comment_status":"closed","ping_status":"closed","template":"","meta":[],"product_brand":[],"product_cat":[165,389,154,323],"product_tag":[],"class_list":{"0":"post-8329","1":"product","2":"type-product","3":"status-publish","4":"has-post-thumbnail","6":"product_cat-apparecchi-da-cucina","7":"product_cat-forni-microonde","8":"product_cat-piccoli-elettrodomestici","9":"product_cat-whirlpool-it","11":"first","12":"outofstock","13":"shipping-taxable","14":"product-type-simple"},"yoast_head":"<!-- This site is optimized with the Yoast SEO plugin v27.3 - https:\/\/yoast.com\/product\/yoast-seo-wordpress\/ -->\n<title>Whirlpool Forno a Microonde MWP203SB - Elektrofachmarkt Fontana Meran<\/title>\n<meta name=\"robots\" content=\"index, follow, max-snippet:-1, max-image-preview:large, max-video-preview:-1\" \/>\n<link rel=\"canonical\" href=\"https:\/\/elektro-fontana.com\/it\/produkt\/whirlpool-mikrowelle-mwp203sb\/\" \/>\n<meta property=\"og:locale\" content=\"it_IT\" \/>\n<meta property=\"og:type\" content=\"article\" \/>\n<meta property=\"og:title\" content=\"Whirlpool Forno a Microonde MWP203SB - Elektrofachmarkt Fontana Meran\" \/>\n<meta property=\"og:description\" content=\"Dettagli prodotto:  Forno a microonde con funzione Grill  Potenza massima Microonde: 700 W  Potenza aria calda\/Grill: 1000 W  Capacit\u00e0: 20 l  Tipo di controllo: Display LED, Touch Control  Colore: Nero, Argento  Peso: 12 kg  Misure esterne in cm (L\/A\/P): 45,2 \/ 26,2 \/ 36,3  Ordinabile - Prezzo su richiesta\" \/>\n<meta property=\"og:url\" content=\"https:\/\/elektro-fontana.com\/it\/produkt\/whirlpool-mikrowelle-mwp203sb\/\" \/>\n<meta property=\"og:site_name\" content=\"Elektrofachmarkt Fontana Meran\" \/>\n<meta property=\"article:modified_time\" content=\"2025-06-04T06:25:07+00:00\" \/>\n<meta property=\"og:image\" content=\"https:\/\/elektro-fontana.com\/shop\/wp-content\/uploads\/2023\/03\/Whirlpool-MWP-203SB-01.jpg\" \/>\n\t<meta property=\"og:image:width\" content=\"1000\" \/>\n\t<meta property=\"og:image:height\" content=\"1000\" \/>\n\t<meta property=\"og:image:type\" content=\"image\/jpeg\" \/>\n<meta name=\"twitter:card\" content=\"summary_large_image\" \/>\n<script type=\"application\/ld+json\" class=\"yoast-schema-graph\">{\"@context\":\"https:\\\/\\\/schema.org\",\"@graph\":[{\"@type\":\"WebPage\",\"@id\":\"https:\\\/\\\/elektro-fontana.com\\\/it\\\/produkt\\\/whirlpool-mikrowelle-mwp203sb\\\/\",\"url\":\"https:\\\/\\\/elektro-fontana.com\\\/it\\\/produkt\\\/whirlpool-mikrowelle-mwp203sb\\\/\",\"name\":\"Whirlpool Forno a Microonde MWP203SB - Elektrofachmarkt Fontana Meran\",\"isPartOf\":{\"@id\":\"https:\\\/\\\/elektro-fontana.com\\\/#website\"},\"primaryImageOfPage\":{\"@id\":\"https:\\\/\\\/elektro-fontana.com\\\/it\\\/produkt\\\/whirlpool-mikrowelle-mwp203sb\\\/#primaryimage\"},\"image\":{\"@id\":\"https:\\\/\\\/elektro-fontana.com\\\/it\\\/produkt\\\/whirlpool-mikrowelle-mwp203sb\\\/#primaryimage\"},\"thumbnailUrl\":\"https:\\\/\\\/elektro-fontana.com\\\/shop\\\/wp-content\\\/uploads\\\/2023\\\/03\\\/Whirlpool-MWP-203SB-01.jpg\",\"datePublished\":\"2023-03-31T06:05:37+00:00\",\"dateModified\":\"2025-06-04T06:25:07+00:00\",\"breadcrumb\":{\"@id\":\"https:\\\/\\\/elektro-fontana.com\\\/it\\\/produkt\\\/whirlpool-mikrowelle-mwp203sb\\\/#breadcrumb\"},\"inLanguage\":\"it-IT\",\"potentialAction\":[{\"@type\":\"ReadAction\",\"target\":[\"https:\\\/\\\/elektro-fontana.com\\\/it\\\/produkt\\\/whirlpool-mikrowelle-mwp203sb\\\/\"]}]},{\"@type\":\"ImageObject\",\"inLanguage\":\"it-IT\",\"@id\":\"https:\\\/\\\/elektro-fontana.com\\\/it\\\/produkt\\\/whirlpool-mikrowelle-mwp203sb\\\/#primaryimage\",\"url\":\"https:\\\/\\\/elektro-fontana.com\\\/shop\\\/wp-content\\\/uploads\\\/2023\\\/03\\\/Whirlpool-MWP-203SB-01.jpg\",\"contentUrl\":\"https:\\\/\\\/elektro-fontana.com\\\/shop\\\/wp-content\\\/uploads\\\/2023\\\/03\\\/Whirlpool-MWP-203SB-01.jpg\",\"width\":1000,\"height\":1000},{\"@type\":\"BreadcrumbList\",\"@id\":\"https:\\\/\\\/elektro-fontana.com\\\/it\\\/produkt\\\/whirlpool-mikrowelle-mwp203sb\\\/#breadcrumb\",\"itemListElement\":[{\"@type\":\"ListItem\",\"position\":1,\"name\":\"Startseite\",\"item\":\"https:\\\/\\\/elektro-fontana.com\\\/it\\\/\"},{\"@type\":\"ListItem\",\"position\":2,\"name\":\"Onlineshop\",\"item\":\"https:\\\/\\\/elektro-fontana.com\\\/it\\\/shop\\\/\"},{\"@type\":\"ListItem\",\"position\":3,\"name\":\"Whirlpool Forno a Microonde MWP203SB\"}]},{\"@type\":\"WebSite\",\"@id\":\"https:\\\/\\\/elektro-fontana.com\\\/#website\",\"url\":\"https:\\\/\\\/elektro-fontana.com\\\/\",\"name\":\"Elektrofachmarkt Fontana Meran\",\"description\":\"Bei uns finden Sie die wahrscheinlich gr\u00f6\u00dfte Auswahl an hochwertigen Elektroger\u00e4ten in und um Meran, sowie die beste pers\u00f6nliche Beratung\",\"potentialAction\":[{\"@type\":\"SearchAction\",\"target\":{\"@type\":\"EntryPoint\",\"urlTemplate\":\"https:\\\/\\\/elektro-fontana.com\\\/?s={search_term_string}\"},\"query-input\":{\"@type\":\"PropertyValueSpecification\",\"valueRequired\":true,\"valueName\":\"search_term_string\"}}],\"inLanguage\":\"it-IT\"}]}<\/script>\n<!-- \/ Yoast SEO plugin. -->","yoast_head_json":{"title":"Whirlpool Forno a Microonde MWP203SB - Elektrofachmarkt Fontana Meran","robots":{"index":"index","follow":"follow","max-snippet":"max-snippet:-1","max-image-preview":"max-image-preview:large","max-video-preview":"max-video-preview:-1"},"canonical":"https:\/\/elektro-fontana.com\/it\/produkt\/whirlpool-mikrowelle-mwp203sb\/","og_locale":"it_IT","og_type":"article","og_title":"Whirlpool Forno a Microonde MWP203SB - Elektrofachmarkt Fontana Meran","og_description":"Dettagli prodotto:  Forno a microonde con funzione Grill  Potenza massima Microonde: 700 W  Potenza aria calda\/Grill: 1000 W  Capacit\u00e0: 20 l  Tipo di controllo: Display LED, Touch Control  Colore: Nero, Argento  Peso: 12 kg  Misure esterne in cm (L\/A\/P): 45,2 \/ 26,2 \/ 36,3  Ordinabile - Prezzo su richiesta","og_url":"https:\/\/elektro-fontana.com\/it\/produkt\/whirlpool-mikrowelle-mwp203sb\/","og_site_name":"Elektrofachmarkt Fontana Meran","article_modified_time":"2025-06-04T06:25:07+00:00","og_image":[{"width":1000,"height":1000,"url":"https:\/\/elektro-fontana.com\/shop\/wp-content\/uploads\/2023\/03\/Whirlpool-MWP-203SB-01.jpg","type":"image\/jpeg"}],"twitter_card":"summary_large_image","schema":{"@context":"https:\/\/schema.org","@graph":[{"@type":"WebPage","@id":"https:\/\/elektro-fontana.com\/it\/produkt\/whirlpool-mikrowelle-mwp203sb\/","url":"https:\/\/elektro-fontana.com\/it\/produkt\/whirlpool-mikrowelle-mwp203sb\/","name":"Whirlpool Forno a Microonde MWP203SB - Elektrofachmarkt Fontana Meran","isPartOf":{"@id":"https:\/\/elektro-fontana.com\/#website"},"primaryImageOfPage":{"@id":"https:\/\/elektro-fontana.com\/it\/produkt\/whirlpool-mikrowelle-mwp203sb\/#primaryimage"},"image":{"@id":"https:\/\/elektro-fontana.com\/it\/produkt\/whirlpool-mikrowelle-mwp203sb\/#primaryimage"},"thumbnailUrl":"https:\/\/elektro-fontana.com\/shop\/wp-content\/uploads\/2023\/03\/Whirlpool-MWP-203SB-01.jpg","datePublished":"2023-03-31T06:05:37+00:00","dateModified":"2025-06-04T06:25:07+00:00","breadcrumb":{"@id":"https:\/\/elektro-fontana.com\/it\/produkt\/whirlpool-mikrowelle-mwp203sb\/#breadcrumb"},"inLanguage":"it-IT","potentialAction":[{"@type":"ReadAction","target":["https:\/\/elektro-fontana.com\/it\/produkt\/whirlpool-mikrowelle-mwp203sb\/"]}]},{"@type":"ImageObject","inLanguage":"it-IT","@id":"https:\/\/elektro-fontana.com\/it\/produkt\/whirlpool-mikrowelle-mwp203sb\/#primaryimage","url":"https:\/\/elektro-fontana.com\/shop\/wp-content\/uploads\/2023\/03\/Whirlpool-MWP-203SB-01.jpg","contentUrl":"https:\/\/elektro-fontana.com\/shop\/wp-content\/uploads\/2023\/03\/Whirlpool-MWP-203SB-01.jpg","width":1000,"height":1000},{"@type":"BreadcrumbList","@id":"https:\/\/elektro-fontana.com\/it\/produkt\/whirlpool-mikrowelle-mwp203sb\/#breadcrumb","itemListElement":[{"@type":"ListItem","position":1,"name":"Startseite","item":"https:\/\/elektro-fontana.com\/it\/"},{"@type":"ListItem","position":2,"name":"Onlineshop","item":"https:\/\/elektro-fontana.com\/it\/shop\/"},{"@type":"ListItem","position":3,"name":"Whirlpool Forno a Microonde MWP203SB"}]},{"@type":"WebSite","@id":"https:\/\/elektro-fontana.com\/#website","url":"https:\/\/elektro-fontana.com\/","name":"Elektrofachmarkt Fontana Meran","description":"Bei uns finden Sie die wahrscheinlich gr\u00f6\u00dfte Auswahl an hochwertigen Elektroger\u00e4ten in und um Meran, sowie die beste pers\u00f6nliche Beratung","potentialAction":[{"@type":"SearchAction","target":{"@type":"EntryPoint","urlTemplate":"https:\/\/elektro-fontana.com\/?s={search_term_string}"},"query-input":{"@type":"PropertyValueSpecification","valueRequired":true,"valueName":"search_term_string"}}],"inLanguage":"it-IT"}]}},"_links":{"self":[{"href":"https:\/\/elektro-fontana.com\/it\/wp-json\/wp\/v2\/product\/8329","targetHints":{"allow":["GET"]}}],"collection":[{"href":"https:\/\/elektro-fontana.com\/it\/wp-json\/wp\/v2\/product"}],"about":[{"href":"https:\/\/elektro-fontana.com\/it\/wp-json\/wp\/v2\/types\/product"}],"replies":[{"embeddable":true,"href":"https:\/\/elektro-fontana.com\/it\/wp-json\/wp\/v2\/comments?post=8329"}],"wp:featuredmedia":[{"embeddable":true,"href":"https:\/\/elektro-fontana.com\/it\/wp-json\/wp\/v2\/media\/8331"}],"wp:attachment":[{"href":"https:\/\/elektro-fontana.com\/it\/wp-json\/wp\/v2\/media?parent=8329"}],"wp:term":[{"taxonomy":"product_brand","embeddable":true,"href":"https:\/\/elektro-fontana.com\/it\/wp-json\/wp\/v2\/product_brand?post=8329"},{"taxonomy":"product_cat","embeddable":true,"href":"https:\/\/elektro-fontana.com\/it\/wp-json\/wp\/v2\/product_cat?post=8329"},{"taxonomy":"product_tag","embeddable":true,"href":"https:\/\/elektro-fontana.com\/it\/wp-json\/wp\/v2\/product_tag?post=8329"}],"curies":[{"name":"wp","href":"https:\/\/api.w.org\/{rel}","templated":true}]}}