{"id":7944,"date":"2023-03-13T11:38:59","date_gmt":"2023-03-13T10:38:59","guid":{"rendered":"https:\/\/elektro-fontana.com\/?post_type=product&#038;p=7944"},"modified":"2024-05-15T08:14:36","modified_gmt":"2024-05-15T06:14:36","slug":"wildkuehlschraenke-auch-fuer-getraenke-verwendbar","status":"publish","type":"product","link":"https:\/\/elektro-fontana.com\/it\/produkt\/wildkuehlschraenke-auch-fuer-getraenke-verwendbar\/","title":{"rendered":"Frigoriferi per selvaggina utilizzabili anche per bevande"},"content":{"rendered":"","protected":false},"excerpt":{"rendered":"<h3><span style=\"color: #37a58c;\">Versatili, per tutte le esigenze.<\/span><\/h3>\n<table style=\"height: 87px;\" width=\"615\">\n<tbody>\n<tr>\n<td bgcolor=\"#24342a\">\n<h6><span style=\"color: #ffffff;\">Nei modelli <span style=\"color: #ccffcc;\">LU 4500<\/span>, <span style=\"color: #ccffcc;\">LU 7000<\/span> e <span style=\"color: #ccffcc;\">LU 9000<\/span> si possono inserire delle speciali griglie regolabili in altezza e contenitori impilabili.<br \/>\nIn questo modo potete usare il vostro frigo per selvaggina anche per conservare bevande, carne confezionata, salumi ecc.<\/span><span style=\"color: #ffffff;\"><br \/>\n<\/span><\/h6>\n<\/td>\n<\/tr>\n<\/tbody>\n<\/table>\n<table>\n<tbody>\n<tr>\n<td bgcolor=\"#f0f0f0\">\n<h6><span style=\"color: #000000;\"><span style=\"color: #bd0926;\">\u25ba<\/span> Mezza griglia con capacit\u00e0 di carico fino a 40 kg per griglia<br \/>\n<span style=\"color: #bd0926;\">\u25ba<\/span> Griglia con capacit\u00e0 di carico fino a 40 kg per griglia<br \/>\n<span style=\"color: #bd0926;\">\u25ba<\/span> Griglia speciale per salsicce e prosciutti<br \/>\n<span style=\"color: #bd0926;\">\u25ba<\/span> \u201eCassa Selvaggia\u201c Landig 40 litri<br \/>\n<\/span><\/h6>\n<\/td>\n<\/tr>\n<\/tbody>\n<\/table>\n<table>\n<tbody>\n<tr>\n<td bgcolor=\"#f0f0f0\">\n<h6><span style=\"color: #000000;\"><span style=\"color: #bd0926;\">\u25ba<\/span> <a href=\"https:\/\/elektro-fontana.com\/shop\/wp-content\/uploads\/2022\/12\/Landig-Catalogo.pdf\" target=\"_blank\" rel=\"noopener\">Maggiori informazioni sui prodotti Landig<\/a><br \/>\n<\/span><\/h6>\n<\/td>\n<\/tr>\n<\/tbody>\n<\/table>\n<h3><\/h3>\n<hr \/>\n<h3><\/h3>\n","protected":false},"featured_media":7968,"comment_status":"closed","ping_status":"closed","template":"","meta":[],"product_brand":[],"product_cat":[177,186,373,330],"product_tag":[],"class_list":{"0":"post-7944","1":"product","2":"type-product","3":"status-publish","4":"has-post-thumbnail","6":"product_cat-bianco","7":"product_cat-frigoriferi","8":"product_cat-frigoriferi-per-selvaggina","9":"product_cat-landig-it","11":"first","12":"instock","13":"shipping-taxable","14":"product-type-simple"},"yoast_head":"<!-- This site is optimized with the Yoast SEO plugin v27.3 - https:\/\/yoast.com\/product\/yoast-seo-wordpress\/ -->\n<title>Frigoriferi per selvaggina utilizzabili anche per bevande - Elektrofachmarkt Fontana Meran<\/title>\n<meta name=\"robots\" content=\"index, follow, max-snippet:-1, max-image-preview:large, max-video-preview:-1\" \/>\n<link rel=\"canonical\" href=\"https:\/\/elektro-fontana.com\/it\/produkt\/wildkuehlschraenke-auch-fuer-getraenke-verwendbar\/\" \/>\n<meta property=\"og:locale\" content=\"it_IT\" \/>\n<meta property=\"og:type\" content=\"article\" \/>\n<meta property=\"og:title\" content=\"Frigoriferi per selvaggina utilizzabili anche per bevande - Elektrofachmarkt Fontana Meran\" \/>\n<meta property=\"og:description\" content=\"Versatili, per tutte le esigenze.     Nei modelli LU 4500, LU 7000 e LU 9000 si possono inserire delle speciali griglie regolabili in altezza e contenitori impilabili. In questo modo potete usare il vostro frigo per selvaggina anche per conservare bevande, carne confezionata, salumi ecc.          \u25ba Mezza griglia con capacit\u00e0 di carico fino a 40 kg per griglia \u25ba Griglia con capacit\u00e0 di carico fino a 40 kg per griglia \u25ba Griglia speciale per salsicce e prosciutti \u25ba \u201eCassa Selvaggia\u201c Landig 40 litri          \u25ba Maggiori informazioni sui prodotti Landig\" \/>\n<meta property=\"og:url\" content=\"https:\/\/elektro-fontana.com\/it\/produkt\/wildkuehlschraenke-auch-fuer-getraenke-verwendbar\/\" \/>\n<meta property=\"og:site_name\" content=\"Elektrofachmarkt Fontana Meran\" \/>\n<meta property=\"article:modified_time\" content=\"2024-05-15T06:14:36+00:00\" \/>\n<meta property=\"og:image\" content=\"https:\/\/elektro-fontana.com\/shop\/wp-content\/uploads\/2023\/03\/Landig-LU-Getraenke-01.jpg\" \/>\n\t<meta property=\"og:image:width\" content=\"1000\" \/>\n\t<meta property=\"og:image:height\" content=\"1000\" \/>\n\t<meta property=\"og:image:type\" content=\"image\/jpeg\" \/>\n<meta name=\"twitter:card\" content=\"summary_large_image\" \/>\n<script type=\"application\/ld+json\" class=\"yoast-schema-graph\">{\"@context\":\"https:\\\/\\\/schema.org\",\"@graph\":[{\"@type\":\"WebPage\",\"@id\":\"https:\\\/\\\/elektro-fontana.com\\\/it\\\/produkt\\\/wildkuehlschraenke-auch-fuer-getraenke-verwendbar\\\/\",\"url\":\"https:\\\/\\\/elektro-fontana.com\\\/it\\\/produkt\\\/wildkuehlschraenke-auch-fuer-getraenke-verwendbar\\\/\",\"name\":\"Frigoriferi per selvaggina utilizzabili anche per bevande - Elektrofachmarkt Fontana Meran\",\"isPartOf\":{\"@id\":\"https:\\\/\\\/elektro-fontana.com\\\/#website\"},\"primaryImageOfPage\":{\"@id\":\"https:\\\/\\\/elektro-fontana.com\\\/it\\\/produkt\\\/wildkuehlschraenke-auch-fuer-getraenke-verwendbar\\\/#primaryimage\"},\"image\":{\"@id\":\"https:\\\/\\\/elektro-fontana.com\\\/it\\\/produkt\\\/wildkuehlschraenke-auch-fuer-getraenke-verwendbar\\\/#primaryimage\"},\"thumbnailUrl\":\"https:\\\/\\\/elektro-fontana.com\\\/shop\\\/wp-content\\\/uploads\\\/2023\\\/03\\\/Landig-LU-Getraenke-01.jpg\",\"datePublished\":\"2023-03-13T10:38:59+00:00\",\"dateModified\":\"2024-05-15T06:14:36+00:00\",\"breadcrumb\":{\"@id\":\"https:\\\/\\\/elektro-fontana.com\\\/it\\\/produkt\\\/wildkuehlschraenke-auch-fuer-getraenke-verwendbar\\\/#breadcrumb\"},\"inLanguage\":\"it-IT\",\"potentialAction\":[{\"@type\":\"ReadAction\",\"target\":[\"https:\\\/\\\/elektro-fontana.com\\\/it\\\/produkt\\\/wildkuehlschraenke-auch-fuer-getraenke-verwendbar\\\/\"]}]},{\"@type\":\"ImageObject\",\"inLanguage\":\"it-IT\",\"@id\":\"https:\\\/\\\/elektro-fontana.com\\\/it\\\/produkt\\\/wildkuehlschraenke-auch-fuer-getraenke-verwendbar\\\/#primaryimage\",\"url\":\"https:\\\/\\\/elektro-fontana.com\\\/shop\\\/wp-content\\\/uploads\\\/2023\\\/03\\\/Landig-LU-Getraenke-01.jpg\",\"contentUrl\":\"https:\\\/\\\/elektro-fontana.com\\\/shop\\\/wp-content\\\/uploads\\\/2023\\\/03\\\/Landig-LU-Getraenke-01.jpg\",\"width\":1000,\"height\":1000},{\"@type\":\"BreadcrumbList\",\"@id\":\"https:\\\/\\\/elektro-fontana.com\\\/it\\\/produkt\\\/wildkuehlschraenke-auch-fuer-getraenke-verwendbar\\\/#breadcrumb\",\"itemListElement\":[{\"@type\":\"ListItem\",\"position\":1,\"name\":\"Startseite\",\"item\":\"https:\\\/\\\/elektro-fontana.com\\\/it\\\/\"},{\"@type\":\"ListItem\",\"position\":2,\"name\":\"Onlineshop\",\"item\":\"https:\\\/\\\/elektro-fontana.com\\\/it\\\/shop\\\/\"},{\"@type\":\"ListItem\",\"position\":3,\"name\":\"Frigoriferi per selvaggina utilizzabili anche per bevande\"}]},{\"@type\":\"WebSite\",\"@id\":\"https:\\\/\\\/elektro-fontana.com\\\/#website\",\"url\":\"https:\\\/\\\/elektro-fontana.com\\\/\",\"name\":\"Elektrofachmarkt Fontana Meran\",\"description\":\"Bei uns finden Sie die wahrscheinlich gr\u00f6\u00dfte Auswahl an hochwertigen Elektroger\u00e4ten in und um Meran, sowie die beste pers\u00f6nliche Beratung\",\"potentialAction\":[{\"@type\":\"SearchAction\",\"target\":{\"@type\":\"EntryPoint\",\"urlTemplate\":\"https:\\\/\\\/elektro-fontana.com\\\/?s={search_term_string}\"},\"query-input\":{\"@type\":\"PropertyValueSpecification\",\"valueRequired\":true,\"valueName\":\"search_term_string\"}}],\"inLanguage\":\"it-IT\"}]}<\/script>\n<!-- \/ Yoast SEO plugin. -->","yoast_head_json":{"title":"Frigoriferi per selvaggina utilizzabili anche per bevande - Elektrofachmarkt Fontana Meran","robots":{"index":"index","follow":"follow","max-snippet":"max-snippet:-1","max-image-preview":"max-image-preview:large","max-video-preview":"max-video-preview:-1"},"canonical":"https:\/\/elektro-fontana.com\/it\/produkt\/wildkuehlschraenke-auch-fuer-getraenke-verwendbar\/","og_locale":"it_IT","og_type":"article","og_title":"Frigoriferi per selvaggina utilizzabili anche per bevande - Elektrofachmarkt Fontana Meran","og_description":"Versatili, per tutte le esigenze.     Nei modelli LU 4500, LU 7000 e LU 9000 si possono inserire delle speciali griglie regolabili in altezza e contenitori impilabili. In questo modo potete usare il vostro frigo per selvaggina anche per conservare bevande, carne confezionata, salumi ecc.          \u25ba Mezza griglia con capacit\u00e0 di carico fino a 40 kg per griglia \u25ba Griglia con capacit\u00e0 di carico fino a 40 kg per griglia \u25ba Griglia speciale per salsicce e prosciutti \u25ba \u201eCassa Selvaggia\u201c Landig 40 litri          \u25ba Maggiori informazioni sui prodotti Landig","og_url":"https:\/\/elektro-fontana.com\/it\/produkt\/wildkuehlschraenke-auch-fuer-getraenke-verwendbar\/","og_site_name":"Elektrofachmarkt Fontana Meran","article_modified_time":"2024-05-15T06:14:36+00:00","og_image":[{"width":1000,"height":1000,"url":"https:\/\/elektro-fontana.com\/shop\/wp-content\/uploads\/2023\/03\/Landig-LU-Getraenke-01.jpg","type":"image\/jpeg"}],"twitter_card":"summary_large_image","schema":{"@context":"https:\/\/schema.org","@graph":[{"@type":"WebPage","@id":"https:\/\/elektro-fontana.com\/it\/produkt\/wildkuehlschraenke-auch-fuer-getraenke-verwendbar\/","url":"https:\/\/elektro-fontana.com\/it\/produkt\/wildkuehlschraenke-auch-fuer-getraenke-verwendbar\/","name":"Frigoriferi per selvaggina utilizzabili anche per bevande - Elektrofachmarkt Fontana Meran","isPartOf":{"@id":"https:\/\/elektro-fontana.com\/#website"},"primaryImageOfPage":{"@id":"https:\/\/elektro-fontana.com\/it\/produkt\/wildkuehlschraenke-auch-fuer-getraenke-verwendbar\/#primaryimage"},"image":{"@id":"https:\/\/elektro-fontana.com\/it\/produkt\/wildkuehlschraenke-auch-fuer-getraenke-verwendbar\/#primaryimage"},"thumbnailUrl":"https:\/\/elektro-fontana.com\/shop\/wp-content\/uploads\/2023\/03\/Landig-LU-Getraenke-01.jpg","datePublished":"2023-03-13T10:38:59+00:00","dateModified":"2024-05-15T06:14:36+00:00","breadcrumb":{"@id":"https:\/\/elektro-fontana.com\/it\/produkt\/wildkuehlschraenke-auch-fuer-getraenke-verwendbar\/#breadcrumb"},"inLanguage":"it-IT","potentialAction":[{"@type":"ReadAction","target":["https:\/\/elektro-fontana.com\/it\/produkt\/wildkuehlschraenke-auch-fuer-getraenke-verwendbar\/"]}]},{"@type":"ImageObject","inLanguage":"it-IT","@id":"https:\/\/elektro-fontana.com\/it\/produkt\/wildkuehlschraenke-auch-fuer-getraenke-verwendbar\/#primaryimage","url":"https:\/\/elektro-fontana.com\/shop\/wp-content\/uploads\/2023\/03\/Landig-LU-Getraenke-01.jpg","contentUrl":"https:\/\/elektro-fontana.com\/shop\/wp-content\/uploads\/2023\/03\/Landig-LU-Getraenke-01.jpg","width":1000,"height":1000},{"@type":"BreadcrumbList","@id":"https:\/\/elektro-fontana.com\/it\/produkt\/wildkuehlschraenke-auch-fuer-getraenke-verwendbar\/#breadcrumb","itemListElement":[{"@type":"ListItem","position":1,"name":"Startseite","item":"https:\/\/elektro-fontana.com\/it\/"},{"@type":"ListItem","position":2,"name":"Onlineshop","item":"https:\/\/elektro-fontana.com\/it\/shop\/"},{"@type":"ListItem","position":3,"name":"Frigoriferi per selvaggina utilizzabili anche per bevande"}]},{"@type":"WebSite","@id":"https:\/\/elektro-fontana.com\/#website","url":"https:\/\/elektro-fontana.com\/","name":"Elektrofachmarkt Fontana Meran","description":"Bei uns finden Sie die wahrscheinlich gr\u00f6\u00dfte Auswahl an hochwertigen Elektroger\u00e4ten in und um Meran, sowie die beste pers\u00f6nliche Beratung","potentialAction":[{"@type":"SearchAction","target":{"@type":"EntryPoint","urlTemplate":"https:\/\/elektro-fontana.com\/?s={search_term_string}"},"query-input":{"@type":"PropertyValueSpecification","valueRequired":true,"valueName":"search_term_string"}}],"inLanguage":"it-IT"}]}},"_links":{"self":[{"href":"https:\/\/elektro-fontana.com\/it\/wp-json\/wp\/v2\/product\/7944","targetHints":{"allow":["GET"]}}],"collection":[{"href":"https:\/\/elektro-fontana.com\/it\/wp-json\/wp\/v2\/product"}],"about":[{"href":"https:\/\/elektro-fontana.com\/it\/wp-json\/wp\/v2\/types\/product"}],"replies":[{"embeddable":true,"href":"https:\/\/elektro-fontana.com\/it\/wp-json\/wp\/v2\/comments?post=7944"}],"wp:featuredmedia":[{"embeddable":true,"href":"https:\/\/elektro-fontana.com\/it\/wp-json\/wp\/v2\/media\/7968"}],"wp:attachment":[{"href":"https:\/\/elektro-fontana.com\/it\/wp-json\/wp\/v2\/media?parent=7944"}],"wp:term":[{"taxonomy":"product_brand","embeddable":true,"href":"https:\/\/elektro-fontana.com\/it\/wp-json\/wp\/v2\/product_brand?post=7944"},{"taxonomy":"product_cat","embeddable":true,"href":"https:\/\/elektro-fontana.com\/it\/wp-json\/wp\/v2\/product_cat?post=7944"},{"taxonomy":"product_tag","embeddable":true,"href":"https:\/\/elektro-fontana.com\/it\/wp-json\/wp\/v2\/product_tag?post=7944"}],"curies":[{"name":"wp","href":"https:\/\/api.w.org\/{rel}","templated":true}]}}