{"id":7142,"date":"2023-01-25T11:28:17","date_gmt":"2023-01-25T10:28:17","guid":{"rendered":"https:\/\/elektro-fontana.com\/?post_type=product&#038;p=7142"},"modified":"2026-02-05T09:35:18","modified_gmt":"2026-02-05T08:35:18","slug":"miele-pib100-el-professional-sistema-stirante","status":"publish","type":"product","link":"https:\/\/elektro-fontana.com\/it\/produkt\/miele-pib100-el-professional-sistema-stirante\/","title":{"rendered":"Miele PIB100 EL Professional &#8211; Sistema stirante"},"content":{"rendered":"","protected":false},"excerpt":{"rendered":"<table style=\"height: 219px;\" width=\"576\">\n<tbody>\n<tr>\n<td>\n<h4><span style=\"color: #0f62ab;\"><strong>Dettagli prodotto:<\/strong><\/span><\/h4>\n<\/td>\n<td>\n<h4><span style=\"color: #0f62ab;\"><strong>Sistema stirante a vapore professionale<\/strong><\/span><\/h4>\n<\/td>\n<\/tr>\n<tr>\n<td>Potenza:<\/td>\n<td>2.200 W<\/td>\n<\/tr>\n<tr>\n<td>Regolazione dell&#8217;altezza:<\/td>\n<td>da 83 a 102 cm<\/td>\n<\/tr>\n<tr>\n<td>Pressione vapore:<\/td>\n<td>4,0 bar<\/td>\n<\/tr>\n<tr>\n<td>Quantit\u00e0 vapore:<\/td>\n<td>100 g\/min.<\/td>\n<\/tr>\n<tr>\n<td>Capacit\u00e0 serbatoio acqua:<\/td>\n<td>4,5 l<\/td>\n<\/tr>\n<tr>\n<td>Colore:<\/td>\n<td>Bianco Loto \/ Antracite<\/td>\n<\/tr>\n<tr>\n<td>Misure esterne in cm (L\/P\/A):<\/td>\n<td>120 \/ 40 \/ 83-120<\/td>\n<\/tr>\n<\/tbody>\n<\/table>\n<h3><strong><span style=\"color: #ff0000;\"><span style=\"color: #0f62ab;\">Ordinabile &#8211; Prezzo su richiesta<br \/>\n<\/span><\/span><\/strong><\/h3>\n<hr \/>\n<h3><\/h3>\n","protected":false},"featured_media":7144,"comment_status":"closed","ping_status":"closed","template":"","meta":[],"product_brand":[],"product_cat":[177,331,178],"product_tag":[],"class_list":{"0":"post-7142","1":"product","2":"type-product","3":"status-publish","4":"has-post-thumbnail","6":"product_cat-bianco","7":"product_cat-miele-it","8":"product_cat-stiratrici","10":"first","11":"outofstock","12":"shipping-taxable","13":"product-type-simple"},"yoast_head":"<!-- This site is optimized with the Yoast SEO plugin v27.3 - https:\/\/yoast.com\/product\/yoast-seo-wordpress\/ -->\n<title>Miele PIB100 EL Professional - Sistema stirante - Elektrofachmarkt Fontana Meran<\/title>\n<meta name=\"robots\" content=\"index, follow, max-snippet:-1, max-image-preview:large, max-video-preview:-1\" \/>\n<link rel=\"canonical\" href=\"https:\/\/elektro-fontana.com\/it\/produkt\/miele-pib100-el-professional-sistema-stirante\/\" \/>\n<meta property=\"og:locale\" content=\"it_IT\" \/>\n<meta property=\"og:type\" content=\"article\" \/>\n<meta property=\"og:title\" content=\"Miele PIB100 EL Professional - Sistema stirante - Elektrofachmarkt Fontana Meran\" \/>\n<meta property=\"og:description\" content=\"Dettagli prodotto:   Sistema stirante a vapore professionale    Potenza: 2.200 W   Regolazione dell&#039;altezza: da 83 a 102 cm   Pressione vapore: 4,0 bar   Quantit\u00e0 vapore: 100 g\/min.   Capacit\u00e0 serbatoio acqua: 4,5 l   Colore: Bianco Loto \/ Antracite   Misure esterne in cm (L\/P\/A): 120 \/ 40 \/ 83-120    Ordinabile - Prezzo su richiesta\" \/>\n<meta property=\"og:url\" content=\"https:\/\/elektro-fontana.com\/it\/produkt\/miele-pib100-el-professional-sistema-stirante\/\" \/>\n<meta property=\"og:site_name\" content=\"Elektrofachmarkt Fontana Meran\" \/>\n<meta property=\"article:modified_time\" content=\"2026-02-05T08:35:18+00:00\" \/>\n<meta property=\"og:image\" content=\"https:\/\/elektro-fontana.com\/shop\/wp-content\/uploads\/2023\/01\/Miele-PIB-100-EL-01.jpg\" \/>\n\t<meta property=\"og:image:width\" content=\"1000\" \/>\n\t<meta property=\"og:image:height\" content=\"1000\" \/>\n\t<meta property=\"og:image:type\" content=\"image\/jpeg\" \/>\n<meta name=\"twitter:card\" content=\"summary_large_image\" \/>\n<meta name=\"twitter:label1\" content=\"Tempo di lettura stimato\" \/>\n\t<meta name=\"twitter:data1\" content=\"1 minuto\" \/>\n<script type=\"application\/ld+json\" class=\"yoast-schema-graph\">{\"@context\":\"https:\\\/\\\/schema.org\",\"@graph\":[{\"@type\":\"WebPage\",\"@id\":\"https:\\\/\\\/elektro-fontana.com\\\/it\\\/produkt\\\/miele-pib100-el-professional-sistema-stirante\\\/\",\"url\":\"https:\\\/\\\/elektro-fontana.com\\\/it\\\/produkt\\\/miele-pib100-el-professional-sistema-stirante\\\/\",\"name\":\"Miele PIB100 EL Professional - Sistema stirante - Elektrofachmarkt Fontana Meran\",\"isPartOf\":{\"@id\":\"https:\\\/\\\/elektro-fontana.com\\\/#website\"},\"primaryImageOfPage\":{\"@id\":\"https:\\\/\\\/elektro-fontana.com\\\/it\\\/produkt\\\/miele-pib100-el-professional-sistema-stirante\\\/#primaryimage\"},\"image\":{\"@id\":\"https:\\\/\\\/elektro-fontana.com\\\/it\\\/produkt\\\/miele-pib100-el-professional-sistema-stirante\\\/#primaryimage\"},\"thumbnailUrl\":\"https:\\\/\\\/elektro-fontana.com\\\/shop\\\/wp-content\\\/uploads\\\/2023\\\/01\\\/Miele-PIB-100-EL-01.jpg\",\"datePublished\":\"2023-01-25T10:28:17+00:00\",\"dateModified\":\"2026-02-05T08:35:18+00:00\",\"breadcrumb\":{\"@id\":\"https:\\\/\\\/elektro-fontana.com\\\/it\\\/produkt\\\/miele-pib100-el-professional-sistema-stirante\\\/#breadcrumb\"},\"inLanguage\":\"it-IT\",\"potentialAction\":[{\"@type\":\"ReadAction\",\"target\":[\"https:\\\/\\\/elektro-fontana.com\\\/it\\\/produkt\\\/miele-pib100-el-professional-sistema-stirante\\\/\"]}]},{\"@type\":\"ImageObject\",\"inLanguage\":\"it-IT\",\"@id\":\"https:\\\/\\\/elektro-fontana.com\\\/it\\\/produkt\\\/miele-pib100-el-professional-sistema-stirante\\\/#primaryimage\",\"url\":\"https:\\\/\\\/elektro-fontana.com\\\/shop\\\/wp-content\\\/uploads\\\/2023\\\/01\\\/Miele-PIB-100-EL-01.jpg\",\"contentUrl\":\"https:\\\/\\\/elektro-fontana.com\\\/shop\\\/wp-content\\\/uploads\\\/2023\\\/01\\\/Miele-PIB-100-EL-01.jpg\",\"width\":1000,\"height\":1000},{\"@type\":\"BreadcrumbList\",\"@id\":\"https:\\\/\\\/elektro-fontana.com\\\/it\\\/produkt\\\/miele-pib100-el-professional-sistema-stirante\\\/#breadcrumb\",\"itemListElement\":[{\"@type\":\"ListItem\",\"position\":1,\"name\":\"Startseite\",\"item\":\"https:\\\/\\\/elektro-fontana.com\\\/it\\\/\"},{\"@type\":\"ListItem\",\"position\":2,\"name\":\"Onlineshop\",\"item\":\"https:\\\/\\\/elektro-fontana.com\\\/it\\\/shop\\\/\"},{\"@type\":\"ListItem\",\"position\":3,\"name\":\"Miele PIB100 EL Professional &#8211; Sistema stirante\"}]},{\"@type\":\"WebSite\",\"@id\":\"https:\\\/\\\/elektro-fontana.com\\\/#website\",\"url\":\"https:\\\/\\\/elektro-fontana.com\\\/\",\"name\":\"Elektrofachmarkt Fontana Meran\",\"description\":\"Bei uns finden Sie die wahrscheinlich gr\u00f6\u00dfte Auswahl an hochwertigen Elektroger\u00e4ten in und um Meran, sowie die beste pers\u00f6nliche Beratung\",\"potentialAction\":[{\"@type\":\"SearchAction\",\"target\":{\"@type\":\"EntryPoint\",\"urlTemplate\":\"https:\\\/\\\/elektro-fontana.com\\\/?s={search_term_string}\"},\"query-input\":{\"@type\":\"PropertyValueSpecification\",\"valueRequired\":true,\"valueName\":\"search_term_string\"}}],\"inLanguage\":\"it-IT\"}]}<\/script>\n<!-- \/ Yoast SEO plugin. -->","yoast_head_json":{"title":"Miele PIB100 EL Professional - Sistema stirante - Elektrofachmarkt Fontana Meran","robots":{"index":"index","follow":"follow","max-snippet":"max-snippet:-1","max-image-preview":"max-image-preview:large","max-video-preview":"max-video-preview:-1"},"canonical":"https:\/\/elektro-fontana.com\/it\/produkt\/miele-pib100-el-professional-sistema-stirante\/","og_locale":"it_IT","og_type":"article","og_title":"Miele PIB100 EL Professional - Sistema stirante - Elektrofachmarkt Fontana Meran","og_description":"Dettagli prodotto:   Sistema stirante a vapore professionale    Potenza: 2.200 W   Regolazione dell'altezza: da 83 a 102 cm   Pressione vapore: 4,0 bar   Quantit\u00e0 vapore: 100 g\/min.   Capacit\u00e0 serbatoio acqua: 4,5 l   Colore: Bianco Loto \/ Antracite   Misure esterne in cm (L\/P\/A): 120 \/ 40 \/ 83-120    Ordinabile - Prezzo su richiesta","og_url":"https:\/\/elektro-fontana.com\/it\/produkt\/miele-pib100-el-professional-sistema-stirante\/","og_site_name":"Elektrofachmarkt Fontana Meran","article_modified_time":"2026-02-05T08:35:18+00:00","og_image":[{"width":1000,"height":1000,"url":"https:\/\/elektro-fontana.com\/shop\/wp-content\/uploads\/2023\/01\/Miele-PIB-100-EL-01.jpg","type":"image\/jpeg"}],"twitter_card":"summary_large_image","twitter_misc":{"Tempo di lettura stimato":"1 minuto"},"schema":{"@context":"https:\/\/schema.org","@graph":[{"@type":"WebPage","@id":"https:\/\/elektro-fontana.com\/it\/produkt\/miele-pib100-el-professional-sistema-stirante\/","url":"https:\/\/elektro-fontana.com\/it\/produkt\/miele-pib100-el-professional-sistema-stirante\/","name":"Miele PIB100 EL Professional - Sistema stirante - Elektrofachmarkt Fontana Meran","isPartOf":{"@id":"https:\/\/elektro-fontana.com\/#website"},"primaryImageOfPage":{"@id":"https:\/\/elektro-fontana.com\/it\/produkt\/miele-pib100-el-professional-sistema-stirante\/#primaryimage"},"image":{"@id":"https:\/\/elektro-fontana.com\/it\/produkt\/miele-pib100-el-professional-sistema-stirante\/#primaryimage"},"thumbnailUrl":"https:\/\/elektro-fontana.com\/shop\/wp-content\/uploads\/2023\/01\/Miele-PIB-100-EL-01.jpg","datePublished":"2023-01-25T10:28:17+00:00","dateModified":"2026-02-05T08:35:18+00:00","breadcrumb":{"@id":"https:\/\/elektro-fontana.com\/it\/produkt\/miele-pib100-el-professional-sistema-stirante\/#breadcrumb"},"inLanguage":"it-IT","potentialAction":[{"@type":"ReadAction","target":["https:\/\/elektro-fontana.com\/it\/produkt\/miele-pib100-el-professional-sistema-stirante\/"]}]},{"@type":"ImageObject","inLanguage":"it-IT","@id":"https:\/\/elektro-fontana.com\/it\/produkt\/miele-pib100-el-professional-sistema-stirante\/#primaryimage","url":"https:\/\/elektro-fontana.com\/shop\/wp-content\/uploads\/2023\/01\/Miele-PIB-100-EL-01.jpg","contentUrl":"https:\/\/elektro-fontana.com\/shop\/wp-content\/uploads\/2023\/01\/Miele-PIB-100-EL-01.jpg","width":1000,"height":1000},{"@type":"BreadcrumbList","@id":"https:\/\/elektro-fontana.com\/it\/produkt\/miele-pib100-el-professional-sistema-stirante\/#breadcrumb","itemListElement":[{"@type":"ListItem","position":1,"name":"Startseite","item":"https:\/\/elektro-fontana.com\/it\/"},{"@type":"ListItem","position":2,"name":"Onlineshop","item":"https:\/\/elektro-fontana.com\/it\/shop\/"},{"@type":"ListItem","position":3,"name":"Miele PIB100 EL Professional &#8211; Sistema stirante"}]},{"@type":"WebSite","@id":"https:\/\/elektro-fontana.com\/#website","url":"https:\/\/elektro-fontana.com\/","name":"Elektrofachmarkt Fontana Meran","description":"Bei uns finden Sie die wahrscheinlich gr\u00f6\u00dfte Auswahl an hochwertigen Elektroger\u00e4ten in und um Meran, sowie die beste pers\u00f6nliche Beratung","potentialAction":[{"@type":"SearchAction","target":{"@type":"EntryPoint","urlTemplate":"https:\/\/elektro-fontana.com\/?s={search_term_string}"},"query-input":{"@type":"PropertyValueSpecification","valueRequired":true,"valueName":"search_term_string"}}],"inLanguage":"it-IT"}]}},"_links":{"self":[{"href":"https:\/\/elektro-fontana.com\/it\/wp-json\/wp\/v2\/product\/7142","targetHints":{"allow":["GET"]}}],"collection":[{"href":"https:\/\/elektro-fontana.com\/it\/wp-json\/wp\/v2\/product"}],"about":[{"href":"https:\/\/elektro-fontana.com\/it\/wp-json\/wp\/v2\/types\/product"}],"replies":[{"embeddable":true,"href":"https:\/\/elektro-fontana.com\/it\/wp-json\/wp\/v2\/comments?post=7142"}],"wp:featuredmedia":[{"embeddable":true,"href":"https:\/\/elektro-fontana.com\/it\/wp-json\/wp\/v2\/media\/7144"}],"wp:attachment":[{"href":"https:\/\/elektro-fontana.com\/it\/wp-json\/wp\/v2\/media?parent=7142"}],"wp:term":[{"taxonomy":"product_brand","embeddable":true,"href":"https:\/\/elektro-fontana.com\/it\/wp-json\/wp\/v2\/product_brand?post=7142"},{"taxonomy":"product_cat","embeddable":true,"href":"https:\/\/elektro-fontana.com\/it\/wp-json\/wp\/v2\/product_cat?post=7142"},{"taxonomy":"product_tag","embeddable":true,"href":"https:\/\/elektro-fontana.com\/it\/wp-json\/wp\/v2\/product_tag?post=7142"}],"curies":[{"name":"wp","href":"https:\/\/api.w.org\/{rel}","templated":true}]}}