{"id":6858,"date":"2023-01-10T10:01:20","date_gmt":"2023-01-10T09:01:20","guid":{"rendered":"https:\/\/elektro-fontana.com\/?post_type=product&#038;p=6858"},"modified":"2025-08-14T10:30:02","modified_gmt":"2025-08-14T08:30:02","slug":"liebherr-uikp1554-premium","status":"publish","type":"product","link":"https:\/\/elektro-fontana.com\/it\/produkt\/liebherr-uikp1554-premium\/","title":{"rendered":"Liebherr UIK P1554 Premium"},"content":{"rendered":"","protected":false},"excerpt":{"rendered":"<table style=\"height: 277px;\" width=\"596\">\n<tbody>\n<tr>\n<td>\n<h4><span style=\"color: #0f62ab;\"><strong>Dettagli prodotto:<\/strong><\/span><\/h4>\n<\/td>\n<td>\n<h4><span style=\"color: #0f62ab;\"><strong>Frigorifero da sottopiano con vano congelatore<\/strong><\/span><\/h4>\n<\/td>\n<\/tr>\n<tr>\n<td><strong>Montaggio sportello:<\/strong><\/td>\n<td><strong>Cerniera piatta <\/strong><\/td>\n<\/tr>\n<tr>\n<td>Classe Efficienza Energetica:<\/td>\n<td>E<\/td>\n<\/tr>\n<tr>\n<td>Consumo energetico annuo:<\/td>\n<td>141 kWh<\/td>\n<\/tr>\n<tr>\n<td>Rumorosit\u00e0:<\/td>\n<td>34 dB(A)<\/td>\n<\/tr>\n<tr>\n<td>Volume totale:<\/td>\n<td>120 l (105 l vano frigorifero + 15 l vano congelatore)<\/td>\n<\/tr>\n<tr>\n<td>Tipo di controllo:<\/td>\n<td>Display digitale<\/td>\n<\/tr>\n<tr>\n<td>Misure esterne in cm (A\/L\/P):<\/td>\n<td>82 \/ 60 \/ 55<\/td>\n<\/tr>\n<\/tbody>\n<\/table>\n<h3><strong><span style=\"color: #ff0000;\"><span style=\"color: #0f62ab;\">Disponibile entro pochi giorni &#8211; Prezzo su richiesta<\/span><\/span><\/strong><\/h3>\n<hr>\n<h3><\/h3>\n","protected":false},"featured_media":6860,"comment_status":"closed","ping_status":"closed","template":"","meta":[],"product_brand":[],"product_cat":[381,122,123,363],"product_tag":[],"class_list":{"0":"post-6858","1":"product","2":"type-product","3":"status-publish","4":"has-post-thumbnail","6":"product_cat-altezza-82-86-cm-da-sottopiano","7":"product_cat-da-incasso","8":"product_cat-frigoriferi-da-incasso","9":"product_cat-liebherr-it","11":"first","12":"instock","13":"shipping-taxable","14":"product-type-simple"},"yoast_head":"<!-- This site is optimized with the Yoast SEO plugin v27.3 - https:\/\/yoast.com\/product\/yoast-seo-wordpress\/ -->\n<title>Liebherr UIK P1554 Premium - Elektrofachmarkt Fontana Meran<\/title>\n<meta name=\"robots\" content=\"index, follow, max-snippet:-1, max-image-preview:large, max-video-preview:-1\" \/>\n<link rel=\"canonical\" href=\"https:\/\/elektro-fontana.com\/it\/produkt\/liebherr-uikp1554-premium\/\" \/>\n<meta property=\"og:locale\" content=\"it_IT\" \/>\n<meta property=\"og:type\" content=\"article\" \/>\n<meta property=\"og:title\" content=\"Liebherr UIK P1554 Premium - Elektrofachmarkt Fontana Meran\" \/>\n<meta property=\"og:description\" content=\"Dettagli prodotto:  Frigorifero da sottopiano con vano congelatore  Montaggio sportello: Cerniera piatta  Classe Efficienza Energetica: E  Consumo energetico annuo: 141 kWh  Rumorosit\u00e0: 34 dB(A)  Volume totale: 120 l (105 l vano frigorifero + 15 l vano congelatore)  Tipo di controllo: Display digitale  Misure esterne in cm (A\/L\/P): 82 \/ 60 \/ 55  Disponibile entro pochi giorni - Prezzo su richiesta\" \/>\n<meta property=\"og:url\" content=\"https:\/\/elektro-fontana.com\/it\/produkt\/liebherr-uikp1554-premium\/\" \/>\n<meta property=\"og:site_name\" content=\"Elektrofachmarkt Fontana Meran\" \/>\n<meta property=\"article:modified_time\" content=\"2025-08-14T08:30:02+00:00\" \/>\n<meta property=\"og:image\" content=\"https:\/\/elektro-fontana.com\/shop\/wp-content\/uploads\/2022\/12\/Liebherr-UIKP1554-01.jpg\" \/>\n\t<meta property=\"og:image:width\" content=\"1000\" \/>\n\t<meta property=\"og:image:height\" content=\"1000\" \/>\n\t<meta property=\"og:image:type\" content=\"image\/jpeg\" \/>\n<meta name=\"twitter:card\" content=\"summary_large_image\" \/>\n<script type=\"application\/ld+json\" class=\"yoast-schema-graph\">{\"@context\":\"https:\\\/\\\/schema.org\",\"@graph\":[{\"@type\":\"WebPage\",\"@id\":\"https:\\\/\\\/elektro-fontana.com\\\/it\\\/produkt\\\/liebherr-uikp1554-premium\\\/\",\"url\":\"https:\\\/\\\/elektro-fontana.com\\\/it\\\/produkt\\\/liebherr-uikp1554-premium\\\/\",\"name\":\"Liebherr UIK P1554 Premium - Elektrofachmarkt Fontana Meran\",\"isPartOf\":{\"@id\":\"https:\\\/\\\/elektro-fontana.com\\\/#website\"},\"primaryImageOfPage\":{\"@id\":\"https:\\\/\\\/elektro-fontana.com\\\/it\\\/produkt\\\/liebherr-uikp1554-premium\\\/#primaryimage\"},\"image\":{\"@id\":\"https:\\\/\\\/elektro-fontana.com\\\/it\\\/produkt\\\/liebherr-uikp1554-premium\\\/#primaryimage\"},\"thumbnailUrl\":\"https:\\\/\\\/elektro-fontana.com\\\/shop\\\/wp-content\\\/uploads\\\/2022\\\/12\\\/Liebherr-UIKP1554-01.jpg\",\"datePublished\":\"2023-01-10T09:01:20+00:00\",\"dateModified\":\"2025-08-14T08:30:02+00:00\",\"breadcrumb\":{\"@id\":\"https:\\\/\\\/elektro-fontana.com\\\/it\\\/produkt\\\/liebherr-uikp1554-premium\\\/#breadcrumb\"},\"inLanguage\":\"it-IT\",\"potentialAction\":[{\"@type\":\"ReadAction\",\"target\":[\"https:\\\/\\\/elektro-fontana.com\\\/it\\\/produkt\\\/liebherr-uikp1554-premium\\\/\"]}]},{\"@type\":\"ImageObject\",\"inLanguage\":\"it-IT\",\"@id\":\"https:\\\/\\\/elektro-fontana.com\\\/it\\\/produkt\\\/liebherr-uikp1554-premium\\\/#primaryimage\",\"url\":\"https:\\\/\\\/elektro-fontana.com\\\/shop\\\/wp-content\\\/uploads\\\/2022\\\/12\\\/Liebherr-UIKP1554-01.jpg\",\"contentUrl\":\"https:\\\/\\\/elektro-fontana.com\\\/shop\\\/wp-content\\\/uploads\\\/2022\\\/12\\\/Liebherr-UIKP1554-01.jpg\",\"width\":1000,\"height\":1000},{\"@type\":\"BreadcrumbList\",\"@id\":\"https:\\\/\\\/elektro-fontana.com\\\/it\\\/produkt\\\/liebherr-uikp1554-premium\\\/#breadcrumb\",\"itemListElement\":[{\"@type\":\"ListItem\",\"position\":1,\"name\":\"Startseite\",\"item\":\"https:\\\/\\\/elektro-fontana.com\\\/it\\\/\"},{\"@type\":\"ListItem\",\"position\":2,\"name\":\"Onlineshop\",\"item\":\"https:\\\/\\\/elektro-fontana.com\\\/it\\\/shop\\\/\"},{\"@type\":\"ListItem\",\"position\":3,\"name\":\"Liebherr UIK P1554 Premium\"}]},{\"@type\":\"WebSite\",\"@id\":\"https:\\\/\\\/elektro-fontana.com\\\/#website\",\"url\":\"https:\\\/\\\/elektro-fontana.com\\\/\",\"name\":\"Elektrofachmarkt Fontana Meran\",\"description\":\"Bei uns finden Sie die wahrscheinlich gr\u00f6\u00dfte Auswahl an hochwertigen Elektroger\u00e4ten in und um Meran, sowie die beste pers\u00f6nliche Beratung\",\"potentialAction\":[{\"@type\":\"SearchAction\",\"target\":{\"@type\":\"EntryPoint\",\"urlTemplate\":\"https:\\\/\\\/elektro-fontana.com\\\/?s={search_term_string}\"},\"query-input\":{\"@type\":\"PropertyValueSpecification\",\"valueRequired\":true,\"valueName\":\"search_term_string\"}}],\"inLanguage\":\"it-IT\"}]}<\/script>\n<!-- \/ Yoast SEO plugin. -->","yoast_head_json":{"title":"Liebherr UIK P1554 Premium - Elektrofachmarkt Fontana Meran","robots":{"index":"index","follow":"follow","max-snippet":"max-snippet:-1","max-image-preview":"max-image-preview:large","max-video-preview":"max-video-preview:-1"},"canonical":"https:\/\/elektro-fontana.com\/it\/produkt\/liebherr-uikp1554-premium\/","og_locale":"it_IT","og_type":"article","og_title":"Liebherr UIK P1554 Premium - Elektrofachmarkt Fontana Meran","og_description":"Dettagli prodotto:  Frigorifero da sottopiano con vano congelatore  Montaggio sportello: Cerniera piatta  Classe Efficienza Energetica: E  Consumo energetico annuo: 141 kWh  Rumorosit\u00e0: 34 dB(A)  Volume totale: 120 l (105 l vano frigorifero + 15 l vano congelatore)  Tipo di controllo: Display digitale  Misure esterne in cm (A\/L\/P): 82 \/ 60 \/ 55  Disponibile entro pochi giorni - Prezzo su richiesta","og_url":"https:\/\/elektro-fontana.com\/it\/produkt\/liebherr-uikp1554-premium\/","og_site_name":"Elektrofachmarkt Fontana Meran","article_modified_time":"2025-08-14T08:30:02+00:00","og_image":[{"width":1000,"height":1000,"url":"https:\/\/elektro-fontana.com\/shop\/wp-content\/uploads\/2022\/12\/Liebherr-UIKP1554-01.jpg","type":"image\/jpeg"}],"twitter_card":"summary_large_image","schema":{"@context":"https:\/\/schema.org","@graph":[{"@type":"WebPage","@id":"https:\/\/elektro-fontana.com\/it\/produkt\/liebherr-uikp1554-premium\/","url":"https:\/\/elektro-fontana.com\/it\/produkt\/liebherr-uikp1554-premium\/","name":"Liebherr UIK P1554 Premium - Elektrofachmarkt Fontana Meran","isPartOf":{"@id":"https:\/\/elektro-fontana.com\/#website"},"primaryImageOfPage":{"@id":"https:\/\/elektro-fontana.com\/it\/produkt\/liebherr-uikp1554-premium\/#primaryimage"},"image":{"@id":"https:\/\/elektro-fontana.com\/it\/produkt\/liebherr-uikp1554-premium\/#primaryimage"},"thumbnailUrl":"https:\/\/elektro-fontana.com\/shop\/wp-content\/uploads\/2022\/12\/Liebherr-UIKP1554-01.jpg","datePublished":"2023-01-10T09:01:20+00:00","dateModified":"2025-08-14T08:30:02+00:00","breadcrumb":{"@id":"https:\/\/elektro-fontana.com\/it\/produkt\/liebherr-uikp1554-premium\/#breadcrumb"},"inLanguage":"it-IT","potentialAction":[{"@type":"ReadAction","target":["https:\/\/elektro-fontana.com\/it\/produkt\/liebherr-uikp1554-premium\/"]}]},{"@type":"ImageObject","inLanguage":"it-IT","@id":"https:\/\/elektro-fontana.com\/it\/produkt\/liebherr-uikp1554-premium\/#primaryimage","url":"https:\/\/elektro-fontana.com\/shop\/wp-content\/uploads\/2022\/12\/Liebherr-UIKP1554-01.jpg","contentUrl":"https:\/\/elektro-fontana.com\/shop\/wp-content\/uploads\/2022\/12\/Liebherr-UIKP1554-01.jpg","width":1000,"height":1000},{"@type":"BreadcrumbList","@id":"https:\/\/elektro-fontana.com\/it\/produkt\/liebherr-uikp1554-premium\/#breadcrumb","itemListElement":[{"@type":"ListItem","position":1,"name":"Startseite","item":"https:\/\/elektro-fontana.com\/it\/"},{"@type":"ListItem","position":2,"name":"Onlineshop","item":"https:\/\/elektro-fontana.com\/it\/shop\/"},{"@type":"ListItem","position":3,"name":"Liebherr UIK P1554 Premium"}]},{"@type":"WebSite","@id":"https:\/\/elektro-fontana.com\/#website","url":"https:\/\/elektro-fontana.com\/","name":"Elektrofachmarkt Fontana Meran","description":"Bei uns finden Sie die wahrscheinlich gr\u00f6\u00dfte Auswahl an hochwertigen Elektroger\u00e4ten in und um Meran, sowie die beste pers\u00f6nliche Beratung","potentialAction":[{"@type":"SearchAction","target":{"@type":"EntryPoint","urlTemplate":"https:\/\/elektro-fontana.com\/?s={search_term_string}"},"query-input":{"@type":"PropertyValueSpecification","valueRequired":true,"valueName":"search_term_string"}}],"inLanguage":"it-IT"}]}},"_links":{"self":[{"href":"https:\/\/elektro-fontana.com\/it\/wp-json\/wp\/v2\/product\/6858","targetHints":{"allow":["GET"]}}],"collection":[{"href":"https:\/\/elektro-fontana.com\/it\/wp-json\/wp\/v2\/product"}],"about":[{"href":"https:\/\/elektro-fontana.com\/it\/wp-json\/wp\/v2\/types\/product"}],"replies":[{"embeddable":true,"href":"https:\/\/elektro-fontana.com\/it\/wp-json\/wp\/v2\/comments?post=6858"}],"wp:featuredmedia":[{"embeddable":true,"href":"https:\/\/elektro-fontana.com\/it\/wp-json\/wp\/v2\/media\/6860"}],"wp:attachment":[{"href":"https:\/\/elektro-fontana.com\/it\/wp-json\/wp\/v2\/media?parent=6858"}],"wp:term":[{"taxonomy":"product_brand","embeddable":true,"href":"https:\/\/elektro-fontana.com\/it\/wp-json\/wp\/v2\/product_brand?post=6858"},{"taxonomy":"product_cat","embeddable":true,"href":"https:\/\/elektro-fontana.com\/it\/wp-json\/wp\/v2\/product_cat?post=6858"},{"taxonomy":"product_tag","embeddable":true,"href":"https:\/\/elektro-fontana.com\/it\/wp-json\/wp\/v2\/product_tag?post=6858"}],"curies":[{"name":"wp","href":"https:\/\/api.w.org\/{rel}","templated":true}]}}