{"id":6448,"date":"2022-12-22T08:52:29","date_gmt":"2022-12-22T07:52:29","guid":{"rendered":"https:\/\/elektro-fontana.com\/?post_type=product&#038;p=6448"},"modified":"2024-05-15T08:14:48","modified_gmt":"2024-05-15T06:14:48","slug":"landig-wildkuehlschrank-lu-10000-premium","status":"publish","type":"product","link":"https:\/\/elektro-fontana.com\/it\/produkt\/landig-wildkuehlschrank-lu-10000-premium\/","title":{"rendered":"Landig LU 10000 Premium \u2013 Frigo per selvaggina"},"content":{"rendered":"","protected":false},"excerpt":{"rendered":"<table style=\"height: 280px;\" width=\"654\">\n<tbody>\n<tr>\n<td>\n<h4><span style=\"color: #0f62ab;\"><strong>Dettagli prodotto:<\/strong><\/span><\/h4>\n<\/td>\n<td>\n<h4><span style=\"color: #0f62ab;\"><strong>Il gigante professionale completamente in acciaio Inox<\/strong><\/span><\/h4>\n<\/td>\n<\/tr>\n<tr>\n<td>Range di temperatura elettronico:<\/td>\n<td>da 0 a +15 \u00b0C<\/td>\n<\/tr>\n<tr>\n<td>Consumo energetico:<\/td>\n<td>solo 1,6 kWh\/24 h<\/td>\n<\/tr>\n<tr>\n<td>Peso:<\/td>\n<td>171 kg<\/td>\n<\/tr>\n<tr>\n<td>Capacit\u00e0:<\/td>\n<td>6 caprioli o 4 cinghiali<\/td>\n<\/tr>\n<tr>\n<td>Capacit\u00e0 di carico del binario:<\/td>\n<td>fino a 250 kg<\/td>\n<\/tr>\n<tr>\n<td>Tipo di controllo:<\/td>\n<td>LWS-Tronic di serie<\/td>\n<\/tr>\n<tr>\n<td>Misure esterne in cm (A\/L\/P):<\/td>\n<td>240 \/ 90 \/ 90<\/td>\n<\/tr>\n<\/tbody>\n<\/table>\n<table>\n<tbody>\n<tr>\n<td bgcolor=\"#f0f0f0\">\n<h6><span style=\"color: #000000;\"><span style=\"color: #bd0926;\">\u25ba<\/span> <a href=\"https:\/\/elektro-fontana.com\/shop\/wp-content\/uploads\/2022\/12\/Landig-Catalogo.pdf\" target=\"_blank\" rel=\"noopener\">Maggiori informazioni sui prodotti Landig<\/a><br \/>\n<\/span><\/h6>\n<\/td>\n<\/tr>\n<\/tbody>\n<\/table>\n<h3><strong><span style=\"color: #ff0000;\"><span style=\"color: #0f62ab;\">Ordinabile &#8211; Prezzo su richiesta<\/span><\/span><\/strong><\/h3>\n<hr \/>\n<h3><\/h3>\n","protected":false},"featured_media":6450,"comment_status":"closed","ping_status":"closed","template":"","meta":[],"product_brand":[],"product_cat":[177,186,373,330],"product_tag":[],"class_list":{"0":"post-6448","1":"product","2":"type-product","3":"status-publish","4":"has-post-thumbnail","6":"product_cat-bianco","7":"product_cat-frigoriferi","8":"product_cat-frigoriferi-per-selvaggina","9":"product_cat-landig-it","11":"first","12":"outofstock","13":"shipping-taxable","14":"product-type-simple"},"yoast_head":"<!-- This site is optimized with the Yoast SEO plugin v27.3 - https:\/\/yoast.com\/product\/yoast-seo-wordpress\/ -->\n<title>Landig LU 10000 Premium \u2013 Frigo per selvaggina - Elektrofachmarkt Fontana Meran<\/title>\n<meta name=\"robots\" content=\"index, follow, max-snippet:-1, max-image-preview:large, max-video-preview:-1\" \/>\n<link rel=\"canonical\" href=\"https:\/\/elektro-fontana.com\/it\/produkt\/landig-wildkuehlschrank-lu-10000-premium\/\" \/>\n<meta property=\"og:locale\" content=\"it_IT\" \/>\n<meta property=\"og:type\" content=\"article\" \/>\n<meta property=\"og:title\" content=\"Landig LU 10000 Premium \u2013 Frigo per selvaggina - Elektrofachmarkt Fontana Meran\" \/>\n<meta property=\"og:description\" content=\"Dettagli prodotto:   Il gigante professionale completamente in acciaio Inox    Range di temperatura elettronico: da 0 a +15 \u00b0C   Consumo energetico: solo 1,6 kWh\/24 h   Peso: 171 kg   Capacit\u00e0: 6 caprioli o 4 cinghiali   Capacit\u00e0 di carico del binario: fino a 250 kg   Tipo di controllo: LWS-Tronic di serie   Misure esterne in cm (A\/L\/P): 240 \/ 90 \/ 90        \u25ba Maggiori informazioni sui prodotti Landig      Ordinabile - Prezzo su richiesta\" \/>\n<meta property=\"og:url\" content=\"https:\/\/elektro-fontana.com\/it\/produkt\/landig-wildkuehlschrank-lu-10000-premium\/\" \/>\n<meta property=\"og:site_name\" content=\"Elektrofachmarkt Fontana Meran\" \/>\n<meta property=\"article:modified_time\" content=\"2024-05-15T06:14:48+00:00\" \/>\n<meta property=\"og:image\" content=\"https:\/\/elektro-fontana.com\/shop\/wp-content\/uploads\/2022\/12\/Landig-LU-10000-01.jpg\" \/>\n\t<meta property=\"og:image:width\" content=\"1000\" \/>\n\t<meta property=\"og:image:height\" content=\"1000\" \/>\n\t<meta property=\"og:image:type\" content=\"image\/jpeg\" \/>\n<meta name=\"twitter:card\" content=\"summary_large_image\" \/>\n<script type=\"application\/ld+json\" class=\"yoast-schema-graph\">{\"@context\":\"https:\\\/\\\/schema.org\",\"@graph\":[{\"@type\":\"WebPage\",\"@id\":\"https:\\\/\\\/elektro-fontana.com\\\/it\\\/produkt\\\/landig-wildkuehlschrank-lu-10000-premium\\\/\",\"url\":\"https:\\\/\\\/elektro-fontana.com\\\/it\\\/produkt\\\/landig-wildkuehlschrank-lu-10000-premium\\\/\",\"name\":\"Landig LU 10000 Premium \u2013 Frigo per selvaggina - Elektrofachmarkt Fontana Meran\",\"isPartOf\":{\"@id\":\"https:\\\/\\\/elektro-fontana.com\\\/#website\"},\"primaryImageOfPage\":{\"@id\":\"https:\\\/\\\/elektro-fontana.com\\\/it\\\/produkt\\\/landig-wildkuehlschrank-lu-10000-premium\\\/#primaryimage\"},\"image\":{\"@id\":\"https:\\\/\\\/elektro-fontana.com\\\/it\\\/produkt\\\/landig-wildkuehlschrank-lu-10000-premium\\\/#primaryimage\"},\"thumbnailUrl\":\"https:\\\/\\\/elektro-fontana.com\\\/shop\\\/wp-content\\\/uploads\\\/2022\\\/12\\\/Landig-LU-10000-01.jpg\",\"datePublished\":\"2022-12-22T07:52:29+00:00\",\"dateModified\":\"2024-05-15T06:14:48+00:00\",\"breadcrumb\":{\"@id\":\"https:\\\/\\\/elektro-fontana.com\\\/it\\\/produkt\\\/landig-wildkuehlschrank-lu-10000-premium\\\/#breadcrumb\"},\"inLanguage\":\"it-IT\",\"potentialAction\":[{\"@type\":\"ReadAction\",\"target\":[\"https:\\\/\\\/elektro-fontana.com\\\/it\\\/produkt\\\/landig-wildkuehlschrank-lu-10000-premium\\\/\"]}]},{\"@type\":\"ImageObject\",\"inLanguage\":\"it-IT\",\"@id\":\"https:\\\/\\\/elektro-fontana.com\\\/it\\\/produkt\\\/landig-wildkuehlschrank-lu-10000-premium\\\/#primaryimage\",\"url\":\"https:\\\/\\\/elektro-fontana.com\\\/shop\\\/wp-content\\\/uploads\\\/2022\\\/12\\\/Landig-LU-10000-01.jpg\",\"contentUrl\":\"https:\\\/\\\/elektro-fontana.com\\\/shop\\\/wp-content\\\/uploads\\\/2022\\\/12\\\/Landig-LU-10000-01.jpg\",\"width\":1000,\"height\":1000},{\"@type\":\"BreadcrumbList\",\"@id\":\"https:\\\/\\\/elektro-fontana.com\\\/it\\\/produkt\\\/landig-wildkuehlschrank-lu-10000-premium\\\/#breadcrumb\",\"itemListElement\":[{\"@type\":\"ListItem\",\"position\":1,\"name\":\"Startseite\",\"item\":\"https:\\\/\\\/elektro-fontana.com\\\/it\\\/\"},{\"@type\":\"ListItem\",\"position\":2,\"name\":\"Onlineshop\",\"item\":\"https:\\\/\\\/elektro-fontana.com\\\/it\\\/shop\\\/\"},{\"@type\":\"ListItem\",\"position\":3,\"name\":\"Landig LU 10000 Premium \u2013 Frigo per selvaggina\"}]},{\"@type\":\"WebSite\",\"@id\":\"https:\\\/\\\/elektro-fontana.com\\\/#website\",\"url\":\"https:\\\/\\\/elektro-fontana.com\\\/\",\"name\":\"Elektrofachmarkt Fontana Meran\",\"description\":\"Bei uns finden Sie die wahrscheinlich gr\u00f6\u00dfte Auswahl an hochwertigen Elektroger\u00e4ten in und um Meran, sowie die beste pers\u00f6nliche Beratung\",\"potentialAction\":[{\"@type\":\"SearchAction\",\"target\":{\"@type\":\"EntryPoint\",\"urlTemplate\":\"https:\\\/\\\/elektro-fontana.com\\\/?s={search_term_string}\"},\"query-input\":{\"@type\":\"PropertyValueSpecification\",\"valueRequired\":true,\"valueName\":\"search_term_string\"}}],\"inLanguage\":\"it-IT\"}]}<\/script>\n<!-- \/ Yoast SEO plugin. -->","yoast_head_json":{"title":"Landig LU 10000 Premium \u2013 Frigo per selvaggina - Elektrofachmarkt Fontana Meran","robots":{"index":"index","follow":"follow","max-snippet":"max-snippet:-1","max-image-preview":"max-image-preview:large","max-video-preview":"max-video-preview:-1"},"canonical":"https:\/\/elektro-fontana.com\/it\/produkt\/landig-wildkuehlschrank-lu-10000-premium\/","og_locale":"it_IT","og_type":"article","og_title":"Landig LU 10000 Premium \u2013 Frigo per selvaggina - Elektrofachmarkt Fontana Meran","og_description":"Dettagli prodotto:   Il gigante professionale completamente in acciaio Inox    Range di temperatura elettronico: da 0 a +15 \u00b0C   Consumo energetico: solo 1,6 kWh\/24 h   Peso: 171 kg   Capacit\u00e0: 6 caprioli o 4 cinghiali   Capacit\u00e0 di carico del binario: fino a 250 kg   Tipo di controllo: LWS-Tronic di serie   Misure esterne in cm (A\/L\/P): 240 \/ 90 \/ 90        \u25ba Maggiori informazioni sui prodotti Landig      Ordinabile - Prezzo su richiesta","og_url":"https:\/\/elektro-fontana.com\/it\/produkt\/landig-wildkuehlschrank-lu-10000-premium\/","og_site_name":"Elektrofachmarkt Fontana Meran","article_modified_time":"2024-05-15T06:14:48+00:00","og_image":[{"width":1000,"height":1000,"url":"https:\/\/elektro-fontana.com\/shop\/wp-content\/uploads\/2022\/12\/Landig-LU-10000-01.jpg","type":"image\/jpeg"}],"twitter_card":"summary_large_image","schema":{"@context":"https:\/\/schema.org","@graph":[{"@type":"WebPage","@id":"https:\/\/elektro-fontana.com\/it\/produkt\/landig-wildkuehlschrank-lu-10000-premium\/","url":"https:\/\/elektro-fontana.com\/it\/produkt\/landig-wildkuehlschrank-lu-10000-premium\/","name":"Landig LU 10000 Premium \u2013 Frigo per selvaggina - Elektrofachmarkt Fontana Meran","isPartOf":{"@id":"https:\/\/elektro-fontana.com\/#website"},"primaryImageOfPage":{"@id":"https:\/\/elektro-fontana.com\/it\/produkt\/landig-wildkuehlschrank-lu-10000-premium\/#primaryimage"},"image":{"@id":"https:\/\/elektro-fontana.com\/it\/produkt\/landig-wildkuehlschrank-lu-10000-premium\/#primaryimage"},"thumbnailUrl":"https:\/\/elektro-fontana.com\/shop\/wp-content\/uploads\/2022\/12\/Landig-LU-10000-01.jpg","datePublished":"2022-12-22T07:52:29+00:00","dateModified":"2024-05-15T06:14:48+00:00","breadcrumb":{"@id":"https:\/\/elektro-fontana.com\/it\/produkt\/landig-wildkuehlschrank-lu-10000-premium\/#breadcrumb"},"inLanguage":"it-IT","potentialAction":[{"@type":"ReadAction","target":["https:\/\/elektro-fontana.com\/it\/produkt\/landig-wildkuehlschrank-lu-10000-premium\/"]}]},{"@type":"ImageObject","inLanguage":"it-IT","@id":"https:\/\/elektro-fontana.com\/it\/produkt\/landig-wildkuehlschrank-lu-10000-premium\/#primaryimage","url":"https:\/\/elektro-fontana.com\/shop\/wp-content\/uploads\/2022\/12\/Landig-LU-10000-01.jpg","contentUrl":"https:\/\/elektro-fontana.com\/shop\/wp-content\/uploads\/2022\/12\/Landig-LU-10000-01.jpg","width":1000,"height":1000},{"@type":"BreadcrumbList","@id":"https:\/\/elektro-fontana.com\/it\/produkt\/landig-wildkuehlschrank-lu-10000-premium\/#breadcrumb","itemListElement":[{"@type":"ListItem","position":1,"name":"Startseite","item":"https:\/\/elektro-fontana.com\/it\/"},{"@type":"ListItem","position":2,"name":"Onlineshop","item":"https:\/\/elektro-fontana.com\/it\/shop\/"},{"@type":"ListItem","position":3,"name":"Landig LU 10000 Premium \u2013 Frigo per selvaggina"}]},{"@type":"WebSite","@id":"https:\/\/elektro-fontana.com\/#website","url":"https:\/\/elektro-fontana.com\/","name":"Elektrofachmarkt Fontana Meran","description":"Bei uns finden Sie die wahrscheinlich gr\u00f6\u00dfte Auswahl an hochwertigen Elektroger\u00e4ten in und um Meran, sowie die beste pers\u00f6nliche Beratung","potentialAction":[{"@type":"SearchAction","target":{"@type":"EntryPoint","urlTemplate":"https:\/\/elektro-fontana.com\/?s={search_term_string}"},"query-input":{"@type":"PropertyValueSpecification","valueRequired":true,"valueName":"search_term_string"}}],"inLanguage":"it-IT"}]}},"_links":{"self":[{"href":"https:\/\/elektro-fontana.com\/it\/wp-json\/wp\/v2\/product\/6448","targetHints":{"allow":["GET"]}}],"collection":[{"href":"https:\/\/elektro-fontana.com\/it\/wp-json\/wp\/v2\/product"}],"about":[{"href":"https:\/\/elektro-fontana.com\/it\/wp-json\/wp\/v2\/types\/product"}],"replies":[{"embeddable":true,"href":"https:\/\/elektro-fontana.com\/it\/wp-json\/wp\/v2\/comments?post=6448"}],"wp:featuredmedia":[{"embeddable":true,"href":"https:\/\/elektro-fontana.com\/it\/wp-json\/wp\/v2\/media\/6450"}],"wp:attachment":[{"href":"https:\/\/elektro-fontana.com\/it\/wp-json\/wp\/v2\/media?parent=6448"}],"wp:term":[{"taxonomy":"product_brand","embeddable":true,"href":"https:\/\/elektro-fontana.com\/it\/wp-json\/wp\/v2\/product_brand?post=6448"},{"taxonomy":"product_cat","embeddable":true,"href":"https:\/\/elektro-fontana.com\/it\/wp-json\/wp\/v2\/product_cat?post=6448"},{"taxonomy":"product_tag","embeddable":true,"href":"https:\/\/elektro-fontana.com\/it\/wp-json\/wp\/v2\/product_tag?post=6448"}],"curies":[{"name":"wp","href":"https:\/\/api.w.org\/{rel}","templated":true}]}}