{"id":6335,"date":"2022-12-19T09:55:34","date_gmt":"2022-12-19T08:55:34","guid":{"rendered":"https:\/\/elektro-fontana.com\/?post_type=product&#038;p=6335"},"modified":"2025-11-20T11:55:23","modified_gmt":"2025-11-20T10:55:23","slug":"siemens-wd14u513","status":"publish","type":"product","link":"https:\/\/elektro-fontana.com\/it\/produkt\/siemens-wd14u513\/","title":{"rendered":"Siemens WD14U513"},"content":{"rendered":"","protected":false},"excerpt":{"rendered":"<table style=\"height: 229px;\" width=\"616\">\n<tbody>\n<tr>\n<td>\n<h4><span style=\"color: #0f62ab;\"><strong>Dettagli prodotto:<\/strong><\/span><\/h4>\n<\/td>\n<td>\n<h4><span style=\"color: #0f62ab;\"><strong>Lavasciuga a carica frontale \/ iQ700<\/strong><\/span><\/h4>\n<\/td>\n<\/tr>\n<tr>\n<td>Classe Efficienza Energetica:<\/td>\n<td>D<\/td>\n<\/tr>\n<tr>\n<td>Capacit\u00e0 di carico:<\/td>\n<td>Lavaggio+asciugatura 6 kg \/ Lavaggio 10 kg<\/td>\n<\/tr>\n<tr>\n<td>Rumorosit\u00e0 centrifuga:<\/td>\n<td>70 dB(A)<\/td>\n<\/tr>\n<tr>\n<td>Velocit\u00e0 massima centrifuga:<\/td>\n<td>1.400 giri\/min.<\/td>\n<\/tr>\n<tr>\n<td>Tipo di controllo:<\/td>\n<td>DirectSelect Touch Dispaly LED a 7 segmenti<\/td>\n<\/tr>\n<tr>\n<td>Misure esterne in cm (A\/L\/P):<\/td>\n<td>84,8 \/ 59,8 \/ 62,2<\/td>\n<\/tr>\n<\/tbody>\n<\/table>\n<h3><strong><span style=\"color: #ff0000;\"><span style=\"color: #0f62ab;\">Ordinabile &#8211; Prezzo su richiesta<\/span><\/span><\/strong><\/h3>\n<hr>\n<h3><\/h3>\n","protected":false},"featured_media":8858,"comment_status":"closed","ping_status":"closed","template":"","meta":[],"product_brand":[],"product_cat":[177,202,341],"product_tag":[],"class_list":{"0":"post-6335","1":"product","2":"type-product","3":"status-publish","4":"has-post-thumbnail","6":"product_cat-bianco","7":"product_cat-lavasciuga","8":"product_cat-siemens-it","10":"first","11":"instock","12":"shipping-taxable","13":"product-type-simple"},"yoast_head":"<!-- This site is optimized with the Yoast SEO plugin v27.4 - https:\/\/yoast.com\/product\/yoast-seo-wordpress\/ -->\n<title>Siemens WD14U513 - Elektrofachmarkt Fontana Meran<\/title>\n<meta name=\"robots\" content=\"index, follow, max-snippet:-1, max-image-preview:large, max-video-preview:-1\" \/>\n<link rel=\"canonical\" href=\"https:\/\/elektro-fontana.com\/it\/produkt\/siemens-wd14u513\/\" \/>\n<meta property=\"og:locale\" content=\"it_IT\" \/>\n<meta property=\"og:type\" content=\"article\" \/>\n<meta property=\"og:title\" content=\"Siemens WD14U513 - Elektrofachmarkt Fontana Meran\" \/>\n<meta property=\"og:description\" content=\"Dettagli prodotto:  Lavasciuga a carica frontale \/ iQ700  Classe Efficienza Energetica: D  Capacit\u00e0 di carico: Lavaggio+asciugatura 6 kg \/ Lavaggio 10 kg  Rumorosit\u00e0 centrifuga: 70 dB(A)  Velocit\u00e0 massima centrifuga: 1.400 giri\/min.  Tipo di controllo: DirectSelect Touch Dispaly LED a 7 segmenti  Misure esterne in cm (A\/L\/P): 84,8 \/ 59,8 \/ 62,2  Ordinabile - Prezzo su richiesta\" \/>\n<meta property=\"og:url\" content=\"https:\/\/elektro-fontana.com\/it\/produkt\/siemens-wd14u513\/\" \/>\n<meta property=\"og:site_name\" content=\"Elektrofachmarkt Fontana Meran\" \/>\n<meta property=\"article:modified_time\" content=\"2025-11-20T10:55:23+00:00\" \/>\n<meta property=\"og:image\" content=\"https:\/\/elektro-fontana.com\/shop\/wp-content\/uploads\/2022\/12\/Siemens-WD-14U-513-01-4.jpg\" \/>\n\t<meta property=\"og:image:width\" content=\"1000\" \/>\n\t<meta property=\"og:image:height\" content=\"1000\" \/>\n\t<meta property=\"og:image:type\" content=\"image\/jpeg\" \/>\n<meta name=\"twitter:card\" content=\"summary_large_image\" \/>\n<script type=\"application\/ld+json\" class=\"yoast-schema-graph\">{\"@context\":\"https:\\\/\\\/schema.org\",\"@graph\":[{\"@type\":\"WebPage\",\"@id\":\"https:\\\/\\\/elektro-fontana.com\\\/it\\\/produkt\\\/siemens-wd14u513\\\/\",\"url\":\"https:\\\/\\\/elektro-fontana.com\\\/it\\\/produkt\\\/siemens-wd14u513\\\/\",\"name\":\"Siemens WD14U513 - Elektrofachmarkt Fontana Meran\",\"isPartOf\":{\"@id\":\"https:\\\/\\\/elektro-fontana.com\\\/#website\"},\"primaryImageOfPage\":{\"@id\":\"https:\\\/\\\/elektro-fontana.com\\\/it\\\/produkt\\\/siemens-wd14u513\\\/#primaryimage\"},\"image\":{\"@id\":\"https:\\\/\\\/elektro-fontana.com\\\/it\\\/produkt\\\/siemens-wd14u513\\\/#primaryimage\"},\"thumbnailUrl\":\"https:\\\/\\\/elektro-fontana.com\\\/shop\\\/wp-content\\\/uploads\\\/2022\\\/12\\\/Siemens-WD-14U-513-01-4.jpg\",\"datePublished\":\"2022-12-19T08:55:34+00:00\",\"dateModified\":\"2025-11-20T10:55:23+00:00\",\"breadcrumb\":{\"@id\":\"https:\\\/\\\/elektro-fontana.com\\\/it\\\/produkt\\\/siemens-wd14u513\\\/#breadcrumb\"},\"inLanguage\":\"it-IT\",\"potentialAction\":[{\"@type\":\"ReadAction\",\"target\":[\"https:\\\/\\\/elektro-fontana.com\\\/it\\\/produkt\\\/siemens-wd14u513\\\/\"]}]},{\"@type\":\"ImageObject\",\"inLanguage\":\"it-IT\",\"@id\":\"https:\\\/\\\/elektro-fontana.com\\\/it\\\/produkt\\\/siemens-wd14u513\\\/#primaryimage\",\"url\":\"https:\\\/\\\/elektro-fontana.com\\\/shop\\\/wp-content\\\/uploads\\\/2022\\\/12\\\/Siemens-WD-14U-513-01-4.jpg\",\"contentUrl\":\"https:\\\/\\\/elektro-fontana.com\\\/shop\\\/wp-content\\\/uploads\\\/2022\\\/12\\\/Siemens-WD-14U-513-01-4.jpg\",\"width\":1000,\"height\":1000},{\"@type\":\"BreadcrumbList\",\"@id\":\"https:\\\/\\\/elektro-fontana.com\\\/it\\\/produkt\\\/siemens-wd14u513\\\/#breadcrumb\",\"itemListElement\":[{\"@type\":\"ListItem\",\"position\":1,\"name\":\"Startseite\",\"item\":\"https:\\\/\\\/elektro-fontana.com\\\/it\\\/\"},{\"@type\":\"ListItem\",\"position\":2,\"name\":\"Onlineshop\",\"item\":\"https:\\\/\\\/elektro-fontana.com\\\/it\\\/shop\\\/\"},{\"@type\":\"ListItem\",\"position\":3,\"name\":\"Siemens WD14U513\"}]},{\"@type\":\"WebSite\",\"@id\":\"https:\\\/\\\/elektro-fontana.com\\\/#website\",\"url\":\"https:\\\/\\\/elektro-fontana.com\\\/\",\"name\":\"Elektrofachmarkt Fontana Meran\",\"description\":\"Bei uns finden Sie die wahrscheinlich gr\u00f6\u00dfte Auswahl an hochwertigen Elektroger\u00e4ten in und um Meran, sowie die beste pers\u00f6nliche Beratung\",\"potentialAction\":[{\"@type\":\"SearchAction\",\"target\":{\"@type\":\"EntryPoint\",\"urlTemplate\":\"https:\\\/\\\/elektro-fontana.com\\\/?s={search_term_string}\"},\"query-input\":{\"@type\":\"PropertyValueSpecification\",\"valueRequired\":true,\"valueName\":\"search_term_string\"}}],\"inLanguage\":\"it-IT\"}]}<\/script>\n<!-- \/ Yoast SEO plugin. -->","yoast_head_json":{"title":"Siemens WD14U513 - Elektrofachmarkt Fontana Meran","robots":{"index":"index","follow":"follow","max-snippet":"max-snippet:-1","max-image-preview":"max-image-preview:large","max-video-preview":"max-video-preview:-1"},"canonical":"https:\/\/elektro-fontana.com\/it\/produkt\/siemens-wd14u513\/","og_locale":"it_IT","og_type":"article","og_title":"Siemens WD14U513 - Elektrofachmarkt Fontana Meran","og_description":"Dettagli prodotto:  Lavasciuga a carica frontale \/ iQ700  Classe Efficienza Energetica: D  Capacit\u00e0 di carico: Lavaggio+asciugatura 6 kg \/ Lavaggio 10 kg  Rumorosit\u00e0 centrifuga: 70 dB(A)  Velocit\u00e0 massima centrifuga: 1.400 giri\/min.  Tipo di controllo: DirectSelect Touch Dispaly LED a 7 segmenti  Misure esterne in cm (A\/L\/P): 84,8 \/ 59,8 \/ 62,2  Ordinabile - Prezzo su richiesta","og_url":"https:\/\/elektro-fontana.com\/it\/produkt\/siemens-wd14u513\/","og_site_name":"Elektrofachmarkt Fontana Meran","article_modified_time":"2025-11-20T10:55:23+00:00","og_image":[{"width":1000,"height":1000,"url":"https:\/\/elektro-fontana.com\/shop\/wp-content\/uploads\/2022\/12\/Siemens-WD-14U-513-01-4.jpg","type":"image\/jpeg"}],"twitter_card":"summary_large_image","schema":{"@context":"https:\/\/schema.org","@graph":[{"@type":"WebPage","@id":"https:\/\/elektro-fontana.com\/it\/produkt\/siemens-wd14u513\/","url":"https:\/\/elektro-fontana.com\/it\/produkt\/siemens-wd14u513\/","name":"Siemens WD14U513 - Elektrofachmarkt Fontana Meran","isPartOf":{"@id":"https:\/\/elektro-fontana.com\/#website"},"primaryImageOfPage":{"@id":"https:\/\/elektro-fontana.com\/it\/produkt\/siemens-wd14u513\/#primaryimage"},"image":{"@id":"https:\/\/elektro-fontana.com\/it\/produkt\/siemens-wd14u513\/#primaryimage"},"thumbnailUrl":"https:\/\/elektro-fontana.com\/shop\/wp-content\/uploads\/2022\/12\/Siemens-WD-14U-513-01-4.jpg","datePublished":"2022-12-19T08:55:34+00:00","dateModified":"2025-11-20T10:55:23+00:00","breadcrumb":{"@id":"https:\/\/elektro-fontana.com\/it\/produkt\/siemens-wd14u513\/#breadcrumb"},"inLanguage":"it-IT","potentialAction":[{"@type":"ReadAction","target":["https:\/\/elektro-fontana.com\/it\/produkt\/siemens-wd14u513\/"]}]},{"@type":"ImageObject","inLanguage":"it-IT","@id":"https:\/\/elektro-fontana.com\/it\/produkt\/siemens-wd14u513\/#primaryimage","url":"https:\/\/elektro-fontana.com\/shop\/wp-content\/uploads\/2022\/12\/Siemens-WD-14U-513-01-4.jpg","contentUrl":"https:\/\/elektro-fontana.com\/shop\/wp-content\/uploads\/2022\/12\/Siemens-WD-14U-513-01-4.jpg","width":1000,"height":1000},{"@type":"BreadcrumbList","@id":"https:\/\/elektro-fontana.com\/it\/produkt\/siemens-wd14u513\/#breadcrumb","itemListElement":[{"@type":"ListItem","position":1,"name":"Startseite","item":"https:\/\/elektro-fontana.com\/it\/"},{"@type":"ListItem","position":2,"name":"Onlineshop","item":"https:\/\/elektro-fontana.com\/it\/shop\/"},{"@type":"ListItem","position":3,"name":"Siemens WD14U513"}]},{"@type":"WebSite","@id":"https:\/\/elektro-fontana.com\/#website","url":"https:\/\/elektro-fontana.com\/","name":"Elektrofachmarkt Fontana Meran","description":"Bei uns finden Sie die wahrscheinlich gr\u00f6\u00dfte Auswahl an hochwertigen Elektroger\u00e4ten in und um Meran, sowie die beste pers\u00f6nliche Beratung","potentialAction":[{"@type":"SearchAction","target":{"@type":"EntryPoint","urlTemplate":"https:\/\/elektro-fontana.com\/?s={search_term_string}"},"query-input":{"@type":"PropertyValueSpecification","valueRequired":true,"valueName":"search_term_string"}}],"inLanguage":"it-IT"}]}},"_links":{"self":[{"href":"https:\/\/elektro-fontana.com\/it\/wp-json\/wp\/v2\/product\/6335","targetHints":{"allow":["GET"]}}],"collection":[{"href":"https:\/\/elektro-fontana.com\/it\/wp-json\/wp\/v2\/product"}],"about":[{"href":"https:\/\/elektro-fontana.com\/it\/wp-json\/wp\/v2\/types\/product"}],"replies":[{"embeddable":true,"href":"https:\/\/elektro-fontana.com\/it\/wp-json\/wp\/v2\/comments?post=6335"}],"wp:featuredmedia":[{"embeddable":true,"href":"https:\/\/elektro-fontana.com\/it\/wp-json\/wp\/v2\/media\/8858"}],"wp:attachment":[{"href":"https:\/\/elektro-fontana.com\/it\/wp-json\/wp\/v2\/media?parent=6335"}],"wp:term":[{"taxonomy":"product_brand","embeddable":true,"href":"https:\/\/elektro-fontana.com\/it\/wp-json\/wp\/v2\/product_brand?post=6335"},{"taxonomy":"product_cat","embeddable":true,"href":"https:\/\/elektro-fontana.com\/it\/wp-json\/wp\/v2\/product_cat?post=6335"},{"taxonomy":"product_tag","embeddable":true,"href":"https:\/\/elektro-fontana.com\/it\/wp-json\/wp\/v2\/product_tag?post=6335"}],"curies":[{"name":"wp","href":"https:\/\/api.w.org\/{rel}","templated":true}]}}