{"id":5697,"date":"2022-11-16T11:22:04","date_gmt":"2022-11-16T10:22:04","guid":{"rendered":"https:\/\/elektro-fontana.com\/?post_type=product&#038;p=5697"},"modified":"2024-05-15T08:15:34","modified_gmt":"2024-05-15T06:15:34","slug":"landig-wurstfueller-3-liter","status":"publish","type":"product","link":"https:\/\/elektro-fontana.com\/it\/produkt\/landig-wurstfueller-3-liter\/","title":{"rendered":"Landig Insaccatrice da 3 litri"},"content":{"rendered":"","protected":false},"excerpt":{"rendered":"<table style=\"height: 279px;\" width=\"606\">\n<tbody>\n<tr>\n<td>\n<h4><span style=\"color: #0f62ab;\"><strong>Dettagli prodotto:<\/strong><\/span><\/h4>\n<\/td>\n<td>\n<h4><span style=\"color: #0f62ab;\"><strong>Insaccatrice verticale professionale di 3\u00b0 generazione<\/strong><\/span><\/h4>\n<\/td>\n<\/tr>\n<tr>\n<td>Contenuto:<\/td>\n<td>3,0 litri \/ kg<\/td>\n<\/tr>\n<tr>\n<td>Rapporto di riduzione:<\/td>\n<td>1 a 2 (ingranaggi in metallo)<\/td>\n<\/tr>\n<tr>\n<td>Pistone con valvola di sfiato:<\/td>\n<td>di serie<\/td>\n<\/tr>\n<tr>\n<td>Materiale:<\/td>\n<td>tutte le parti in acciaio Inox di alta qualit\u00e0, antiruggine<\/td>\n<\/tr>\n<tr>\n<td>Peso:<\/td>\n<td>11 kg<\/td>\n<\/tr>\n<tr>\n<td>Misure esterne in cm (L\/P\/A):<\/td>\n<td>24 \/ 30 \/ 51<\/td>\n<\/tr>\n<\/tbody>\n<\/table>\n<table style=\"height: 12px;\" width=\"682\">\n<tbody>\n<tr>\n<td bgcolor=\"#9e282d\"><strong><span style=\"color: #ffffff;\"><span style=\"color: #ffff00;\">IN REGALO:<\/span> Il nuovo libro sulla preparazione perfetta della selvaggina per tutti i veri cacciatori (in lingua tedesca)<\/span><\/strong><\/td>\n<\/tr>\n<\/tbody>\n<\/table>\n<table>\n<tbody>\n<tr>\n<td bgcolor=\"#f0f0f0\">\n<h6><span style=\"color: #000000;\"><span style=\"color: #bd0926;\">\u25ba<\/span> <a href=\"https:\/\/elektro-fontana.com\/shop\/wp-content\/uploads\/2022\/12\/Landig-Catalogo.pdf\" target=\"_blank\" rel=\"noopener\">Maggiori informazioni sui prodotti Landig<\/a><br \/>\n<\/span><\/h6>\n<\/td>\n<\/tr>\n<\/tbody>\n<\/table>\n<h3><strong><span style=\"color: #ff0000;\"><span style=\"color: #0f62ab;\">Disponibile<\/span><\/span><\/strong><\/h3>\n<hr \/>\n<h3><\/h3>\n","protected":false},"featured_media":5616,"comment_status":"closed","ping_status":"closed","template":"","meta":[],"product_brand":[],"product_cat":[165,330,154,229],"product_tag":[],"class_list":{"0":"post-5697","1":"product","2":"type-product","3":"status-publish","4":"has-post-thumbnail","6":"product_cat-apparecchi-da-cucina","7":"product_cat-landig-it","8":"product_cat-piccoli-elettrodomestici","9":"product_cat-tritacarne-insaccatrici","11":"first","12":"instock","13":"shipping-taxable","14":"purchasable","15":"product-type-simple"},"yoast_head":"<!-- This site is optimized with the Yoast SEO plugin v27.3 - https:\/\/yoast.com\/product\/yoast-seo-wordpress\/ -->\n<title>Landig Insaccatrice da 3 litri - Elektrofachmarkt Fontana Meran<\/title>\n<meta name=\"robots\" content=\"index, follow, max-snippet:-1, max-image-preview:large, max-video-preview:-1\" \/>\n<link rel=\"canonical\" href=\"https:\/\/elektro-fontana.com\/it\/produkt\/landig-wurstfueller-3-liter\/\" \/>\n<meta property=\"og:locale\" content=\"it_IT\" \/>\n<meta property=\"og:type\" content=\"article\" \/>\n<meta property=\"og:title\" content=\"Landig Insaccatrice da 3 litri - Elektrofachmarkt Fontana Meran\" \/>\n<meta property=\"og:description\" content=\"Dettagli prodotto:   Insaccatrice verticale professionale di 3\u00b0 generazione    Contenuto: 3,0 litri \/ kg   Rapporto di riduzione: 1 a 2 (ingranaggi in metallo)   Pistone con valvola di sfiato: di serie   Materiale: tutte le parti in acciaio Inox di alta qualit\u00e0, antiruggine   Peso: 11 kg   Misure esterne in cm (L\/P\/A): 24 \/ 30 \/ 51       IN REGALO: Il nuovo libro sulla preparazione perfetta della selvaggina per tutti i veri cacciatori (in lingua tedesca)        \u25ba Maggiori informazioni sui prodotti Landig      Disponibile\" \/>\n<meta property=\"og:url\" content=\"https:\/\/elektro-fontana.com\/it\/produkt\/landig-wurstfueller-3-liter\/\" \/>\n<meta property=\"og:site_name\" content=\"Elektrofachmarkt Fontana Meran\" \/>\n<meta property=\"article:modified_time\" content=\"2024-05-15T06:15:34+00:00\" \/>\n<meta property=\"og:image\" content=\"https:\/\/elektro-fontana.com\/shop\/wp-content\/uploads\/2022\/11\/Landig-Wurstfueller-3-Liter-01.jpg\" \/>\n\t<meta property=\"og:image:width\" content=\"1500\" \/>\n\t<meta property=\"og:image:height\" content=\"1500\" \/>\n\t<meta property=\"og:image:type\" content=\"image\/jpeg\" \/>\n<meta name=\"twitter:card\" content=\"summary_large_image\" \/>\n<script type=\"application\/ld+json\" class=\"yoast-schema-graph\">{\"@context\":\"https:\\\/\\\/schema.org\",\"@graph\":[{\"@type\":\"WebPage\",\"@id\":\"https:\\\/\\\/elektro-fontana.com\\\/it\\\/produkt\\\/landig-wurstfueller-3-liter\\\/\",\"url\":\"https:\\\/\\\/elektro-fontana.com\\\/it\\\/produkt\\\/landig-wurstfueller-3-liter\\\/\",\"name\":\"Landig Insaccatrice da 3 litri - Elektrofachmarkt Fontana Meran\",\"isPartOf\":{\"@id\":\"https:\\\/\\\/elektro-fontana.com\\\/#website\"},\"primaryImageOfPage\":{\"@id\":\"https:\\\/\\\/elektro-fontana.com\\\/it\\\/produkt\\\/landig-wurstfueller-3-liter\\\/#primaryimage\"},\"image\":{\"@id\":\"https:\\\/\\\/elektro-fontana.com\\\/it\\\/produkt\\\/landig-wurstfueller-3-liter\\\/#primaryimage\"},\"thumbnailUrl\":\"https:\\\/\\\/elektro-fontana.com\\\/shop\\\/wp-content\\\/uploads\\\/2022\\\/11\\\/Landig-Wurstfueller-3-Liter-01.jpg\",\"datePublished\":\"2022-11-16T10:22:04+00:00\",\"dateModified\":\"2024-05-15T06:15:34+00:00\",\"breadcrumb\":{\"@id\":\"https:\\\/\\\/elektro-fontana.com\\\/it\\\/produkt\\\/landig-wurstfueller-3-liter\\\/#breadcrumb\"},\"inLanguage\":\"it-IT\",\"potentialAction\":[{\"@type\":\"ReadAction\",\"target\":[\"https:\\\/\\\/elektro-fontana.com\\\/it\\\/produkt\\\/landig-wurstfueller-3-liter\\\/\"]}]},{\"@type\":\"ImageObject\",\"inLanguage\":\"it-IT\",\"@id\":\"https:\\\/\\\/elektro-fontana.com\\\/it\\\/produkt\\\/landig-wurstfueller-3-liter\\\/#primaryimage\",\"url\":\"https:\\\/\\\/elektro-fontana.com\\\/shop\\\/wp-content\\\/uploads\\\/2022\\\/11\\\/Landig-Wurstfueller-3-Liter-01.jpg\",\"contentUrl\":\"https:\\\/\\\/elektro-fontana.com\\\/shop\\\/wp-content\\\/uploads\\\/2022\\\/11\\\/Landig-Wurstfueller-3-Liter-01.jpg\",\"width\":1500,\"height\":1500},{\"@type\":\"BreadcrumbList\",\"@id\":\"https:\\\/\\\/elektro-fontana.com\\\/it\\\/produkt\\\/landig-wurstfueller-3-liter\\\/#breadcrumb\",\"itemListElement\":[{\"@type\":\"ListItem\",\"position\":1,\"name\":\"Startseite\",\"item\":\"https:\\\/\\\/elektro-fontana.com\\\/it\\\/\"},{\"@type\":\"ListItem\",\"position\":2,\"name\":\"Onlineshop\",\"item\":\"https:\\\/\\\/elektro-fontana.com\\\/it\\\/shop\\\/\"},{\"@type\":\"ListItem\",\"position\":3,\"name\":\"Landig Insaccatrice da 3 litri\"}]},{\"@type\":\"WebSite\",\"@id\":\"https:\\\/\\\/elektro-fontana.com\\\/#website\",\"url\":\"https:\\\/\\\/elektro-fontana.com\\\/\",\"name\":\"Elektrofachmarkt Fontana Meran\",\"description\":\"Bei uns finden Sie die wahrscheinlich gr\u00f6\u00dfte Auswahl an hochwertigen Elektroger\u00e4ten in und um Meran, sowie die beste pers\u00f6nliche Beratung\",\"potentialAction\":[{\"@type\":\"SearchAction\",\"target\":{\"@type\":\"EntryPoint\",\"urlTemplate\":\"https:\\\/\\\/elektro-fontana.com\\\/?s={search_term_string}\"},\"query-input\":{\"@type\":\"PropertyValueSpecification\",\"valueRequired\":true,\"valueName\":\"search_term_string\"}}],\"inLanguage\":\"it-IT\"}]}<\/script>\n<!-- \/ Yoast SEO plugin. -->","yoast_head_json":{"title":"Landig Insaccatrice da 3 litri - Elektrofachmarkt Fontana Meran","robots":{"index":"index","follow":"follow","max-snippet":"max-snippet:-1","max-image-preview":"max-image-preview:large","max-video-preview":"max-video-preview:-1"},"canonical":"https:\/\/elektro-fontana.com\/it\/produkt\/landig-wurstfueller-3-liter\/","og_locale":"it_IT","og_type":"article","og_title":"Landig Insaccatrice da 3 litri - Elektrofachmarkt Fontana Meran","og_description":"Dettagli prodotto:   Insaccatrice verticale professionale di 3\u00b0 generazione    Contenuto: 3,0 litri \/ kg   Rapporto di riduzione: 1 a 2 (ingranaggi in metallo)   Pistone con valvola di sfiato: di serie   Materiale: tutte le parti in acciaio Inox di alta qualit\u00e0, antiruggine   Peso: 11 kg   Misure esterne in cm (L\/P\/A): 24 \/ 30 \/ 51       IN REGALO: Il nuovo libro sulla preparazione perfetta della selvaggina per tutti i veri cacciatori (in lingua tedesca)        \u25ba Maggiori informazioni sui prodotti Landig      Disponibile","og_url":"https:\/\/elektro-fontana.com\/it\/produkt\/landig-wurstfueller-3-liter\/","og_site_name":"Elektrofachmarkt Fontana Meran","article_modified_time":"2024-05-15T06:15:34+00:00","og_image":[{"width":1500,"height":1500,"url":"https:\/\/elektro-fontana.com\/shop\/wp-content\/uploads\/2022\/11\/Landig-Wurstfueller-3-Liter-01.jpg","type":"image\/jpeg"}],"twitter_card":"summary_large_image","schema":{"@context":"https:\/\/schema.org","@graph":[{"@type":"WebPage","@id":"https:\/\/elektro-fontana.com\/it\/produkt\/landig-wurstfueller-3-liter\/","url":"https:\/\/elektro-fontana.com\/it\/produkt\/landig-wurstfueller-3-liter\/","name":"Landig Insaccatrice da 3 litri - Elektrofachmarkt Fontana Meran","isPartOf":{"@id":"https:\/\/elektro-fontana.com\/#website"},"primaryImageOfPage":{"@id":"https:\/\/elektro-fontana.com\/it\/produkt\/landig-wurstfueller-3-liter\/#primaryimage"},"image":{"@id":"https:\/\/elektro-fontana.com\/it\/produkt\/landig-wurstfueller-3-liter\/#primaryimage"},"thumbnailUrl":"https:\/\/elektro-fontana.com\/shop\/wp-content\/uploads\/2022\/11\/Landig-Wurstfueller-3-Liter-01.jpg","datePublished":"2022-11-16T10:22:04+00:00","dateModified":"2024-05-15T06:15:34+00:00","breadcrumb":{"@id":"https:\/\/elektro-fontana.com\/it\/produkt\/landig-wurstfueller-3-liter\/#breadcrumb"},"inLanguage":"it-IT","potentialAction":[{"@type":"ReadAction","target":["https:\/\/elektro-fontana.com\/it\/produkt\/landig-wurstfueller-3-liter\/"]}]},{"@type":"ImageObject","inLanguage":"it-IT","@id":"https:\/\/elektro-fontana.com\/it\/produkt\/landig-wurstfueller-3-liter\/#primaryimage","url":"https:\/\/elektro-fontana.com\/shop\/wp-content\/uploads\/2022\/11\/Landig-Wurstfueller-3-Liter-01.jpg","contentUrl":"https:\/\/elektro-fontana.com\/shop\/wp-content\/uploads\/2022\/11\/Landig-Wurstfueller-3-Liter-01.jpg","width":1500,"height":1500},{"@type":"BreadcrumbList","@id":"https:\/\/elektro-fontana.com\/it\/produkt\/landig-wurstfueller-3-liter\/#breadcrumb","itemListElement":[{"@type":"ListItem","position":1,"name":"Startseite","item":"https:\/\/elektro-fontana.com\/it\/"},{"@type":"ListItem","position":2,"name":"Onlineshop","item":"https:\/\/elektro-fontana.com\/it\/shop\/"},{"@type":"ListItem","position":3,"name":"Landig Insaccatrice da 3 litri"}]},{"@type":"WebSite","@id":"https:\/\/elektro-fontana.com\/#website","url":"https:\/\/elektro-fontana.com\/","name":"Elektrofachmarkt Fontana Meran","description":"Bei uns finden Sie die wahrscheinlich gr\u00f6\u00dfte Auswahl an hochwertigen Elektroger\u00e4ten in und um Meran, sowie die beste pers\u00f6nliche Beratung","potentialAction":[{"@type":"SearchAction","target":{"@type":"EntryPoint","urlTemplate":"https:\/\/elektro-fontana.com\/?s={search_term_string}"},"query-input":{"@type":"PropertyValueSpecification","valueRequired":true,"valueName":"search_term_string"}}],"inLanguage":"it-IT"}]}},"_links":{"self":[{"href":"https:\/\/elektro-fontana.com\/it\/wp-json\/wp\/v2\/product\/5697","targetHints":{"allow":["GET"]}}],"collection":[{"href":"https:\/\/elektro-fontana.com\/it\/wp-json\/wp\/v2\/product"}],"about":[{"href":"https:\/\/elektro-fontana.com\/it\/wp-json\/wp\/v2\/types\/product"}],"replies":[{"embeddable":true,"href":"https:\/\/elektro-fontana.com\/it\/wp-json\/wp\/v2\/comments?post=5697"}],"wp:featuredmedia":[{"embeddable":true,"href":"https:\/\/elektro-fontana.com\/it\/wp-json\/wp\/v2\/media\/5616"}],"wp:attachment":[{"href":"https:\/\/elektro-fontana.com\/it\/wp-json\/wp\/v2\/media?parent=5697"}],"wp:term":[{"taxonomy":"product_brand","embeddable":true,"href":"https:\/\/elektro-fontana.com\/it\/wp-json\/wp\/v2\/product_brand?post=5697"},{"taxonomy":"product_cat","embeddable":true,"href":"https:\/\/elektro-fontana.com\/it\/wp-json\/wp\/v2\/product_cat?post=5697"},{"taxonomy":"product_tag","embeddable":true,"href":"https:\/\/elektro-fontana.com\/it\/wp-json\/wp\/v2\/product_tag?post=5697"}],"curies":[{"name":"wp","href":"https:\/\/api.w.org\/{rel}","templated":true}]}}