{"id":5678,"date":"2022-11-15T12:01:24","date_gmt":"2022-11-15T11:01:24","guid":{"rendered":"https:\/\/elektro-fontana.com\/?post_type=product&#038;p=5678"},"modified":"2024-05-15T08:15:51","modified_gmt":"2024-05-15T06:15:51","slug":"landig-fleischwolf-wd300","status":"publish","type":"product","link":"https:\/\/elektro-fontana.com\/it\/produkt\/landig-fleischwolf-wd300\/","title":{"rendered":"Landig Tritacarne professionale WD300"},"content":{"rendered":"","protected":false},"excerpt":{"rendered":"<table style=\"height: 263px;\" width=\"494\">\n<tbody>\n<tr>\n<td>\n<h4><span style=\"color: #0f62ab;\"><strong>Dettagli prodotto:<\/strong><\/span><\/h4>\n<\/td>\n<td>\n<h4><span style=\"color: #0f62ab;\"><strong>Tritacarne di qualit\u00e0<\/strong><\/span><\/h4>\n<\/td>\n<\/tr>\n<tr>\n<td>Produzione oraria:<\/td>\n<td>260 kg\/h<\/td>\n<\/tr>\n<tr>\n<td>Diametro dischi forati:<\/td>\n<td>6,95 cm<\/td>\n<\/tr>\n<tr>\n<td>Potenza massima:<\/td>\n<td>2.645 W<\/td>\n<\/tr>\n<tr>\n<td>Coppia:<\/td>\n<td>4,8 Nm<\/td>\n<\/tr>\n<tr>\n<td>Materiale:<\/td>\n<td>Acciaio Inox<\/td>\n<\/tr>\n<tr>\n<td>Peso montato:<\/td>\n<td>20 kg<\/td>\n<\/tr>\n<tr>\n<td>Misure esterne in cm (L\/P\/A):<\/td>\n<td>56,8 \/ 22 \/ 42<\/td>\n<\/tr>\n<\/tbody>\n<\/table>\n<table style=\"height: 12px;\" width=\"682\">\n<tbody>\n<tr>\n<td bgcolor=\"#9e282d\"><strong><span style=\"color: #ffffff;\"><span style=\"color: #ffff00;\">IN REGALO:<\/span> Il nuovo libro sulla preparazione perfetta della selvaggina per tutti i veri cacciatori (in lingua tedesca)<\/span><\/strong><\/td>\n<\/tr>\n<\/tbody>\n<\/table>\n<table>\n<tbody>\n<tr>\n<td bgcolor=\"#f0f0f0\">\n<h6><span style=\"color: #000000;\"><span style=\"color: #bd0926;\">\u25ba<\/span> <a href=\"https:\/\/elektro-fontana.com\/shop\/wp-content\/uploads\/2022\/12\/Landig-Catalogo.pdf\" target=\"_blank\" rel=\"noopener\">Maggiori informazioni sui prodotti Landig<\/a><br \/>\n<\/span><\/h6>\n<\/td>\n<\/tr>\n<\/tbody>\n<\/table>\n<h3><strong><span style=\"color: #ff0000;\"><span style=\"color: #0f62ab;\">Ordinabile &#8211; Prezzo su richiesta<\/span><\/span><\/strong><\/h3>\n<hr \/>\n<h3><\/h3>\n","protected":false},"featured_media":5680,"comment_status":"closed","ping_status":"closed","template":"","meta":[],"product_brand":[],"product_cat":[165,330,154,229],"product_tag":[],"class_list":{"0":"post-5678","1":"product","2":"type-product","3":"status-publish","4":"has-post-thumbnail","6":"product_cat-apparecchi-da-cucina","7":"product_cat-landig-it","8":"product_cat-piccoli-elettrodomestici","9":"product_cat-tritacarne-insaccatrici","11":"first","12":"outofstock","13":"shipping-taxable","14":"product-type-simple"},"yoast_head":"<!-- This site is optimized with the Yoast SEO plugin v27.4 - https:\/\/yoast.com\/product\/yoast-seo-wordpress\/ -->\n<title>Landig Tritacarne professionale WD300 - Elektrofachmarkt Fontana Meran<\/title>\n<meta name=\"robots\" content=\"index, follow, max-snippet:-1, max-image-preview:large, max-video-preview:-1\" \/>\n<link rel=\"canonical\" href=\"https:\/\/elektro-fontana.com\/it\/produkt\/landig-fleischwolf-wd300\/\" \/>\n<meta property=\"og:locale\" content=\"it_IT\" \/>\n<meta property=\"og:type\" content=\"article\" \/>\n<meta property=\"og:title\" content=\"Landig Tritacarne professionale WD300 - Elektrofachmarkt Fontana Meran\" \/>\n<meta property=\"og:description\" content=\"Dettagli prodotto:   Tritacarne di qualit\u00e0    Produzione oraria: 260 kg\/h   Diametro dischi forati: 6,95 cm   Potenza massima: 2.645 W   Coppia: 4,8 Nm   Materiale: Acciaio Inox   Peso montato: 20 kg   Misure esterne in cm (L\/P\/A): 56,8 \/ 22 \/ 42       IN REGALO: Il nuovo libro sulla preparazione perfetta della selvaggina per tutti i veri cacciatori (in lingua tedesca)        \u25ba Maggiori informazioni sui prodotti Landig      Ordinabile - Prezzo su richiesta\" \/>\n<meta property=\"og:url\" content=\"https:\/\/elektro-fontana.com\/it\/produkt\/landig-fleischwolf-wd300\/\" \/>\n<meta property=\"og:site_name\" content=\"Elektrofachmarkt Fontana Meran\" \/>\n<meta property=\"article:modified_time\" content=\"2024-05-15T06:15:51+00:00\" \/>\n<meta property=\"og:image\" content=\"https:\/\/elektro-fontana.com\/shop\/wp-content\/uploads\/2022\/11\/Landig-Fleischwolf-WD300-01.jpg\" \/>\n\t<meta property=\"og:image:width\" content=\"1000\" \/>\n\t<meta property=\"og:image:height\" content=\"1000\" \/>\n\t<meta property=\"og:image:type\" content=\"image\/jpeg\" \/>\n<meta name=\"twitter:card\" content=\"summary_large_image\" \/>\n<script type=\"application\/ld+json\" class=\"yoast-schema-graph\">{\"@context\":\"https:\\\/\\\/schema.org\",\"@graph\":[{\"@type\":\"WebPage\",\"@id\":\"https:\\\/\\\/elektro-fontana.com\\\/it\\\/produkt\\\/landig-fleischwolf-wd300\\\/\",\"url\":\"https:\\\/\\\/elektro-fontana.com\\\/it\\\/produkt\\\/landig-fleischwolf-wd300\\\/\",\"name\":\"Landig Tritacarne professionale WD300 - Elektrofachmarkt Fontana Meran\",\"isPartOf\":{\"@id\":\"https:\\\/\\\/elektro-fontana.com\\\/#website\"},\"primaryImageOfPage\":{\"@id\":\"https:\\\/\\\/elektro-fontana.com\\\/it\\\/produkt\\\/landig-fleischwolf-wd300\\\/#primaryimage\"},\"image\":{\"@id\":\"https:\\\/\\\/elektro-fontana.com\\\/it\\\/produkt\\\/landig-fleischwolf-wd300\\\/#primaryimage\"},\"thumbnailUrl\":\"https:\\\/\\\/elektro-fontana.com\\\/shop\\\/wp-content\\\/uploads\\\/2022\\\/11\\\/Landig-Fleischwolf-WD300-01.jpg\",\"datePublished\":\"2022-11-15T11:01:24+00:00\",\"dateModified\":\"2024-05-15T06:15:51+00:00\",\"breadcrumb\":{\"@id\":\"https:\\\/\\\/elektro-fontana.com\\\/it\\\/produkt\\\/landig-fleischwolf-wd300\\\/#breadcrumb\"},\"inLanguage\":\"it-IT\",\"potentialAction\":[{\"@type\":\"ReadAction\",\"target\":[\"https:\\\/\\\/elektro-fontana.com\\\/it\\\/produkt\\\/landig-fleischwolf-wd300\\\/\"]}]},{\"@type\":\"ImageObject\",\"inLanguage\":\"it-IT\",\"@id\":\"https:\\\/\\\/elektro-fontana.com\\\/it\\\/produkt\\\/landig-fleischwolf-wd300\\\/#primaryimage\",\"url\":\"https:\\\/\\\/elektro-fontana.com\\\/shop\\\/wp-content\\\/uploads\\\/2022\\\/11\\\/Landig-Fleischwolf-WD300-01.jpg\",\"contentUrl\":\"https:\\\/\\\/elektro-fontana.com\\\/shop\\\/wp-content\\\/uploads\\\/2022\\\/11\\\/Landig-Fleischwolf-WD300-01.jpg\",\"width\":1000,\"height\":1000},{\"@type\":\"BreadcrumbList\",\"@id\":\"https:\\\/\\\/elektro-fontana.com\\\/it\\\/produkt\\\/landig-fleischwolf-wd300\\\/#breadcrumb\",\"itemListElement\":[{\"@type\":\"ListItem\",\"position\":1,\"name\":\"Startseite\",\"item\":\"https:\\\/\\\/elektro-fontana.com\\\/it\\\/\"},{\"@type\":\"ListItem\",\"position\":2,\"name\":\"Onlineshop\",\"item\":\"https:\\\/\\\/elektro-fontana.com\\\/it\\\/shop\\\/\"},{\"@type\":\"ListItem\",\"position\":3,\"name\":\"Landig Tritacarne professionale WD300\"}]},{\"@type\":\"WebSite\",\"@id\":\"https:\\\/\\\/elektro-fontana.com\\\/#website\",\"url\":\"https:\\\/\\\/elektro-fontana.com\\\/\",\"name\":\"Elektrofachmarkt Fontana Meran\",\"description\":\"Bei uns finden Sie die wahrscheinlich gr\u00f6\u00dfte Auswahl an hochwertigen Elektroger\u00e4ten in und um Meran, sowie die beste pers\u00f6nliche Beratung\",\"potentialAction\":[{\"@type\":\"SearchAction\",\"target\":{\"@type\":\"EntryPoint\",\"urlTemplate\":\"https:\\\/\\\/elektro-fontana.com\\\/?s={search_term_string}\"},\"query-input\":{\"@type\":\"PropertyValueSpecification\",\"valueRequired\":true,\"valueName\":\"search_term_string\"}}],\"inLanguage\":\"it-IT\"}]}<\/script>\n<!-- \/ Yoast SEO plugin. -->","yoast_head_json":{"title":"Landig Tritacarne professionale WD300 - Elektrofachmarkt Fontana Meran","robots":{"index":"index","follow":"follow","max-snippet":"max-snippet:-1","max-image-preview":"max-image-preview:large","max-video-preview":"max-video-preview:-1"},"canonical":"https:\/\/elektro-fontana.com\/it\/produkt\/landig-fleischwolf-wd300\/","og_locale":"it_IT","og_type":"article","og_title":"Landig Tritacarne professionale WD300 - Elektrofachmarkt Fontana Meran","og_description":"Dettagli prodotto:   Tritacarne di qualit\u00e0    Produzione oraria: 260 kg\/h   Diametro dischi forati: 6,95 cm   Potenza massima: 2.645 W   Coppia: 4,8 Nm   Materiale: Acciaio Inox   Peso montato: 20 kg   Misure esterne in cm (L\/P\/A): 56,8 \/ 22 \/ 42       IN REGALO: Il nuovo libro sulla preparazione perfetta della selvaggina per tutti i veri cacciatori (in lingua tedesca)        \u25ba Maggiori informazioni sui prodotti Landig      Ordinabile - Prezzo su richiesta","og_url":"https:\/\/elektro-fontana.com\/it\/produkt\/landig-fleischwolf-wd300\/","og_site_name":"Elektrofachmarkt Fontana Meran","article_modified_time":"2024-05-15T06:15:51+00:00","og_image":[{"width":1000,"height":1000,"url":"https:\/\/elektro-fontana.com\/shop\/wp-content\/uploads\/2022\/11\/Landig-Fleischwolf-WD300-01.jpg","type":"image\/jpeg"}],"twitter_card":"summary_large_image","schema":{"@context":"https:\/\/schema.org","@graph":[{"@type":"WebPage","@id":"https:\/\/elektro-fontana.com\/it\/produkt\/landig-fleischwolf-wd300\/","url":"https:\/\/elektro-fontana.com\/it\/produkt\/landig-fleischwolf-wd300\/","name":"Landig Tritacarne professionale WD300 - Elektrofachmarkt Fontana Meran","isPartOf":{"@id":"https:\/\/elektro-fontana.com\/#website"},"primaryImageOfPage":{"@id":"https:\/\/elektro-fontana.com\/it\/produkt\/landig-fleischwolf-wd300\/#primaryimage"},"image":{"@id":"https:\/\/elektro-fontana.com\/it\/produkt\/landig-fleischwolf-wd300\/#primaryimage"},"thumbnailUrl":"https:\/\/elektro-fontana.com\/shop\/wp-content\/uploads\/2022\/11\/Landig-Fleischwolf-WD300-01.jpg","datePublished":"2022-11-15T11:01:24+00:00","dateModified":"2024-05-15T06:15:51+00:00","breadcrumb":{"@id":"https:\/\/elektro-fontana.com\/it\/produkt\/landig-fleischwolf-wd300\/#breadcrumb"},"inLanguage":"it-IT","potentialAction":[{"@type":"ReadAction","target":["https:\/\/elektro-fontana.com\/it\/produkt\/landig-fleischwolf-wd300\/"]}]},{"@type":"ImageObject","inLanguage":"it-IT","@id":"https:\/\/elektro-fontana.com\/it\/produkt\/landig-fleischwolf-wd300\/#primaryimage","url":"https:\/\/elektro-fontana.com\/shop\/wp-content\/uploads\/2022\/11\/Landig-Fleischwolf-WD300-01.jpg","contentUrl":"https:\/\/elektro-fontana.com\/shop\/wp-content\/uploads\/2022\/11\/Landig-Fleischwolf-WD300-01.jpg","width":1000,"height":1000},{"@type":"BreadcrumbList","@id":"https:\/\/elektro-fontana.com\/it\/produkt\/landig-fleischwolf-wd300\/#breadcrumb","itemListElement":[{"@type":"ListItem","position":1,"name":"Startseite","item":"https:\/\/elektro-fontana.com\/it\/"},{"@type":"ListItem","position":2,"name":"Onlineshop","item":"https:\/\/elektro-fontana.com\/it\/shop\/"},{"@type":"ListItem","position":3,"name":"Landig Tritacarne professionale WD300"}]},{"@type":"WebSite","@id":"https:\/\/elektro-fontana.com\/#website","url":"https:\/\/elektro-fontana.com\/","name":"Elektrofachmarkt Fontana Meran","description":"Bei uns finden Sie die wahrscheinlich gr\u00f6\u00dfte Auswahl an hochwertigen Elektroger\u00e4ten in und um Meran, sowie die beste pers\u00f6nliche Beratung","potentialAction":[{"@type":"SearchAction","target":{"@type":"EntryPoint","urlTemplate":"https:\/\/elektro-fontana.com\/?s={search_term_string}"},"query-input":{"@type":"PropertyValueSpecification","valueRequired":true,"valueName":"search_term_string"}}],"inLanguage":"it-IT"}]}},"_links":{"self":[{"href":"https:\/\/elektro-fontana.com\/it\/wp-json\/wp\/v2\/product\/5678","targetHints":{"allow":["GET"]}}],"collection":[{"href":"https:\/\/elektro-fontana.com\/it\/wp-json\/wp\/v2\/product"}],"about":[{"href":"https:\/\/elektro-fontana.com\/it\/wp-json\/wp\/v2\/types\/product"}],"replies":[{"embeddable":true,"href":"https:\/\/elektro-fontana.com\/it\/wp-json\/wp\/v2\/comments?post=5678"}],"wp:featuredmedia":[{"embeddable":true,"href":"https:\/\/elektro-fontana.com\/it\/wp-json\/wp\/v2\/media\/5680"}],"wp:attachment":[{"href":"https:\/\/elektro-fontana.com\/it\/wp-json\/wp\/v2\/media?parent=5678"}],"wp:term":[{"taxonomy":"product_brand","embeddable":true,"href":"https:\/\/elektro-fontana.com\/it\/wp-json\/wp\/v2\/product_brand?post=5678"},{"taxonomy":"product_cat","embeddable":true,"href":"https:\/\/elektro-fontana.com\/it\/wp-json\/wp\/v2\/product_cat?post=5678"},{"taxonomy":"product_tag","embeddable":true,"href":"https:\/\/elektro-fontana.com\/it\/wp-json\/wp\/v2\/product_tag?post=5678"}],"curies":[{"name":"wp","href":"https:\/\/api.w.org\/{rel}","templated":true}]}}