{"id":4738,"date":"2022-10-10T08:38:47","date_gmt":"2022-10-10T06:38:47","guid":{"rendered":"https:\/\/elektro-fontana.com\/?post_type=product&#038;p=4738"},"modified":"2023-03-09T08:15:19","modified_gmt":"2023-03-09T07:15:19","slug":"einbaugeraete-set","status":"publish","type":"product","link":"https:\/\/elektro-fontana.com\/it\/produkt\/einbaugeraete-set\/","title":{"rendered":"Set Elettrodomestici da incasso"},"content":{"rendered":"","protected":false},"excerpt":{"rendered":"<h3><span style=\"color: #c80237;\">Tutto per Appartamenti Vacanza.<\/span><\/h3>\n<h3><span style=\"color: #c80237;\">Set Elettrodomestici da incasso al miglior prezzo (+ IVA)<\/span><\/h3>\n<p>&nbsp;<\/p>\n<table>\n<tbody>\n<tr>\n<td bgcolor=\"#f2f2f2\">\n<h6><span style=\"color: #000000;\"><span style=\"color: #bd0926;\">\u25ba<\/span> Piano cottura indipendente in vetro &#8220;Ceran&#8221; <span style=\"color: #c80237;\">Bosch PKE645BB2E<\/span><br \/>\n<span style=\"color: #bf3030;\">\u25ba<\/span> Lavastoviglie a scomparsa totale <span style=\"color: #c80237;\">Bosch SPV2XMX01<\/span><br \/>\n<span style=\"color: #bf3030;\">\u25ba<\/span> Frigorifero posizionabile sottopiano <span style=\"color: #c80237;\">Bosch KUL15AFF0<\/span><br \/>\n<span style=\"color: #bf3030;\">\u25ba<\/span> Lavello da incasso <span style=\"color: #c80237;\">Blanco TIPO 45 S<\/span><br \/>\n<span style=\"color: #bf3030;\">\u25ba<\/span> Miscelatore <span style=\"color: #c80237;\">Blanco Daras<\/span> con doccetta estraibile<br \/>\n<span style=\"color: #bf3030;\">\u25ba<\/span> Cappa da incasso <span style=\"color: #c80237;\">Silverline 1171 60 cm<\/span><\/span><\/h6>\n<\/td>\n<\/tr>\n<\/tbody>\n<\/table>\n<h3><strong><span style=\"color: #ff0000;\"><span style=\"color: #0f62ab;\">Disponibile &#8211; Prezzo su richiesta<\/span><\/span><\/strong><\/h3>\n<hr>\n<h3><\/h3>\n","protected":false},"featured_media":4742,"comment_status":"closed","ping_status":"closed","template":"","meta":[],"product_brand":[],"product_cat":[122,176],"product_tag":[],"class_list":{"0":"post-4738","1":"product","2":"type-product","3":"status-publish","4":"has-post-thumbnail","6":"product_cat-da-incasso","7":"product_cat-offerte","9":"first","10":"instock","11":"shipping-taxable","12":"product-type-simple"},"yoast_head":"<!-- This site is optimized with the Yoast SEO plugin v27.4 - https:\/\/yoast.com\/product\/yoast-seo-wordpress\/ -->\n<title>Set Elettrodomestici da incasso - Elektrofachmarkt Fontana Meran<\/title>\n<meta name=\"robots\" content=\"index, follow, max-snippet:-1, max-image-preview:large, max-video-preview:-1\" \/>\n<link rel=\"canonical\" href=\"https:\/\/elektro-fontana.com\/it\/produkt\/einbaugeraete-set\/\" \/>\n<meta property=\"og:locale\" content=\"it_IT\" \/>\n<meta property=\"og:type\" content=\"article\" \/>\n<meta property=\"og:title\" content=\"Set Elettrodomestici da incasso - Elektrofachmarkt Fontana Meran\" \/>\n<meta property=\"og:description\" content=\"Tutto per Appartamenti Vacanza. Set Elettrodomestici da incasso al miglior prezzo (+ IVA) &nbsp;   \u25ba Piano cottura indipendente in vetro &quot;Ceran&quot; Bosch PKE645BB2E \u25ba Lavastoviglie a scomparsa totale Bosch SPV2XMX01 \u25ba Frigorifero posizionabile sottopiano Bosch KUL15AFF0 \u25ba Lavello da incasso Blanco TIPO 45 S \u25ba Miscelatore Blanco Daras con doccetta estraibile \u25ba Cappa da incasso Silverline 1171 60 cm   Disponibile - Prezzo su richiesta\" \/>\n<meta property=\"og:url\" content=\"https:\/\/elektro-fontana.com\/it\/produkt\/einbaugeraete-set\/\" \/>\n<meta property=\"og:site_name\" content=\"Elektrofachmarkt Fontana Meran\" \/>\n<meta property=\"article:modified_time\" content=\"2023-03-09T07:15:19+00:00\" \/>\n<meta property=\"og:image\" content=\"https:\/\/elektro-fontana.com\/shop\/wp-content\/uploads\/2022\/10\/Ferienwohnungen-Set-01-it.jpg\" \/>\n\t<meta property=\"og:image:width\" content=\"1946\" \/>\n\t<meta property=\"og:image:height\" content=\"1946\" \/>\n\t<meta property=\"og:image:type\" content=\"image\/jpeg\" \/>\n<meta name=\"twitter:card\" content=\"summary_large_image\" \/>\n<script type=\"application\/ld+json\" class=\"yoast-schema-graph\">{\"@context\":\"https:\\\/\\\/schema.org\",\"@graph\":[{\"@type\":\"WebPage\",\"@id\":\"https:\\\/\\\/elektro-fontana.com\\\/it\\\/produkt\\\/einbaugeraete-set\\\/\",\"url\":\"https:\\\/\\\/elektro-fontana.com\\\/it\\\/produkt\\\/einbaugeraete-set\\\/\",\"name\":\"Set Elettrodomestici da incasso - Elektrofachmarkt Fontana Meran\",\"isPartOf\":{\"@id\":\"https:\\\/\\\/elektro-fontana.com\\\/#website\"},\"primaryImageOfPage\":{\"@id\":\"https:\\\/\\\/elektro-fontana.com\\\/it\\\/produkt\\\/einbaugeraete-set\\\/#primaryimage\"},\"image\":{\"@id\":\"https:\\\/\\\/elektro-fontana.com\\\/it\\\/produkt\\\/einbaugeraete-set\\\/#primaryimage\"},\"thumbnailUrl\":\"https:\\\/\\\/elektro-fontana.com\\\/shop\\\/wp-content\\\/uploads\\\/2022\\\/10\\\/Ferienwohnungen-Set-01-it.jpg\",\"datePublished\":\"2022-10-10T06:38:47+00:00\",\"dateModified\":\"2023-03-09T07:15:19+00:00\",\"breadcrumb\":{\"@id\":\"https:\\\/\\\/elektro-fontana.com\\\/it\\\/produkt\\\/einbaugeraete-set\\\/#breadcrumb\"},\"inLanguage\":\"it-IT\",\"potentialAction\":[{\"@type\":\"ReadAction\",\"target\":[\"https:\\\/\\\/elektro-fontana.com\\\/it\\\/produkt\\\/einbaugeraete-set\\\/\"]}]},{\"@type\":\"ImageObject\",\"inLanguage\":\"it-IT\",\"@id\":\"https:\\\/\\\/elektro-fontana.com\\\/it\\\/produkt\\\/einbaugeraete-set\\\/#primaryimage\",\"url\":\"https:\\\/\\\/elektro-fontana.com\\\/shop\\\/wp-content\\\/uploads\\\/2022\\\/10\\\/Ferienwohnungen-Set-01-it.jpg\",\"contentUrl\":\"https:\\\/\\\/elektro-fontana.com\\\/shop\\\/wp-content\\\/uploads\\\/2022\\\/10\\\/Ferienwohnungen-Set-01-it.jpg\",\"width\":1946,\"height\":1946},{\"@type\":\"BreadcrumbList\",\"@id\":\"https:\\\/\\\/elektro-fontana.com\\\/it\\\/produkt\\\/einbaugeraete-set\\\/#breadcrumb\",\"itemListElement\":[{\"@type\":\"ListItem\",\"position\":1,\"name\":\"Startseite\",\"item\":\"https:\\\/\\\/elektro-fontana.com\\\/it\\\/\"},{\"@type\":\"ListItem\",\"position\":2,\"name\":\"Onlineshop\",\"item\":\"https:\\\/\\\/elektro-fontana.com\\\/it\\\/shop\\\/\"},{\"@type\":\"ListItem\",\"position\":3,\"name\":\"Set Elettrodomestici da incasso\"}]},{\"@type\":\"WebSite\",\"@id\":\"https:\\\/\\\/elektro-fontana.com\\\/#website\",\"url\":\"https:\\\/\\\/elektro-fontana.com\\\/\",\"name\":\"Elektrofachmarkt Fontana Meran\",\"description\":\"Bei uns finden Sie die wahrscheinlich gr\u00f6\u00dfte Auswahl an hochwertigen Elektroger\u00e4ten in und um Meran, sowie die beste pers\u00f6nliche Beratung\",\"potentialAction\":[{\"@type\":\"SearchAction\",\"target\":{\"@type\":\"EntryPoint\",\"urlTemplate\":\"https:\\\/\\\/elektro-fontana.com\\\/?s={search_term_string}\"},\"query-input\":{\"@type\":\"PropertyValueSpecification\",\"valueRequired\":true,\"valueName\":\"search_term_string\"}}],\"inLanguage\":\"it-IT\"}]}<\/script>\n<!-- \/ Yoast SEO plugin. -->","yoast_head_json":{"title":"Set Elettrodomestici da incasso - Elektrofachmarkt Fontana Meran","robots":{"index":"index","follow":"follow","max-snippet":"max-snippet:-1","max-image-preview":"max-image-preview:large","max-video-preview":"max-video-preview:-1"},"canonical":"https:\/\/elektro-fontana.com\/it\/produkt\/einbaugeraete-set\/","og_locale":"it_IT","og_type":"article","og_title":"Set Elettrodomestici da incasso - Elektrofachmarkt Fontana Meran","og_description":"Tutto per Appartamenti Vacanza. Set Elettrodomestici da incasso al miglior prezzo (+ IVA) &nbsp;   \u25ba Piano cottura indipendente in vetro \"Ceran\" Bosch PKE645BB2E \u25ba Lavastoviglie a scomparsa totale Bosch SPV2XMX01 \u25ba Frigorifero posizionabile sottopiano Bosch KUL15AFF0 \u25ba Lavello da incasso Blanco TIPO 45 S \u25ba Miscelatore Blanco Daras con doccetta estraibile \u25ba Cappa da incasso Silverline 1171 60 cm   Disponibile - Prezzo su richiesta","og_url":"https:\/\/elektro-fontana.com\/it\/produkt\/einbaugeraete-set\/","og_site_name":"Elektrofachmarkt Fontana Meran","article_modified_time":"2023-03-09T07:15:19+00:00","og_image":[{"width":1946,"height":1946,"url":"https:\/\/elektro-fontana.com\/shop\/wp-content\/uploads\/2022\/10\/Ferienwohnungen-Set-01-it.jpg","type":"image\/jpeg"}],"twitter_card":"summary_large_image","schema":{"@context":"https:\/\/schema.org","@graph":[{"@type":"WebPage","@id":"https:\/\/elektro-fontana.com\/it\/produkt\/einbaugeraete-set\/","url":"https:\/\/elektro-fontana.com\/it\/produkt\/einbaugeraete-set\/","name":"Set Elettrodomestici da incasso - Elektrofachmarkt Fontana Meran","isPartOf":{"@id":"https:\/\/elektro-fontana.com\/#website"},"primaryImageOfPage":{"@id":"https:\/\/elektro-fontana.com\/it\/produkt\/einbaugeraete-set\/#primaryimage"},"image":{"@id":"https:\/\/elektro-fontana.com\/it\/produkt\/einbaugeraete-set\/#primaryimage"},"thumbnailUrl":"https:\/\/elektro-fontana.com\/shop\/wp-content\/uploads\/2022\/10\/Ferienwohnungen-Set-01-it.jpg","datePublished":"2022-10-10T06:38:47+00:00","dateModified":"2023-03-09T07:15:19+00:00","breadcrumb":{"@id":"https:\/\/elektro-fontana.com\/it\/produkt\/einbaugeraete-set\/#breadcrumb"},"inLanguage":"it-IT","potentialAction":[{"@type":"ReadAction","target":["https:\/\/elektro-fontana.com\/it\/produkt\/einbaugeraete-set\/"]}]},{"@type":"ImageObject","inLanguage":"it-IT","@id":"https:\/\/elektro-fontana.com\/it\/produkt\/einbaugeraete-set\/#primaryimage","url":"https:\/\/elektro-fontana.com\/shop\/wp-content\/uploads\/2022\/10\/Ferienwohnungen-Set-01-it.jpg","contentUrl":"https:\/\/elektro-fontana.com\/shop\/wp-content\/uploads\/2022\/10\/Ferienwohnungen-Set-01-it.jpg","width":1946,"height":1946},{"@type":"BreadcrumbList","@id":"https:\/\/elektro-fontana.com\/it\/produkt\/einbaugeraete-set\/#breadcrumb","itemListElement":[{"@type":"ListItem","position":1,"name":"Startseite","item":"https:\/\/elektro-fontana.com\/it\/"},{"@type":"ListItem","position":2,"name":"Onlineshop","item":"https:\/\/elektro-fontana.com\/it\/shop\/"},{"@type":"ListItem","position":3,"name":"Set Elettrodomestici da incasso"}]},{"@type":"WebSite","@id":"https:\/\/elektro-fontana.com\/#website","url":"https:\/\/elektro-fontana.com\/","name":"Elektrofachmarkt Fontana Meran","description":"Bei uns finden Sie die wahrscheinlich gr\u00f6\u00dfte Auswahl an hochwertigen Elektroger\u00e4ten in und um Meran, sowie die beste pers\u00f6nliche Beratung","potentialAction":[{"@type":"SearchAction","target":{"@type":"EntryPoint","urlTemplate":"https:\/\/elektro-fontana.com\/?s={search_term_string}"},"query-input":{"@type":"PropertyValueSpecification","valueRequired":true,"valueName":"search_term_string"}}],"inLanguage":"it-IT"}]}},"_links":{"self":[{"href":"https:\/\/elektro-fontana.com\/it\/wp-json\/wp\/v2\/product\/4738","targetHints":{"allow":["GET"]}}],"collection":[{"href":"https:\/\/elektro-fontana.com\/it\/wp-json\/wp\/v2\/product"}],"about":[{"href":"https:\/\/elektro-fontana.com\/it\/wp-json\/wp\/v2\/types\/product"}],"replies":[{"embeddable":true,"href":"https:\/\/elektro-fontana.com\/it\/wp-json\/wp\/v2\/comments?post=4738"}],"wp:featuredmedia":[{"embeddable":true,"href":"https:\/\/elektro-fontana.com\/it\/wp-json\/wp\/v2\/media\/4742"}],"wp:attachment":[{"href":"https:\/\/elektro-fontana.com\/it\/wp-json\/wp\/v2\/media?parent=4738"}],"wp:term":[{"taxonomy":"product_brand","embeddable":true,"href":"https:\/\/elektro-fontana.com\/it\/wp-json\/wp\/v2\/product_brand?post=4738"},{"taxonomy":"product_cat","embeddable":true,"href":"https:\/\/elektro-fontana.com\/it\/wp-json\/wp\/v2\/product_cat?post=4738"},{"taxonomy":"product_tag","embeddable":true,"href":"https:\/\/elektro-fontana.com\/it\/wp-json\/wp\/v2\/product_tag?post=4738"}],"curies":[{"name":"wp","href":"https:\/\/api.w.org\/{rel}","templated":true}]}}