{"id":4584,"date":"2022-08-10T10:07:59","date_gmt":"2022-08-10T08:07:59","guid":{"rendered":"https:\/\/elektro-fontana.com\/produkt\/bosch-pkm875dp1d\/"},"modified":"2022-10-04T11:49:58","modified_gmt":"2022-10-04T09:49:58","slug":"bosch-pkm-875-dp1d","status":"publish","type":"product","link":"https:\/\/elektro-fontana.com\/it\/produkt\/bosch-pkm-875-dp1d\/","title":{"rendered":"Bosch PKM875DP1D"},"content":{"rendered":"","protected":false},"excerpt":{"rendered":"<table style=\"height: 261px;\" width=\"706\">\n<tbody>\n<tr>\n<td>\n<h4><span style=\"color: #0f62ab;\"><strong>Dettagli prodotto:<\/strong><\/span><\/h4>\n<\/td>\n<td>\n<h4><span style=\"color: #0f62ab;\"><strong>Piano cottura elettrico indipendente \/ Serie 8<br \/>\n<\/strong><\/span><\/h4>\n<\/td>\n<\/tr>\n<tr>\n<td>Tipo di controllo:<\/td>\n<td>DirectSelect Premium<\/td>\n<\/tr>\n<tr>\n<td>Design:<\/td>\n<td>Cornice di design, sovrastante<\/td>\n<\/tr>\n<tr>\n<td>Zone cottura:<\/td>\n<td>5 zone cottura elettriche indipendenti<\/td>\n<\/tr>\n<tr>\n<td>Diametro zone cottura (\u00d8 in cm):<\/td>\n<td>1 x 18 \/ 1 x 21 \/ 1 x 23 \/ 2 x 14,5<\/td>\n<\/tr>\n<tr>\n<td>Potenza zone cottura (in kW):<\/td>\n<td>1 x 2.3 \/ 1 x 2.1 (3.0) \/ 1 x 2.4 (3.4) \/ 2 x 1.2<\/td>\n<\/tr>\n<tr>\n<td>Misure esterne in cm (L\/P\/A):<\/td>\n<td>81,6 \/ 52,7 \/ 4,4<\/td>\n<\/tr>\n<\/tbody>\n<\/table>\n<h3><strong><span style=\"color: #ff0000;\"><span style=\"color: #0f62ab;\">Disponibile &#8211; Prezzo su richiesta<\/span><\/span><\/strong><\/h3>\n<hr>\n<h3><\/h3>\n","protected":false},"featured_media":3063,"comment_status":"closed","ping_status":"closed","template":"","meta":[],"product_brand":[],"product_cat":[304,122,141,142],"product_tag":[],"class_list":{"0":"post-4584","1":"product","2":"type-product","3":"status-publish","4":"has-post-thumbnail","6":"product_cat-bosch-it","7":"product_cat-da-incasso","8":"product_cat-piani-cottura","9":"product_cat-piani-cottura-elettrici","11":"first","12":"instock","13":"shipping-taxable","14":"product-type-simple"},"yoast_head":"<!-- This site is optimized with the Yoast SEO plugin v27.4 - https:\/\/yoast.com\/product\/yoast-seo-wordpress\/ -->\n<title>Bosch PKM875DP1D - Elektrofachmarkt Fontana Meran<\/title>\n<meta name=\"robots\" content=\"index, follow, max-snippet:-1, max-image-preview:large, max-video-preview:-1\" \/>\n<link rel=\"canonical\" href=\"https:\/\/elektro-fontana.com\/it\/produkt\/bosch-pkm-875-dp1d\/\" \/>\n<meta property=\"og:locale\" content=\"it_IT\" \/>\n<meta property=\"og:type\" content=\"article\" \/>\n<meta property=\"og:title\" content=\"Bosch PKM875DP1D - Elektrofachmarkt Fontana Meran\" \/>\n<meta property=\"og:description\" content=\"Dettagli prodotto:  Piano cottura elettrico indipendente \/ Serie 8   Tipo di controllo: DirectSelect Premium  Design: Cornice di design, sovrastante  Zone cottura: 5 zone cottura elettriche indipendenti  Diametro zone cottura (\u00d8 in cm): 1 x 18 \/ 1 x 21 \/ 1 x 23 \/ 2 x 14,5  Potenza zone cottura (in kW): 1 x 2.3 \/ 1 x 2.1 (3.0) \/ 1 x 2.4 (3.4) \/ 2 x 1.2  Misure esterne in cm (L\/P\/A): 81,6 \/ 52,7 \/ 4,4  Disponibile - Prezzo su richiesta\" \/>\n<meta property=\"og:url\" content=\"https:\/\/elektro-fontana.com\/it\/produkt\/bosch-pkm-875-dp1d\/\" \/>\n<meta property=\"og:site_name\" content=\"Elektrofachmarkt Fontana Meran\" \/>\n<meta property=\"article:modified_time\" content=\"2022-10-04T09:49:58+00:00\" \/>\n<meta property=\"og:image\" content=\"https:\/\/elektro-fontana.com\/shop\/wp-content\/uploads\/2022\/08\/Bosch-PKM-875-DP1D-01.jpg\" \/>\n\t<meta property=\"og:image:width\" content=\"1000\" \/>\n\t<meta property=\"og:image:height\" content=\"1000\" \/>\n\t<meta property=\"og:image:type\" content=\"image\/jpeg\" \/>\n<meta name=\"twitter:card\" content=\"summary_large_image\" \/>\n<script type=\"application\/ld+json\" class=\"yoast-schema-graph\">{\"@context\":\"https:\\\/\\\/schema.org\",\"@graph\":[{\"@type\":\"WebPage\",\"@id\":\"https:\\\/\\\/elektro-fontana.com\\\/it\\\/produkt\\\/bosch-pkm-875-dp1d\\\/\",\"url\":\"https:\\\/\\\/elektro-fontana.com\\\/it\\\/produkt\\\/bosch-pkm-875-dp1d\\\/\",\"name\":\"Bosch PKM875DP1D - Elektrofachmarkt Fontana Meran\",\"isPartOf\":{\"@id\":\"https:\\\/\\\/elektro-fontana.com\\\/#website\"},\"primaryImageOfPage\":{\"@id\":\"https:\\\/\\\/elektro-fontana.com\\\/it\\\/produkt\\\/bosch-pkm-875-dp1d\\\/#primaryimage\"},\"image\":{\"@id\":\"https:\\\/\\\/elektro-fontana.com\\\/it\\\/produkt\\\/bosch-pkm-875-dp1d\\\/#primaryimage\"},\"thumbnailUrl\":\"https:\\\/\\\/elektro-fontana.com\\\/shop\\\/wp-content\\\/uploads\\\/2022\\\/08\\\/Bosch-PKM-875-DP1D-01.jpg\",\"datePublished\":\"2022-08-10T08:07:59+00:00\",\"dateModified\":\"2022-10-04T09:49:58+00:00\",\"breadcrumb\":{\"@id\":\"https:\\\/\\\/elektro-fontana.com\\\/it\\\/produkt\\\/bosch-pkm-875-dp1d\\\/#breadcrumb\"},\"inLanguage\":\"it-IT\",\"potentialAction\":[{\"@type\":\"ReadAction\",\"target\":[\"https:\\\/\\\/elektro-fontana.com\\\/it\\\/produkt\\\/bosch-pkm-875-dp1d\\\/\"]}]},{\"@type\":\"ImageObject\",\"inLanguage\":\"it-IT\",\"@id\":\"https:\\\/\\\/elektro-fontana.com\\\/it\\\/produkt\\\/bosch-pkm-875-dp1d\\\/#primaryimage\",\"url\":\"https:\\\/\\\/elektro-fontana.com\\\/shop\\\/wp-content\\\/uploads\\\/2022\\\/08\\\/Bosch-PKM-875-DP1D-01.jpg\",\"contentUrl\":\"https:\\\/\\\/elektro-fontana.com\\\/shop\\\/wp-content\\\/uploads\\\/2022\\\/08\\\/Bosch-PKM-875-DP1D-01.jpg\",\"width\":1000,\"height\":1000},{\"@type\":\"BreadcrumbList\",\"@id\":\"https:\\\/\\\/elektro-fontana.com\\\/it\\\/produkt\\\/bosch-pkm-875-dp1d\\\/#breadcrumb\",\"itemListElement\":[{\"@type\":\"ListItem\",\"position\":1,\"name\":\"Startseite\",\"item\":\"https:\\\/\\\/elektro-fontana.com\\\/it\\\/\"},{\"@type\":\"ListItem\",\"position\":2,\"name\":\"Onlineshop\",\"item\":\"https:\\\/\\\/elektro-fontana.com\\\/it\\\/shop\\\/\"},{\"@type\":\"ListItem\",\"position\":3,\"name\":\"Bosch PKM875DP1D\"}]},{\"@type\":\"WebSite\",\"@id\":\"https:\\\/\\\/elektro-fontana.com\\\/#website\",\"url\":\"https:\\\/\\\/elektro-fontana.com\\\/\",\"name\":\"Elektrofachmarkt Fontana Meran\",\"description\":\"Bei uns finden Sie die wahrscheinlich gr\u00f6\u00dfte Auswahl an hochwertigen Elektroger\u00e4ten in und um Meran, sowie die beste pers\u00f6nliche Beratung\",\"potentialAction\":[{\"@type\":\"SearchAction\",\"target\":{\"@type\":\"EntryPoint\",\"urlTemplate\":\"https:\\\/\\\/elektro-fontana.com\\\/?s={search_term_string}\"},\"query-input\":{\"@type\":\"PropertyValueSpecification\",\"valueRequired\":true,\"valueName\":\"search_term_string\"}}],\"inLanguage\":\"it-IT\"}]}<\/script>\n<!-- \/ Yoast SEO plugin. -->","yoast_head_json":{"title":"Bosch PKM875DP1D - Elektrofachmarkt Fontana Meran","robots":{"index":"index","follow":"follow","max-snippet":"max-snippet:-1","max-image-preview":"max-image-preview:large","max-video-preview":"max-video-preview:-1"},"canonical":"https:\/\/elektro-fontana.com\/it\/produkt\/bosch-pkm-875-dp1d\/","og_locale":"it_IT","og_type":"article","og_title":"Bosch PKM875DP1D - Elektrofachmarkt Fontana Meran","og_description":"Dettagli prodotto:  Piano cottura elettrico indipendente \/ Serie 8   Tipo di controllo: DirectSelect Premium  Design: Cornice di design, sovrastante  Zone cottura: 5 zone cottura elettriche indipendenti  Diametro zone cottura (\u00d8 in cm): 1 x 18 \/ 1 x 21 \/ 1 x 23 \/ 2 x 14,5  Potenza zone cottura (in kW): 1 x 2.3 \/ 1 x 2.1 (3.0) \/ 1 x 2.4 (3.4) \/ 2 x 1.2  Misure esterne in cm (L\/P\/A): 81,6 \/ 52,7 \/ 4,4  Disponibile - Prezzo su richiesta","og_url":"https:\/\/elektro-fontana.com\/it\/produkt\/bosch-pkm-875-dp1d\/","og_site_name":"Elektrofachmarkt Fontana Meran","article_modified_time":"2022-10-04T09:49:58+00:00","og_image":[{"width":1000,"height":1000,"url":"https:\/\/elektro-fontana.com\/shop\/wp-content\/uploads\/2022\/08\/Bosch-PKM-875-DP1D-01.jpg","type":"image\/jpeg"}],"twitter_card":"summary_large_image","schema":{"@context":"https:\/\/schema.org","@graph":[{"@type":"WebPage","@id":"https:\/\/elektro-fontana.com\/it\/produkt\/bosch-pkm-875-dp1d\/","url":"https:\/\/elektro-fontana.com\/it\/produkt\/bosch-pkm-875-dp1d\/","name":"Bosch PKM875DP1D - Elektrofachmarkt Fontana Meran","isPartOf":{"@id":"https:\/\/elektro-fontana.com\/#website"},"primaryImageOfPage":{"@id":"https:\/\/elektro-fontana.com\/it\/produkt\/bosch-pkm-875-dp1d\/#primaryimage"},"image":{"@id":"https:\/\/elektro-fontana.com\/it\/produkt\/bosch-pkm-875-dp1d\/#primaryimage"},"thumbnailUrl":"https:\/\/elektro-fontana.com\/shop\/wp-content\/uploads\/2022\/08\/Bosch-PKM-875-DP1D-01.jpg","datePublished":"2022-08-10T08:07:59+00:00","dateModified":"2022-10-04T09:49:58+00:00","breadcrumb":{"@id":"https:\/\/elektro-fontana.com\/it\/produkt\/bosch-pkm-875-dp1d\/#breadcrumb"},"inLanguage":"it-IT","potentialAction":[{"@type":"ReadAction","target":["https:\/\/elektro-fontana.com\/it\/produkt\/bosch-pkm-875-dp1d\/"]}]},{"@type":"ImageObject","inLanguage":"it-IT","@id":"https:\/\/elektro-fontana.com\/it\/produkt\/bosch-pkm-875-dp1d\/#primaryimage","url":"https:\/\/elektro-fontana.com\/shop\/wp-content\/uploads\/2022\/08\/Bosch-PKM-875-DP1D-01.jpg","contentUrl":"https:\/\/elektro-fontana.com\/shop\/wp-content\/uploads\/2022\/08\/Bosch-PKM-875-DP1D-01.jpg","width":1000,"height":1000},{"@type":"BreadcrumbList","@id":"https:\/\/elektro-fontana.com\/it\/produkt\/bosch-pkm-875-dp1d\/#breadcrumb","itemListElement":[{"@type":"ListItem","position":1,"name":"Startseite","item":"https:\/\/elektro-fontana.com\/it\/"},{"@type":"ListItem","position":2,"name":"Onlineshop","item":"https:\/\/elektro-fontana.com\/it\/shop\/"},{"@type":"ListItem","position":3,"name":"Bosch PKM875DP1D"}]},{"@type":"WebSite","@id":"https:\/\/elektro-fontana.com\/#website","url":"https:\/\/elektro-fontana.com\/","name":"Elektrofachmarkt Fontana Meran","description":"Bei uns finden Sie die wahrscheinlich gr\u00f6\u00dfte Auswahl an hochwertigen Elektroger\u00e4ten in und um Meran, sowie die beste pers\u00f6nliche Beratung","potentialAction":[{"@type":"SearchAction","target":{"@type":"EntryPoint","urlTemplate":"https:\/\/elektro-fontana.com\/?s={search_term_string}"},"query-input":{"@type":"PropertyValueSpecification","valueRequired":true,"valueName":"search_term_string"}}],"inLanguage":"it-IT"}]}},"_links":{"self":[{"href":"https:\/\/elektro-fontana.com\/it\/wp-json\/wp\/v2\/product\/4584","targetHints":{"allow":["GET"]}}],"collection":[{"href":"https:\/\/elektro-fontana.com\/it\/wp-json\/wp\/v2\/product"}],"about":[{"href":"https:\/\/elektro-fontana.com\/it\/wp-json\/wp\/v2\/types\/product"}],"replies":[{"embeddable":true,"href":"https:\/\/elektro-fontana.com\/it\/wp-json\/wp\/v2\/comments?post=4584"}],"wp:featuredmedia":[{"embeddable":true,"href":"https:\/\/elektro-fontana.com\/it\/wp-json\/wp\/v2\/media\/3063"}],"wp:attachment":[{"href":"https:\/\/elektro-fontana.com\/it\/wp-json\/wp\/v2\/media?parent=4584"}],"wp:term":[{"taxonomy":"product_brand","embeddable":true,"href":"https:\/\/elektro-fontana.com\/it\/wp-json\/wp\/v2\/product_brand?post=4584"},{"taxonomy":"product_cat","embeddable":true,"href":"https:\/\/elektro-fontana.com\/it\/wp-json\/wp\/v2\/product_cat?post=4584"},{"taxonomy":"product_tag","embeddable":true,"href":"https:\/\/elektro-fontana.com\/it\/wp-json\/wp\/v2\/product_tag?post=4584"}],"curies":[{"name":"wp","href":"https:\/\/api.w.org\/{rel}","templated":true}]}}