{"id":4486,"date":"2022-09-28T09:13:30","date_gmt":"2022-09-28T07:13:30","guid":{"rendered":"https:\/\/elektro-fontana.com\/?post_type=product&#038;p=4486"},"modified":"2025-05-09T09:31:04","modified_gmt":"2025-05-09T07:31:04","slug":"homeier-massgeschneiderte-kochfeldabzuege","status":"publish","type":"product","link":"https:\/\/elektro-fontana.com\/it\/produkt\/homeier-massgeschneiderte-kochfeldabzuege\/","title":{"rendered":"Cappe per piani cottura personalizzate"},"content":{"rendered":"","protected":false},"excerpt":{"rendered":"<h3><span style=\"color: #bf3030;\">Scoprite la gamma delle nostre cappe Homeier.<\/span><\/h3>\n<h3><span style=\"color: #bf3030;\">Per una flessibilit\u00e0 di cottura infinita.<\/span><\/h3>\n<h6><span style=\"color: #48403e;\"><strong>Scelta del piano cottura libera e indipendente. Individualit\u00e0 per le massime esigenze.<\/strong><\/span><\/h6>\n<table style=\"height: 87px;\" width=\"615\">\n<tbody>\n<tr>\n<td bgcolor=\"#726463\">\n<h6><span style=\"color: #ffffff;\">Le cappe aspiranti per piano cottura possono essere combinate di serie con numerosi piani cottura in vetroceramica e a induzione di vari marchi.<\/span><\/h6>\n<h6><span style=\"color: #ccffcc;\">A sfiato o a ricircolo d&#8217;aria? Oppure entrambi?<br \/>\n<\/span><span style=\"color: #ffffff;\">Nella modalit\u00e0 di ricircolo, l&#8217;aria aspirata viene ripulita dal grasso e dagli odori di cottura tramite i filtri integrati, e reimmessa nell&#8217;ambiente.<\/span><br \/>\n<span style=\"color: #ffffff;\">La modalit\u00e0 di sfiato porta l&#8217;aria pulita dal grasso all&#8217;esterno. Questa modalit\u00e0 \u00e8 particolarmente efficiente per le fritture intensive.<\/span><\/h6>\n<\/td>\n<\/tr>\n<\/tbody>\n<\/table>\n<table>\n<tbody>\n<tr>\n<td bgcolor=\"#f2f2f2\">\n<h6><span style=\"color: #000000;\"><span style=\"color: #bd0926;\">\u25ba<\/span> Premiato con il Red Dot Award<br \/>\n<span style=\"color: #bf3030;\">\u25ba<\/span> Il massimo comfort incontra la soluzione ecologica pi\u00f9 sensata<br \/>\n<span style=\"color: #bf3030;\">\u25ba<\/span> Separazione efficiente dei grassi &#8211; Aria pulita in cucina<br \/>\n<span style=\"color: #bf3030;\">\u25ba<\/span> Funzione ECOSWITCH (a seconda del modello)<\/span><\/h6>\n<\/td>\n<\/tr>\n<\/tbody>\n<\/table>\n<h6><strong>Le cappe per piani cottura Homeier DOWNAIR sono disponibili nelle versioni:<br \/>\n<span style=\"color: #726463;\">Mistral, Mistral Flex \/ Plus \/ Plus SL \/ Slim<\/span><\/strong><\/h6>\n<h6>Cos\u00ec potete installare sempre la soluzione pi\u00f9 adatta.<br \/>\nMaggiori informazioni su <a href=\"https:\/\/homeier.com\/homeier\/produkte\/\" target=\"_blank\" rel=\"noopener\">www.homeier.com<\/a>.<\/h6>\n<p>&nbsp;<\/p>\n<hr>\n<p>&nbsp;<\/p>\n","protected":false},"featured_media":4490,"comment_status":"closed","ping_status":"closed","template":"","meta":[],"product_brand":[],"product_cat":[126,127,491,125,122,317],"product_tag":[],"class_list":{"0":"post-4486","1":"product","2":"type-product","3":"status-publish","4":"has-post-thumbnail","6":"product_cat-cappe-da-incasso","7":"product_cat-cappe-da-parete","8":"product_cat-cappe-da-piano","9":"product_cat-cappe-e-aspiratori","10":"product_cat-da-incasso","11":"product_cat-homeier-it","13":"first","14":"instock","15":"shipping-taxable","16":"product-type-simple"},"yoast_head":"<!-- This site is optimized with the Yoast SEO plugin v27.4 - https:\/\/yoast.com\/product\/yoast-seo-wordpress\/ -->\n<title>Cappe per piani cottura personalizzate - Elektrofachmarkt Fontana Meran<\/title>\n<meta name=\"robots\" content=\"index, follow, max-snippet:-1, max-image-preview:large, max-video-preview:-1\" \/>\n<link rel=\"canonical\" href=\"https:\/\/elektro-fontana.com\/it\/produkt\/homeier-massgeschneiderte-kochfeldabzuege\/\" \/>\n<meta property=\"og:locale\" content=\"it_IT\" \/>\n<meta property=\"og:type\" content=\"article\" \/>\n<meta property=\"og:title\" content=\"Cappe per piani cottura personalizzate - Elektrofachmarkt Fontana Meran\" \/>\n<meta property=\"og:description\" content=\"Scoprite la gamma delle nostre cappe Homeier. Per una flessibilit\u00e0 di cottura infinita. Scelta del piano cottura libera e indipendente. Individualit\u00e0 per le massime esigenze.   Le cappe aspiranti per piano cottura possono essere combinate di serie con numerosi piani cottura in vetroceramica e a induzione di vari marchi. A sfiato o a ricircolo d&#039;aria? Oppure entrambi? Nella modalit\u00e0 di ricircolo, l&#039;aria aspirata viene ripulita dal grasso e dagli odori di cottura tramite i filtri integrati, e reimmessa nell&#039;ambiente. La modalit\u00e0 di sfiato porta l&#039;aria pulita dal grasso all&#039;esterno. Questa modalit\u00e0 \u00e8 particolarmente efficiente per le fritture intensive.     \u25ba Premiato con il Red Dot Award \u25ba Il massimo comfort incontra la soluzione ecologica pi\u00f9 sensata \u25ba Separazione efficiente dei grassi - Aria pulita in cucina \u25ba Funzione ECOSWITCH (a seconda del modello)   Le cappe per piani cottura Homeier DOWNAIR sono disponibili nelle versioni: Mistral, Mistral Flex \/ Plus \/ Plus SL \/ Slim Cos\u00ec potete installare sempre la soluzione pi\u00f9 adatta. Maggiori informazioni su www.homeier.com. &nbsp;  &nbsp;\" \/>\n<meta property=\"og:url\" content=\"https:\/\/elektro-fontana.com\/it\/produkt\/homeier-massgeschneiderte-kochfeldabzuege\/\" \/>\n<meta property=\"og:site_name\" content=\"Elektrofachmarkt Fontana Meran\" \/>\n<meta property=\"article:modified_time\" content=\"2025-05-09T07:31:04+00:00\" \/>\n<meta property=\"og:image\" content=\"https:\/\/elektro-fontana.com\/shop\/wp-content\/uploads\/2022\/09\/Homeier-01-it.jpg\" \/>\n\t<meta property=\"og:image:width\" content=\"1000\" \/>\n\t<meta property=\"og:image:height\" content=\"1000\" \/>\n\t<meta property=\"og:image:type\" content=\"image\/jpeg\" \/>\n<meta name=\"twitter:card\" content=\"summary_large_image\" \/>\n<script type=\"application\/ld+json\" class=\"yoast-schema-graph\">{\"@context\":\"https:\\\/\\\/schema.org\",\"@graph\":[{\"@type\":\"WebPage\",\"@id\":\"https:\\\/\\\/elektro-fontana.com\\\/it\\\/produkt\\\/homeier-massgeschneiderte-kochfeldabzuege\\\/\",\"url\":\"https:\\\/\\\/elektro-fontana.com\\\/it\\\/produkt\\\/homeier-massgeschneiderte-kochfeldabzuege\\\/\",\"name\":\"Cappe per piani cottura personalizzate - Elektrofachmarkt Fontana Meran\",\"isPartOf\":{\"@id\":\"https:\\\/\\\/elektro-fontana.com\\\/#website\"},\"primaryImageOfPage\":{\"@id\":\"https:\\\/\\\/elektro-fontana.com\\\/it\\\/produkt\\\/homeier-massgeschneiderte-kochfeldabzuege\\\/#primaryimage\"},\"image\":{\"@id\":\"https:\\\/\\\/elektro-fontana.com\\\/it\\\/produkt\\\/homeier-massgeschneiderte-kochfeldabzuege\\\/#primaryimage\"},\"thumbnailUrl\":\"https:\\\/\\\/elektro-fontana.com\\\/shop\\\/wp-content\\\/uploads\\\/2022\\\/09\\\/Homeier-01-it.jpg\",\"datePublished\":\"2022-09-28T07:13:30+00:00\",\"dateModified\":\"2025-05-09T07:31:04+00:00\",\"breadcrumb\":{\"@id\":\"https:\\\/\\\/elektro-fontana.com\\\/it\\\/produkt\\\/homeier-massgeschneiderte-kochfeldabzuege\\\/#breadcrumb\"},\"inLanguage\":\"it-IT\",\"potentialAction\":[{\"@type\":\"ReadAction\",\"target\":[\"https:\\\/\\\/elektro-fontana.com\\\/it\\\/produkt\\\/homeier-massgeschneiderte-kochfeldabzuege\\\/\"]}]},{\"@type\":\"ImageObject\",\"inLanguage\":\"it-IT\",\"@id\":\"https:\\\/\\\/elektro-fontana.com\\\/it\\\/produkt\\\/homeier-massgeschneiderte-kochfeldabzuege\\\/#primaryimage\",\"url\":\"https:\\\/\\\/elektro-fontana.com\\\/shop\\\/wp-content\\\/uploads\\\/2022\\\/09\\\/Homeier-01-it.jpg\",\"contentUrl\":\"https:\\\/\\\/elektro-fontana.com\\\/shop\\\/wp-content\\\/uploads\\\/2022\\\/09\\\/Homeier-01-it.jpg\",\"width\":1000,\"height\":1000},{\"@type\":\"BreadcrumbList\",\"@id\":\"https:\\\/\\\/elektro-fontana.com\\\/it\\\/produkt\\\/homeier-massgeschneiderte-kochfeldabzuege\\\/#breadcrumb\",\"itemListElement\":[{\"@type\":\"ListItem\",\"position\":1,\"name\":\"Startseite\",\"item\":\"https:\\\/\\\/elektro-fontana.com\\\/it\\\/\"},{\"@type\":\"ListItem\",\"position\":2,\"name\":\"Onlineshop\",\"item\":\"https:\\\/\\\/elektro-fontana.com\\\/it\\\/shop\\\/\"},{\"@type\":\"ListItem\",\"position\":3,\"name\":\"Cappe per piani cottura personalizzate\"}]},{\"@type\":\"WebSite\",\"@id\":\"https:\\\/\\\/elektro-fontana.com\\\/#website\",\"url\":\"https:\\\/\\\/elektro-fontana.com\\\/\",\"name\":\"Elektrofachmarkt Fontana Meran\",\"description\":\"Bei uns finden Sie die wahrscheinlich gr\u00f6\u00dfte Auswahl an hochwertigen Elektroger\u00e4ten in und um Meran, sowie die beste pers\u00f6nliche Beratung\",\"potentialAction\":[{\"@type\":\"SearchAction\",\"target\":{\"@type\":\"EntryPoint\",\"urlTemplate\":\"https:\\\/\\\/elektro-fontana.com\\\/?s={search_term_string}\"},\"query-input\":{\"@type\":\"PropertyValueSpecification\",\"valueRequired\":true,\"valueName\":\"search_term_string\"}}],\"inLanguage\":\"it-IT\"}]}<\/script>\n<!-- \/ Yoast SEO plugin. -->","yoast_head_json":{"title":"Cappe per piani cottura personalizzate - Elektrofachmarkt Fontana Meran","robots":{"index":"index","follow":"follow","max-snippet":"max-snippet:-1","max-image-preview":"max-image-preview:large","max-video-preview":"max-video-preview:-1"},"canonical":"https:\/\/elektro-fontana.com\/it\/produkt\/homeier-massgeschneiderte-kochfeldabzuege\/","og_locale":"it_IT","og_type":"article","og_title":"Cappe per piani cottura personalizzate - Elektrofachmarkt Fontana Meran","og_description":"Scoprite la gamma delle nostre cappe Homeier. Per una flessibilit\u00e0 di cottura infinita. Scelta del piano cottura libera e indipendente. Individualit\u00e0 per le massime esigenze.   Le cappe aspiranti per piano cottura possono essere combinate di serie con numerosi piani cottura in vetroceramica e a induzione di vari marchi. A sfiato o a ricircolo d'aria? Oppure entrambi? Nella modalit\u00e0 di ricircolo, l'aria aspirata viene ripulita dal grasso e dagli odori di cottura tramite i filtri integrati, e reimmessa nell'ambiente. La modalit\u00e0 di sfiato porta l'aria pulita dal grasso all'esterno. Questa modalit\u00e0 \u00e8 particolarmente efficiente per le fritture intensive.     \u25ba Premiato con il Red Dot Award \u25ba Il massimo comfort incontra la soluzione ecologica pi\u00f9 sensata \u25ba Separazione efficiente dei grassi - Aria pulita in cucina \u25ba Funzione ECOSWITCH (a seconda del modello)   Le cappe per piani cottura Homeier DOWNAIR sono disponibili nelle versioni: Mistral, Mistral Flex \/ Plus \/ Plus SL \/ Slim Cos\u00ec potete installare sempre la soluzione pi\u00f9 adatta. Maggiori informazioni su www.homeier.com. &nbsp;  &nbsp;","og_url":"https:\/\/elektro-fontana.com\/it\/produkt\/homeier-massgeschneiderte-kochfeldabzuege\/","og_site_name":"Elektrofachmarkt Fontana Meran","article_modified_time":"2025-05-09T07:31:04+00:00","og_image":[{"width":1000,"height":1000,"url":"https:\/\/elektro-fontana.com\/shop\/wp-content\/uploads\/2022\/09\/Homeier-01-it.jpg","type":"image\/jpeg"}],"twitter_card":"summary_large_image","schema":{"@context":"https:\/\/schema.org","@graph":[{"@type":"WebPage","@id":"https:\/\/elektro-fontana.com\/it\/produkt\/homeier-massgeschneiderte-kochfeldabzuege\/","url":"https:\/\/elektro-fontana.com\/it\/produkt\/homeier-massgeschneiderte-kochfeldabzuege\/","name":"Cappe per piani cottura personalizzate - Elektrofachmarkt Fontana Meran","isPartOf":{"@id":"https:\/\/elektro-fontana.com\/#website"},"primaryImageOfPage":{"@id":"https:\/\/elektro-fontana.com\/it\/produkt\/homeier-massgeschneiderte-kochfeldabzuege\/#primaryimage"},"image":{"@id":"https:\/\/elektro-fontana.com\/it\/produkt\/homeier-massgeschneiderte-kochfeldabzuege\/#primaryimage"},"thumbnailUrl":"https:\/\/elektro-fontana.com\/shop\/wp-content\/uploads\/2022\/09\/Homeier-01-it.jpg","datePublished":"2022-09-28T07:13:30+00:00","dateModified":"2025-05-09T07:31:04+00:00","breadcrumb":{"@id":"https:\/\/elektro-fontana.com\/it\/produkt\/homeier-massgeschneiderte-kochfeldabzuege\/#breadcrumb"},"inLanguage":"it-IT","potentialAction":[{"@type":"ReadAction","target":["https:\/\/elektro-fontana.com\/it\/produkt\/homeier-massgeschneiderte-kochfeldabzuege\/"]}]},{"@type":"ImageObject","inLanguage":"it-IT","@id":"https:\/\/elektro-fontana.com\/it\/produkt\/homeier-massgeschneiderte-kochfeldabzuege\/#primaryimage","url":"https:\/\/elektro-fontana.com\/shop\/wp-content\/uploads\/2022\/09\/Homeier-01-it.jpg","contentUrl":"https:\/\/elektro-fontana.com\/shop\/wp-content\/uploads\/2022\/09\/Homeier-01-it.jpg","width":1000,"height":1000},{"@type":"BreadcrumbList","@id":"https:\/\/elektro-fontana.com\/it\/produkt\/homeier-massgeschneiderte-kochfeldabzuege\/#breadcrumb","itemListElement":[{"@type":"ListItem","position":1,"name":"Startseite","item":"https:\/\/elektro-fontana.com\/it\/"},{"@type":"ListItem","position":2,"name":"Onlineshop","item":"https:\/\/elektro-fontana.com\/it\/shop\/"},{"@type":"ListItem","position":3,"name":"Cappe per piani cottura personalizzate"}]},{"@type":"WebSite","@id":"https:\/\/elektro-fontana.com\/#website","url":"https:\/\/elektro-fontana.com\/","name":"Elektrofachmarkt Fontana Meran","description":"Bei uns finden Sie die wahrscheinlich gr\u00f6\u00dfte Auswahl an hochwertigen Elektroger\u00e4ten in und um Meran, sowie die beste pers\u00f6nliche Beratung","potentialAction":[{"@type":"SearchAction","target":{"@type":"EntryPoint","urlTemplate":"https:\/\/elektro-fontana.com\/?s={search_term_string}"},"query-input":{"@type":"PropertyValueSpecification","valueRequired":true,"valueName":"search_term_string"}}],"inLanguage":"it-IT"}]}},"_links":{"self":[{"href":"https:\/\/elektro-fontana.com\/it\/wp-json\/wp\/v2\/product\/4486","targetHints":{"allow":["GET"]}}],"collection":[{"href":"https:\/\/elektro-fontana.com\/it\/wp-json\/wp\/v2\/product"}],"about":[{"href":"https:\/\/elektro-fontana.com\/it\/wp-json\/wp\/v2\/types\/product"}],"replies":[{"embeddable":true,"href":"https:\/\/elektro-fontana.com\/it\/wp-json\/wp\/v2\/comments?post=4486"}],"wp:featuredmedia":[{"embeddable":true,"href":"https:\/\/elektro-fontana.com\/it\/wp-json\/wp\/v2\/media\/4490"}],"wp:attachment":[{"href":"https:\/\/elektro-fontana.com\/it\/wp-json\/wp\/v2\/media?parent=4486"}],"wp:term":[{"taxonomy":"product_brand","embeddable":true,"href":"https:\/\/elektro-fontana.com\/it\/wp-json\/wp\/v2\/product_brand?post=4486"},{"taxonomy":"product_cat","embeddable":true,"href":"https:\/\/elektro-fontana.com\/it\/wp-json\/wp\/v2\/product_cat?post=4486"},{"taxonomy":"product_tag","embeddable":true,"href":"https:\/\/elektro-fontana.com\/it\/wp-json\/wp\/v2\/product_tag?post=4486"}],"curies":[{"name":"wp","href":"https:\/\/api.w.org\/{rel}","templated":true}]}}