{"id":3673,"date":"2022-09-08T10:20:25","date_gmt":"2022-09-08T08:20:25","guid":{"rendered":"https:\/\/elektro-fontana.com\/?post_type=product&#038;p=3673"},"modified":"2022-12-05T08:45:31","modified_gmt":"2022-12-05T07:45:31","slug":"liebherr-uwkes-1752-grandcru","status":"publish","type":"product","link":"https:\/\/elektro-fontana.com\/it\/produkt\/liebherr-uwkes-1752-grandcru\/","title":{"rendered":"Liebherr UWKes 1752 GrandCru"},"content":{"rendered":"","protected":false},"excerpt":{"rendered":"<table style=\"height: 284px;\" width=\"640\">\n<tbody>\n<tr>\n<td>\n<h4><span style=\"color: #0f62ab;\"><strong>Dettagli prodotto:<\/strong><\/span><\/h4>\n<\/td>\n<td>\n<h4><span style=\"color: #0f62ab;\"><strong>Cantina temperata per vini da sottopiano<\/strong><\/span><\/h4>\n<\/td>\n<\/tr>\n<tr>\n<td><strong>Montaggio sportello:<\/strong><\/td>\n<td><strong>Incasso a filo<\/strong><\/td>\n<\/tr>\n<tr>\n<td>Classe Efficienza Energetica:<\/td>\n<td>G<\/td>\n<\/tr>\n<tr>\n<td>Consumo energetico annuo:<\/td>\n<td>139 kWh<\/td>\n<\/tr>\n<tr>\n<td>Volume totale:<\/td>\n<td>110 l<\/td>\n<\/tr>\n<tr>\n<td>Numero max. bottiglie di Bordeaux da 0,75 l:<\/td>\n<td>46<\/td>\n<\/tr>\n<tr>\n<td>Rumorosit\u00e0:<\/td>\n<td>38 dB(A)<\/td>\n<\/tr>\n<tr>\n<td>Colore:<\/td>\n<td>Acciaio Inox<\/td>\n<\/tr>\n<tr>\n<td>Misure esterne (A\/L\/P in cm):<\/td>\n<td>81,8 \/ 59,7 \/ 57,7<\/td>\n<\/tr>\n<\/tbody>\n<\/table>\n<h3><strong><span style=\"color: #ff0000;\"><span style=\"color: #0f62ab;\">Ordinabile &#8211; Prezzo su richiesta<\/span><\/span><\/strong><\/h3>\n<hr>\n<h3><\/h3>\n","protected":false},"featured_media":3675,"comment_status":"closed","ping_status":"closed","template":"","meta":[],"product_brand":[],"product_cat":[137,122,363],"product_tag":[],"class_list":{"0":"post-3673","1":"product","2":"type-product","3":"status-publish","4":"has-post-thumbnail","6":"product_cat-cantinette-per-vini","7":"product_cat-da-incasso","8":"product_cat-liebherr-it","10":"first","11":"outofstock","12":"shipping-taxable","13":"product-type-simple"},"yoast_head":"<!-- This site is optimized with the Yoast SEO plugin v27.3 - https:\/\/yoast.com\/product\/yoast-seo-wordpress\/ -->\n<title>Liebherr UWKes 1752 GrandCru - Elektrofachmarkt Fontana Meran<\/title>\n<meta name=\"robots\" content=\"index, follow, max-snippet:-1, max-image-preview:large, max-video-preview:-1\" \/>\n<link rel=\"canonical\" href=\"https:\/\/elektro-fontana.com\/it\/produkt\/liebherr-uwkes-1752-grandcru\/\" \/>\n<meta property=\"og:locale\" content=\"it_IT\" \/>\n<meta property=\"og:type\" content=\"article\" \/>\n<meta property=\"og:title\" content=\"Liebherr UWKes 1752 GrandCru - Elektrofachmarkt Fontana Meran\" \/>\n<meta property=\"og:description\" content=\"Dettagli prodotto:  Cantina temperata per vini da sottopiano  Montaggio sportello: Incasso a filo  Classe Efficienza Energetica: G  Consumo energetico annuo: 139 kWh  Volume totale: 110 l  Numero max. bottiglie di Bordeaux da 0,75 l: 46  Rumorosit\u00e0: 38 dB(A)  Colore: Acciaio Inox  Misure esterne (A\/L\/P in cm): 81,8 \/ 59,7 \/ 57,7  Ordinabile - Prezzo su richiesta\" \/>\n<meta property=\"og:url\" content=\"https:\/\/elektro-fontana.com\/it\/produkt\/liebherr-uwkes-1752-grandcru\/\" \/>\n<meta property=\"og:site_name\" content=\"Elektrofachmarkt Fontana Meran\" \/>\n<meta property=\"article:modified_time\" content=\"2022-12-05T07:45:31+00:00\" \/>\n<meta property=\"og:image\" content=\"https:\/\/elektro-fontana.com\/shop\/wp-content\/uploads\/2022\/12\/Liebherr-UWKes-1752-01.jpg\" \/>\n\t<meta property=\"og:image:width\" content=\"1000\" \/>\n\t<meta property=\"og:image:height\" content=\"1000\" \/>\n\t<meta property=\"og:image:type\" content=\"image\/jpeg\" \/>\n<meta name=\"twitter:card\" content=\"summary_large_image\" \/>\n<script type=\"application\/ld+json\" class=\"yoast-schema-graph\">{\"@context\":\"https:\\\/\\\/schema.org\",\"@graph\":[{\"@type\":\"WebPage\",\"@id\":\"https:\\\/\\\/elektro-fontana.com\\\/it\\\/produkt\\\/liebherr-uwkes-1752-grandcru\\\/\",\"url\":\"https:\\\/\\\/elektro-fontana.com\\\/it\\\/produkt\\\/liebherr-uwkes-1752-grandcru\\\/\",\"name\":\"Liebherr UWKes 1752 GrandCru - Elektrofachmarkt Fontana Meran\",\"isPartOf\":{\"@id\":\"https:\\\/\\\/elektro-fontana.com\\\/#website\"},\"primaryImageOfPage\":{\"@id\":\"https:\\\/\\\/elektro-fontana.com\\\/it\\\/produkt\\\/liebherr-uwkes-1752-grandcru\\\/#primaryimage\"},\"image\":{\"@id\":\"https:\\\/\\\/elektro-fontana.com\\\/it\\\/produkt\\\/liebherr-uwkes-1752-grandcru\\\/#primaryimage\"},\"thumbnailUrl\":\"https:\\\/\\\/elektro-fontana.com\\\/shop\\\/wp-content\\\/uploads\\\/2022\\\/12\\\/Liebherr-UWKes-1752-01.jpg\",\"datePublished\":\"2022-09-08T08:20:25+00:00\",\"dateModified\":\"2022-12-05T07:45:31+00:00\",\"breadcrumb\":{\"@id\":\"https:\\\/\\\/elektro-fontana.com\\\/it\\\/produkt\\\/liebherr-uwkes-1752-grandcru\\\/#breadcrumb\"},\"inLanguage\":\"it-IT\",\"potentialAction\":[{\"@type\":\"ReadAction\",\"target\":[\"https:\\\/\\\/elektro-fontana.com\\\/it\\\/produkt\\\/liebherr-uwkes-1752-grandcru\\\/\"]}]},{\"@type\":\"ImageObject\",\"inLanguage\":\"it-IT\",\"@id\":\"https:\\\/\\\/elektro-fontana.com\\\/it\\\/produkt\\\/liebherr-uwkes-1752-grandcru\\\/#primaryimage\",\"url\":\"https:\\\/\\\/elektro-fontana.com\\\/shop\\\/wp-content\\\/uploads\\\/2022\\\/12\\\/Liebherr-UWKes-1752-01.jpg\",\"contentUrl\":\"https:\\\/\\\/elektro-fontana.com\\\/shop\\\/wp-content\\\/uploads\\\/2022\\\/12\\\/Liebherr-UWKes-1752-01.jpg\",\"width\":1000,\"height\":1000},{\"@type\":\"BreadcrumbList\",\"@id\":\"https:\\\/\\\/elektro-fontana.com\\\/it\\\/produkt\\\/liebherr-uwkes-1752-grandcru\\\/#breadcrumb\",\"itemListElement\":[{\"@type\":\"ListItem\",\"position\":1,\"name\":\"Startseite\",\"item\":\"https:\\\/\\\/elektro-fontana.com\\\/it\\\/\"},{\"@type\":\"ListItem\",\"position\":2,\"name\":\"Onlineshop\",\"item\":\"https:\\\/\\\/elektro-fontana.com\\\/it\\\/shop\\\/\"},{\"@type\":\"ListItem\",\"position\":3,\"name\":\"Liebherr UWKes 1752 GrandCru\"}]},{\"@type\":\"WebSite\",\"@id\":\"https:\\\/\\\/elektro-fontana.com\\\/#website\",\"url\":\"https:\\\/\\\/elektro-fontana.com\\\/\",\"name\":\"Elektrofachmarkt Fontana Meran\",\"description\":\"Bei uns finden Sie die wahrscheinlich gr\u00f6\u00dfte Auswahl an hochwertigen Elektroger\u00e4ten in und um Meran, sowie die beste pers\u00f6nliche Beratung\",\"potentialAction\":[{\"@type\":\"SearchAction\",\"target\":{\"@type\":\"EntryPoint\",\"urlTemplate\":\"https:\\\/\\\/elektro-fontana.com\\\/?s={search_term_string}\"},\"query-input\":{\"@type\":\"PropertyValueSpecification\",\"valueRequired\":true,\"valueName\":\"search_term_string\"}}],\"inLanguage\":\"it-IT\"}]}<\/script>\n<!-- \/ Yoast SEO plugin. -->","yoast_head_json":{"title":"Liebherr UWKes 1752 GrandCru - Elektrofachmarkt Fontana Meran","robots":{"index":"index","follow":"follow","max-snippet":"max-snippet:-1","max-image-preview":"max-image-preview:large","max-video-preview":"max-video-preview:-1"},"canonical":"https:\/\/elektro-fontana.com\/it\/produkt\/liebherr-uwkes-1752-grandcru\/","og_locale":"it_IT","og_type":"article","og_title":"Liebherr UWKes 1752 GrandCru - Elektrofachmarkt Fontana Meran","og_description":"Dettagli prodotto:  Cantina temperata per vini da sottopiano  Montaggio sportello: Incasso a filo  Classe Efficienza Energetica: G  Consumo energetico annuo: 139 kWh  Volume totale: 110 l  Numero max. bottiglie di Bordeaux da 0,75 l: 46  Rumorosit\u00e0: 38 dB(A)  Colore: Acciaio Inox  Misure esterne (A\/L\/P in cm): 81,8 \/ 59,7 \/ 57,7  Ordinabile - Prezzo su richiesta","og_url":"https:\/\/elektro-fontana.com\/it\/produkt\/liebherr-uwkes-1752-grandcru\/","og_site_name":"Elektrofachmarkt Fontana Meran","article_modified_time":"2022-12-05T07:45:31+00:00","og_image":[{"width":1000,"height":1000,"url":"https:\/\/elektro-fontana.com\/shop\/wp-content\/uploads\/2022\/12\/Liebherr-UWKes-1752-01.jpg","type":"image\/jpeg"}],"twitter_card":"summary_large_image","schema":{"@context":"https:\/\/schema.org","@graph":[{"@type":"WebPage","@id":"https:\/\/elektro-fontana.com\/it\/produkt\/liebherr-uwkes-1752-grandcru\/","url":"https:\/\/elektro-fontana.com\/it\/produkt\/liebherr-uwkes-1752-grandcru\/","name":"Liebherr UWKes 1752 GrandCru - Elektrofachmarkt Fontana Meran","isPartOf":{"@id":"https:\/\/elektro-fontana.com\/#website"},"primaryImageOfPage":{"@id":"https:\/\/elektro-fontana.com\/it\/produkt\/liebherr-uwkes-1752-grandcru\/#primaryimage"},"image":{"@id":"https:\/\/elektro-fontana.com\/it\/produkt\/liebherr-uwkes-1752-grandcru\/#primaryimage"},"thumbnailUrl":"https:\/\/elektro-fontana.com\/shop\/wp-content\/uploads\/2022\/12\/Liebherr-UWKes-1752-01.jpg","datePublished":"2022-09-08T08:20:25+00:00","dateModified":"2022-12-05T07:45:31+00:00","breadcrumb":{"@id":"https:\/\/elektro-fontana.com\/it\/produkt\/liebherr-uwkes-1752-grandcru\/#breadcrumb"},"inLanguage":"it-IT","potentialAction":[{"@type":"ReadAction","target":["https:\/\/elektro-fontana.com\/it\/produkt\/liebherr-uwkes-1752-grandcru\/"]}]},{"@type":"ImageObject","inLanguage":"it-IT","@id":"https:\/\/elektro-fontana.com\/it\/produkt\/liebherr-uwkes-1752-grandcru\/#primaryimage","url":"https:\/\/elektro-fontana.com\/shop\/wp-content\/uploads\/2022\/12\/Liebherr-UWKes-1752-01.jpg","contentUrl":"https:\/\/elektro-fontana.com\/shop\/wp-content\/uploads\/2022\/12\/Liebherr-UWKes-1752-01.jpg","width":1000,"height":1000},{"@type":"BreadcrumbList","@id":"https:\/\/elektro-fontana.com\/it\/produkt\/liebherr-uwkes-1752-grandcru\/#breadcrumb","itemListElement":[{"@type":"ListItem","position":1,"name":"Startseite","item":"https:\/\/elektro-fontana.com\/it\/"},{"@type":"ListItem","position":2,"name":"Onlineshop","item":"https:\/\/elektro-fontana.com\/it\/shop\/"},{"@type":"ListItem","position":3,"name":"Liebherr UWKes 1752 GrandCru"}]},{"@type":"WebSite","@id":"https:\/\/elektro-fontana.com\/#website","url":"https:\/\/elektro-fontana.com\/","name":"Elektrofachmarkt Fontana Meran","description":"Bei uns finden Sie die wahrscheinlich gr\u00f6\u00dfte Auswahl an hochwertigen Elektroger\u00e4ten in und um Meran, sowie die beste pers\u00f6nliche Beratung","potentialAction":[{"@type":"SearchAction","target":{"@type":"EntryPoint","urlTemplate":"https:\/\/elektro-fontana.com\/?s={search_term_string}"},"query-input":{"@type":"PropertyValueSpecification","valueRequired":true,"valueName":"search_term_string"}}],"inLanguage":"it-IT"}]}},"_links":{"self":[{"href":"https:\/\/elektro-fontana.com\/it\/wp-json\/wp\/v2\/product\/3673","targetHints":{"allow":["GET"]}}],"collection":[{"href":"https:\/\/elektro-fontana.com\/it\/wp-json\/wp\/v2\/product"}],"about":[{"href":"https:\/\/elektro-fontana.com\/it\/wp-json\/wp\/v2\/types\/product"}],"replies":[{"embeddable":true,"href":"https:\/\/elektro-fontana.com\/it\/wp-json\/wp\/v2\/comments?post=3673"}],"wp:featuredmedia":[{"embeddable":true,"href":"https:\/\/elektro-fontana.com\/it\/wp-json\/wp\/v2\/media\/3675"}],"wp:attachment":[{"href":"https:\/\/elektro-fontana.com\/it\/wp-json\/wp\/v2\/media?parent=3673"}],"wp:term":[{"taxonomy":"product_brand","embeddable":true,"href":"https:\/\/elektro-fontana.com\/it\/wp-json\/wp\/v2\/product_brand?post=3673"},{"taxonomy":"product_cat","embeddable":true,"href":"https:\/\/elektro-fontana.com\/it\/wp-json\/wp\/v2\/product_cat?post=3673"},{"taxonomy":"product_tag","embeddable":true,"href":"https:\/\/elektro-fontana.com\/it\/wp-json\/wp\/v2\/product_tag?post=3673"}],"curies":[{"name":"wp","href":"https:\/\/api.w.org\/{rel}","templated":true}]}}