{"id":3448,"date":"2022-07-11T11:26:07","date_gmt":"2022-07-11T09:26:07","guid":{"rendered":"https:\/\/elektro-fontana.com\/produkt\/blanco-lavelli\/"},"modified":"2023-11-30T09:28:43","modified_gmt":"2023-11-30T08:28:43","slug":"blanco-spuelbecken","status":"publish","type":"product","link":"https:\/\/elektro-fontana.com\/it\/produkt\/blanco-spuelbecken\/","title":{"rendered":"Blanco Lavelli"},"content":{"rendered":"","protected":false},"excerpt":{"rendered":"<table style=\"height: 87px;\" width=\"615\">\n<tbody>\n<tr>\n<td bgcolor=\"#174291\">\n<h3><span style=\"color: #ffffff;\">Lavelli grandi, lavelli piccoli, lavelli in <span style=\"color: #ffcc00;\">acciaio inox<\/span>, <span style=\"color: #ffcc00;\">ceramica<\/span> o <span style=\"color: #ffcc00;\">Silgranit<\/span>, varianti con pi\u00f9 vasche e con o senza gocciolatoio: <span style=\"color: #ffcc00;\">BLANCO<\/span> offre un&#8217;ampia scelta. Da noi troverete il modello che si adatta perfettamente alla tua cucina.<\/span><\/h3>\n<\/td>\n<\/tr>\n<\/tbody>\n<\/table>\n<p><strong>Modelli, idee e ispirazioni per il vostro lavello &#8211; <span style=\"color: #174291;\">BLANCO<\/span> \u00e8 sinonimo di design e lavorazione eccellenti.<\/strong><br \/>\n<strong>Forme, colori e design diversi: affidatevi alla qualit\u00e0 di <span style=\"color: #174291;\">BLANCO<\/span>.<\/strong><\/p>\n<p><a href=\"https:\/\/www.blanco.com\/it-it\/lavelli-da-cucina\/\" target=\"_blank\" rel=\"noopener\"><strong><u>QU\u00cc TROVATE UNA PANORAMICA DI TUTTI I PRODOTTI DA NOI ORDINABILI<\/u><\/strong><\/a><\/p>\n<p>&nbsp;<\/p>\n<hr \/>\n<p>&nbsp;<\/p>\n","protected":false},"featured_media":3452,"comment_status":"closed","ping_status":"closed","template":"","meta":[],"product_brand":[],"product_cat":[294,122,135],"product_tag":[],"class_list":{"0":"post-3448","1":"product","2":"type-product","3":"status-publish","4":"has-post-thumbnail","6":"product_cat-blanco-it","7":"product_cat-da-incasso","8":"product_cat-lavabi-e-rubinetteria","10":"first","11":"instock","12":"shipping-taxable","13":"product-type-simple"},"yoast_head":"<!-- This site is optimized with the Yoast SEO plugin v27.4 - https:\/\/yoast.com\/product\/yoast-seo-wordpress\/ -->\n<title>Blanco Lavelli - Elektrofachmarkt Fontana Meran<\/title>\n<meta name=\"robots\" content=\"index, follow, max-snippet:-1, max-image-preview:large, max-video-preview:-1\" \/>\n<link rel=\"canonical\" href=\"https:\/\/elektro-fontana.com\/it\/produkt\/blanco-spuelbecken\/\" \/>\n<meta property=\"og:locale\" content=\"it_IT\" \/>\n<meta property=\"og:type\" content=\"article\" \/>\n<meta property=\"og:title\" content=\"Blanco Lavelli - Elektrofachmarkt Fontana Meran\" \/>\n<meta property=\"og:description\" content=\"Lavelli grandi, lavelli piccoli, lavelli in acciaio inox, ceramica o Silgranit, varianti con pi\u00f9 vasche e con o senza gocciolatoio: BLANCO offre un&#039;ampia scelta. Da noi troverete il modello che si adatta perfettamente alla tua cucina.     Modelli, idee e ispirazioni per il vostro lavello - BLANCO \u00e8 sinonimo di design e lavorazione eccellenti. Forme, colori e design diversi: affidatevi alla qualit\u00e0 di BLANCO.  QU\u00cc TROVATE UNA PANORAMICA DI TUTTI I PRODOTTI DA NOI ORDINABILI  &nbsp;    &nbsp;\" \/>\n<meta property=\"og:url\" content=\"https:\/\/elektro-fontana.com\/it\/produkt\/blanco-spuelbecken\/\" \/>\n<meta property=\"og:site_name\" content=\"Elektrofachmarkt Fontana Meran\" \/>\n<meta property=\"article:modified_time\" content=\"2023-11-30T08:28:43+00:00\" \/>\n<meta property=\"og:image\" content=\"https:\/\/elektro-fontana.com\/shop\/wp-content\/uploads\/2022\/07\/Blanco-Becken-01-it.jpg\" \/>\n\t<meta property=\"og:image:width\" content=\"1001\" \/>\n\t<meta property=\"og:image:height\" content=\"1000\" \/>\n\t<meta property=\"og:image:type\" content=\"image\/jpeg\" \/>\n<meta name=\"twitter:card\" content=\"summary_large_image\" \/>\n<script type=\"application\/ld+json\" class=\"yoast-schema-graph\">{\"@context\":\"https:\\\/\\\/schema.org\",\"@graph\":[{\"@type\":\"WebPage\",\"@id\":\"https:\\\/\\\/elektro-fontana.com\\\/it\\\/produkt\\\/blanco-spuelbecken\\\/\",\"url\":\"https:\\\/\\\/elektro-fontana.com\\\/it\\\/produkt\\\/blanco-spuelbecken\\\/\",\"name\":\"Blanco Lavelli - Elektrofachmarkt Fontana Meran\",\"isPartOf\":{\"@id\":\"https:\\\/\\\/elektro-fontana.com\\\/#website\"},\"primaryImageOfPage\":{\"@id\":\"https:\\\/\\\/elektro-fontana.com\\\/it\\\/produkt\\\/blanco-spuelbecken\\\/#primaryimage\"},\"image\":{\"@id\":\"https:\\\/\\\/elektro-fontana.com\\\/it\\\/produkt\\\/blanco-spuelbecken\\\/#primaryimage\"},\"thumbnailUrl\":\"https:\\\/\\\/elektro-fontana.com\\\/shop\\\/wp-content\\\/uploads\\\/2022\\\/07\\\/Blanco-Becken-01-it.jpg\",\"datePublished\":\"2022-07-11T09:26:07+00:00\",\"dateModified\":\"2023-11-30T08:28:43+00:00\",\"breadcrumb\":{\"@id\":\"https:\\\/\\\/elektro-fontana.com\\\/it\\\/produkt\\\/blanco-spuelbecken\\\/#breadcrumb\"},\"inLanguage\":\"it-IT\",\"potentialAction\":[{\"@type\":\"ReadAction\",\"target\":[\"https:\\\/\\\/elektro-fontana.com\\\/it\\\/produkt\\\/blanco-spuelbecken\\\/\"]}]},{\"@type\":\"ImageObject\",\"inLanguage\":\"it-IT\",\"@id\":\"https:\\\/\\\/elektro-fontana.com\\\/it\\\/produkt\\\/blanco-spuelbecken\\\/#primaryimage\",\"url\":\"https:\\\/\\\/elektro-fontana.com\\\/shop\\\/wp-content\\\/uploads\\\/2022\\\/07\\\/Blanco-Becken-01-it.jpg\",\"contentUrl\":\"https:\\\/\\\/elektro-fontana.com\\\/shop\\\/wp-content\\\/uploads\\\/2022\\\/07\\\/Blanco-Becken-01-it.jpg\",\"width\":1001,\"height\":1000},{\"@type\":\"BreadcrumbList\",\"@id\":\"https:\\\/\\\/elektro-fontana.com\\\/it\\\/produkt\\\/blanco-spuelbecken\\\/#breadcrumb\",\"itemListElement\":[{\"@type\":\"ListItem\",\"position\":1,\"name\":\"Startseite\",\"item\":\"https:\\\/\\\/elektro-fontana.com\\\/it\\\/\"},{\"@type\":\"ListItem\",\"position\":2,\"name\":\"Onlineshop\",\"item\":\"https:\\\/\\\/elektro-fontana.com\\\/it\\\/shop\\\/\"},{\"@type\":\"ListItem\",\"position\":3,\"name\":\"Blanco Lavelli\"}]},{\"@type\":\"WebSite\",\"@id\":\"https:\\\/\\\/elektro-fontana.com\\\/#website\",\"url\":\"https:\\\/\\\/elektro-fontana.com\\\/\",\"name\":\"Elektrofachmarkt Fontana Meran\",\"description\":\"Bei uns finden Sie die wahrscheinlich gr\u00f6\u00dfte Auswahl an hochwertigen Elektroger\u00e4ten in und um Meran, sowie die beste pers\u00f6nliche Beratung\",\"potentialAction\":[{\"@type\":\"SearchAction\",\"target\":{\"@type\":\"EntryPoint\",\"urlTemplate\":\"https:\\\/\\\/elektro-fontana.com\\\/?s={search_term_string}\"},\"query-input\":{\"@type\":\"PropertyValueSpecification\",\"valueRequired\":true,\"valueName\":\"search_term_string\"}}],\"inLanguage\":\"it-IT\"}]}<\/script>\n<!-- \/ Yoast SEO plugin. -->","yoast_head_json":{"title":"Blanco Lavelli - Elektrofachmarkt Fontana Meran","robots":{"index":"index","follow":"follow","max-snippet":"max-snippet:-1","max-image-preview":"max-image-preview:large","max-video-preview":"max-video-preview:-1"},"canonical":"https:\/\/elektro-fontana.com\/it\/produkt\/blanco-spuelbecken\/","og_locale":"it_IT","og_type":"article","og_title":"Blanco Lavelli - Elektrofachmarkt Fontana Meran","og_description":"Lavelli grandi, lavelli piccoli, lavelli in acciaio inox, ceramica o Silgranit, varianti con pi\u00f9 vasche e con o senza gocciolatoio: BLANCO offre un'ampia scelta. Da noi troverete il modello che si adatta perfettamente alla tua cucina.     Modelli, idee e ispirazioni per il vostro lavello - BLANCO \u00e8 sinonimo di design e lavorazione eccellenti. Forme, colori e design diversi: affidatevi alla qualit\u00e0 di BLANCO.  QU\u00cc TROVATE UNA PANORAMICA DI TUTTI I PRODOTTI DA NOI ORDINABILI  &nbsp;    &nbsp;","og_url":"https:\/\/elektro-fontana.com\/it\/produkt\/blanco-spuelbecken\/","og_site_name":"Elektrofachmarkt Fontana Meran","article_modified_time":"2023-11-30T08:28:43+00:00","og_image":[{"width":1001,"height":1000,"url":"https:\/\/elektro-fontana.com\/shop\/wp-content\/uploads\/2022\/07\/Blanco-Becken-01-it.jpg","type":"image\/jpeg"}],"twitter_card":"summary_large_image","schema":{"@context":"https:\/\/schema.org","@graph":[{"@type":"WebPage","@id":"https:\/\/elektro-fontana.com\/it\/produkt\/blanco-spuelbecken\/","url":"https:\/\/elektro-fontana.com\/it\/produkt\/blanco-spuelbecken\/","name":"Blanco Lavelli - Elektrofachmarkt Fontana Meran","isPartOf":{"@id":"https:\/\/elektro-fontana.com\/#website"},"primaryImageOfPage":{"@id":"https:\/\/elektro-fontana.com\/it\/produkt\/blanco-spuelbecken\/#primaryimage"},"image":{"@id":"https:\/\/elektro-fontana.com\/it\/produkt\/blanco-spuelbecken\/#primaryimage"},"thumbnailUrl":"https:\/\/elektro-fontana.com\/shop\/wp-content\/uploads\/2022\/07\/Blanco-Becken-01-it.jpg","datePublished":"2022-07-11T09:26:07+00:00","dateModified":"2023-11-30T08:28:43+00:00","breadcrumb":{"@id":"https:\/\/elektro-fontana.com\/it\/produkt\/blanco-spuelbecken\/#breadcrumb"},"inLanguage":"it-IT","potentialAction":[{"@type":"ReadAction","target":["https:\/\/elektro-fontana.com\/it\/produkt\/blanco-spuelbecken\/"]}]},{"@type":"ImageObject","inLanguage":"it-IT","@id":"https:\/\/elektro-fontana.com\/it\/produkt\/blanco-spuelbecken\/#primaryimage","url":"https:\/\/elektro-fontana.com\/shop\/wp-content\/uploads\/2022\/07\/Blanco-Becken-01-it.jpg","contentUrl":"https:\/\/elektro-fontana.com\/shop\/wp-content\/uploads\/2022\/07\/Blanco-Becken-01-it.jpg","width":1001,"height":1000},{"@type":"BreadcrumbList","@id":"https:\/\/elektro-fontana.com\/it\/produkt\/blanco-spuelbecken\/#breadcrumb","itemListElement":[{"@type":"ListItem","position":1,"name":"Startseite","item":"https:\/\/elektro-fontana.com\/it\/"},{"@type":"ListItem","position":2,"name":"Onlineshop","item":"https:\/\/elektro-fontana.com\/it\/shop\/"},{"@type":"ListItem","position":3,"name":"Blanco Lavelli"}]},{"@type":"WebSite","@id":"https:\/\/elektro-fontana.com\/#website","url":"https:\/\/elektro-fontana.com\/","name":"Elektrofachmarkt Fontana Meran","description":"Bei uns finden Sie die wahrscheinlich gr\u00f6\u00dfte Auswahl an hochwertigen Elektroger\u00e4ten in und um Meran, sowie die beste pers\u00f6nliche Beratung","potentialAction":[{"@type":"SearchAction","target":{"@type":"EntryPoint","urlTemplate":"https:\/\/elektro-fontana.com\/?s={search_term_string}"},"query-input":{"@type":"PropertyValueSpecification","valueRequired":true,"valueName":"search_term_string"}}],"inLanguage":"it-IT"}]}},"_links":{"self":[{"href":"https:\/\/elektro-fontana.com\/it\/wp-json\/wp\/v2\/product\/3448","targetHints":{"allow":["GET"]}}],"collection":[{"href":"https:\/\/elektro-fontana.com\/it\/wp-json\/wp\/v2\/product"}],"about":[{"href":"https:\/\/elektro-fontana.com\/it\/wp-json\/wp\/v2\/types\/product"}],"replies":[{"embeddable":true,"href":"https:\/\/elektro-fontana.com\/it\/wp-json\/wp\/v2\/comments?post=3448"}],"wp:featuredmedia":[{"embeddable":true,"href":"https:\/\/elektro-fontana.com\/it\/wp-json\/wp\/v2\/media\/3452"}],"wp:attachment":[{"href":"https:\/\/elektro-fontana.com\/it\/wp-json\/wp\/v2\/media?parent=3448"}],"wp:term":[{"taxonomy":"product_brand","embeddable":true,"href":"https:\/\/elektro-fontana.com\/it\/wp-json\/wp\/v2\/product_brand?post=3448"},{"taxonomy":"product_cat","embeddable":true,"href":"https:\/\/elektro-fontana.com\/it\/wp-json\/wp\/v2\/product_cat?post=3448"},{"taxonomy":"product_tag","embeddable":true,"href":"https:\/\/elektro-fontana.com\/it\/wp-json\/wp\/v2\/product_tag?post=3448"}],"curies":[{"name":"wp","href":"https:\/\/api.w.org\/{rel}","templated":true}]}}