{"id":3440,"date":"2022-07-08T11:25:26","date_gmt":"2022-07-08T09:25:26","guid":{"rendered":"https:\/\/elektro-fontana.com\/produkt\/bartscher-a-151600-dispositivo-per-tostatura-cottura-al-forno\/"},"modified":"2023-09-13T11:25:27","modified_gmt":"2023-09-13T09:25:27","slug":"bartscher-heissluft-ofen-at-110-kopie","status":"publish","type":"product","link":"https:\/\/elektro-fontana.com\/it\/produkt\/bartscher-heissluft-ofen-at-110-kopie\/","title":{"rendered":"Bartscher Dispositivo per tostatura\/cottura A 151600"},"content":{"rendered":"","protected":false},"excerpt":{"rendered":"<table style=\"height: 257px;\" width=\"512\">\n<tbody>\n<tr>\n<td>\n<h4><span style=\"color: #0f62ab;\"><strong>Dettagli prodotto:<\/strong><\/span><\/h4>\n<\/td>\n<td>\n<h4><span style=\"color: #0f62ab;\"><strong>Dispositivo per tostatura \/ cottura al forno, doppio<\/strong><\/span><\/h4>\n<\/td>\n<\/tr>\n<tr>\n<td>Fonte di calore:<\/td>\n<td>Riscaldatore radiante al quarzo<\/td>\n<\/tr>\n<tr>\n<td>Impostazione oraria:<\/td>\n<td> da 0 a 15 min.<\/td>\n<\/tr>\n<tr>\n<td>Materiale:<\/td>\n<td>Acciaio Inox<\/td>\n<\/tr>\n<tr>\n<td>Peso:<\/td>\n<td>10,3 kg<\/td>\n<\/tr>\n<tr>\n<td>Misure esterne in cm (A\/L\/P):<\/td>\n<td>40,5 \/ 40 \/ 37<\/td>\n<\/tr>\n<\/tbody>\n<\/table>\n<table>\n<tbody>\n<tr>\n<td bgcolor=\"#f0f0f0\">\n<h6><span style=\"color: #000000;\"><span style=\"color: #bd0926;\">\u25ba<\/span> <a href=\"https:\/\/www.bartscher.com\/de\/\" target=\"_blank\" rel=\"noopener\">Maggiori informazioni sui prodotti Bartscher<\/a><br \/>\n<\/span><\/h6>\n<\/td>\n<\/tr>\n<\/tbody>\n<\/table>\n<h3><strong><span style=\"color: #ff0000;\"><span style=\"color: #0f62ab;\">Disponibile<\/span><\/span><\/strong><\/h3>\n<hr>\n<h3><\/h3>\n","protected":false},"featured_media":2558,"comment_status":"closed","ping_status":"closed","template":"","meta":[],"product_brand":[],"product_cat":[292,499,154,233],"product_tag":[],"class_list":{"0":"post-3440","1":"product","2":"type-product","3":"status-publish","4":"has-post-thumbnail","6":"product_cat-bartscher-it","7":"product_cat-grill-co-it","8":"product_cat-piccoli-elettrodomestici","9":"product_cat-tostapane-grill-a-contatto","11":"first","12":"instock","13":"shipping-taxable","14":"purchasable","15":"product-type-simple"},"yoast_head":"<!-- This site is optimized with the Yoast SEO plugin v27.4 - https:\/\/yoast.com\/product\/yoast-seo-wordpress\/ -->\n<title>Bartscher Dispositivo per tostatura\/cottura A 151600 - Elektrofachmarkt Fontana Meran<\/title>\n<meta name=\"robots\" content=\"index, follow, max-snippet:-1, max-image-preview:large, max-video-preview:-1\" \/>\n<link rel=\"canonical\" href=\"https:\/\/elektro-fontana.com\/it\/produkt\/bartscher-heissluft-ofen-at-110-kopie\/\" \/>\n<meta property=\"og:locale\" content=\"it_IT\" \/>\n<meta property=\"og:type\" content=\"article\" \/>\n<meta property=\"og:title\" content=\"Bartscher Dispositivo per tostatura\/cottura A 151600 - Elektrofachmarkt Fontana Meran\" \/>\n<meta property=\"og:description\" content=\"Dettagli prodotto:  Dispositivo per tostatura \/ cottura al forno, doppio  Fonte di calore: Riscaldatore radiante al quarzo  Impostazione oraria: da 0 a 15 min.  Materiale: Acciaio Inox  Peso: 10,3 kg  Misure esterne in cm (A\/L\/P): 40,5 \/ 40 \/ 37    \u25ba Maggiori informazioni sui prodotti Bartscher   Disponibile\" \/>\n<meta property=\"og:url\" content=\"https:\/\/elektro-fontana.com\/it\/produkt\/bartscher-heissluft-ofen-at-110-kopie\/\" \/>\n<meta property=\"og:site_name\" content=\"Elektrofachmarkt Fontana Meran\" \/>\n<meta property=\"article:modified_time\" content=\"2023-09-13T09:25:27+00:00\" \/>\n<meta property=\"og:image\" content=\"https:\/\/elektro-fontana.com\/shop\/wp-content\/uploads\/2022\/07\/Bartscher-Toastgeraet-A151600-01.jpg\" \/>\n\t<meta property=\"og:image:width\" content=\"1000\" \/>\n\t<meta property=\"og:image:height\" content=\"1000\" \/>\n\t<meta property=\"og:image:type\" content=\"image\/jpeg\" \/>\n<meta name=\"twitter:card\" content=\"summary_large_image\" \/>\n<script type=\"application\/ld+json\" class=\"yoast-schema-graph\">{\"@context\":\"https:\\\/\\\/schema.org\",\"@graph\":[{\"@type\":\"WebPage\",\"@id\":\"https:\\\/\\\/elektro-fontana.com\\\/it\\\/produkt\\\/bartscher-heissluft-ofen-at-110-kopie\\\/\",\"url\":\"https:\\\/\\\/elektro-fontana.com\\\/it\\\/produkt\\\/bartscher-heissluft-ofen-at-110-kopie\\\/\",\"name\":\"Bartscher Dispositivo per tostatura\\\/cottura A 151600 - Elektrofachmarkt Fontana Meran\",\"isPartOf\":{\"@id\":\"https:\\\/\\\/elektro-fontana.com\\\/#website\"},\"primaryImageOfPage\":{\"@id\":\"https:\\\/\\\/elektro-fontana.com\\\/it\\\/produkt\\\/bartscher-heissluft-ofen-at-110-kopie\\\/#primaryimage\"},\"image\":{\"@id\":\"https:\\\/\\\/elektro-fontana.com\\\/it\\\/produkt\\\/bartscher-heissluft-ofen-at-110-kopie\\\/#primaryimage\"},\"thumbnailUrl\":\"https:\\\/\\\/elektro-fontana.com\\\/shop\\\/wp-content\\\/uploads\\\/2022\\\/07\\\/Bartscher-Toastgeraet-A151600-01.jpg\",\"datePublished\":\"2022-07-08T09:25:26+00:00\",\"dateModified\":\"2023-09-13T09:25:27+00:00\",\"breadcrumb\":{\"@id\":\"https:\\\/\\\/elektro-fontana.com\\\/it\\\/produkt\\\/bartscher-heissluft-ofen-at-110-kopie\\\/#breadcrumb\"},\"inLanguage\":\"it-IT\",\"potentialAction\":[{\"@type\":\"ReadAction\",\"target\":[\"https:\\\/\\\/elektro-fontana.com\\\/it\\\/produkt\\\/bartscher-heissluft-ofen-at-110-kopie\\\/\"]}]},{\"@type\":\"ImageObject\",\"inLanguage\":\"it-IT\",\"@id\":\"https:\\\/\\\/elektro-fontana.com\\\/it\\\/produkt\\\/bartscher-heissluft-ofen-at-110-kopie\\\/#primaryimage\",\"url\":\"https:\\\/\\\/elektro-fontana.com\\\/shop\\\/wp-content\\\/uploads\\\/2022\\\/07\\\/Bartscher-Toastgeraet-A151600-01.jpg\",\"contentUrl\":\"https:\\\/\\\/elektro-fontana.com\\\/shop\\\/wp-content\\\/uploads\\\/2022\\\/07\\\/Bartscher-Toastgeraet-A151600-01.jpg\",\"width\":1000,\"height\":1000},{\"@type\":\"BreadcrumbList\",\"@id\":\"https:\\\/\\\/elektro-fontana.com\\\/it\\\/produkt\\\/bartscher-heissluft-ofen-at-110-kopie\\\/#breadcrumb\",\"itemListElement\":[{\"@type\":\"ListItem\",\"position\":1,\"name\":\"Startseite\",\"item\":\"https:\\\/\\\/elektro-fontana.com\\\/it\\\/\"},{\"@type\":\"ListItem\",\"position\":2,\"name\":\"Onlineshop\",\"item\":\"https:\\\/\\\/elektro-fontana.com\\\/it\\\/shop\\\/\"},{\"@type\":\"ListItem\",\"position\":3,\"name\":\"Bartscher Dispositivo per tostatura\\\/cottura A 151600\"}]},{\"@type\":\"WebSite\",\"@id\":\"https:\\\/\\\/elektro-fontana.com\\\/#website\",\"url\":\"https:\\\/\\\/elektro-fontana.com\\\/\",\"name\":\"Elektrofachmarkt Fontana Meran\",\"description\":\"Bei uns finden Sie die wahrscheinlich gr\u00f6\u00dfte Auswahl an hochwertigen Elektroger\u00e4ten in und um Meran, sowie die beste pers\u00f6nliche Beratung\",\"potentialAction\":[{\"@type\":\"SearchAction\",\"target\":{\"@type\":\"EntryPoint\",\"urlTemplate\":\"https:\\\/\\\/elektro-fontana.com\\\/?s={search_term_string}\"},\"query-input\":{\"@type\":\"PropertyValueSpecification\",\"valueRequired\":true,\"valueName\":\"search_term_string\"}}],\"inLanguage\":\"it-IT\"}]}<\/script>\n<!-- \/ Yoast SEO plugin. -->","yoast_head_json":{"title":"Bartscher Dispositivo per tostatura\/cottura A 151600 - Elektrofachmarkt Fontana Meran","robots":{"index":"index","follow":"follow","max-snippet":"max-snippet:-1","max-image-preview":"max-image-preview:large","max-video-preview":"max-video-preview:-1"},"canonical":"https:\/\/elektro-fontana.com\/it\/produkt\/bartscher-heissluft-ofen-at-110-kopie\/","og_locale":"it_IT","og_type":"article","og_title":"Bartscher Dispositivo per tostatura\/cottura A 151600 - Elektrofachmarkt Fontana Meran","og_description":"Dettagli prodotto:  Dispositivo per tostatura \/ cottura al forno, doppio  Fonte di calore: Riscaldatore radiante al quarzo  Impostazione oraria: da 0 a 15 min.  Materiale: Acciaio Inox  Peso: 10,3 kg  Misure esterne in cm (A\/L\/P): 40,5 \/ 40 \/ 37    \u25ba Maggiori informazioni sui prodotti Bartscher   Disponibile","og_url":"https:\/\/elektro-fontana.com\/it\/produkt\/bartscher-heissluft-ofen-at-110-kopie\/","og_site_name":"Elektrofachmarkt Fontana Meran","article_modified_time":"2023-09-13T09:25:27+00:00","og_image":[{"width":1000,"height":1000,"url":"https:\/\/elektro-fontana.com\/shop\/wp-content\/uploads\/2022\/07\/Bartscher-Toastgeraet-A151600-01.jpg","type":"image\/jpeg"}],"twitter_card":"summary_large_image","schema":{"@context":"https:\/\/schema.org","@graph":[{"@type":"WebPage","@id":"https:\/\/elektro-fontana.com\/it\/produkt\/bartscher-heissluft-ofen-at-110-kopie\/","url":"https:\/\/elektro-fontana.com\/it\/produkt\/bartscher-heissluft-ofen-at-110-kopie\/","name":"Bartscher Dispositivo per tostatura\/cottura A 151600 - Elektrofachmarkt Fontana Meran","isPartOf":{"@id":"https:\/\/elektro-fontana.com\/#website"},"primaryImageOfPage":{"@id":"https:\/\/elektro-fontana.com\/it\/produkt\/bartscher-heissluft-ofen-at-110-kopie\/#primaryimage"},"image":{"@id":"https:\/\/elektro-fontana.com\/it\/produkt\/bartscher-heissluft-ofen-at-110-kopie\/#primaryimage"},"thumbnailUrl":"https:\/\/elektro-fontana.com\/shop\/wp-content\/uploads\/2022\/07\/Bartscher-Toastgeraet-A151600-01.jpg","datePublished":"2022-07-08T09:25:26+00:00","dateModified":"2023-09-13T09:25:27+00:00","breadcrumb":{"@id":"https:\/\/elektro-fontana.com\/it\/produkt\/bartscher-heissluft-ofen-at-110-kopie\/#breadcrumb"},"inLanguage":"it-IT","potentialAction":[{"@type":"ReadAction","target":["https:\/\/elektro-fontana.com\/it\/produkt\/bartscher-heissluft-ofen-at-110-kopie\/"]}]},{"@type":"ImageObject","inLanguage":"it-IT","@id":"https:\/\/elektro-fontana.com\/it\/produkt\/bartscher-heissluft-ofen-at-110-kopie\/#primaryimage","url":"https:\/\/elektro-fontana.com\/shop\/wp-content\/uploads\/2022\/07\/Bartscher-Toastgeraet-A151600-01.jpg","contentUrl":"https:\/\/elektro-fontana.com\/shop\/wp-content\/uploads\/2022\/07\/Bartscher-Toastgeraet-A151600-01.jpg","width":1000,"height":1000},{"@type":"BreadcrumbList","@id":"https:\/\/elektro-fontana.com\/it\/produkt\/bartscher-heissluft-ofen-at-110-kopie\/#breadcrumb","itemListElement":[{"@type":"ListItem","position":1,"name":"Startseite","item":"https:\/\/elektro-fontana.com\/it\/"},{"@type":"ListItem","position":2,"name":"Onlineshop","item":"https:\/\/elektro-fontana.com\/it\/shop\/"},{"@type":"ListItem","position":3,"name":"Bartscher Dispositivo per tostatura\/cottura A 151600"}]},{"@type":"WebSite","@id":"https:\/\/elektro-fontana.com\/#website","url":"https:\/\/elektro-fontana.com\/","name":"Elektrofachmarkt Fontana Meran","description":"Bei uns finden Sie die wahrscheinlich gr\u00f6\u00dfte Auswahl an hochwertigen Elektroger\u00e4ten in und um Meran, sowie die beste pers\u00f6nliche Beratung","potentialAction":[{"@type":"SearchAction","target":{"@type":"EntryPoint","urlTemplate":"https:\/\/elektro-fontana.com\/?s={search_term_string}"},"query-input":{"@type":"PropertyValueSpecification","valueRequired":true,"valueName":"search_term_string"}}],"inLanguage":"it-IT"}]}},"_links":{"self":[{"href":"https:\/\/elektro-fontana.com\/it\/wp-json\/wp\/v2\/product\/3440","targetHints":{"allow":["GET"]}}],"collection":[{"href":"https:\/\/elektro-fontana.com\/it\/wp-json\/wp\/v2\/product"}],"about":[{"href":"https:\/\/elektro-fontana.com\/it\/wp-json\/wp\/v2\/types\/product"}],"replies":[{"embeddable":true,"href":"https:\/\/elektro-fontana.com\/it\/wp-json\/wp\/v2\/comments?post=3440"}],"wp:featuredmedia":[{"embeddable":true,"href":"https:\/\/elektro-fontana.com\/it\/wp-json\/wp\/v2\/media\/2558"}],"wp:attachment":[{"href":"https:\/\/elektro-fontana.com\/it\/wp-json\/wp\/v2\/media?parent=3440"}],"wp:term":[{"taxonomy":"product_brand","embeddable":true,"href":"https:\/\/elektro-fontana.com\/it\/wp-json\/wp\/v2\/product_brand?post=3440"},{"taxonomy":"product_cat","embeddable":true,"href":"https:\/\/elektro-fontana.com\/it\/wp-json\/wp\/v2\/product_cat?post=3440"},{"taxonomy":"product_tag","embeddable":true,"href":"https:\/\/elektro-fontana.com\/it\/wp-json\/wp\/v2\/product_tag?post=3440"}],"curies":[{"name":"wp","href":"https:\/\/api.w.org\/{rel}","templated":true}]}}