{"id":3366,"date":"2022-07-05T11:01:29","date_gmt":"2022-07-05T09:01:29","guid":{"rendered":"https:\/\/elektro-fontana.com\/produkt\/sistema-di-monitoraggio-fornelli-elsa-sgk5010\/"},"modified":"2024-11-15T08:38:52","modified_gmt":"2024-11-15T07:38:52","slug":"elsa-sgk5010-herdueberwachung","status":"publish","type":"product","link":"https:\/\/elektro-fontana.com\/it\/produkt\/elsa-sgk5010-herdueberwachung\/","title":{"rendered":"Sistema di monitoraggio fornelli Elsa SGK5010"},"content":{"rendered":"","protected":false},"excerpt":{"rendered":"<h3><span style=\"color: #e5322d;\">Vivere in \u200b\u200bsicurezza e in autonomia &#8211;<\/span><br \/>\n<span style=\"color: #e5322d;\">nelle proprie case e nelle strutture abitative per anziani<\/span><\/h3>\n<hr \/>\n<table style=\"height: 65px;\" width=\"502\">\n<tbody>\n<tr>\n<td bgcolor=\"#e5322d\">\n<h6><span style=\"color: #ffffff;\">Il sistema di monitoraggio dei fornelli Elsa crea sicurezza in cucina e quindi una buona sensazione. Il sistema di protezione dei fornelli funziona in background durante ogni processo di cottura e impedisce in modo affidabile l&#8217;innesco di incendi in cucina, soddisfacendo cos\u00ec i requisiti della norma europea DIN EN 50615 (categoria B), che riguarda la sicurezza antincendio degli apparecchi di cottura. <\/span><\/h6>\n<\/td>\n<\/tr>\n<\/tbody>\n<\/table>\n<h3><\/h3>\n<table>\n<tbody>\n<tr>\n<td bgcolor=\"#ececed\">\n<h6><span style=\"color: #000000;\"><span style=\"color: #bd0926;\">\u25ba<\/span> Monitoraggio della temperatura del fornello in relazione allo sviluppo critico di calore<br \/>\n<span style=\"color: #bd0926;\">\u25ba<\/span> Spegnimento automatico del fornello quando si accumula calore critico<br \/>\n<span style=\"color: #bd0926;\">\u25ba<\/span> Monitoraggio del collegamento tra sensore di calore e unit\u00e0 di controllo<br \/>\n<span style=\"color: #bd0926;\">\u25ba<\/span> Segnalazione visiva e acustica dello stato del sistema tramite LED e segnale acustico<\/span><\/h6>\n<\/td>\n<\/tr>\n<\/tbody>\n<\/table>\n<p><a href=\"https:\/\/elektro-fontana.com\/shop\/wp-content\/uploads\/2022\/07\/Elsa-SGK5010-Brochuere.pdf\" target=\"_blank\" rel=\"noopener\"><img loading=\"lazy\" decoding=\"async\" class=\"alignnone wp-image-1520\" src=\"https:\/\/elektro-fontana.com\/shop\/wp-content\/uploads\/2022\/07\/Elsa-SGK5010-PDF2.jpg\" alt=\"\" width=\"118\" height=\"159\" \/><\/a> \u00a0\u00a0<strong><a href=\"https:\/\/elektro-fontana.com\/shop\/wp-content\/uploads\/2022\/07\/Elsa-SGK5010-Brochuere.pdf\" target=\"_blank\" rel=\"noopener\"><span style=\"color: #e5322d;\"><u>Scarica la brochure (in lingua tedesca)<\/u><\/span><\/a><\/strong><\/p>\n<hr \/>\n<p>&nbsp;<\/p>\n","protected":false},"featured_media":3369,"comment_status":"closed","ping_status":"closed","template":"","meta":[],"product_brand":[],"product_cat":[122,530,141,145],"product_tag":[],"class_list":{"0":"post-3366","1":"product","2":"type-product","3":"status-publish","4":"has-post-thumbnail","6":"product_cat-da-incasso","7":"product_cat-elsa-it","8":"product_cat-piani-cottura","9":"product_cat-sicurezza-forni-e-piani-cottura-elsa","11":"first","12":"instock","13":"shipping-taxable","14":"product-type-simple"},"yoast_head":"<!-- This site is optimized with the Yoast SEO plugin v27.3 - https:\/\/yoast.com\/product\/yoast-seo-wordpress\/ -->\n<title>Sistema di monitoraggio fornelli Elsa SGK5010 - Elektrofachmarkt Fontana Meran<\/title>\n<meta name=\"robots\" content=\"index, follow, max-snippet:-1, max-image-preview:large, max-video-preview:-1\" \/>\n<link rel=\"canonical\" href=\"https:\/\/elektro-fontana.com\/it\/produkt\/elsa-sgk5010-herdueberwachung\/\" \/>\n<meta property=\"og:locale\" content=\"it_IT\" \/>\n<meta property=\"og:type\" content=\"article\" \/>\n<meta property=\"og:title\" content=\"Sistema di monitoraggio fornelli Elsa SGK5010 - Elektrofachmarkt Fontana Meran\" \/>\n<meta property=\"og:description\" content=\"Vivere in \u200b\u200bsicurezza e in autonomia - nelle proprie case e nelle strutture abitative per anziani        Il sistema di monitoraggio dei fornelli Elsa crea sicurezza in cucina e quindi una buona sensazione. Il sistema di protezione dei fornelli funziona in background durante ogni processo di cottura e impedisce in modo affidabile l&#039;innesco di incendi in cucina, soddisfacendo cos\u00ec i requisiti della norma europea DIN EN 50615 (categoria B), che riguarda la sicurezza antincendio degli apparecchi di cottura.           \u25ba Monitoraggio della temperatura del fornello in relazione allo sviluppo critico di calore \u25ba Spegnimento automatico del fornello quando si accumula calore critico \u25ba Monitoraggio del collegamento tra sensore di calore e unit\u00e0 di controllo \u25ba Segnalazione visiva e acustica dello stato del sistema tramite LED e segnale acustico      \u00a0\u00a0Scarica la brochure (in lingua tedesca)    &nbsp;\" \/>\n<meta property=\"og:url\" content=\"https:\/\/elektro-fontana.com\/it\/produkt\/elsa-sgk5010-herdueberwachung\/\" \/>\n<meta property=\"og:site_name\" content=\"Elektrofachmarkt Fontana Meran\" \/>\n<meta property=\"article:modified_time\" content=\"2024-11-15T07:38:52+00:00\" \/>\n<meta property=\"og:image\" content=\"https:\/\/elektro-fontana.com\/shop\/wp-content\/uploads\/2022\/07\/Elsa-SGK5010-Herdueberwachung-01-it-1.jpg\" \/>\n\t<meta property=\"og:image:width\" content=\"1000\" \/>\n\t<meta property=\"og:image:height\" content=\"1000\" \/>\n\t<meta property=\"og:image:type\" content=\"image\/jpeg\" \/>\n<meta name=\"twitter:card\" content=\"summary_large_image\" \/>\n<script type=\"application\/ld+json\" class=\"yoast-schema-graph\">{\"@context\":\"https:\\\/\\\/schema.org\",\"@graph\":[{\"@type\":\"WebPage\",\"@id\":\"https:\\\/\\\/elektro-fontana.com\\\/it\\\/produkt\\\/elsa-sgk5010-herdueberwachung\\\/\",\"url\":\"https:\\\/\\\/elektro-fontana.com\\\/it\\\/produkt\\\/elsa-sgk5010-herdueberwachung\\\/\",\"name\":\"Sistema di monitoraggio fornelli Elsa SGK5010 - Elektrofachmarkt Fontana Meran\",\"isPartOf\":{\"@id\":\"https:\\\/\\\/elektro-fontana.com\\\/#website\"},\"primaryImageOfPage\":{\"@id\":\"https:\\\/\\\/elektro-fontana.com\\\/it\\\/produkt\\\/elsa-sgk5010-herdueberwachung\\\/#primaryimage\"},\"image\":{\"@id\":\"https:\\\/\\\/elektro-fontana.com\\\/it\\\/produkt\\\/elsa-sgk5010-herdueberwachung\\\/#primaryimage\"},\"thumbnailUrl\":\"https:\\\/\\\/elektro-fontana.com\\\/shop\\\/wp-content\\\/uploads\\\/2022\\\/07\\\/Elsa-SGK5010-Herdueberwachung-01-it-1.jpg\",\"datePublished\":\"2022-07-05T09:01:29+00:00\",\"dateModified\":\"2024-11-15T07:38:52+00:00\",\"breadcrumb\":{\"@id\":\"https:\\\/\\\/elektro-fontana.com\\\/it\\\/produkt\\\/elsa-sgk5010-herdueberwachung\\\/#breadcrumb\"},\"inLanguage\":\"it-IT\",\"potentialAction\":[{\"@type\":\"ReadAction\",\"target\":[\"https:\\\/\\\/elektro-fontana.com\\\/it\\\/produkt\\\/elsa-sgk5010-herdueberwachung\\\/\"]}]},{\"@type\":\"ImageObject\",\"inLanguage\":\"it-IT\",\"@id\":\"https:\\\/\\\/elektro-fontana.com\\\/it\\\/produkt\\\/elsa-sgk5010-herdueberwachung\\\/#primaryimage\",\"url\":\"https:\\\/\\\/elektro-fontana.com\\\/shop\\\/wp-content\\\/uploads\\\/2022\\\/07\\\/Elsa-SGK5010-Herdueberwachung-01-it-1.jpg\",\"contentUrl\":\"https:\\\/\\\/elektro-fontana.com\\\/shop\\\/wp-content\\\/uploads\\\/2022\\\/07\\\/Elsa-SGK5010-Herdueberwachung-01-it-1.jpg\",\"width\":1000,\"height\":1000},{\"@type\":\"BreadcrumbList\",\"@id\":\"https:\\\/\\\/elektro-fontana.com\\\/it\\\/produkt\\\/elsa-sgk5010-herdueberwachung\\\/#breadcrumb\",\"itemListElement\":[{\"@type\":\"ListItem\",\"position\":1,\"name\":\"Startseite\",\"item\":\"https:\\\/\\\/elektro-fontana.com\\\/it\\\/\"},{\"@type\":\"ListItem\",\"position\":2,\"name\":\"Onlineshop\",\"item\":\"https:\\\/\\\/elektro-fontana.com\\\/it\\\/shop\\\/\"},{\"@type\":\"ListItem\",\"position\":3,\"name\":\"Sistema di monitoraggio fornelli Elsa SGK5010\"}]},{\"@type\":\"WebSite\",\"@id\":\"https:\\\/\\\/elektro-fontana.com\\\/#website\",\"url\":\"https:\\\/\\\/elektro-fontana.com\\\/\",\"name\":\"Elektrofachmarkt Fontana Meran\",\"description\":\"Bei uns finden Sie die wahrscheinlich gr\u00f6\u00dfte Auswahl an hochwertigen Elektroger\u00e4ten in und um Meran, sowie die beste pers\u00f6nliche Beratung\",\"potentialAction\":[{\"@type\":\"SearchAction\",\"target\":{\"@type\":\"EntryPoint\",\"urlTemplate\":\"https:\\\/\\\/elektro-fontana.com\\\/?s={search_term_string}\"},\"query-input\":{\"@type\":\"PropertyValueSpecification\",\"valueRequired\":true,\"valueName\":\"search_term_string\"}}],\"inLanguage\":\"it-IT\"}]}<\/script>\n<!-- \/ Yoast SEO plugin. -->","yoast_head_json":{"title":"Sistema di monitoraggio fornelli Elsa SGK5010 - Elektrofachmarkt Fontana Meran","robots":{"index":"index","follow":"follow","max-snippet":"max-snippet:-1","max-image-preview":"max-image-preview:large","max-video-preview":"max-video-preview:-1"},"canonical":"https:\/\/elektro-fontana.com\/it\/produkt\/elsa-sgk5010-herdueberwachung\/","og_locale":"it_IT","og_type":"article","og_title":"Sistema di monitoraggio fornelli Elsa SGK5010 - Elektrofachmarkt Fontana Meran","og_description":"Vivere in \u200b\u200bsicurezza e in autonomia - nelle proprie case e nelle strutture abitative per anziani        Il sistema di monitoraggio dei fornelli Elsa crea sicurezza in cucina e quindi una buona sensazione. Il sistema di protezione dei fornelli funziona in background durante ogni processo di cottura e impedisce in modo affidabile l'innesco di incendi in cucina, soddisfacendo cos\u00ec i requisiti della norma europea DIN EN 50615 (categoria B), che riguarda la sicurezza antincendio degli apparecchi di cottura.           \u25ba Monitoraggio della temperatura del fornello in relazione allo sviluppo critico di calore \u25ba Spegnimento automatico del fornello quando si accumula calore critico \u25ba Monitoraggio del collegamento tra sensore di calore e unit\u00e0 di controllo \u25ba Segnalazione visiva e acustica dello stato del sistema tramite LED e segnale acustico      \u00a0\u00a0Scarica la brochure (in lingua tedesca)    &nbsp;","og_url":"https:\/\/elektro-fontana.com\/it\/produkt\/elsa-sgk5010-herdueberwachung\/","og_site_name":"Elektrofachmarkt Fontana Meran","article_modified_time":"2024-11-15T07:38:52+00:00","og_image":[{"width":1000,"height":1000,"url":"https:\/\/elektro-fontana.com\/shop\/wp-content\/uploads\/2022\/07\/Elsa-SGK5010-Herdueberwachung-01-it-1.jpg","type":"image\/jpeg"}],"twitter_card":"summary_large_image","schema":{"@context":"https:\/\/schema.org","@graph":[{"@type":"WebPage","@id":"https:\/\/elektro-fontana.com\/it\/produkt\/elsa-sgk5010-herdueberwachung\/","url":"https:\/\/elektro-fontana.com\/it\/produkt\/elsa-sgk5010-herdueberwachung\/","name":"Sistema di monitoraggio fornelli Elsa SGK5010 - Elektrofachmarkt Fontana Meran","isPartOf":{"@id":"https:\/\/elektro-fontana.com\/#website"},"primaryImageOfPage":{"@id":"https:\/\/elektro-fontana.com\/it\/produkt\/elsa-sgk5010-herdueberwachung\/#primaryimage"},"image":{"@id":"https:\/\/elektro-fontana.com\/it\/produkt\/elsa-sgk5010-herdueberwachung\/#primaryimage"},"thumbnailUrl":"https:\/\/elektro-fontana.com\/shop\/wp-content\/uploads\/2022\/07\/Elsa-SGK5010-Herdueberwachung-01-it-1.jpg","datePublished":"2022-07-05T09:01:29+00:00","dateModified":"2024-11-15T07:38:52+00:00","breadcrumb":{"@id":"https:\/\/elektro-fontana.com\/it\/produkt\/elsa-sgk5010-herdueberwachung\/#breadcrumb"},"inLanguage":"it-IT","potentialAction":[{"@type":"ReadAction","target":["https:\/\/elektro-fontana.com\/it\/produkt\/elsa-sgk5010-herdueberwachung\/"]}]},{"@type":"ImageObject","inLanguage":"it-IT","@id":"https:\/\/elektro-fontana.com\/it\/produkt\/elsa-sgk5010-herdueberwachung\/#primaryimage","url":"https:\/\/elektro-fontana.com\/shop\/wp-content\/uploads\/2022\/07\/Elsa-SGK5010-Herdueberwachung-01-it-1.jpg","contentUrl":"https:\/\/elektro-fontana.com\/shop\/wp-content\/uploads\/2022\/07\/Elsa-SGK5010-Herdueberwachung-01-it-1.jpg","width":1000,"height":1000},{"@type":"BreadcrumbList","@id":"https:\/\/elektro-fontana.com\/it\/produkt\/elsa-sgk5010-herdueberwachung\/#breadcrumb","itemListElement":[{"@type":"ListItem","position":1,"name":"Startseite","item":"https:\/\/elektro-fontana.com\/it\/"},{"@type":"ListItem","position":2,"name":"Onlineshop","item":"https:\/\/elektro-fontana.com\/it\/shop\/"},{"@type":"ListItem","position":3,"name":"Sistema di monitoraggio fornelli Elsa SGK5010"}]},{"@type":"WebSite","@id":"https:\/\/elektro-fontana.com\/#website","url":"https:\/\/elektro-fontana.com\/","name":"Elektrofachmarkt Fontana Meran","description":"Bei uns finden Sie die wahrscheinlich gr\u00f6\u00dfte Auswahl an hochwertigen Elektroger\u00e4ten in und um Meran, sowie die beste pers\u00f6nliche Beratung","potentialAction":[{"@type":"SearchAction","target":{"@type":"EntryPoint","urlTemplate":"https:\/\/elektro-fontana.com\/?s={search_term_string}"},"query-input":{"@type":"PropertyValueSpecification","valueRequired":true,"valueName":"search_term_string"}}],"inLanguage":"it-IT"}]}},"_links":{"self":[{"href":"https:\/\/elektro-fontana.com\/it\/wp-json\/wp\/v2\/product\/3366","targetHints":{"allow":["GET"]}}],"collection":[{"href":"https:\/\/elektro-fontana.com\/it\/wp-json\/wp\/v2\/product"}],"about":[{"href":"https:\/\/elektro-fontana.com\/it\/wp-json\/wp\/v2\/types\/product"}],"replies":[{"embeddable":true,"href":"https:\/\/elektro-fontana.com\/it\/wp-json\/wp\/v2\/comments?post=3366"}],"wp:featuredmedia":[{"embeddable":true,"href":"https:\/\/elektro-fontana.com\/it\/wp-json\/wp\/v2\/media\/3369"}],"wp:attachment":[{"href":"https:\/\/elektro-fontana.com\/it\/wp-json\/wp\/v2\/media?parent=3366"}],"wp:term":[{"taxonomy":"product_brand","embeddable":true,"href":"https:\/\/elektro-fontana.com\/it\/wp-json\/wp\/v2\/product_brand?post=3366"},{"taxonomy":"product_cat","embeddable":true,"href":"https:\/\/elektro-fontana.com\/it\/wp-json\/wp\/v2\/product_cat?post=3366"},{"taxonomy":"product_tag","embeddable":true,"href":"https:\/\/elektro-fontana.com\/it\/wp-json\/wp\/v2\/product_tag?post=3366"}],"curies":[{"name":"wp","href":"https:\/\/api.w.org\/{rel}","templated":true}]}}