{"id":3349,"date":"2022-06-30T08:20:20","date_gmt":"2022-06-30T06:20:20","guid":{"rendered":"https:\/\/elektro-fontana.com\/produkt\/nivona-macchine-da-caffe-superautomatiche\/"},"modified":"2026-01-27T08:30:47","modified_gmt":"2026-01-27T07:30:47","slug":"nivona-vollautomaten","status":"publish","type":"product","link":"https:\/\/elektro-fontana.com\/it\/produkt\/nivona-vollautomaten\/","title":{"rendered":"Nivona Macchine da caff\u00e8 superautomatiche"},"content":{"rendered":"","protected":false},"excerpt":{"rendered":"<table style=\"height: 87px;\" width=\"615\" bgcolor=\"#e4022e\">\n<tbody>\n<tr>\n<td bgcolor=\"#e4022e\">\n<h3><span style=\"color: #ffffff;\">Il gusto, il funzionamento intuitivo, la massima facilit\u00e0 di cura e il servizio corretto, sono le cose che trasformano un bevitore di caff\u00e8 in un amante di NIVONA.<\/span><\/h3>\n<\/td>\n<\/tr>\n<\/tbody>\n<\/table>\n<p>&nbsp;<\/p>\n<table style=\"height: 25px;\" width=\"477\" bgcolor=\"#e4022e\">\n<tbody>\n<tr>\n<td bgcolor=\"#3c315b\">\n<h4><span style=\"color: #ffffff;\">Abbiamo un nostro servizio clienti e di riparazione.<\/span><\/h4>\n<\/td>\n<\/tr>\n<\/tbody>\n<\/table>\n<p><strong><a style=\"color: #000080;\" href=\"https:\/\/elektro-fontana.com\/shop\/wp-content\/uploads\/2022\/12\/Nivona-Hauptkatalog-25-26.pdf\" target=\"_blank\" rel=\"noopener\"><u>Qui aprite il catalogo principale Nivona (in lingua tedesca)<\/u><\/a><\/strong><\/p>\n<p>&nbsp;<\/p>\n<hr \/>\n<p>&nbsp;<\/p>\n","protected":false},"featured_media":2414,"comment_status":"closed","ping_status":"closed","template":"","meta":[],"product_brand":[],"product_cat":[160,164,335,154],"product_tag":[],"class_list":{"0":"post-3349","1":"product","2":"type-product","3":"status-publish","4":"has-post-thumbnail","6":"product_cat-macchine-da-caffe","7":"product_cat-macchine-da-caffe-superautomatiche","8":"product_cat-nivona-it","9":"product_cat-piccoli-elettrodomestici","11":"first","12":"instock","13":"shipping-taxable","14":"product-type-simple"},"yoast_head":"<!-- This site is optimized with the Yoast SEO plugin v27.4 - https:\/\/yoast.com\/product\/yoast-seo-wordpress\/ -->\n<title>Nivona Macchine da caff\u00e8 superautomatiche - Elektrofachmarkt Fontana Meran<\/title>\n<meta name=\"robots\" content=\"index, follow, max-snippet:-1, max-image-preview:large, max-video-preview:-1\" \/>\n<link rel=\"canonical\" href=\"https:\/\/elektro-fontana.com\/it\/produkt\/nivona-vollautomaten\/\" \/>\n<meta property=\"og:locale\" content=\"it_IT\" \/>\n<meta property=\"og:type\" content=\"article\" \/>\n<meta property=\"og:title\" content=\"Nivona Macchine da caff\u00e8 superautomatiche - Elektrofachmarkt Fontana Meran\" \/>\n<meta property=\"og:description\" content=\"Il gusto, il funzionamento intuitivo, la massima facilit\u00e0 di cura e il servizio corretto, sono le cose che trasformano un bevitore di caff\u00e8 in un amante di NIVONA.     &nbsp;     Abbiamo un nostro servizio clienti e di riparazione.     Qui aprite il catalogo principale Nivona (in lingua tedesca)  &nbsp;    &nbsp;\" \/>\n<meta property=\"og:url\" content=\"https:\/\/elektro-fontana.com\/it\/produkt\/nivona-vollautomaten\/\" \/>\n<meta property=\"og:site_name\" content=\"Elektrofachmarkt Fontana Meran\" \/>\n<meta property=\"article:modified_time\" content=\"2026-01-27T07:30:47+00:00\" \/>\n<meta property=\"og:image\" content=\"https:\/\/elektro-fontana.com\/shop\/wp-content\/uploads\/2022\/06\/Nivona-01.jpg\" \/>\n\t<meta property=\"og:image:width\" content=\"950\" \/>\n\t<meta property=\"og:image:height\" content=\"950\" \/>\n\t<meta property=\"og:image:type\" content=\"image\/jpeg\" \/>\n<meta name=\"twitter:card\" content=\"summary_large_image\" \/>\n<meta name=\"twitter:label1\" content=\"Tempo di lettura stimato\" \/>\n\t<meta name=\"twitter:data1\" content=\"1 minuto\" \/>\n<script type=\"application\/ld+json\" class=\"yoast-schema-graph\">{\"@context\":\"https:\\\/\\\/schema.org\",\"@graph\":[{\"@type\":\"WebPage\",\"@id\":\"https:\\\/\\\/elektro-fontana.com\\\/it\\\/produkt\\\/nivona-vollautomaten\\\/\",\"url\":\"https:\\\/\\\/elektro-fontana.com\\\/it\\\/produkt\\\/nivona-vollautomaten\\\/\",\"name\":\"Nivona Macchine da caff\u00e8 superautomatiche - Elektrofachmarkt Fontana Meran\",\"isPartOf\":{\"@id\":\"https:\\\/\\\/elektro-fontana.com\\\/#website\"},\"primaryImageOfPage\":{\"@id\":\"https:\\\/\\\/elektro-fontana.com\\\/it\\\/produkt\\\/nivona-vollautomaten\\\/#primaryimage\"},\"image\":{\"@id\":\"https:\\\/\\\/elektro-fontana.com\\\/it\\\/produkt\\\/nivona-vollautomaten\\\/#primaryimage\"},\"thumbnailUrl\":\"https:\\\/\\\/elektro-fontana.com\\\/shop\\\/wp-content\\\/uploads\\\/2022\\\/06\\\/Nivona-01.jpg\",\"datePublished\":\"2022-06-30T06:20:20+00:00\",\"dateModified\":\"2026-01-27T07:30:47+00:00\",\"breadcrumb\":{\"@id\":\"https:\\\/\\\/elektro-fontana.com\\\/it\\\/produkt\\\/nivona-vollautomaten\\\/#breadcrumb\"},\"inLanguage\":\"it-IT\",\"potentialAction\":[{\"@type\":\"ReadAction\",\"target\":[\"https:\\\/\\\/elektro-fontana.com\\\/it\\\/produkt\\\/nivona-vollautomaten\\\/\"]}]},{\"@type\":\"ImageObject\",\"inLanguage\":\"it-IT\",\"@id\":\"https:\\\/\\\/elektro-fontana.com\\\/it\\\/produkt\\\/nivona-vollautomaten\\\/#primaryimage\",\"url\":\"https:\\\/\\\/elektro-fontana.com\\\/shop\\\/wp-content\\\/uploads\\\/2022\\\/06\\\/Nivona-01.jpg\",\"contentUrl\":\"https:\\\/\\\/elektro-fontana.com\\\/shop\\\/wp-content\\\/uploads\\\/2022\\\/06\\\/Nivona-01.jpg\",\"width\":950,\"height\":950},{\"@type\":\"BreadcrumbList\",\"@id\":\"https:\\\/\\\/elektro-fontana.com\\\/it\\\/produkt\\\/nivona-vollautomaten\\\/#breadcrumb\",\"itemListElement\":[{\"@type\":\"ListItem\",\"position\":1,\"name\":\"Startseite\",\"item\":\"https:\\\/\\\/elektro-fontana.com\\\/it\\\/\"},{\"@type\":\"ListItem\",\"position\":2,\"name\":\"Onlineshop\",\"item\":\"https:\\\/\\\/elektro-fontana.com\\\/it\\\/shop\\\/\"},{\"@type\":\"ListItem\",\"position\":3,\"name\":\"Nivona Macchine da caff\u00e8 superautomatiche\"}]},{\"@type\":\"WebSite\",\"@id\":\"https:\\\/\\\/elektro-fontana.com\\\/#website\",\"url\":\"https:\\\/\\\/elektro-fontana.com\\\/\",\"name\":\"Elektrofachmarkt Fontana Meran\",\"description\":\"Bei uns finden Sie die wahrscheinlich gr\u00f6\u00dfte Auswahl an hochwertigen Elektroger\u00e4ten in und um Meran, sowie die beste pers\u00f6nliche Beratung\",\"potentialAction\":[{\"@type\":\"SearchAction\",\"target\":{\"@type\":\"EntryPoint\",\"urlTemplate\":\"https:\\\/\\\/elektro-fontana.com\\\/?s={search_term_string}\"},\"query-input\":{\"@type\":\"PropertyValueSpecification\",\"valueRequired\":true,\"valueName\":\"search_term_string\"}}],\"inLanguage\":\"it-IT\"}]}<\/script>\n<!-- \/ Yoast SEO plugin. -->","yoast_head_json":{"title":"Nivona Macchine da caff\u00e8 superautomatiche - Elektrofachmarkt Fontana Meran","robots":{"index":"index","follow":"follow","max-snippet":"max-snippet:-1","max-image-preview":"max-image-preview:large","max-video-preview":"max-video-preview:-1"},"canonical":"https:\/\/elektro-fontana.com\/it\/produkt\/nivona-vollautomaten\/","og_locale":"it_IT","og_type":"article","og_title":"Nivona Macchine da caff\u00e8 superautomatiche - Elektrofachmarkt Fontana Meran","og_description":"Il gusto, il funzionamento intuitivo, la massima facilit\u00e0 di cura e il servizio corretto, sono le cose che trasformano un bevitore di caff\u00e8 in un amante di NIVONA.     &nbsp;     Abbiamo un nostro servizio clienti e di riparazione.     Qui aprite il catalogo principale Nivona (in lingua tedesca)  &nbsp;    &nbsp;","og_url":"https:\/\/elektro-fontana.com\/it\/produkt\/nivona-vollautomaten\/","og_site_name":"Elektrofachmarkt Fontana Meran","article_modified_time":"2026-01-27T07:30:47+00:00","og_image":[{"width":950,"height":950,"url":"https:\/\/elektro-fontana.com\/shop\/wp-content\/uploads\/2022\/06\/Nivona-01.jpg","type":"image\/jpeg"}],"twitter_card":"summary_large_image","twitter_misc":{"Tempo di lettura stimato":"1 minuto"},"schema":{"@context":"https:\/\/schema.org","@graph":[{"@type":"WebPage","@id":"https:\/\/elektro-fontana.com\/it\/produkt\/nivona-vollautomaten\/","url":"https:\/\/elektro-fontana.com\/it\/produkt\/nivona-vollautomaten\/","name":"Nivona Macchine da caff\u00e8 superautomatiche - Elektrofachmarkt Fontana Meran","isPartOf":{"@id":"https:\/\/elektro-fontana.com\/#website"},"primaryImageOfPage":{"@id":"https:\/\/elektro-fontana.com\/it\/produkt\/nivona-vollautomaten\/#primaryimage"},"image":{"@id":"https:\/\/elektro-fontana.com\/it\/produkt\/nivona-vollautomaten\/#primaryimage"},"thumbnailUrl":"https:\/\/elektro-fontana.com\/shop\/wp-content\/uploads\/2022\/06\/Nivona-01.jpg","datePublished":"2022-06-30T06:20:20+00:00","dateModified":"2026-01-27T07:30:47+00:00","breadcrumb":{"@id":"https:\/\/elektro-fontana.com\/it\/produkt\/nivona-vollautomaten\/#breadcrumb"},"inLanguage":"it-IT","potentialAction":[{"@type":"ReadAction","target":["https:\/\/elektro-fontana.com\/it\/produkt\/nivona-vollautomaten\/"]}]},{"@type":"ImageObject","inLanguage":"it-IT","@id":"https:\/\/elektro-fontana.com\/it\/produkt\/nivona-vollautomaten\/#primaryimage","url":"https:\/\/elektro-fontana.com\/shop\/wp-content\/uploads\/2022\/06\/Nivona-01.jpg","contentUrl":"https:\/\/elektro-fontana.com\/shop\/wp-content\/uploads\/2022\/06\/Nivona-01.jpg","width":950,"height":950},{"@type":"BreadcrumbList","@id":"https:\/\/elektro-fontana.com\/it\/produkt\/nivona-vollautomaten\/#breadcrumb","itemListElement":[{"@type":"ListItem","position":1,"name":"Startseite","item":"https:\/\/elektro-fontana.com\/it\/"},{"@type":"ListItem","position":2,"name":"Onlineshop","item":"https:\/\/elektro-fontana.com\/it\/shop\/"},{"@type":"ListItem","position":3,"name":"Nivona Macchine da caff\u00e8 superautomatiche"}]},{"@type":"WebSite","@id":"https:\/\/elektro-fontana.com\/#website","url":"https:\/\/elektro-fontana.com\/","name":"Elektrofachmarkt Fontana Meran","description":"Bei uns finden Sie die wahrscheinlich gr\u00f6\u00dfte Auswahl an hochwertigen Elektroger\u00e4ten in und um Meran, sowie die beste pers\u00f6nliche Beratung","potentialAction":[{"@type":"SearchAction","target":{"@type":"EntryPoint","urlTemplate":"https:\/\/elektro-fontana.com\/?s={search_term_string}"},"query-input":{"@type":"PropertyValueSpecification","valueRequired":true,"valueName":"search_term_string"}}],"inLanguage":"it-IT"}]}},"_links":{"self":[{"href":"https:\/\/elektro-fontana.com\/it\/wp-json\/wp\/v2\/product\/3349","targetHints":{"allow":["GET"]}}],"collection":[{"href":"https:\/\/elektro-fontana.com\/it\/wp-json\/wp\/v2\/product"}],"about":[{"href":"https:\/\/elektro-fontana.com\/it\/wp-json\/wp\/v2\/types\/product"}],"replies":[{"embeddable":true,"href":"https:\/\/elektro-fontana.com\/it\/wp-json\/wp\/v2\/comments?post=3349"}],"wp:featuredmedia":[{"embeddable":true,"href":"https:\/\/elektro-fontana.com\/it\/wp-json\/wp\/v2\/media\/2414"}],"wp:attachment":[{"href":"https:\/\/elektro-fontana.com\/it\/wp-json\/wp\/v2\/media?parent=3349"}],"wp:term":[{"taxonomy":"product_brand","embeddable":true,"href":"https:\/\/elektro-fontana.com\/it\/wp-json\/wp\/v2\/product_brand?post=3349"},{"taxonomy":"product_cat","embeddable":true,"href":"https:\/\/elektro-fontana.com\/it\/wp-json\/wp\/v2\/product_cat?post=3349"},{"taxonomy":"product_tag","embeddable":true,"href":"https:\/\/elektro-fontana.com\/it\/wp-json\/wp\/v2\/product_tag?post=3349"}],"curies":[{"name":"wp","href":"https:\/\/api.w.org\/{rel}","templated":true}]}}