{"id":21374,"date":"2025-10-27T10:22:43","date_gmt":"2025-10-27T09:22:43","guid":{"rendered":"https:\/\/elektro-fontana.com\/?post_type=product&#038;p=21374"},"modified":"2025-11-03T10:11:24","modified_gmt":"2025-11-03T09:11:24","slug":"wilfa-probaker-timer-km2bs-t70","status":"publish","type":"product","link":"https:\/\/elektro-fontana.com\/it\/produkt\/wilfa-probaker-timer-km2bs-t70\/","title":{"rendered":"Wilfa Probaker Timer KM2BS-T70"},"content":{"rendered":"","protected":false},"excerpt":{"rendered":"<table style=\"height: 264px;\" width=\"436\">\n<tbody>\n<tr>\n<td>\n<h4><span style=\"color: #0f62ab;\"><strong>Dettagli prodotto:<\/strong><\/span><\/h4>\n<\/td>\n<td>\n<h4><span style=\"color: #0f62ab;\"><strong>Robot da cucina 5 Kg<\/strong><\/span><\/h4>\n<\/td>\n<\/tr>\n<tr>\n<td>Potenza massima:<\/td>\n<td>700 W<\/td>\n<\/tr>\n<tr>\n<td>Capacit\u00e0 ciotola:<\/td>\n<td>7 Litri \/ fino a 5 Kg di impasto<\/td>\n<\/tr>\n<tr>\n<td>Velocit\u00e0 di rotazione:<\/td>\n<td>min. 1130 \/ max. 5700  5700<\/td>\n<\/tr>\n<tr>\n<td>Materiale:<\/td>\n<td>Acciaio<\/td>\n<\/tr>\n<tr>\n<td>Colore:<\/td>\n<td>Nero<\/td>\n<\/tr>\n<tr>\n<td>Peso:<\/td>\n<td>14,5 Kg<\/td>\n<\/tr>\n<tr>\n<td>Misure esterne in cm (L\/A\/P):<\/td>\n<td>25 \/ 36 \/ 42,5<\/td>\n<\/tr>\n<\/tbody>\n<\/table>\n<p><video src=\"https:\/\/elektro-fontana.com\/shop\/wp-content\/uploads\/2025\/10\/Wilfa-Probaker-Timer-KM2BS-T70-01.mp4\" controls=\"controls\" width=\"280\" height=\"158\" data-mce-fragment=\"1\"><span data-mce-type=\"bookmark\" style=\"display: inline-block; width: 0px; overflow: hidden; line-height: 0;\" class=\"mce_SELRES_start\"><\/span><\/video>  <video src=\"https:\/\/elektro-fontana.com\/shop\/wp-content\/uploads\/2025\/10\/Wilfa-Probaker-Timer-KM2BS-T70-02.mp4\" controls=\"controls\" width=\"158\" height=\"158\"><span data-mce-type=\"bookmark\" style=\"display: inline-block; width: 0px; overflow: hidden; line-height: 0;\" class=\"mce_SELRES_start\"><\/span><\/video><\/p>\n<table>\n<tbody>\n<tr>\n<td bgcolor=\"#f0f0f0\">\n<h6><span style=\"color: #000000;\"><span style=\"color: #bd0926;\">\u25ba<\/span> <a href=\"https:\/\/wilfa.com\/de-de\/collections\/kuchenmaschine-de\/products\/probaker-timer-black\" target=\"_blank\" rel=\"noopener\">Link al prodotto &#8211; Wilfa DE<\/a><br \/>\n<\/span><\/h6>\n<\/td>\n<\/tr>\n<\/tbody>\n<\/table>\n<h3><strong><span style=\"color: #ff0000;\"><span style=\"color: #0f62ab;\">Disponibile<\/span><\/span><\/strong><\/h3>\n<hr>\n<h3><\/h3>\n","protected":false},"featured_media":21352,"comment_status":"closed","ping_status":"closed","template":"","meta":[],"product_brand":[],"product_cat":[165,176,154,167,572],"product_tag":[],"class_list":{"0":"post-21374","1":"product","2":"type-product","3":"status-publish","4":"has-post-thumbnail","6":"product_cat-apparecchi-da-cucina","7":"product_cat-offerte","8":"product_cat-piccoli-elettrodomestici","9":"product_cat-robot-da-cucina-sbattitori","10":"product_cat-wilfa-it","12":"first","13":"instock","14":"shipping-taxable","15":"purchasable","16":"product-type-simple"},"yoast_head":"<!-- This site is optimized with the Yoast SEO plugin v27.4 - https:\/\/yoast.com\/product\/yoast-seo-wordpress\/ -->\n<title>Wilfa Probaker Timer KM2BS-T70 - Elektrofachmarkt Fontana Meran<\/title>\n<meta name=\"robots\" content=\"index, follow, max-snippet:-1, max-image-preview:large, max-video-preview:-1\" \/>\n<link rel=\"canonical\" href=\"https:\/\/elektro-fontana.com\/it\/produkt\/wilfa-probaker-timer-km2bs-t70\/\" \/>\n<meta property=\"og:locale\" content=\"it_IT\" \/>\n<meta property=\"og:type\" content=\"article\" \/>\n<meta property=\"og:title\" content=\"Wilfa Probaker Timer KM2BS-T70 - Elektrofachmarkt Fontana Meran\" \/>\n<meta property=\"og:description\" content=\"Dettagli prodotto:  Robot da cucina 5 Kg  Potenza massima: 700 W  Capacit\u00e0 ciotola: 7 Litri \/ fino a 5 Kg di impasto  Velocit\u00e0 di rotazione: min. 1130 \/ max. 5700 5700  Materiale: Acciaio  Colore: Nero  Peso: 14,5 Kg  Misure esterne in cm (L\/A\/P): 25 \/ 36 \/ 42,5      \u25ba Link al prodotto - Wilfa DE   Disponibile\" \/>\n<meta property=\"og:url\" content=\"https:\/\/elektro-fontana.com\/it\/produkt\/wilfa-probaker-timer-km2bs-t70\/\" \/>\n<meta property=\"og:site_name\" content=\"Elektrofachmarkt Fontana Meran\" \/>\n<meta property=\"article:modified_time\" content=\"2025-11-03T09:11:24+00:00\" \/>\n<meta property=\"og:image\" content=\"https:\/\/elektro-fontana.com\/shop\/wp-content\/uploads\/2025\/10\/Wilfa-Probaker-Timer-KM2BS-T70-01.jpg\" \/>\n\t<meta property=\"og:image:width\" content=\"1000\" \/>\n\t<meta property=\"og:image:height\" content=\"1000\" \/>\n\t<meta property=\"og:image:type\" content=\"image\/jpeg\" \/>\n<meta name=\"twitter:card\" content=\"summary_large_image\" \/>\n<meta name=\"twitter:label1\" content=\"Tempo di lettura stimato\" \/>\n\t<meta name=\"twitter:data1\" content=\"1 minuto\" \/>\n<script type=\"application\/ld+json\" class=\"yoast-schema-graph\">{\"@context\":\"https:\\\/\\\/schema.org\",\"@graph\":[{\"@type\":\"WebPage\",\"@id\":\"https:\\\/\\\/elektro-fontana.com\\\/it\\\/produkt\\\/wilfa-probaker-timer-km2bs-t70\\\/\",\"url\":\"https:\\\/\\\/elektro-fontana.com\\\/it\\\/produkt\\\/wilfa-probaker-timer-km2bs-t70\\\/\",\"name\":\"Wilfa Probaker Timer KM2BS-T70 - Elektrofachmarkt Fontana Meran\",\"isPartOf\":{\"@id\":\"https:\\\/\\\/elektro-fontana.com\\\/#website\"},\"primaryImageOfPage\":{\"@id\":\"https:\\\/\\\/elektro-fontana.com\\\/it\\\/produkt\\\/wilfa-probaker-timer-km2bs-t70\\\/#primaryimage\"},\"image\":{\"@id\":\"https:\\\/\\\/elektro-fontana.com\\\/it\\\/produkt\\\/wilfa-probaker-timer-km2bs-t70\\\/#primaryimage\"},\"thumbnailUrl\":\"https:\\\/\\\/elektro-fontana.com\\\/shop\\\/wp-content\\\/uploads\\\/2025\\\/10\\\/Wilfa-Probaker-Timer-KM2BS-T70-01.jpg\",\"datePublished\":\"2025-10-27T09:22:43+00:00\",\"dateModified\":\"2025-11-03T09:11:24+00:00\",\"breadcrumb\":{\"@id\":\"https:\\\/\\\/elektro-fontana.com\\\/it\\\/produkt\\\/wilfa-probaker-timer-km2bs-t70\\\/#breadcrumb\"},\"inLanguage\":\"it-IT\",\"potentialAction\":[{\"@type\":\"ReadAction\",\"target\":[\"https:\\\/\\\/elektro-fontana.com\\\/it\\\/produkt\\\/wilfa-probaker-timer-km2bs-t70\\\/\"]}]},{\"@type\":\"ImageObject\",\"inLanguage\":\"it-IT\",\"@id\":\"https:\\\/\\\/elektro-fontana.com\\\/it\\\/produkt\\\/wilfa-probaker-timer-km2bs-t70\\\/#primaryimage\",\"url\":\"https:\\\/\\\/elektro-fontana.com\\\/shop\\\/wp-content\\\/uploads\\\/2025\\\/10\\\/Wilfa-Probaker-Timer-KM2BS-T70-01.jpg\",\"contentUrl\":\"https:\\\/\\\/elektro-fontana.com\\\/shop\\\/wp-content\\\/uploads\\\/2025\\\/10\\\/Wilfa-Probaker-Timer-KM2BS-T70-01.jpg\",\"width\":1000,\"height\":1000},{\"@type\":\"BreadcrumbList\",\"@id\":\"https:\\\/\\\/elektro-fontana.com\\\/it\\\/produkt\\\/wilfa-probaker-timer-km2bs-t70\\\/#breadcrumb\",\"itemListElement\":[{\"@type\":\"ListItem\",\"position\":1,\"name\":\"Startseite\",\"item\":\"https:\\\/\\\/elektro-fontana.com\\\/it\\\/\"},{\"@type\":\"ListItem\",\"position\":2,\"name\":\"Onlineshop\",\"item\":\"https:\\\/\\\/elektro-fontana.com\\\/it\\\/shop\\\/\"},{\"@type\":\"ListItem\",\"position\":3,\"name\":\"Wilfa Probaker Timer KM2BS-T70\"}]},{\"@type\":\"WebSite\",\"@id\":\"https:\\\/\\\/elektro-fontana.com\\\/#website\",\"url\":\"https:\\\/\\\/elektro-fontana.com\\\/\",\"name\":\"Elektrofachmarkt Fontana Meran\",\"description\":\"Bei uns finden Sie die wahrscheinlich gr\u00f6\u00dfte Auswahl an hochwertigen Elektroger\u00e4ten in und um Meran, sowie die beste pers\u00f6nliche Beratung\",\"potentialAction\":[{\"@type\":\"SearchAction\",\"target\":{\"@type\":\"EntryPoint\",\"urlTemplate\":\"https:\\\/\\\/elektro-fontana.com\\\/?s={search_term_string}\"},\"query-input\":{\"@type\":\"PropertyValueSpecification\",\"valueRequired\":true,\"valueName\":\"search_term_string\"}}],\"inLanguage\":\"it-IT\"}]}<\/script>\n<!-- \/ Yoast SEO plugin. -->","yoast_head_json":{"title":"Wilfa Probaker Timer KM2BS-T70 - Elektrofachmarkt Fontana Meran","robots":{"index":"index","follow":"follow","max-snippet":"max-snippet:-1","max-image-preview":"max-image-preview:large","max-video-preview":"max-video-preview:-1"},"canonical":"https:\/\/elektro-fontana.com\/it\/produkt\/wilfa-probaker-timer-km2bs-t70\/","og_locale":"it_IT","og_type":"article","og_title":"Wilfa Probaker Timer KM2BS-T70 - Elektrofachmarkt Fontana Meran","og_description":"Dettagli prodotto:  Robot da cucina 5 Kg  Potenza massima: 700 W  Capacit\u00e0 ciotola: 7 Litri \/ fino a 5 Kg di impasto  Velocit\u00e0 di rotazione: min. 1130 \/ max. 5700 5700  Materiale: Acciaio  Colore: Nero  Peso: 14,5 Kg  Misure esterne in cm (L\/A\/P): 25 \/ 36 \/ 42,5      \u25ba Link al prodotto - Wilfa DE   Disponibile","og_url":"https:\/\/elektro-fontana.com\/it\/produkt\/wilfa-probaker-timer-km2bs-t70\/","og_site_name":"Elektrofachmarkt Fontana Meran","article_modified_time":"2025-11-03T09:11:24+00:00","og_image":[{"width":1000,"height":1000,"url":"https:\/\/elektro-fontana.com\/shop\/wp-content\/uploads\/2025\/10\/Wilfa-Probaker-Timer-KM2BS-T70-01.jpg","type":"image\/jpeg"}],"twitter_card":"summary_large_image","twitter_misc":{"Tempo di lettura stimato":"1 minuto"},"schema":{"@context":"https:\/\/schema.org","@graph":[{"@type":"WebPage","@id":"https:\/\/elektro-fontana.com\/it\/produkt\/wilfa-probaker-timer-km2bs-t70\/","url":"https:\/\/elektro-fontana.com\/it\/produkt\/wilfa-probaker-timer-km2bs-t70\/","name":"Wilfa Probaker Timer KM2BS-T70 - Elektrofachmarkt Fontana Meran","isPartOf":{"@id":"https:\/\/elektro-fontana.com\/#website"},"primaryImageOfPage":{"@id":"https:\/\/elektro-fontana.com\/it\/produkt\/wilfa-probaker-timer-km2bs-t70\/#primaryimage"},"image":{"@id":"https:\/\/elektro-fontana.com\/it\/produkt\/wilfa-probaker-timer-km2bs-t70\/#primaryimage"},"thumbnailUrl":"https:\/\/elektro-fontana.com\/shop\/wp-content\/uploads\/2025\/10\/Wilfa-Probaker-Timer-KM2BS-T70-01.jpg","datePublished":"2025-10-27T09:22:43+00:00","dateModified":"2025-11-03T09:11:24+00:00","breadcrumb":{"@id":"https:\/\/elektro-fontana.com\/it\/produkt\/wilfa-probaker-timer-km2bs-t70\/#breadcrumb"},"inLanguage":"it-IT","potentialAction":[{"@type":"ReadAction","target":["https:\/\/elektro-fontana.com\/it\/produkt\/wilfa-probaker-timer-km2bs-t70\/"]}]},{"@type":"ImageObject","inLanguage":"it-IT","@id":"https:\/\/elektro-fontana.com\/it\/produkt\/wilfa-probaker-timer-km2bs-t70\/#primaryimage","url":"https:\/\/elektro-fontana.com\/shop\/wp-content\/uploads\/2025\/10\/Wilfa-Probaker-Timer-KM2BS-T70-01.jpg","contentUrl":"https:\/\/elektro-fontana.com\/shop\/wp-content\/uploads\/2025\/10\/Wilfa-Probaker-Timer-KM2BS-T70-01.jpg","width":1000,"height":1000},{"@type":"BreadcrumbList","@id":"https:\/\/elektro-fontana.com\/it\/produkt\/wilfa-probaker-timer-km2bs-t70\/#breadcrumb","itemListElement":[{"@type":"ListItem","position":1,"name":"Startseite","item":"https:\/\/elektro-fontana.com\/it\/"},{"@type":"ListItem","position":2,"name":"Onlineshop","item":"https:\/\/elektro-fontana.com\/it\/shop\/"},{"@type":"ListItem","position":3,"name":"Wilfa Probaker Timer KM2BS-T70"}]},{"@type":"WebSite","@id":"https:\/\/elektro-fontana.com\/#website","url":"https:\/\/elektro-fontana.com\/","name":"Elektrofachmarkt Fontana Meran","description":"Bei uns finden Sie die wahrscheinlich gr\u00f6\u00dfte Auswahl an hochwertigen Elektroger\u00e4ten in und um Meran, sowie die beste pers\u00f6nliche Beratung","potentialAction":[{"@type":"SearchAction","target":{"@type":"EntryPoint","urlTemplate":"https:\/\/elektro-fontana.com\/?s={search_term_string}"},"query-input":{"@type":"PropertyValueSpecification","valueRequired":true,"valueName":"search_term_string"}}],"inLanguage":"it-IT"}]}},"_links":{"self":[{"href":"https:\/\/elektro-fontana.com\/it\/wp-json\/wp\/v2\/product\/21374","targetHints":{"allow":["GET"]}}],"collection":[{"href":"https:\/\/elektro-fontana.com\/it\/wp-json\/wp\/v2\/product"}],"about":[{"href":"https:\/\/elektro-fontana.com\/it\/wp-json\/wp\/v2\/types\/product"}],"replies":[{"embeddable":true,"href":"https:\/\/elektro-fontana.com\/it\/wp-json\/wp\/v2\/comments?post=21374"}],"wp:featuredmedia":[{"embeddable":true,"href":"https:\/\/elektro-fontana.com\/it\/wp-json\/wp\/v2\/media\/21352"}],"wp:attachment":[{"href":"https:\/\/elektro-fontana.com\/it\/wp-json\/wp\/v2\/media?parent=21374"}],"wp:term":[{"taxonomy":"product_brand","embeddable":true,"href":"https:\/\/elektro-fontana.com\/it\/wp-json\/wp\/v2\/product_brand?post=21374"},{"taxonomy":"product_cat","embeddable":true,"href":"https:\/\/elektro-fontana.com\/it\/wp-json\/wp\/v2\/product_cat?post=21374"},{"taxonomy":"product_tag","embeddable":true,"href":"https:\/\/elektro-fontana.com\/it\/wp-json\/wp\/v2\/product_tag?post=21374"}],"curies":[{"name":"wp","href":"https:\/\/api.w.org\/{rel}","templated":true}]}}