{"id":20999,"date":"2025-08-29T11:08:43","date_gmt":"2025-08-29T09:08:43","guid":{"rendered":"https:\/\/elektro-fontana.com\/?post_type=product&#038;p=20999"},"modified":"2026-02-04T09:11:44","modified_gmt":"2026-02-04T08:11:44","slug":"miele-wek375wcs-pwash-10kg","status":"publish","type":"product","link":"https:\/\/elektro-fontana.com\/it\/produkt\/miele-wek375wcs-pwash-10kg\/","title":{"rendered":"Miele WEK375WCS PWash 10kg"},"content":{"rendered":"","protected":false},"excerpt":{"rendered":"<table style=\"height: 213px;\" width=\"667\">\n<tbody>\n<tr>\n<td>\n<h4><span style=\"color: #0f62ab;\"><strong>Dettagli prodotto:<\/strong><\/span><\/h4>\n<\/td>\n<td>\n<h4><span style=\"color: #0f62ab;\"><strong>Lavatrice a carica frontale \/ W1 Chrome Edition<\/strong><\/span><\/h4>\n<\/td>\n<\/tr>\n<tr>\n<td>Classe Efficienza Energetica:<\/td>\n<td>A<\/td>\n<\/tr>\n<tr>\n<td>Capacit\u00e0 di carico:<\/td>\n<td>10 Kg<\/td>\n<\/tr>\n<tr>\n<td>Rumorosit\u00e0 centrifuga:<\/td>\n<td>71 dB(A)<\/td>\n<\/tr>\n<tr>\n<td>Velocit\u00e0 massima centrifuga:<\/td>\n<td>1.400 giri\/min.<\/td>\n<\/tr>\n<tr>\n<td>Tipo di installazione:<\/td>\n<td>Posizionabile a colonna, Side-by-Side, sottopiano<\/td>\n<\/tr>\n<tr>\n<td>Tipo di controllo:<\/td>\n<td>DirectSensor a 7 segmenti bianco<\/td>\n<\/tr>\n<tr>\n<td>Misure esterne in cm (A\/L\/P):<\/td>\n<td>85 \/ 59,6 \/ 63,6<\/td>\n<\/tr>\n<\/tbody>\n<\/table>\n<h3><strong><span style=\"color: #ff0000;\"><span style=\"color: #0f62ab;\">Disponibile &#8211; Prezzo su richiesta<\/span><\/span><\/strong><\/h3>\n<hr>\n<h3><\/h3>\n","protected":false},"featured_media":20987,"comment_status":"closed","ping_status":"closed","template":"","meta":[],"product_brand":[],"product_cat":[199,496,177,198,331],"product_tag":[],"class_list":{"0":"post-20999","1":"product","2":"type-product","3":"status-publish","4":"has-post-thumbnail","6":"product_cat-a-carica-frontale","7":"product_cat-a-carica-frontale-promozione-miele","8":"product_cat-bianco","9":"product_cat-lavatrici","10":"product_cat-miele-it","12":"first","13":"instock","14":"shipping-taxable","15":"product-type-simple"},"yoast_head":"<!-- This site is optimized with the Yoast SEO plugin v27.3 - https:\/\/yoast.com\/product\/yoast-seo-wordpress\/ -->\n<title>Miele WEK375WCS PWash 10kg - Elektrofachmarkt Fontana Meran<\/title>\n<meta name=\"robots\" content=\"index, follow, max-snippet:-1, max-image-preview:large, max-video-preview:-1\" \/>\n<link rel=\"canonical\" href=\"https:\/\/elektro-fontana.com\/it\/produkt\/miele-wek375wcs-pwash-10kg\/\" \/>\n<meta property=\"og:locale\" content=\"it_IT\" \/>\n<meta property=\"og:type\" content=\"article\" \/>\n<meta property=\"og:title\" content=\"Miele WEK375WCS PWash 10kg - Elektrofachmarkt Fontana Meran\" \/>\n<meta property=\"og:description\" content=\"Dettagli prodotto:  Lavatrice a carica frontale \/ W1 Chrome Edition  Classe Efficienza Energetica: A  Capacit\u00e0 di carico: 10 Kg  Rumorosit\u00e0 centrifuga: 71 dB(A)  Velocit\u00e0 massima centrifuga: 1.400 giri\/min.  Tipo di installazione: Posizionabile a colonna, Side-by-Side, sottopiano  Tipo di controllo: DirectSensor a 7 segmenti bianco  Misure esterne in cm (A\/L\/P): 85 \/ 59,6 \/ 63,6  Disponibile - Prezzo su richiesta\" \/>\n<meta property=\"og:url\" content=\"https:\/\/elektro-fontana.com\/it\/produkt\/miele-wek375wcs-pwash-10kg\/\" \/>\n<meta property=\"og:site_name\" content=\"Elektrofachmarkt Fontana Meran\" \/>\n<meta property=\"article:modified_time\" content=\"2026-02-04T08:11:44+00:00\" \/>\n<meta property=\"og:image\" content=\"https:\/\/elektro-fontana.com\/shop\/wp-content\/uploads\/2025\/08\/Miele-WEK-375-WPS-01.jpg\" \/>\n\t<meta property=\"og:image:width\" content=\"1000\" \/>\n\t<meta property=\"og:image:height\" content=\"1000\" \/>\n\t<meta property=\"og:image:type\" content=\"image\/jpeg\" \/>\n<meta name=\"twitter:card\" content=\"summary_large_image\" \/>\n<meta name=\"twitter:label1\" content=\"Tempo di lettura stimato\" \/>\n\t<meta name=\"twitter:data1\" content=\"1 minuto\" \/>\n<script type=\"application\/ld+json\" class=\"yoast-schema-graph\">{\"@context\":\"https:\\\/\\\/schema.org\",\"@graph\":[{\"@type\":\"WebPage\",\"@id\":\"https:\\\/\\\/elektro-fontana.com\\\/it\\\/produkt\\\/miele-wek375wcs-pwash-10kg\\\/\",\"url\":\"https:\\\/\\\/elektro-fontana.com\\\/it\\\/produkt\\\/miele-wek375wcs-pwash-10kg\\\/\",\"name\":\"Miele WEK375WCS PWash 10kg - Elektrofachmarkt Fontana Meran\",\"isPartOf\":{\"@id\":\"https:\\\/\\\/elektro-fontana.com\\\/#website\"},\"primaryImageOfPage\":{\"@id\":\"https:\\\/\\\/elektro-fontana.com\\\/it\\\/produkt\\\/miele-wek375wcs-pwash-10kg\\\/#primaryimage\"},\"image\":{\"@id\":\"https:\\\/\\\/elektro-fontana.com\\\/it\\\/produkt\\\/miele-wek375wcs-pwash-10kg\\\/#primaryimage\"},\"thumbnailUrl\":\"https:\\\/\\\/elektro-fontana.com\\\/shop\\\/wp-content\\\/uploads\\\/2025\\\/08\\\/Miele-WEK-375-WPS-01.jpg\",\"datePublished\":\"2025-08-29T09:08:43+00:00\",\"dateModified\":\"2026-02-04T08:11:44+00:00\",\"breadcrumb\":{\"@id\":\"https:\\\/\\\/elektro-fontana.com\\\/it\\\/produkt\\\/miele-wek375wcs-pwash-10kg\\\/#breadcrumb\"},\"inLanguage\":\"it-IT\",\"potentialAction\":[{\"@type\":\"ReadAction\",\"target\":[\"https:\\\/\\\/elektro-fontana.com\\\/it\\\/produkt\\\/miele-wek375wcs-pwash-10kg\\\/\"]}]},{\"@type\":\"ImageObject\",\"inLanguage\":\"it-IT\",\"@id\":\"https:\\\/\\\/elektro-fontana.com\\\/it\\\/produkt\\\/miele-wek375wcs-pwash-10kg\\\/#primaryimage\",\"url\":\"https:\\\/\\\/elektro-fontana.com\\\/shop\\\/wp-content\\\/uploads\\\/2025\\\/08\\\/Miele-WEK-375-WPS-01.jpg\",\"contentUrl\":\"https:\\\/\\\/elektro-fontana.com\\\/shop\\\/wp-content\\\/uploads\\\/2025\\\/08\\\/Miele-WEK-375-WPS-01.jpg\",\"width\":1000,\"height\":1000},{\"@type\":\"BreadcrumbList\",\"@id\":\"https:\\\/\\\/elektro-fontana.com\\\/it\\\/produkt\\\/miele-wek375wcs-pwash-10kg\\\/#breadcrumb\",\"itemListElement\":[{\"@type\":\"ListItem\",\"position\":1,\"name\":\"Startseite\",\"item\":\"https:\\\/\\\/elektro-fontana.com\\\/it\\\/\"},{\"@type\":\"ListItem\",\"position\":2,\"name\":\"Onlineshop\",\"item\":\"https:\\\/\\\/elektro-fontana.com\\\/it\\\/shop\\\/\"},{\"@type\":\"ListItem\",\"position\":3,\"name\":\"Miele WEK375WCS PWash 10kg\"}]},{\"@type\":\"WebSite\",\"@id\":\"https:\\\/\\\/elektro-fontana.com\\\/#website\",\"url\":\"https:\\\/\\\/elektro-fontana.com\\\/\",\"name\":\"Elektrofachmarkt Fontana Meran\",\"description\":\"Bei uns finden Sie die wahrscheinlich gr\u00f6\u00dfte Auswahl an hochwertigen Elektroger\u00e4ten in und um Meran, sowie die beste pers\u00f6nliche Beratung\",\"potentialAction\":[{\"@type\":\"SearchAction\",\"target\":{\"@type\":\"EntryPoint\",\"urlTemplate\":\"https:\\\/\\\/elektro-fontana.com\\\/?s={search_term_string}\"},\"query-input\":{\"@type\":\"PropertyValueSpecification\",\"valueRequired\":true,\"valueName\":\"search_term_string\"}}],\"inLanguage\":\"it-IT\"}]}<\/script>\n<!-- \/ Yoast SEO plugin. -->","yoast_head_json":{"title":"Miele WEK375WCS PWash 10kg - Elektrofachmarkt Fontana Meran","robots":{"index":"index","follow":"follow","max-snippet":"max-snippet:-1","max-image-preview":"max-image-preview:large","max-video-preview":"max-video-preview:-1"},"canonical":"https:\/\/elektro-fontana.com\/it\/produkt\/miele-wek375wcs-pwash-10kg\/","og_locale":"it_IT","og_type":"article","og_title":"Miele WEK375WCS PWash 10kg - Elektrofachmarkt Fontana Meran","og_description":"Dettagli prodotto:  Lavatrice a carica frontale \/ W1 Chrome Edition  Classe Efficienza Energetica: A  Capacit\u00e0 di carico: 10 Kg  Rumorosit\u00e0 centrifuga: 71 dB(A)  Velocit\u00e0 massima centrifuga: 1.400 giri\/min.  Tipo di installazione: Posizionabile a colonna, Side-by-Side, sottopiano  Tipo di controllo: DirectSensor a 7 segmenti bianco  Misure esterne in cm (A\/L\/P): 85 \/ 59,6 \/ 63,6  Disponibile - Prezzo su richiesta","og_url":"https:\/\/elektro-fontana.com\/it\/produkt\/miele-wek375wcs-pwash-10kg\/","og_site_name":"Elektrofachmarkt Fontana Meran","article_modified_time":"2026-02-04T08:11:44+00:00","og_image":[{"width":1000,"height":1000,"url":"https:\/\/elektro-fontana.com\/shop\/wp-content\/uploads\/2025\/08\/Miele-WEK-375-WPS-01.jpg","type":"image\/jpeg"}],"twitter_card":"summary_large_image","twitter_misc":{"Tempo di lettura stimato":"1 minuto"},"schema":{"@context":"https:\/\/schema.org","@graph":[{"@type":"WebPage","@id":"https:\/\/elektro-fontana.com\/it\/produkt\/miele-wek375wcs-pwash-10kg\/","url":"https:\/\/elektro-fontana.com\/it\/produkt\/miele-wek375wcs-pwash-10kg\/","name":"Miele WEK375WCS PWash 10kg - Elektrofachmarkt Fontana Meran","isPartOf":{"@id":"https:\/\/elektro-fontana.com\/#website"},"primaryImageOfPage":{"@id":"https:\/\/elektro-fontana.com\/it\/produkt\/miele-wek375wcs-pwash-10kg\/#primaryimage"},"image":{"@id":"https:\/\/elektro-fontana.com\/it\/produkt\/miele-wek375wcs-pwash-10kg\/#primaryimage"},"thumbnailUrl":"https:\/\/elektro-fontana.com\/shop\/wp-content\/uploads\/2025\/08\/Miele-WEK-375-WPS-01.jpg","datePublished":"2025-08-29T09:08:43+00:00","dateModified":"2026-02-04T08:11:44+00:00","breadcrumb":{"@id":"https:\/\/elektro-fontana.com\/it\/produkt\/miele-wek375wcs-pwash-10kg\/#breadcrumb"},"inLanguage":"it-IT","potentialAction":[{"@type":"ReadAction","target":["https:\/\/elektro-fontana.com\/it\/produkt\/miele-wek375wcs-pwash-10kg\/"]}]},{"@type":"ImageObject","inLanguage":"it-IT","@id":"https:\/\/elektro-fontana.com\/it\/produkt\/miele-wek375wcs-pwash-10kg\/#primaryimage","url":"https:\/\/elektro-fontana.com\/shop\/wp-content\/uploads\/2025\/08\/Miele-WEK-375-WPS-01.jpg","contentUrl":"https:\/\/elektro-fontana.com\/shop\/wp-content\/uploads\/2025\/08\/Miele-WEK-375-WPS-01.jpg","width":1000,"height":1000},{"@type":"BreadcrumbList","@id":"https:\/\/elektro-fontana.com\/it\/produkt\/miele-wek375wcs-pwash-10kg\/#breadcrumb","itemListElement":[{"@type":"ListItem","position":1,"name":"Startseite","item":"https:\/\/elektro-fontana.com\/it\/"},{"@type":"ListItem","position":2,"name":"Onlineshop","item":"https:\/\/elektro-fontana.com\/it\/shop\/"},{"@type":"ListItem","position":3,"name":"Miele WEK375WCS PWash 10kg"}]},{"@type":"WebSite","@id":"https:\/\/elektro-fontana.com\/#website","url":"https:\/\/elektro-fontana.com\/","name":"Elektrofachmarkt Fontana Meran","description":"Bei uns finden Sie die wahrscheinlich gr\u00f6\u00dfte Auswahl an hochwertigen Elektroger\u00e4ten in und um Meran, sowie die beste pers\u00f6nliche Beratung","potentialAction":[{"@type":"SearchAction","target":{"@type":"EntryPoint","urlTemplate":"https:\/\/elektro-fontana.com\/?s={search_term_string}"},"query-input":{"@type":"PropertyValueSpecification","valueRequired":true,"valueName":"search_term_string"}}],"inLanguage":"it-IT"}]}},"_links":{"self":[{"href":"https:\/\/elektro-fontana.com\/it\/wp-json\/wp\/v2\/product\/20999","targetHints":{"allow":["GET"]}}],"collection":[{"href":"https:\/\/elektro-fontana.com\/it\/wp-json\/wp\/v2\/product"}],"about":[{"href":"https:\/\/elektro-fontana.com\/it\/wp-json\/wp\/v2\/types\/product"}],"replies":[{"embeddable":true,"href":"https:\/\/elektro-fontana.com\/it\/wp-json\/wp\/v2\/comments?post=20999"}],"wp:featuredmedia":[{"embeddable":true,"href":"https:\/\/elektro-fontana.com\/it\/wp-json\/wp\/v2\/media\/20987"}],"wp:attachment":[{"href":"https:\/\/elektro-fontana.com\/it\/wp-json\/wp\/v2\/media?parent=20999"}],"wp:term":[{"taxonomy":"product_brand","embeddable":true,"href":"https:\/\/elektro-fontana.com\/it\/wp-json\/wp\/v2\/product_brand?post=20999"},{"taxonomy":"product_cat","embeddable":true,"href":"https:\/\/elektro-fontana.com\/it\/wp-json\/wp\/v2\/product_cat?post=20999"},{"taxonomy":"product_tag","embeddable":true,"href":"https:\/\/elektro-fontana.com\/it\/wp-json\/wp\/v2\/product_tag?post=20999"}],"curies":[{"name":"wp","href":"https:\/\/api.w.org\/{rel}","templated":true}]}}