{"id":19004,"date":"2025-04-15T11:24:01","date_gmt":"2025-04-15T09:24:01","guid":{"rendered":"https:\/\/elektro-fontana.com\/?post_type=product&#038;p=19004"},"modified":"2025-04-17T11:19:22","modified_gmt":"2025-04-17T09:19:22","slug":"beko-bpn112c-climatizzatore-kopie-2","status":"publish","type":"product","link":"https:\/\/elektro-fontana.com\/it\/produkt\/beko-bpn112c-climatizzatore-kopie-2\/","title":{"rendered":"AEG AXP26U559HW &#8211; Climatizzatore + Set Finestra"},"content":{"rendered":"","protected":false},"excerpt":{"rendered":"<table style=\"height: 207px;\" width=\"541\">\n<tbody>\n<tr>\n<td>\n<h4><span style=\"color: #0f62ab;\"><strong>Dettagli prodotto:<\/strong><\/span><\/h4>\n<\/td>\n<td>\n<h4><span style=\"color: #0f62ab;\"><strong>Climatizzatore mobile \/ Comfort 6000<br \/>\ninkluso Set per finestra AWKIT5<\/strong><\/span><\/h4>\n<\/td>\n<\/tr>\n<tr>\n<td>Superficie consigliata:<\/td>\n<td>40 m\u00b2<\/td>\n<\/tr>\n<tr>\n<td>Capacit\u00e0 max. di raffreddamento:<\/td>\n<td>9.000 BTU\/h<\/td>\n<\/tr>\n<tr>\n<td>Rumorosit\u00e0:<\/td>\n<td>61 dB(A)<\/td>\n<\/tr>\n<tr>\n<td>Tipo di controllo:<\/td>\n<td>Display LED Intuitive Touch<\/td>\n<\/tr>\n<tr>\n<td>Colore:<\/td>\n<td>Bianco<\/td>\n<\/tr>\n<tr>\n<td>Misure esterne in cm (A\/L\/P):<\/td>\n<td>80,2 \/ 49,3 \/ 41,5<\/td>\n<\/tr>\n<\/tbody>\n<\/table>\n<h3><strong><span style=\"color: #ff0000;\"><span style=\"color: #0f62ab;\">In ordinazione &#8211; Prezzo su richiesta<\/span><\/span><\/strong><\/h3>\n<hr>\n<h3><\/h3>\n","protected":false},"featured_media":19006,"comment_status":"closed","ping_status":"closed","template":"","meta":[],"product_brand":[],"product_cat":[290,171,173,154],"product_tag":[],"class_list":{"0":"post-19004","1":"product","2":"type-product","3":"status-publish","4":"has-post-thumbnail","6":"product_cat-aeg-it","7":"product_cat-clima","8":"product_cat-climatizzatori","9":"product_cat-piccoli-elettrodomestici","11":"first","12":"outofstock","13":"shipping-taxable","14":"product-type-simple"},"yoast_head":"<!-- This site is optimized with the Yoast SEO plugin v27.3 - https:\/\/yoast.com\/product\/yoast-seo-wordpress\/ -->\n<title>AEG AXP26U559HW - Climatizzatore + Set Finestra - Elektrofachmarkt Fontana Meran<\/title>\n<meta name=\"robots\" content=\"index, follow, max-snippet:-1, max-image-preview:large, max-video-preview:-1\" \/>\n<link rel=\"canonical\" href=\"https:\/\/elektro-fontana.com\/it\/produkt\/beko-bpn112c-climatizzatore-kopie-2\/\" \/>\n<meta property=\"og:locale\" content=\"it_IT\" \/>\n<meta property=\"og:type\" content=\"article\" \/>\n<meta property=\"og:title\" content=\"AEG AXP26U559HW - Climatizzatore + Set Finestra - Elektrofachmarkt Fontana Meran\" \/>\n<meta property=\"og:description\" content=\"Dettagli prodotto:  Climatizzatore mobile \/ Comfort 6000 inkluso Set per finestra AWKIT5  Superficie consigliata: 40 m\u00b2  Capacit\u00e0 max. di raffreddamento: 9.000 BTU\/h  Rumorosit\u00e0: 61 dB(A)  Tipo di controllo: Display LED Intuitive Touch  Colore: Bianco  Misure esterne in cm (A\/L\/P): 80,2 \/ 49,3 \/ 41,5  In ordinazione - Prezzo su richiesta\" \/>\n<meta property=\"og:url\" content=\"https:\/\/elektro-fontana.com\/it\/produkt\/beko-bpn112c-climatizzatore-kopie-2\/\" \/>\n<meta property=\"og:site_name\" content=\"Elektrofachmarkt Fontana Meran\" \/>\n<meta property=\"article:modified_time\" content=\"2025-04-17T09:19:22+00:00\" \/>\n<meta property=\"og:image\" content=\"https:\/\/elektro-fontana.com\/shop\/wp-content\/uploads\/2025\/04\/Aeg-AXP26U559HW-01.jpg\" \/>\n\t<meta property=\"og:image:width\" content=\"1000\" \/>\n\t<meta property=\"og:image:height\" content=\"1000\" \/>\n\t<meta property=\"og:image:type\" content=\"image\/jpeg\" \/>\n<meta name=\"twitter:card\" content=\"summary_large_image\" \/>\n<script type=\"application\/ld+json\" class=\"yoast-schema-graph\">{\"@context\":\"https:\\\/\\\/schema.org\",\"@graph\":[{\"@type\":\"WebPage\",\"@id\":\"https:\\\/\\\/elektro-fontana.com\\\/it\\\/produkt\\\/beko-bpn112c-climatizzatore-kopie-2\\\/\",\"url\":\"https:\\\/\\\/elektro-fontana.com\\\/it\\\/produkt\\\/beko-bpn112c-climatizzatore-kopie-2\\\/\",\"name\":\"AEG AXP26U559HW - Climatizzatore + Set Finestra - Elektrofachmarkt Fontana Meran\",\"isPartOf\":{\"@id\":\"https:\\\/\\\/elektro-fontana.com\\\/#website\"},\"primaryImageOfPage\":{\"@id\":\"https:\\\/\\\/elektro-fontana.com\\\/it\\\/produkt\\\/beko-bpn112c-climatizzatore-kopie-2\\\/#primaryimage\"},\"image\":{\"@id\":\"https:\\\/\\\/elektro-fontana.com\\\/it\\\/produkt\\\/beko-bpn112c-climatizzatore-kopie-2\\\/#primaryimage\"},\"thumbnailUrl\":\"https:\\\/\\\/elektro-fontana.com\\\/shop\\\/wp-content\\\/uploads\\\/2025\\\/04\\\/Aeg-AXP26U559HW-01.jpg\",\"datePublished\":\"2025-04-15T09:24:01+00:00\",\"dateModified\":\"2025-04-17T09:19:22+00:00\",\"breadcrumb\":{\"@id\":\"https:\\\/\\\/elektro-fontana.com\\\/it\\\/produkt\\\/beko-bpn112c-climatizzatore-kopie-2\\\/#breadcrumb\"},\"inLanguage\":\"it-IT\",\"potentialAction\":[{\"@type\":\"ReadAction\",\"target\":[\"https:\\\/\\\/elektro-fontana.com\\\/it\\\/produkt\\\/beko-bpn112c-climatizzatore-kopie-2\\\/\"]}]},{\"@type\":\"ImageObject\",\"inLanguage\":\"it-IT\",\"@id\":\"https:\\\/\\\/elektro-fontana.com\\\/it\\\/produkt\\\/beko-bpn112c-climatizzatore-kopie-2\\\/#primaryimage\",\"url\":\"https:\\\/\\\/elektro-fontana.com\\\/shop\\\/wp-content\\\/uploads\\\/2025\\\/04\\\/Aeg-AXP26U559HW-01.jpg\",\"contentUrl\":\"https:\\\/\\\/elektro-fontana.com\\\/shop\\\/wp-content\\\/uploads\\\/2025\\\/04\\\/Aeg-AXP26U559HW-01.jpg\",\"width\":1000,\"height\":1000},{\"@type\":\"BreadcrumbList\",\"@id\":\"https:\\\/\\\/elektro-fontana.com\\\/it\\\/produkt\\\/beko-bpn112c-climatizzatore-kopie-2\\\/#breadcrumb\",\"itemListElement\":[{\"@type\":\"ListItem\",\"position\":1,\"name\":\"Startseite\",\"item\":\"https:\\\/\\\/elektro-fontana.com\\\/it\\\/\"},{\"@type\":\"ListItem\",\"position\":2,\"name\":\"Onlineshop\",\"item\":\"https:\\\/\\\/elektro-fontana.com\\\/it\\\/shop\\\/\"},{\"@type\":\"ListItem\",\"position\":3,\"name\":\"AEG AXP26U559HW &#8211; Climatizzatore + Set Finestra\"}]},{\"@type\":\"WebSite\",\"@id\":\"https:\\\/\\\/elektro-fontana.com\\\/#website\",\"url\":\"https:\\\/\\\/elektro-fontana.com\\\/\",\"name\":\"Elektrofachmarkt Fontana Meran\",\"description\":\"Bei uns finden Sie die wahrscheinlich gr\u00f6\u00dfte Auswahl an hochwertigen Elektroger\u00e4ten in und um Meran, sowie die beste pers\u00f6nliche Beratung\",\"potentialAction\":[{\"@type\":\"SearchAction\",\"target\":{\"@type\":\"EntryPoint\",\"urlTemplate\":\"https:\\\/\\\/elektro-fontana.com\\\/?s={search_term_string}\"},\"query-input\":{\"@type\":\"PropertyValueSpecification\",\"valueRequired\":true,\"valueName\":\"search_term_string\"}}],\"inLanguage\":\"it-IT\"}]}<\/script>\n<!-- \/ Yoast SEO plugin. -->","yoast_head_json":{"title":"AEG AXP26U559HW - Climatizzatore + Set Finestra - Elektrofachmarkt Fontana Meran","robots":{"index":"index","follow":"follow","max-snippet":"max-snippet:-1","max-image-preview":"max-image-preview:large","max-video-preview":"max-video-preview:-1"},"canonical":"https:\/\/elektro-fontana.com\/it\/produkt\/beko-bpn112c-climatizzatore-kopie-2\/","og_locale":"it_IT","og_type":"article","og_title":"AEG AXP26U559HW - Climatizzatore + Set Finestra - Elektrofachmarkt Fontana Meran","og_description":"Dettagli prodotto:  Climatizzatore mobile \/ Comfort 6000 inkluso Set per finestra AWKIT5  Superficie consigliata: 40 m\u00b2  Capacit\u00e0 max. di raffreddamento: 9.000 BTU\/h  Rumorosit\u00e0: 61 dB(A)  Tipo di controllo: Display LED Intuitive Touch  Colore: Bianco  Misure esterne in cm (A\/L\/P): 80,2 \/ 49,3 \/ 41,5  In ordinazione - Prezzo su richiesta","og_url":"https:\/\/elektro-fontana.com\/it\/produkt\/beko-bpn112c-climatizzatore-kopie-2\/","og_site_name":"Elektrofachmarkt Fontana Meran","article_modified_time":"2025-04-17T09:19:22+00:00","og_image":[{"width":1000,"height":1000,"url":"https:\/\/elektro-fontana.com\/shop\/wp-content\/uploads\/2025\/04\/Aeg-AXP26U559HW-01.jpg","type":"image\/jpeg"}],"twitter_card":"summary_large_image","schema":{"@context":"https:\/\/schema.org","@graph":[{"@type":"WebPage","@id":"https:\/\/elektro-fontana.com\/it\/produkt\/beko-bpn112c-climatizzatore-kopie-2\/","url":"https:\/\/elektro-fontana.com\/it\/produkt\/beko-bpn112c-climatizzatore-kopie-2\/","name":"AEG AXP26U559HW - Climatizzatore + Set Finestra - Elektrofachmarkt Fontana Meran","isPartOf":{"@id":"https:\/\/elektro-fontana.com\/#website"},"primaryImageOfPage":{"@id":"https:\/\/elektro-fontana.com\/it\/produkt\/beko-bpn112c-climatizzatore-kopie-2\/#primaryimage"},"image":{"@id":"https:\/\/elektro-fontana.com\/it\/produkt\/beko-bpn112c-climatizzatore-kopie-2\/#primaryimage"},"thumbnailUrl":"https:\/\/elektro-fontana.com\/shop\/wp-content\/uploads\/2025\/04\/Aeg-AXP26U559HW-01.jpg","datePublished":"2025-04-15T09:24:01+00:00","dateModified":"2025-04-17T09:19:22+00:00","breadcrumb":{"@id":"https:\/\/elektro-fontana.com\/it\/produkt\/beko-bpn112c-climatizzatore-kopie-2\/#breadcrumb"},"inLanguage":"it-IT","potentialAction":[{"@type":"ReadAction","target":["https:\/\/elektro-fontana.com\/it\/produkt\/beko-bpn112c-climatizzatore-kopie-2\/"]}]},{"@type":"ImageObject","inLanguage":"it-IT","@id":"https:\/\/elektro-fontana.com\/it\/produkt\/beko-bpn112c-climatizzatore-kopie-2\/#primaryimage","url":"https:\/\/elektro-fontana.com\/shop\/wp-content\/uploads\/2025\/04\/Aeg-AXP26U559HW-01.jpg","contentUrl":"https:\/\/elektro-fontana.com\/shop\/wp-content\/uploads\/2025\/04\/Aeg-AXP26U559HW-01.jpg","width":1000,"height":1000},{"@type":"BreadcrumbList","@id":"https:\/\/elektro-fontana.com\/it\/produkt\/beko-bpn112c-climatizzatore-kopie-2\/#breadcrumb","itemListElement":[{"@type":"ListItem","position":1,"name":"Startseite","item":"https:\/\/elektro-fontana.com\/it\/"},{"@type":"ListItem","position":2,"name":"Onlineshop","item":"https:\/\/elektro-fontana.com\/it\/shop\/"},{"@type":"ListItem","position":3,"name":"AEG AXP26U559HW &#8211; Climatizzatore + Set Finestra"}]},{"@type":"WebSite","@id":"https:\/\/elektro-fontana.com\/#website","url":"https:\/\/elektro-fontana.com\/","name":"Elektrofachmarkt Fontana Meran","description":"Bei uns finden Sie die wahrscheinlich gr\u00f6\u00dfte Auswahl an hochwertigen Elektroger\u00e4ten in und um Meran, sowie die beste pers\u00f6nliche Beratung","potentialAction":[{"@type":"SearchAction","target":{"@type":"EntryPoint","urlTemplate":"https:\/\/elektro-fontana.com\/?s={search_term_string}"},"query-input":{"@type":"PropertyValueSpecification","valueRequired":true,"valueName":"search_term_string"}}],"inLanguage":"it-IT"}]}},"_links":{"self":[{"href":"https:\/\/elektro-fontana.com\/it\/wp-json\/wp\/v2\/product\/19004","targetHints":{"allow":["GET"]}}],"collection":[{"href":"https:\/\/elektro-fontana.com\/it\/wp-json\/wp\/v2\/product"}],"about":[{"href":"https:\/\/elektro-fontana.com\/it\/wp-json\/wp\/v2\/types\/product"}],"replies":[{"embeddable":true,"href":"https:\/\/elektro-fontana.com\/it\/wp-json\/wp\/v2\/comments?post=19004"}],"wp:featuredmedia":[{"embeddable":true,"href":"https:\/\/elektro-fontana.com\/it\/wp-json\/wp\/v2\/media\/19006"}],"wp:attachment":[{"href":"https:\/\/elektro-fontana.com\/it\/wp-json\/wp\/v2\/media?parent=19004"}],"wp:term":[{"taxonomy":"product_brand","embeddable":true,"href":"https:\/\/elektro-fontana.com\/it\/wp-json\/wp\/v2\/product_brand?post=19004"},{"taxonomy":"product_cat","embeddable":true,"href":"https:\/\/elektro-fontana.com\/it\/wp-json\/wp\/v2\/product_cat?post=19004"},{"taxonomy":"product_tag","embeddable":true,"href":"https:\/\/elektro-fontana.com\/it\/wp-json\/wp\/v2\/product_tag?post=19004"}],"curies":[{"name":"wp","href":"https:\/\/api.w.org\/{rel}","templated":true}]}}