{"id":18692,"date":"2025-04-03T10:14:36","date_gmt":"2025-04-03T08:14:36","guid":{"rendered":"https:\/\/elektro-fontana.com\/?post_type=product&#038;p=18692"},"modified":"2025-04-03T11:30:59","modified_gmt":"2025-04-03T09:30:59","slug":"liebherr-wpgbi-7473-vinidor-selection-kopie-2","status":"publish","type":"product","link":"https:\/\/elektro-fontana.com\/it\/produkt\/liebherr-wpgbi-7473-vinidor-selection-kopie-2\/","title":{"rendered":"Liebherr WPgbi 5272 Vinidor Selection"},"content":{"rendered":"","protected":false},"excerpt":{"rendered":"<table style=\"height: 261px;\" width=\"526\">\n<tbody>\n<tr>\n<td>\n<h4><span style=\"color: #0f62ab;\"><strong>Dettagli prodotto:<\/strong><\/span><\/h4>\n<\/td>\n<td>\n<h4><span style=\"color: #0f62ab;\"><strong>Cantina temperata per vini<\/strong><\/span><\/h4>\n<\/td>\n<\/tr>\n<tr>\n<td>Classe Efficienza Energetica:<\/td>\n<td>F<\/td>\n<\/tr>\n<tr>\n<td>Consumo energetico annuo:<\/td>\n<td>127 kWh<\/td>\n<\/tr>\n<tr>\n<td>Volume totale:<\/td>\n<td>367 l<\/td>\n<\/tr>\n<tr>\n<td>Numero max. bottiglie di Bordeaux da 0,75 l:<\/td>\n<td>106<\/td>\n<\/tr>\n<tr>\n<td>Rumorosit\u00e0:<\/td>\n<td>35 dB(A)<\/td>\n<\/tr>\n<tr>\n<td>Design porta:<\/td>\n<td>Porta in vetro isolante nera<\/td>\n<\/tr>\n<tr>\n<td>Tipo di controllo:<\/td>\n<td>Display Touch &amp; Swipe<\/td>\n<\/tr>\n<tr>\n<td>Misure esterne (A\/L\/P in cm):<\/td>\n<td>185,4 \/ 59,7 \/ 67,8<\/td>\n<\/tr>\n<\/tbody>\n<\/table>\n<h3><strong><span style=\"color: #ff0000;\"><span style=\"color: #0f62ab;\">Disponibile entro pochi giorni<\/span><\/span><\/strong><\/h3>\n<hr>\n<h3><\/h3>\n","protected":false},"featured_media":18676,"comment_status":"closed","ping_status":"closed","template":"","meta":[],"product_brand":[],"product_cat":[177,186,192,549,363,540],"product_tag":[],"class_list":{"0":"post-18692","1":"product","2":"type-product","3":"status-publish","4":"has-post-thumbnail","6":"product_cat-bianco","7":"product_cat-frigoriferi","8":"product_cat-frigoriferi-per-vini","9":"product_cat-frigoriferi-per-vini-liebherr","10":"product_cat-liebherr-it","11":"product_cat-liebherr-professional-it","13":"first","14":"outofstock","15":"shipping-taxable","16":"product-type-simple"},"yoast_head":"<!-- This site is optimized with the Yoast SEO plugin v27.3 - https:\/\/yoast.com\/product\/yoast-seo-wordpress\/ -->\n<title>Liebherr WPgbi 5272 Vinidor Selection - Elektrofachmarkt Fontana Meran<\/title>\n<meta name=\"robots\" content=\"index, follow, max-snippet:-1, max-image-preview:large, max-video-preview:-1\" \/>\n<link rel=\"canonical\" href=\"https:\/\/elektro-fontana.com\/it\/produkt\/liebherr-wpgbi-7473-vinidor-selection-kopie-2\/\" \/>\n<meta property=\"og:locale\" content=\"it_IT\" \/>\n<meta property=\"og:type\" content=\"article\" \/>\n<meta property=\"og:title\" content=\"Liebherr WPgbi 5272 Vinidor Selection - Elektrofachmarkt Fontana Meran\" \/>\n<meta property=\"og:description\" content=\"Dettagli prodotto:  Cantina temperata per vini  Classe Efficienza Energetica: F  Consumo energetico annuo: 127 kWh  Volume totale: 367 l  Numero max. bottiglie di Bordeaux da 0,75 l: 106  Rumorosit\u00e0: 35 dB(A)  Design porta: Porta in vetro isolante nera  Tipo di controllo: Display Touch &amp; Swipe  Misure esterne (A\/L\/P in cm): 185,4 \/ 59,7 \/ 67,8  Disponibile entro pochi giorni\" \/>\n<meta property=\"og:url\" content=\"https:\/\/elektro-fontana.com\/it\/produkt\/liebherr-wpgbi-7473-vinidor-selection-kopie-2\/\" \/>\n<meta property=\"og:site_name\" content=\"Elektrofachmarkt Fontana Meran\" \/>\n<meta property=\"article:modified_time\" content=\"2025-04-03T09:30:59+00:00\" \/>\n<meta property=\"og:image\" content=\"https:\/\/elektro-fontana.com\/shop\/wp-content\/uploads\/2025\/04\/Liebherr-WPgbi-5272-01.jpg\" \/>\n\t<meta property=\"og:image:width\" content=\"1000\" \/>\n\t<meta property=\"og:image:height\" content=\"1000\" \/>\n\t<meta property=\"og:image:type\" content=\"image\/jpeg\" \/>\n<meta name=\"twitter:card\" content=\"summary_large_image\" \/>\n<script type=\"application\/ld+json\" class=\"yoast-schema-graph\">{\"@context\":\"https:\\\/\\\/schema.org\",\"@graph\":[{\"@type\":\"WebPage\",\"@id\":\"https:\\\/\\\/elektro-fontana.com\\\/it\\\/produkt\\\/liebherr-wpgbi-7473-vinidor-selection-kopie-2\\\/\",\"url\":\"https:\\\/\\\/elektro-fontana.com\\\/it\\\/produkt\\\/liebherr-wpgbi-7473-vinidor-selection-kopie-2\\\/\",\"name\":\"Liebherr WPgbi 5272 Vinidor Selection - Elektrofachmarkt Fontana Meran\",\"isPartOf\":{\"@id\":\"https:\\\/\\\/elektro-fontana.com\\\/#website\"},\"primaryImageOfPage\":{\"@id\":\"https:\\\/\\\/elektro-fontana.com\\\/it\\\/produkt\\\/liebherr-wpgbi-7473-vinidor-selection-kopie-2\\\/#primaryimage\"},\"image\":{\"@id\":\"https:\\\/\\\/elektro-fontana.com\\\/it\\\/produkt\\\/liebherr-wpgbi-7473-vinidor-selection-kopie-2\\\/#primaryimage\"},\"thumbnailUrl\":\"https:\\\/\\\/elektro-fontana.com\\\/shop\\\/wp-content\\\/uploads\\\/2025\\\/04\\\/Liebherr-WPgbi-5272-01.jpg\",\"datePublished\":\"2025-04-03T08:14:36+00:00\",\"dateModified\":\"2025-04-03T09:30:59+00:00\",\"breadcrumb\":{\"@id\":\"https:\\\/\\\/elektro-fontana.com\\\/it\\\/produkt\\\/liebherr-wpgbi-7473-vinidor-selection-kopie-2\\\/#breadcrumb\"},\"inLanguage\":\"it-IT\",\"potentialAction\":[{\"@type\":\"ReadAction\",\"target\":[\"https:\\\/\\\/elektro-fontana.com\\\/it\\\/produkt\\\/liebherr-wpgbi-7473-vinidor-selection-kopie-2\\\/\"]}]},{\"@type\":\"ImageObject\",\"inLanguage\":\"it-IT\",\"@id\":\"https:\\\/\\\/elektro-fontana.com\\\/it\\\/produkt\\\/liebherr-wpgbi-7473-vinidor-selection-kopie-2\\\/#primaryimage\",\"url\":\"https:\\\/\\\/elektro-fontana.com\\\/shop\\\/wp-content\\\/uploads\\\/2025\\\/04\\\/Liebherr-WPgbi-5272-01.jpg\",\"contentUrl\":\"https:\\\/\\\/elektro-fontana.com\\\/shop\\\/wp-content\\\/uploads\\\/2025\\\/04\\\/Liebherr-WPgbi-5272-01.jpg\",\"width\":1000,\"height\":1000},{\"@type\":\"BreadcrumbList\",\"@id\":\"https:\\\/\\\/elektro-fontana.com\\\/it\\\/produkt\\\/liebherr-wpgbi-7473-vinidor-selection-kopie-2\\\/#breadcrumb\",\"itemListElement\":[{\"@type\":\"ListItem\",\"position\":1,\"name\":\"Startseite\",\"item\":\"https:\\\/\\\/elektro-fontana.com\\\/it\\\/\"},{\"@type\":\"ListItem\",\"position\":2,\"name\":\"Onlineshop\",\"item\":\"https:\\\/\\\/elektro-fontana.com\\\/it\\\/shop\\\/\"},{\"@type\":\"ListItem\",\"position\":3,\"name\":\"Liebherr WPgbi 5272 Vinidor Selection\"}]},{\"@type\":\"WebSite\",\"@id\":\"https:\\\/\\\/elektro-fontana.com\\\/#website\",\"url\":\"https:\\\/\\\/elektro-fontana.com\\\/\",\"name\":\"Elektrofachmarkt Fontana Meran\",\"description\":\"Bei uns finden Sie die wahrscheinlich gr\u00f6\u00dfte Auswahl an hochwertigen Elektroger\u00e4ten in und um Meran, sowie die beste pers\u00f6nliche Beratung\",\"potentialAction\":[{\"@type\":\"SearchAction\",\"target\":{\"@type\":\"EntryPoint\",\"urlTemplate\":\"https:\\\/\\\/elektro-fontana.com\\\/?s={search_term_string}\"},\"query-input\":{\"@type\":\"PropertyValueSpecification\",\"valueRequired\":true,\"valueName\":\"search_term_string\"}}],\"inLanguage\":\"it-IT\"}]}<\/script>\n<!-- \/ Yoast SEO plugin. -->","yoast_head_json":{"title":"Liebherr WPgbi 5272 Vinidor Selection - Elektrofachmarkt Fontana Meran","robots":{"index":"index","follow":"follow","max-snippet":"max-snippet:-1","max-image-preview":"max-image-preview:large","max-video-preview":"max-video-preview:-1"},"canonical":"https:\/\/elektro-fontana.com\/it\/produkt\/liebherr-wpgbi-7473-vinidor-selection-kopie-2\/","og_locale":"it_IT","og_type":"article","og_title":"Liebherr WPgbi 5272 Vinidor Selection - Elektrofachmarkt Fontana Meran","og_description":"Dettagli prodotto:  Cantina temperata per vini  Classe Efficienza Energetica: F  Consumo energetico annuo: 127 kWh  Volume totale: 367 l  Numero max. bottiglie di Bordeaux da 0,75 l: 106  Rumorosit\u00e0: 35 dB(A)  Design porta: Porta in vetro isolante nera  Tipo di controllo: Display Touch &amp; Swipe  Misure esterne (A\/L\/P in cm): 185,4 \/ 59,7 \/ 67,8  Disponibile entro pochi giorni","og_url":"https:\/\/elektro-fontana.com\/it\/produkt\/liebherr-wpgbi-7473-vinidor-selection-kopie-2\/","og_site_name":"Elektrofachmarkt Fontana Meran","article_modified_time":"2025-04-03T09:30:59+00:00","og_image":[{"width":1000,"height":1000,"url":"https:\/\/elektro-fontana.com\/shop\/wp-content\/uploads\/2025\/04\/Liebherr-WPgbi-5272-01.jpg","type":"image\/jpeg"}],"twitter_card":"summary_large_image","schema":{"@context":"https:\/\/schema.org","@graph":[{"@type":"WebPage","@id":"https:\/\/elektro-fontana.com\/it\/produkt\/liebherr-wpgbi-7473-vinidor-selection-kopie-2\/","url":"https:\/\/elektro-fontana.com\/it\/produkt\/liebherr-wpgbi-7473-vinidor-selection-kopie-2\/","name":"Liebherr WPgbi 5272 Vinidor Selection - Elektrofachmarkt Fontana Meran","isPartOf":{"@id":"https:\/\/elektro-fontana.com\/#website"},"primaryImageOfPage":{"@id":"https:\/\/elektro-fontana.com\/it\/produkt\/liebherr-wpgbi-7473-vinidor-selection-kopie-2\/#primaryimage"},"image":{"@id":"https:\/\/elektro-fontana.com\/it\/produkt\/liebherr-wpgbi-7473-vinidor-selection-kopie-2\/#primaryimage"},"thumbnailUrl":"https:\/\/elektro-fontana.com\/shop\/wp-content\/uploads\/2025\/04\/Liebherr-WPgbi-5272-01.jpg","datePublished":"2025-04-03T08:14:36+00:00","dateModified":"2025-04-03T09:30:59+00:00","breadcrumb":{"@id":"https:\/\/elektro-fontana.com\/it\/produkt\/liebherr-wpgbi-7473-vinidor-selection-kopie-2\/#breadcrumb"},"inLanguage":"it-IT","potentialAction":[{"@type":"ReadAction","target":["https:\/\/elektro-fontana.com\/it\/produkt\/liebherr-wpgbi-7473-vinidor-selection-kopie-2\/"]}]},{"@type":"ImageObject","inLanguage":"it-IT","@id":"https:\/\/elektro-fontana.com\/it\/produkt\/liebherr-wpgbi-7473-vinidor-selection-kopie-2\/#primaryimage","url":"https:\/\/elektro-fontana.com\/shop\/wp-content\/uploads\/2025\/04\/Liebherr-WPgbi-5272-01.jpg","contentUrl":"https:\/\/elektro-fontana.com\/shop\/wp-content\/uploads\/2025\/04\/Liebherr-WPgbi-5272-01.jpg","width":1000,"height":1000},{"@type":"BreadcrumbList","@id":"https:\/\/elektro-fontana.com\/it\/produkt\/liebherr-wpgbi-7473-vinidor-selection-kopie-2\/#breadcrumb","itemListElement":[{"@type":"ListItem","position":1,"name":"Startseite","item":"https:\/\/elektro-fontana.com\/it\/"},{"@type":"ListItem","position":2,"name":"Onlineshop","item":"https:\/\/elektro-fontana.com\/it\/shop\/"},{"@type":"ListItem","position":3,"name":"Liebherr WPgbi 5272 Vinidor Selection"}]},{"@type":"WebSite","@id":"https:\/\/elektro-fontana.com\/#website","url":"https:\/\/elektro-fontana.com\/","name":"Elektrofachmarkt Fontana Meran","description":"Bei uns finden Sie die wahrscheinlich gr\u00f6\u00dfte Auswahl an hochwertigen Elektroger\u00e4ten in und um Meran, sowie die beste pers\u00f6nliche Beratung","potentialAction":[{"@type":"SearchAction","target":{"@type":"EntryPoint","urlTemplate":"https:\/\/elektro-fontana.com\/?s={search_term_string}"},"query-input":{"@type":"PropertyValueSpecification","valueRequired":true,"valueName":"search_term_string"}}],"inLanguage":"it-IT"}]}},"_links":{"self":[{"href":"https:\/\/elektro-fontana.com\/it\/wp-json\/wp\/v2\/product\/18692","targetHints":{"allow":["GET"]}}],"collection":[{"href":"https:\/\/elektro-fontana.com\/it\/wp-json\/wp\/v2\/product"}],"about":[{"href":"https:\/\/elektro-fontana.com\/it\/wp-json\/wp\/v2\/types\/product"}],"replies":[{"embeddable":true,"href":"https:\/\/elektro-fontana.com\/it\/wp-json\/wp\/v2\/comments?post=18692"}],"wp:featuredmedia":[{"embeddable":true,"href":"https:\/\/elektro-fontana.com\/it\/wp-json\/wp\/v2\/media\/18676"}],"wp:attachment":[{"href":"https:\/\/elektro-fontana.com\/it\/wp-json\/wp\/v2\/media?parent=18692"}],"wp:term":[{"taxonomy":"product_brand","embeddable":true,"href":"https:\/\/elektro-fontana.com\/it\/wp-json\/wp\/v2\/product_brand?post=18692"},{"taxonomy":"product_cat","embeddable":true,"href":"https:\/\/elektro-fontana.com\/it\/wp-json\/wp\/v2\/product_cat?post=18692"},{"taxonomy":"product_tag","embeddable":true,"href":"https:\/\/elektro-fontana.com\/it\/wp-json\/wp\/v2\/product_tag?post=18692"}],"curies":[{"name":"wp","href":"https:\/\/api.w.org\/{rel}","templated":true}]}}