{"id":17476,"date":"2024-11-11T10:56:58","date_gmt":"2024-11-11T09:56:58","guid":{"rendered":"https:\/\/elektro-fontana.com\/produkt\/neff-set-forno-piano-cottura-edx4p0\/"},"modified":"2024-11-11T11:44:10","modified_gmt":"2024-11-11T10:44:10","slug":"neff-set-forno-piano-cottura-edx4p0","status":"publish","type":"product","link":"https:\/\/elektro-fontana.com\/it\/produkt\/neff-set-forno-piano-cottura-edx4p0\/","title":{"rendered":"Neff Set forno\/piano cottura EDX4P0"},"content":{"rendered":"","protected":false},"excerpt":{"rendered":"<table style=\"height: 247px;\" width=\"611\">\n<tbody>\n<tr>\n<td>\n<h4><span style=\"color: #0f62ab;\"><strong>Dettagli prodotto:<\/strong><\/span><\/h4>\n<\/td>\n<td>\n<h4><span style=\"color: #0f62ab;\"><strong>Piano cottura elettrico: M13R42N2 \/ N50<br \/>\nForno da incasso: E2CCG6AN3 \/ N30<\/strong><\/span><\/h4>\n<\/td>\n<\/tr>\n<tr>\n<td>Tipo di piano cottura:<\/td>\n<td>Piano cottura a induzione comandato tramite forno<\/td>\n<\/tr>\n<tr>\n<td>Tipo di controllo piano cottura:<\/td>\n<td>Tramite manopole sul forno<\/td>\n<\/tr>\n<tr>\n<td>Zone cottura (\u00d8 in cm):<\/td>\n<td>1 x 21 \/ 1 x 14,5 \/ 1 x 17 \/ 1 x 18<\/td>\n<\/tr>\n<tr>\n<td>Tipo di forno:<\/td>\n<td>Forno da incasso &#8211; Classe Efficienza Energetica A+<\/td>\n<\/tr>\n<tr>\n<td>Volume vano cottura:<\/td>\n<td>71 l<\/td>\n<\/tr>\n<tr>\n<td>Misure esterne piano cottura in cm (L\/P\/A):<\/td>\n<td>58,3 \/ 51,3 \/ 4,3<\/td>\n<\/tr>\n<tr>\n<td>Misure esterne forno in cm (L\/A\/P):<\/td>\n<td>59,4 \/ 59,5 \/ 54,8<\/td>\n<\/tr>\n<\/tbody>\n<\/table>\n<h3><strong><span style=\"color: #ff0000;\"><span style=\"color: #0f62ab;\">Disponibile entro pochi giorni &#8211; Prezzo su richiesta<\/span><\/span><\/strong><\/h3>\n<hr \/>\n<h3><\/h3>\n","protected":false},"featured_media":17472,"comment_status":"closed","ping_status":"closed","template":"","meta":[],"product_brand":[],"product_cat":[122,128,334,133],"product_tag":[],"class_list":{"0":"post-17476","1":"product","2":"type-product","3":"status-publish","4":"has-post-thumbnail","6":"product_cat-da-incasso","7":"product_cat-forni-co-it","8":"product_cat-neff-it","9":"product_cat-set-forni-e-piani-cottura","11":"first","12":"outofstock","13":"shipping-taxable","14":"product-type-simple"},"yoast_head":"<!-- This site is optimized with the Yoast SEO plugin v27.3 - https:\/\/yoast.com\/product\/yoast-seo-wordpress\/ -->\n<title>Neff Set forno\/piano cottura EDX4P0 - Elektrofachmarkt Fontana Meran<\/title>\n<meta name=\"robots\" content=\"index, follow, max-snippet:-1, max-image-preview:large, max-video-preview:-1\" \/>\n<link rel=\"canonical\" href=\"https:\/\/elektro-fontana.com\/it\/produkt\/neff-set-forno-piano-cottura-edx4p0\/\" \/>\n<meta property=\"og:locale\" content=\"it_IT\" \/>\n<meta property=\"og:type\" content=\"article\" \/>\n<meta property=\"og:title\" content=\"Neff Set forno\/piano cottura EDX4P0 - Elektrofachmarkt Fontana Meran\" \/>\n<meta property=\"og:description\" content=\"Dettagli prodotto:   Piano cottura elettrico: M13R42N2 \/ N50 Forno da incasso: E2CCG6AN3 \/ N30    Tipo di piano cottura: Piano cottura a induzione comandato tramite forno   Tipo di controllo piano cottura: Tramite manopole sul forno   Zone cottura (\u00d8 in cm): 1 x 21 \/ 1 x 14,5 \/ 1 x 17 \/ 1 x 18   Tipo di forno: Forno da incasso - Classe Efficienza Energetica A+   Volume vano cottura: 71 l   Misure esterne piano cottura in cm (L\/P\/A): 58,3 \/ 51,3 \/ 4,3   Misure esterne forno in cm (L\/A\/P): 59,4 \/ 59,5 \/ 54,8    Disponibile entro pochi giorni - Prezzo su richiesta\" \/>\n<meta property=\"og:url\" content=\"https:\/\/elektro-fontana.com\/it\/produkt\/neff-set-forno-piano-cottura-edx4p0\/\" \/>\n<meta property=\"og:site_name\" content=\"Elektrofachmarkt Fontana Meran\" \/>\n<meta property=\"article:modified_time\" content=\"2024-11-11T10:44:10+00:00\" \/>\n<meta property=\"og:image\" content=\"https:\/\/elektro-fontana.com\/shop\/wp-content\/uploads\/2024\/11\/Neff-EDX4P0-01.jpg\" \/>\n\t<meta property=\"og:image:width\" content=\"1000\" \/>\n\t<meta property=\"og:image:height\" content=\"1000\" \/>\n\t<meta property=\"og:image:type\" content=\"image\/jpeg\" \/>\n<meta name=\"twitter:card\" content=\"summary_large_image\" \/>\n<script type=\"application\/ld+json\" class=\"yoast-schema-graph\">{\"@context\":\"https:\\\/\\\/schema.org\",\"@graph\":[{\"@type\":\"WebPage\",\"@id\":\"https:\\\/\\\/elektro-fontana.com\\\/it\\\/produkt\\\/neff-set-forno-piano-cottura-edx4p0\\\/\",\"url\":\"https:\\\/\\\/elektro-fontana.com\\\/it\\\/produkt\\\/neff-set-forno-piano-cottura-edx4p0\\\/\",\"name\":\"Neff Set forno\\\/piano cottura EDX4P0 - Elektrofachmarkt Fontana Meran\",\"isPartOf\":{\"@id\":\"https:\\\/\\\/elektro-fontana.com\\\/#website\"},\"primaryImageOfPage\":{\"@id\":\"https:\\\/\\\/elektro-fontana.com\\\/it\\\/produkt\\\/neff-set-forno-piano-cottura-edx4p0\\\/#primaryimage\"},\"image\":{\"@id\":\"https:\\\/\\\/elektro-fontana.com\\\/it\\\/produkt\\\/neff-set-forno-piano-cottura-edx4p0\\\/#primaryimage\"},\"thumbnailUrl\":\"https:\\\/\\\/elektro-fontana.com\\\/shop\\\/wp-content\\\/uploads\\\/2024\\\/11\\\/Neff-EDX4P0-01.jpg\",\"datePublished\":\"2024-11-11T09:56:58+00:00\",\"dateModified\":\"2024-11-11T10:44:10+00:00\",\"breadcrumb\":{\"@id\":\"https:\\\/\\\/elektro-fontana.com\\\/it\\\/produkt\\\/neff-set-forno-piano-cottura-edx4p0\\\/#breadcrumb\"},\"inLanguage\":\"it-IT\",\"potentialAction\":[{\"@type\":\"ReadAction\",\"target\":[\"https:\\\/\\\/elektro-fontana.com\\\/it\\\/produkt\\\/neff-set-forno-piano-cottura-edx4p0\\\/\"]}]},{\"@type\":\"ImageObject\",\"inLanguage\":\"it-IT\",\"@id\":\"https:\\\/\\\/elektro-fontana.com\\\/it\\\/produkt\\\/neff-set-forno-piano-cottura-edx4p0\\\/#primaryimage\",\"url\":\"https:\\\/\\\/elektro-fontana.com\\\/shop\\\/wp-content\\\/uploads\\\/2024\\\/11\\\/Neff-EDX4P0-01.jpg\",\"contentUrl\":\"https:\\\/\\\/elektro-fontana.com\\\/shop\\\/wp-content\\\/uploads\\\/2024\\\/11\\\/Neff-EDX4P0-01.jpg\",\"width\":1000,\"height\":1000},{\"@type\":\"BreadcrumbList\",\"@id\":\"https:\\\/\\\/elektro-fontana.com\\\/it\\\/produkt\\\/neff-set-forno-piano-cottura-edx4p0\\\/#breadcrumb\",\"itemListElement\":[{\"@type\":\"ListItem\",\"position\":1,\"name\":\"Startseite\",\"item\":\"https:\\\/\\\/elektro-fontana.com\\\/it\\\/\"},{\"@type\":\"ListItem\",\"position\":2,\"name\":\"Onlineshop\",\"item\":\"https:\\\/\\\/elektro-fontana.com\\\/it\\\/shop\\\/\"},{\"@type\":\"ListItem\",\"position\":3,\"name\":\"Neff Set forno\\\/piano cottura EDX4P0\"}]},{\"@type\":\"WebSite\",\"@id\":\"https:\\\/\\\/elektro-fontana.com\\\/#website\",\"url\":\"https:\\\/\\\/elektro-fontana.com\\\/\",\"name\":\"Elektrofachmarkt Fontana Meran\",\"description\":\"Bei uns finden Sie die wahrscheinlich gr\u00f6\u00dfte Auswahl an hochwertigen Elektroger\u00e4ten in und um Meran, sowie die beste pers\u00f6nliche Beratung\",\"potentialAction\":[{\"@type\":\"SearchAction\",\"target\":{\"@type\":\"EntryPoint\",\"urlTemplate\":\"https:\\\/\\\/elektro-fontana.com\\\/?s={search_term_string}\"},\"query-input\":{\"@type\":\"PropertyValueSpecification\",\"valueRequired\":true,\"valueName\":\"search_term_string\"}}],\"inLanguage\":\"it-IT\"}]}<\/script>\n<!-- \/ Yoast SEO plugin. -->","yoast_head_json":{"title":"Neff Set forno\/piano cottura EDX4P0 - Elektrofachmarkt Fontana Meran","robots":{"index":"index","follow":"follow","max-snippet":"max-snippet:-1","max-image-preview":"max-image-preview:large","max-video-preview":"max-video-preview:-1"},"canonical":"https:\/\/elektro-fontana.com\/it\/produkt\/neff-set-forno-piano-cottura-edx4p0\/","og_locale":"it_IT","og_type":"article","og_title":"Neff Set forno\/piano cottura EDX4P0 - Elektrofachmarkt Fontana Meran","og_description":"Dettagli prodotto:   Piano cottura elettrico: M13R42N2 \/ N50 Forno da incasso: E2CCG6AN3 \/ N30    Tipo di piano cottura: Piano cottura a induzione comandato tramite forno   Tipo di controllo piano cottura: Tramite manopole sul forno   Zone cottura (\u00d8 in cm): 1 x 21 \/ 1 x 14,5 \/ 1 x 17 \/ 1 x 18   Tipo di forno: Forno da incasso - Classe Efficienza Energetica A+   Volume vano cottura: 71 l   Misure esterne piano cottura in cm (L\/P\/A): 58,3 \/ 51,3 \/ 4,3   Misure esterne forno in cm (L\/A\/P): 59,4 \/ 59,5 \/ 54,8    Disponibile entro pochi giorni - Prezzo su richiesta","og_url":"https:\/\/elektro-fontana.com\/it\/produkt\/neff-set-forno-piano-cottura-edx4p0\/","og_site_name":"Elektrofachmarkt Fontana Meran","article_modified_time":"2024-11-11T10:44:10+00:00","og_image":[{"width":1000,"height":1000,"url":"https:\/\/elektro-fontana.com\/shop\/wp-content\/uploads\/2024\/11\/Neff-EDX4P0-01.jpg","type":"image\/jpeg"}],"twitter_card":"summary_large_image","schema":{"@context":"https:\/\/schema.org","@graph":[{"@type":"WebPage","@id":"https:\/\/elektro-fontana.com\/it\/produkt\/neff-set-forno-piano-cottura-edx4p0\/","url":"https:\/\/elektro-fontana.com\/it\/produkt\/neff-set-forno-piano-cottura-edx4p0\/","name":"Neff Set forno\/piano cottura EDX4P0 - Elektrofachmarkt Fontana Meran","isPartOf":{"@id":"https:\/\/elektro-fontana.com\/#website"},"primaryImageOfPage":{"@id":"https:\/\/elektro-fontana.com\/it\/produkt\/neff-set-forno-piano-cottura-edx4p0\/#primaryimage"},"image":{"@id":"https:\/\/elektro-fontana.com\/it\/produkt\/neff-set-forno-piano-cottura-edx4p0\/#primaryimage"},"thumbnailUrl":"https:\/\/elektro-fontana.com\/shop\/wp-content\/uploads\/2024\/11\/Neff-EDX4P0-01.jpg","datePublished":"2024-11-11T09:56:58+00:00","dateModified":"2024-11-11T10:44:10+00:00","breadcrumb":{"@id":"https:\/\/elektro-fontana.com\/it\/produkt\/neff-set-forno-piano-cottura-edx4p0\/#breadcrumb"},"inLanguage":"it-IT","potentialAction":[{"@type":"ReadAction","target":["https:\/\/elektro-fontana.com\/it\/produkt\/neff-set-forno-piano-cottura-edx4p0\/"]}]},{"@type":"ImageObject","inLanguage":"it-IT","@id":"https:\/\/elektro-fontana.com\/it\/produkt\/neff-set-forno-piano-cottura-edx4p0\/#primaryimage","url":"https:\/\/elektro-fontana.com\/shop\/wp-content\/uploads\/2024\/11\/Neff-EDX4P0-01.jpg","contentUrl":"https:\/\/elektro-fontana.com\/shop\/wp-content\/uploads\/2024\/11\/Neff-EDX4P0-01.jpg","width":1000,"height":1000},{"@type":"BreadcrumbList","@id":"https:\/\/elektro-fontana.com\/it\/produkt\/neff-set-forno-piano-cottura-edx4p0\/#breadcrumb","itemListElement":[{"@type":"ListItem","position":1,"name":"Startseite","item":"https:\/\/elektro-fontana.com\/it\/"},{"@type":"ListItem","position":2,"name":"Onlineshop","item":"https:\/\/elektro-fontana.com\/it\/shop\/"},{"@type":"ListItem","position":3,"name":"Neff Set forno\/piano cottura EDX4P0"}]},{"@type":"WebSite","@id":"https:\/\/elektro-fontana.com\/#website","url":"https:\/\/elektro-fontana.com\/","name":"Elektrofachmarkt Fontana Meran","description":"Bei uns finden Sie die wahrscheinlich gr\u00f6\u00dfte Auswahl an hochwertigen Elektroger\u00e4ten in und um Meran, sowie die beste pers\u00f6nliche Beratung","potentialAction":[{"@type":"SearchAction","target":{"@type":"EntryPoint","urlTemplate":"https:\/\/elektro-fontana.com\/?s={search_term_string}"},"query-input":{"@type":"PropertyValueSpecification","valueRequired":true,"valueName":"search_term_string"}}],"inLanguage":"it-IT"}]}},"_links":{"self":[{"href":"https:\/\/elektro-fontana.com\/it\/wp-json\/wp\/v2\/product\/17476","targetHints":{"allow":["GET"]}}],"collection":[{"href":"https:\/\/elektro-fontana.com\/it\/wp-json\/wp\/v2\/product"}],"about":[{"href":"https:\/\/elektro-fontana.com\/it\/wp-json\/wp\/v2\/types\/product"}],"replies":[{"embeddable":true,"href":"https:\/\/elektro-fontana.com\/it\/wp-json\/wp\/v2\/comments?post=17476"}],"wp:featuredmedia":[{"embeddable":true,"href":"https:\/\/elektro-fontana.com\/it\/wp-json\/wp\/v2\/media\/17472"}],"wp:attachment":[{"href":"https:\/\/elektro-fontana.com\/it\/wp-json\/wp\/v2\/media?parent=17476"}],"wp:term":[{"taxonomy":"product_brand","embeddable":true,"href":"https:\/\/elektro-fontana.com\/it\/wp-json\/wp\/v2\/product_brand?post=17476"},{"taxonomy":"product_cat","embeddable":true,"href":"https:\/\/elektro-fontana.com\/it\/wp-json\/wp\/v2\/product_cat?post=17476"},{"taxonomy":"product_tag","embeddable":true,"href":"https:\/\/elektro-fontana.com\/it\/wp-json\/wp\/v2\/product_tag?post=17476"}],"curies":[{"name":"wp","href":"https:\/\/api.w.org\/{rel}","templated":true}]}}