{"id":16775,"date":"2024-09-02T08:54:55","date_gmt":"2024-09-02T06:54:55","guid":{"rendered":"https:\/\/elektro-fontana.com\/?post_type=product&#038;p=16775"},"modified":"2025-08-21T08:46:47","modified_gmt":"2025-08-21T06:46:47","slug":"liebherr-cnc-5703-pure","status":"publish","type":"product","link":"https:\/\/elektro-fontana.com\/it\/produkt\/liebherr-cnc-5703-pure\/","title":{"rendered":"Liebherr CNc 5703 Pure"},"content":{"rendered":"","protected":false},"excerpt":{"rendered":"<table style=\"height: 236px;\" width=\"591\">\n<tbody>\n<tr>\n<td>\n<h4><span style=\"color: #0f62ab;\"><strong>Dettagli prodotto:<\/strong><\/span><\/h4>\n<\/td>\n<td>\n<h4><span style=\"color: #0f62ab;\"><strong>Frigo-congelatore combinato a libero posizionamento<br \/>\ncon EasyFresh e NoFrost<\/strong><\/span><\/h4>\n<\/td>\n<\/tr>\n<tr>\n<td>Classe Efficienza Energetica:<\/td>\n<td>C<\/td>\n<\/tr>\n<tr>\n<td>Consumo energetico annuo:<\/td>\n<td>162 kWh<\/td>\n<\/tr>\n<tr>\n<td>Rumorosit\u00e0:<\/td>\n<td>35 dB(A)<\/td>\n<\/tr>\n<tr>\n<td>Volume totale:<\/td>\n<td>371 l (103 l vano congelatore)<\/td>\n<\/tr>\n<tr>\n<td>Tipo di controllo:<\/td>\n<td>Touch-Display, monocromatico<\/td>\n<\/tr>\n<tr>\n<td>Autonomia Black-Out:<\/td>\n<td>20 h<\/td>\n<\/tr>\n<tr>\n<td>Misure esterne (A\/L\/P in cm):<\/td>\n<td>201,5 \/ 59,7 \/ 67,5<\/td>\n<\/tr>\n<\/tbody>\n<\/table>\n<h3><strong><span style=\"color: #ff0000;\"><span style=\"color: #0f62ab;\">Disponibile entro pochi giorni<\/span><\/span><\/strong><\/h3>\n<hr \/>\n<h3><\/h3>\n","protected":false},"featured_media":16777,"comment_status":"closed","ping_status":"closed","template":"","meta":[],"product_brand":[],"product_cat":[177,186,189,363],"product_tag":[],"class_list":{"0":"post-16775","1":"product","2":"type-product","3":"status-publish","4":"has-post-thumbnail","6":"product_cat-bianco","7":"product_cat-frigoriferi","8":"product_cat-frigoriferi-combinati","9":"product_cat-liebherr-it","11":"first","12":"outofstock","13":"shipping-taxable","14":"purchasable","15":"product-type-simple"},"yoast_head":"<!-- This site is optimized with the Yoast SEO plugin v27.3 - https:\/\/yoast.com\/product\/yoast-seo-wordpress\/ -->\n<title>Liebherr CNc 5703 Pure - Elektrofachmarkt Fontana Meran<\/title>\n<meta name=\"robots\" content=\"index, follow, max-snippet:-1, max-image-preview:large, max-video-preview:-1\" \/>\n<link rel=\"canonical\" href=\"https:\/\/elektro-fontana.com\/it\/produkt\/liebherr-cnc-5703-pure\/\" \/>\n<meta property=\"og:locale\" content=\"it_IT\" \/>\n<meta property=\"og:type\" content=\"article\" \/>\n<meta property=\"og:title\" content=\"Liebherr CNc 5703 Pure - Elektrofachmarkt Fontana Meran\" \/>\n<meta property=\"og:description\" content=\"Dettagli prodotto:   Frigo-congelatore combinato a libero posizionamento con EasyFresh e NoFrost    Classe Efficienza Energetica: C   Consumo energetico annuo: 162 kWh   Rumorosit\u00e0: 35 dB(A)   Volume totale: 371 l (103 l vano congelatore)   Tipo di controllo: Touch-Display, monocromatico   Autonomia Black-Out: 20 h   Misure esterne (A\/L\/P in cm): 201,5 \/ 59,7 \/ 67,5    Disponibile entro pochi giorni\" \/>\n<meta property=\"og:url\" content=\"https:\/\/elektro-fontana.com\/it\/produkt\/liebherr-cnc-5703-pure\/\" \/>\n<meta property=\"og:site_name\" content=\"Elektrofachmarkt Fontana Meran\" \/>\n<meta property=\"article:modified_time\" content=\"2025-08-21T06:46:47+00:00\" \/>\n<meta property=\"og:image\" content=\"https:\/\/elektro-fontana.com\/shop\/wp-content\/uploads\/2024\/09\/Liebherr-CNc-5703-01.jpg\" \/>\n\t<meta property=\"og:image:width\" content=\"1000\" \/>\n\t<meta property=\"og:image:height\" content=\"1000\" \/>\n\t<meta property=\"og:image:type\" content=\"image\/jpeg\" \/>\n<meta name=\"twitter:card\" content=\"summary_large_image\" \/>\n<script type=\"application\/ld+json\" class=\"yoast-schema-graph\">{\"@context\":\"https:\\\/\\\/schema.org\",\"@graph\":[{\"@type\":\"WebPage\",\"@id\":\"https:\\\/\\\/elektro-fontana.com\\\/it\\\/produkt\\\/liebherr-cnc-5703-pure\\\/\",\"url\":\"https:\\\/\\\/elektro-fontana.com\\\/it\\\/produkt\\\/liebherr-cnc-5703-pure\\\/\",\"name\":\"Liebherr CNc 5703 Pure - Elektrofachmarkt Fontana Meran\",\"isPartOf\":{\"@id\":\"https:\\\/\\\/elektro-fontana.com\\\/#website\"},\"primaryImageOfPage\":{\"@id\":\"https:\\\/\\\/elektro-fontana.com\\\/it\\\/produkt\\\/liebherr-cnc-5703-pure\\\/#primaryimage\"},\"image\":{\"@id\":\"https:\\\/\\\/elektro-fontana.com\\\/it\\\/produkt\\\/liebherr-cnc-5703-pure\\\/#primaryimage\"},\"thumbnailUrl\":\"https:\\\/\\\/elektro-fontana.com\\\/shop\\\/wp-content\\\/uploads\\\/2024\\\/09\\\/Liebherr-CNc-5703-01.jpg\",\"datePublished\":\"2024-09-02T06:54:55+00:00\",\"dateModified\":\"2025-08-21T06:46:47+00:00\",\"breadcrumb\":{\"@id\":\"https:\\\/\\\/elektro-fontana.com\\\/it\\\/produkt\\\/liebherr-cnc-5703-pure\\\/#breadcrumb\"},\"inLanguage\":\"it-IT\",\"potentialAction\":[{\"@type\":\"ReadAction\",\"target\":[\"https:\\\/\\\/elektro-fontana.com\\\/it\\\/produkt\\\/liebherr-cnc-5703-pure\\\/\"]}]},{\"@type\":\"ImageObject\",\"inLanguage\":\"it-IT\",\"@id\":\"https:\\\/\\\/elektro-fontana.com\\\/it\\\/produkt\\\/liebherr-cnc-5703-pure\\\/#primaryimage\",\"url\":\"https:\\\/\\\/elektro-fontana.com\\\/shop\\\/wp-content\\\/uploads\\\/2024\\\/09\\\/Liebherr-CNc-5703-01.jpg\",\"contentUrl\":\"https:\\\/\\\/elektro-fontana.com\\\/shop\\\/wp-content\\\/uploads\\\/2024\\\/09\\\/Liebherr-CNc-5703-01.jpg\",\"width\":1000,\"height\":1000},{\"@type\":\"BreadcrumbList\",\"@id\":\"https:\\\/\\\/elektro-fontana.com\\\/it\\\/produkt\\\/liebherr-cnc-5703-pure\\\/#breadcrumb\",\"itemListElement\":[{\"@type\":\"ListItem\",\"position\":1,\"name\":\"Startseite\",\"item\":\"https:\\\/\\\/elektro-fontana.com\\\/it\\\/\"},{\"@type\":\"ListItem\",\"position\":2,\"name\":\"Onlineshop\",\"item\":\"https:\\\/\\\/elektro-fontana.com\\\/it\\\/shop\\\/\"},{\"@type\":\"ListItem\",\"position\":3,\"name\":\"Liebherr CNc 5703 Pure\"}]},{\"@type\":\"WebSite\",\"@id\":\"https:\\\/\\\/elektro-fontana.com\\\/#website\",\"url\":\"https:\\\/\\\/elektro-fontana.com\\\/\",\"name\":\"Elektrofachmarkt Fontana Meran\",\"description\":\"Bei uns finden Sie die wahrscheinlich gr\u00f6\u00dfte Auswahl an hochwertigen Elektroger\u00e4ten in und um Meran, sowie die beste pers\u00f6nliche Beratung\",\"potentialAction\":[{\"@type\":\"SearchAction\",\"target\":{\"@type\":\"EntryPoint\",\"urlTemplate\":\"https:\\\/\\\/elektro-fontana.com\\\/?s={search_term_string}\"},\"query-input\":{\"@type\":\"PropertyValueSpecification\",\"valueRequired\":true,\"valueName\":\"search_term_string\"}}],\"inLanguage\":\"it-IT\"}]}<\/script>\n<!-- \/ Yoast SEO plugin. -->","yoast_head_json":{"title":"Liebherr CNc 5703 Pure - Elektrofachmarkt Fontana Meran","robots":{"index":"index","follow":"follow","max-snippet":"max-snippet:-1","max-image-preview":"max-image-preview:large","max-video-preview":"max-video-preview:-1"},"canonical":"https:\/\/elektro-fontana.com\/it\/produkt\/liebherr-cnc-5703-pure\/","og_locale":"it_IT","og_type":"article","og_title":"Liebherr CNc 5703 Pure - Elektrofachmarkt Fontana Meran","og_description":"Dettagli prodotto:   Frigo-congelatore combinato a libero posizionamento con EasyFresh e NoFrost    Classe Efficienza Energetica: C   Consumo energetico annuo: 162 kWh   Rumorosit\u00e0: 35 dB(A)   Volume totale: 371 l (103 l vano congelatore)   Tipo di controllo: Touch-Display, monocromatico   Autonomia Black-Out: 20 h   Misure esterne (A\/L\/P in cm): 201,5 \/ 59,7 \/ 67,5    Disponibile entro pochi giorni","og_url":"https:\/\/elektro-fontana.com\/it\/produkt\/liebherr-cnc-5703-pure\/","og_site_name":"Elektrofachmarkt Fontana Meran","article_modified_time":"2025-08-21T06:46:47+00:00","og_image":[{"width":1000,"height":1000,"url":"https:\/\/elektro-fontana.com\/shop\/wp-content\/uploads\/2024\/09\/Liebherr-CNc-5703-01.jpg","type":"image\/jpeg"}],"twitter_card":"summary_large_image","schema":{"@context":"https:\/\/schema.org","@graph":[{"@type":"WebPage","@id":"https:\/\/elektro-fontana.com\/it\/produkt\/liebherr-cnc-5703-pure\/","url":"https:\/\/elektro-fontana.com\/it\/produkt\/liebherr-cnc-5703-pure\/","name":"Liebherr CNc 5703 Pure - Elektrofachmarkt Fontana Meran","isPartOf":{"@id":"https:\/\/elektro-fontana.com\/#website"},"primaryImageOfPage":{"@id":"https:\/\/elektro-fontana.com\/it\/produkt\/liebherr-cnc-5703-pure\/#primaryimage"},"image":{"@id":"https:\/\/elektro-fontana.com\/it\/produkt\/liebherr-cnc-5703-pure\/#primaryimage"},"thumbnailUrl":"https:\/\/elektro-fontana.com\/shop\/wp-content\/uploads\/2024\/09\/Liebherr-CNc-5703-01.jpg","datePublished":"2024-09-02T06:54:55+00:00","dateModified":"2025-08-21T06:46:47+00:00","breadcrumb":{"@id":"https:\/\/elektro-fontana.com\/it\/produkt\/liebherr-cnc-5703-pure\/#breadcrumb"},"inLanguage":"it-IT","potentialAction":[{"@type":"ReadAction","target":["https:\/\/elektro-fontana.com\/it\/produkt\/liebherr-cnc-5703-pure\/"]}]},{"@type":"ImageObject","inLanguage":"it-IT","@id":"https:\/\/elektro-fontana.com\/it\/produkt\/liebherr-cnc-5703-pure\/#primaryimage","url":"https:\/\/elektro-fontana.com\/shop\/wp-content\/uploads\/2024\/09\/Liebherr-CNc-5703-01.jpg","contentUrl":"https:\/\/elektro-fontana.com\/shop\/wp-content\/uploads\/2024\/09\/Liebherr-CNc-5703-01.jpg","width":1000,"height":1000},{"@type":"BreadcrumbList","@id":"https:\/\/elektro-fontana.com\/it\/produkt\/liebherr-cnc-5703-pure\/#breadcrumb","itemListElement":[{"@type":"ListItem","position":1,"name":"Startseite","item":"https:\/\/elektro-fontana.com\/it\/"},{"@type":"ListItem","position":2,"name":"Onlineshop","item":"https:\/\/elektro-fontana.com\/it\/shop\/"},{"@type":"ListItem","position":3,"name":"Liebherr CNc 5703 Pure"}]},{"@type":"WebSite","@id":"https:\/\/elektro-fontana.com\/#website","url":"https:\/\/elektro-fontana.com\/","name":"Elektrofachmarkt Fontana Meran","description":"Bei uns finden Sie die wahrscheinlich gr\u00f6\u00dfte Auswahl an hochwertigen Elektroger\u00e4ten in und um Meran, sowie die beste pers\u00f6nliche Beratung","potentialAction":[{"@type":"SearchAction","target":{"@type":"EntryPoint","urlTemplate":"https:\/\/elektro-fontana.com\/?s={search_term_string}"},"query-input":{"@type":"PropertyValueSpecification","valueRequired":true,"valueName":"search_term_string"}}],"inLanguage":"it-IT"}]}},"_links":{"self":[{"href":"https:\/\/elektro-fontana.com\/it\/wp-json\/wp\/v2\/product\/16775","targetHints":{"allow":["GET"]}}],"collection":[{"href":"https:\/\/elektro-fontana.com\/it\/wp-json\/wp\/v2\/product"}],"about":[{"href":"https:\/\/elektro-fontana.com\/it\/wp-json\/wp\/v2\/types\/product"}],"replies":[{"embeddable":true,"href":"https:\/\/elektro-fontana.com\/it\/wp-json\/wp\/v2\/comments?post=16775"}],"wp:featuredmedia":[{"embeddable":true,"href":"https:\/\/elektro-fontana.com\/it\/wp-json\/wp\/v2\/media\/16777"}],"wp:attachment":[{"href":"https:\/\/elektro-fontana.com\/it\/wp-json\/wp\/v2\/media?parent=16775"}],"wp:term":[{"taxonomy":"product_brand","embeddable":true,"href":"https:\/\/elektro-fontana.com\/it\/wp-json\/wp\/v2\/product_brand?post=16775"},{"taxonomy":"product_cat","embeddable":true,"href":"https:\/\/elektro-fontana.com\/it\/wp-json\/wp\/v2\/product_cat?post=16775"},{"taxonomy":"product_tag","embeddable":true,"href":"https:\/\/elektro-fontana.com\/it\/wp-json\/wp\/v2\/product_tag?post=16775"}],"curies":[{"name":"wp","href":"https:\/\/api.w.org\/{rel}","templated":true}]}}