{"id":16462,"date":"2024-08-06T10:11:50","date_gmt":"2024-08-06T08:11:50","guid":{"rendered":"https:\/\/elektro-fontana.com\/?post_type=product&#038;p=16462"},"modified":"2025-08-21T08:31:08","modified_gmt":"2025-08-21T06:31:08","slug":"neff-t58yhv4c0","status":"publish","type":"product","link":"https:\/\/elektro-fontana.com\/it\/produkt\/neff-t58yhv4c0\/","title":{"rendered":"Neff T58YHV4C0"},"content":{"rendered":"","protected":false},"excerpt":{"rendered":"<table style=\"height: 234px;\" width=\"596\">\n<tbody>\n<tr>\n<td>\n<h4><span style=\"color: #0f62ab;\"><strong>Dettagli prodotto:<\/strong><\/span><\/h4>\n<\/td>\n<td>\n<h4><span style=\"color: #0f62ab;\"><strong>Piano cottura a induzione \/ N 70<\/strong><\/span><\/h4>\n<\/td>\n<\/tr>\n<tr>\n<td>Tipo di controllo:<\/td>\n<td>Twist Touch\u00ae<\/td>\n<\/tr>\n<tr>\n<td>Design:<\/td>\n<td>Flex Design: scegli il colore dei profili laterali<\/td>\n<\/tr>\n<tr>\n<td>Materiale:<\/td>\n<td>Vetroceramica<\/td>\n<\/tr>\n<tr>\n<td>Diametro zone cottura (\u00d8 in cm):<\/td>\n<td>1x 18,0 \/ 2x 14,5 \/ 1x 24 \/ 1x 21<\/td>\n<\/tr>\n<tr>\n<td>Potenza zone cottura (in kW):<\/td>\n<td>1x 2.0 (3.1) \/ 2x 1.6 (2.2) \/ 2x 2.5 (3.7)<\/td>\n<\/tr>\n<tr>\n<td>Misure esterne in cm (L\/P\/A):<\/td>\n<td>83,4 \/ 52,7 \/ 5,1<\/td>\n<\/tr>\n<\/tbody>\n<\/table>\n<h3><strong><span style=\"color: #ff0000;\"><span style=\"color: #0f62ab;\">Disponibile &#8211; Prezzo su richiesta<\/span><\/span><\/strong><\/h3>\n<hr \/>\n<h3><\/h3>\n<p>&nbsp;<\/p>\n","protected":false},"featured_media":16452,"comment_status":"closed","ping_status":"closed","template":"","meta":[],"product_brand":[],"product_cat":[122,334,141,143],"product_tag":[],"class_list":{"0":"post-16462","1":"product","2":"type-product","3":"status-publish","4":"has-post-thumbnail","6":"product_cat-da-incasso","7":"product_cat-neff-it","8":"product_cat-piani-cottura","9":"product_cat-piani-cottura-a-induzione","11":"first","12":"instock","13":"shipping-taxable","14":"product-type-simple"},"yoast_head":"<!-- This site is optimized with the Yoast SEO plugin v27.4 - https:\/\/yoast.com\/product\/yoast-seo-wordpress\/ -->\n<title>Neff T58YHV4C0 - Elektrofachmarkt Fontana Meran<\/title>\n<meta name=\"robots\" content=\"index, follow, max-snippet:-1, max-image-preview:large, max-video-preview:-1\" \/>\n<link rel=\"canonical\" href=\"https:\/\/elektro-fontana.com\/it\/produkt\/neff-t58yhv4c0\/\" \/>\n<meta property=\"og:locale\" content=\"it_IT\" \/>\n<meta property=\"og:type\" content=\"article\" \/>\n<meta property=\"og:title\" content=\"Neff T58YHV4C0 - Elektrofachmarkt Fontana Meran\" \/>\n<meta property=\"og:description\" content=\"Dettagli prodotto:   Piano cottura a induzione \/ N 70    Tipo di controllo: Twist Touch\u00ae   Design: Flex Design: scegli il colore dei profili laterali   Materiale: Vetroceramica   Diametro zone cottura (\u00d8 in cm): 1x 18,0 \/ 2x 14,5 \/ 1x 24 \/ 1x 21   Potenza zone cottura (in kW): 1x 2.0 (3.1) \/ 2x 1.6 (2.2) \/ 2x 2.5 (3.7)   Misure esterne in cm (L\/P\/A): 83,4 \/ 52,7 \/ 5,1    Disponibile - Prezzo su richiesta     &nbsp;\" \/>\n<meta property=\"og:url\" content=\"https:\/\/elektro-fontana.com\/it\/produkt\/neff-t58yhv4c0\/\" \/>\n<meta property=\"og:site_name\" content=\"Elektrofachmarkt Fontana Meran\" \/>\n<meta property=\"article:modified_time\" content=\"2025-08-21T06:31:08+00:00\" \/>\n<meta property=\"og:image\" content=\"https:\/\/elektro-fontana.com\/shop\/wp-content\/uploads\/2024\/08\/Neff-T58-YHV-4C0-01.jpg\" \/>\n\t<meta property=\"og:image:width\" content=\"1000\" \/>\n\t<meta property=\"og:image:height\" content=\"1000\" \/>\n\t<meta property=\"og:image:type\" content=\"image\/jpeg\" \/>\n<meta name=\"twitter:card\" content=\"summary_large_image\" \/>\n<script type=\"application\/ld+json\" class=\"yoast-schema-graph\">{\"@context\":\"https:\\\/\\\/schema.org\",\"@graph\":[{\"@type\":\"WebPage\",\"@id\":\"https:\\\/\\\/elektro-fontana.com\\\/it\\\/produkt\\\/neff-t58yhv4c0\\\/\",\"url\":\"https:\\\/\\\/elektro-fontana.com\\\/it\\\/produkt\\\/neff-t58yhv4c0\\\/\",\"name\":\"Neff T58YHV4C0 - Elektrofachmarkt Fontana Meran\",\"isPartOf\":{\"@id\":\"https:\\\/\\\/elektro-fontana.com\\\/#website\"},\"primaryImageOfPage\":{\"@id\":\"https:\\\/\\\/elektro-fontana.com\\\/it\\\/produkt\\\/neff-t58yhv4c0\\\/#primaryimage\"},\"image\":{\"@id\":\"https:\\\/\\\/elektro-fontana.com\\\/it\\\/produkt\\\/neff-t58yhv4c0\\\/#primaryimage\"},\"thumbnailUrl\":\"https:\\\/\\\/elektro-fontana.com\\\/shop\\\/wp-content\\\/uploads\\\/2024\\\/08\\\/Neff-T58-YHV-4C0-01.jpg\",\"datePublished\":\"2024-08-06T08:11:50+00:00\",\"dateModified\":\"2025-08-21T06:31:08+00:00\",\"breadcrumb\":{\"@id\":\"https:\\\/\\\/elektro-fontana.com\\\/it\\\/produkt\\\/neff-t58yhv4c0\\\/#breadcrumb\"},\"inLanguage\":\"it-IT\",\"potentialAction\":[{\"@type\":\"ReadAction\",\"target\":[\"https:\\\/\\\/elektro-fontana.com\\\/it\\\/produkt\\\/neff-t58yhv4c0\\\/\"]}]},{\"@type\":\"ImageObject\",\"inLanguage\":\"it-IT\",\"@id\":\"https:\\\/\\\/elektro-fontana.com\\\/it\\\/produkt\\\/neff-t58yhv4c0\\\/#primaryimage\",\"url\":\"https:\\\/\\\/elektro-fontana.com\\\/shop\\\/wp-content\\\/uploads\\\/2024\\\/08\\\/Neff-T58-YHV-4C0-01.jpg\",\"contentUrl\":\"https:\\\/\\\/elektro-fontana.com\\\/shop\\\/wp-content\\\/uploads\\\/2024\\\/08\\\/Neff-T58-YHV-4C0-01.jpg\",\"width\":1000,\"height\":1000},{\"@type\":\"BreadcrumbList\",\"@id\":\"https:\\\/\\\/elektro-fontana.com\\\/it\\\/produkt\\\/neff-t58yhv4c0\\\/#breadcrumb\",\"itemListElement\":[{\"@type\":\"ListItem\",\"position\":1,\"name\":\"Startseite\",\"item\":\"https:\\\/\\\/elektro-fontana.com\\\/it\\\/\"},{\"@type\":\"ListItem\",\"position\":2,\"name\":\"Onlineshop\",\"item\":\"https:\\\/\\\/elektro-fontana.com\\\/it\\\/shop\\\/\"},{\"@type\":\"ListItem\",\"position\":3,\"name\":\"Neff T58YHV4C0\"}]},{\"@type\":\"WebSite\",\"@id\":\"https:\\\/\\\/elektro-fontana.com\\\/#website\",\"url\":\"https:\\\/\\\/elektro-fontana.com\\\/\",\"name\":\"Elektrofachmarkt Fontana Meran\",\"description\":\"Bei uns finden Sie die wahrscheinlich gr\u00f6\u00dfte Auswahl an hochwertigen Elektroger\u00e4ten in und um Meran, sowie die beste pers\u00f6nliche Beratung\",\"potentialAction\":[{\"@type\":\"SearchAction\",\"target\":{\"@type\":\"EntryPoint\",\"urlTemplate\":\"https:\\\/\\\/elektro-fontana.com\\\/?s={search_term_string}\"},\"query-input\":{\"@type\":\"PropertyValueSpecification\",\"valueRequired\":true,\"valueName\":\"search_term_string\"}}],\"inLanguage\":\"it-IT\"}]}<\/script>\n<!-- \/ Yoast SEO plugin. -->","yoast_head_json":{"title":"Neff T58YHV4C0 - Elektrofachmarkt Fontana Meran","robots":{"index":"index","follow":"follow","max-snippet":"max-snippet:-1","max-image-preview":"max-image-preview:large","max-video-preview":"max-video-preview:-1"},"canonical":"https:\/\/elektro-fontana.com\/it\/produkt\/neff-t58yhv4c0\/","og_locale":"it_IT","og_type":"article","og_title":"Neff T58YHV4C0 - Elektrofachmarkt Fontana Meran","og_description":"Dettagli prodotto:   Piano cottura a induzione \/ N 70    Tipo di controllo: Twist Touch\u00ae   Design: Flex Design: scegli il colore dei profili laterali   Materiale: Vetroceramica   Diametro zone cottura (\u00d8 in cm): 1x 18,0 \/ 2x 14,5 \/ 1x 24 \/ 1x 21   Potenza zone cottura (in kW): 1x 2.0 (3.1) \/ 2x 1.6 (2.2) \/ 2x 2.5 (3.7)   Misure esterne in cm (L\/P\/A): 83,4 \/ 52,7 \/ 5,1    Disponibile - Prezzo su richiesta     &nbsp;","og_url":"https:\/\/elektro-fontana.com\/it\/produkt\/neff-t58yhv4c0\/","og_site_name":"Elektrofachmarkt Fontana Meran","article_modified_time":"2025-08-21T06:31:08+00:00","og_image":[{"width":1000,"height":1000,"url":"https:\/\/elektro-fontana.com\/shop\/wp-content\/uploads\/2024\/08\/Neff-T58-YHV-4C0-01.jpg","type":"image\/jpeg"}],"twitter_card":"summary_large_image","schema":{"@context":"https:\/\/schema.org","@graph":[{"@type":"WebPage","@id":"https:\/\/elektro-fontana.com\/it\/produkt\/neff-t58yhv4c0\/","url":"https:\/\/elektro-fontana.com\/it\/produkt\/neff-t58yhv4c0\/","name":"Neff T58YHV4C0 - Elektrofachmarkt Fontana Meran","isPartOf":{"@id":"https:\/\/elektro-fontana.com\/#website"},"primaryImageOfPage":{"@id":"https:\/\/elektro-fontana.com\/it\/produkt\/neff-t58yhv4c0\/#primaryimage"},"image":{"@id":"https:\/\/elektro-fontana.com\/it\/produkt\/neff-t58yhv4c0\/#primaryimage"},"thumbnailUrl":"https:\/\/elektro-fontana.com\/shop\/wp-content\/uploads\/2024\/08\/Neff-T58-YHV-4C0-01.jpg","datePublished":"2024-08-06T08:11:50+00:00","dateModified":"2025-08-21T06:31:08+00:00","breadcrumb":{"@id":"https:\/\/elektro-fontana.com\/it\/produkt\/neff-t58yhv4c0\/#breadcrumb"},"inLanguage":"it-IT","potentialAction":[{"@type":"ReadAction","target":["https:\/\/elektro-fontana.com\/it\/produkt\/neff-t58yhv4c0\/"]}]},{"@type":"ImageObject","inLanguage":"it-IT","@id":"https:\/\/elektro-fontana.com\/it\/produkt\/neff-t58yhv4c0\/#primaryimage","url":"https:\/\/elektro-fontana.com\/shop\/wp-content\/uploads\/2024\/08\/Neff-T58-YHV-4C0-01.jpg","contentUrl":"https:\/\/elektro-fontana.com\/shop\/wp-content\/uploads\/2024\/08\/Neff-T58-YHV-4C0-01.jpg","width":1000,"height":1000},{"@type":"BreadcrumbList","@id":"https:\/\/elektro-fontana.com\/it\/produkt\/neff-t58yhv4c0\/#breadcrumb","itemListElement":[{"@type":"ListItem","position":1,"name":"Startseite","item":"https:\/\/elektro-fontana.com\/it\/"},{"@type":"ListItem","position":2,"name":"Onlineshop","item":"https:\/\/elektro-fontana.com\/it\/shop\/"},{"@type":"ListItem","position":3,"name":"Neff T58YHV4C0"}]},{"@type":"WebSite","@id":"https:\/\/elektro-fontana.com\/#website","url":"https:\/\/elektro-fontana.com\/","name":"Elektrofachmarkt Fontana Meran","description":"Bei uns finden Sie die wahrscheinlich gr\u00f6\u00dfte Auswahl an hochwertigen Elektroger\u00e4ten in und um Meran, sowie die beste pers\u00f6nliche Beratung","potentialAction":[{"@type":"SearchAction","target":{"@type":"EntryPoint","urlTemplate":"https:\/\/elektro-fontana.com\/?s={search_term_string}"},"query-input":{"@type":"PropertyValueSpecification","valueRequired":true,"valueName":"search_term_string"}}],"inLanguage":"it-IT"}]}},"_links":{"self":[{"href":"https:\/\/elektro-fontana.com\/it\/wp-json\/wp\/v2\/product\/16462","targetHints":{"allow":["GET"]}}],"collection":[{"href":"https:\/\/elektro-fontana.com\/it\/wp-json\/wp\/v2\/product"}],"about":[{"href":"https:\/\/elektro-fontana.com\/it\/wp-json\/wp\/v2\/types\/product"}],"replies":[{"embeddable":true,"href":"https:\/\/elektro-fontana.com\/it\/wp-json\/wp\/v2\/comments?post=16462"}],"wp:featuredmedia":[{"embeddable":true,"href":"https:\/\/elektro-fontana.com\/it\/wp-json\/wp\/v2\/media\/16452"}],"wp:attachment":[{"href":"https:\/\/elektro-fontana.com\/it\/wp-json\/wp\/v2\/media?parent=16462"}],"wp:term":[{"taxonomy":"product_brand","embeddable":true,"href":"https:\/\/elektro-fontana.com\/it\/wp-json\/wp\/v2\/product_brand?post=16462"},{"taxonomy":"product_cat","embeddable":true,"href":"https:\/\/elektro-fontana.com\/it\/wp-json\/wp\/v2\/product_cat?post=16462"},{"taxonomy":"product_tag","embeddable":true,"href":"https:\/\/elektro-fontana.com\/it\/wp-json\/wp\/v2\/product_tag?post=16462"}],"curies":[{"name":"wp","href":"https:\/\/api.w.org\/{rel}","templated":true}]}}