{"id":14702,"date":"2024-05-10T09:17:14","date_gmt":"2024-05-10T07:17:14","guid":{"rendered":"https:\/\/elektro-fontana.com\/?post_type=product&#038;p=14702"},"modified":"2025-08-13T11:24:48","modified_gmt":"2025-08-13T09:24:48","slug":"bartscher-piastra-a-induzione-2p351tck","status":"publish","type":"product","link":"https:\/\/elektro-fontana.com\/it\/produkt\/bartscher-piastra-a-induzione-2p351tck\/","title":{"rendered":"Bartscher Piastra a induzione 2P351TCK"},"content":{"rendered":"","protected":false},"excerpt":{"rendered":"<table style=\"height: 214px;\" width=\"484\">\n<tbody>\n<tr>\n<td>Numero zone cottura:<\/td>\n<td>2 (1 anteriore, 1 posteriore)<\/td>\n<\/tr>\n<tr>\n<td>Diametro zone cottura in cm:<\/td>\n<td>2 x 24<\/td>\n<\/tr>\n<tr>\n<td>Potenza massima zone cottura:<\/td>\n<td>2 x 3.500 W<\/td>\n<\/tr>\n<tr>\n<td>Tipologia zone cottura:<\/td>\n<td>Induzione<\/td>\n<\/tr>\n<tr>\n<td>Impostazione temperatura:<\/td>\n<td>Intervalli di 20 \u00b0C<\/td>\n<\/tr>\n<tr>\n<td>Range di temperatura:<\/td>\n<td>da 60\u00b0 C a 240\u00b0 C<\/td>\n<\/tr>\n<tr>\n<td>Materiale Corpo \/ Piano cottura:<\/td>\n<td>Acciaio Inox \/ Vetro<\/td>\n<\/tr>\n<tr>\n<td>Misure esterne in cm (L\/P\/A):<\/td>\n<td>43 \/ 86,5 \/ 23,5<\/td>\n<\/tr>\n<\/tbody>\n<\/table>\n<table>\n<tbody>\n<tr>\n<td bgcolor=\"#f0f0f0\">\n<h6><span style=\"color: #000000;\"><span style=\"color: #bd0926;\">\u25ba<\/span> <a href=\"https:\/\/www.bartscher.com\/it\/\" target=\"_blank\" rel=\"noopener\">Maggiori informazioni sui prodotti Bartscher<\/a><br \/>\n<\/span><\/h6>\n<\/td>\n<\/tr>\n<\/tbody>\n<\/table>\n<h3><strong><span style=\"color: #ff0000;\"><span style=\"color: #0f62ab;\">Ordinabile &#8211; Prezzo su richiesta<\/span><\/span><\/strong><\/h3>\n<hr \/>\n<h3><\/h3>\n","protected":false},"featured_media":14696,"comment_status":"closed","ping_status":"closed","template":"","meta":[],"product_brand":[],"product_cat":[292,499,436,154],"product_tag":[],"class_list":{"0":"post-14702","1":"product","2":"type-product","3":"status-publish","4":"has-post-thumbnail","6":"product_cat-bartscher-it","7":"product_cat-grill-co-it","8":"product_cat-piani-cottura-da-tavolo","9":"product_cat-piccoli-elettrodomestici","11":"first","12":"outofstock","13":"shipping-taxable","14":"product-type-simple"},"yoast_head":"<!-- This site is optimized with the Yoast SEO plugin v27.4 - https:\/\/yoast.com\/product\/yoast-seo-wordpress\/ -->\n<title>Bartscher Piastra a induzione 2P351TCK - Elektrofachmarkt Fontana Meran<\/title>\n<meta name=\"robots\" content=\"index, follow, max-snippet:-1, max-image-preview:large, max-video-preview:-1\" \/>\n<link rel=\"canonical\" href=\"https:\/\/elektro-fontana.com\/it\/produkt\/bartscher-piastra-a-induzione-2p351tck\/\" \/>\n<meta property=\"og:locale\" content=\"it_IT\" \/>\n<meta property=\"og:type\" content=\"article\" \/>\n<meta property=\"og:title\" content=\"Bartscher Piastra a induzione 2P351TCK - Elektrofachmarkt Fontana Meran\" \/>\n<meta property=\"og:description\" content=\"Numero zone cottura: 2 (1 anteriore, 1 posteriore)   Diametro zone cottura in cm: 2 x 24   Potenza massima zone cottura: 2 x 3.500 W   Tipologia zone cottura: Induzione   Impostazione temperatura: Intervalli di 20 \u00b0C   Range di temperatura: da 60\u00b0 C a 240\u00b0 C   Materiale Corpo \/ Piano cottura: Acciaio Inox \/ Vetro   Misure esterne in cm (L\/P\/A): 43 \/ 86,5 \/ 23,5        \u25ba Maggiori informazioni sui prodotti Bartscher      Ordinabile - Prezzo su richiesta\" \/>\n<meta property=\"og:url\" content=\"https:\/\/elektro-fontana.com\/it\/produkt\/bartscher-piastra-a-induzione-2p351tck\/\" \/>\n<meta property=\"og:site_name\" content=\"Elektrofachmarkt Fontana Meran\" \/>\n<meta property=\"article:modified_time\" content=\"2025-08-13T09:24:48+00:00\" \/>\n<meta property=\"og:image\" content=\"https:\/\/elektro-fontana.com\/shop\/wp-content\/uploads\/2024\/05\/Bartscher-2P-351TCK-01.jpg\" \/>\n\t<meta property=\"og:image:width\" content=\"1000\" \/>\n\t<meta property=\"og:image:height\" content=\"1000\" \/>\n\t<meta property=\"og:image:type\" content=\"image\/jpeg\" \/>\n<meta name=\"twitter:card\" content=\"summary_large_image\" \/>\n<script type=\"application\/ld+json\" class=\"yoast-schema-graph\">{\"@context\":\"https:\\\/\\\/schema.org\",\"@graph\":[{\"@type\":\"WebPage\",\"@id\":\"https:\\\/\\\/elektro-fontana.com\\\/it\\\/produkt\\\/bartscher-piastra-a-induzione-2p351tck\\\/\",\"url\":\"https:\\\/\\\/elektro-fontana.com\\\/it\\\/produkt\\\/bartscher-piastra-a-induzione-2p351tck\\\/\",\"name\":\"Bartscher Piastra a induzione 2P351TCK - Elektrofachmarkt Fontana Meran\",\"isPartOf\":{\"@id\":\"https:\\\/\\\/elektro-fontana.com\\\/#website\"},\"primaryImageOfPage\":{\"@id\":\"https:\\\/\\\/elektro-fontana.com\\\/it\\\/produkt\\\/bartscher-piastra-a-induzione-2p351tck\\\/#primaryimage\"},\"image\":{\"@id\":\"https:\\\/\\\/elektro-fontana.com\\\/it\\\/produkt\\\/bartscher-piastra-a-induzione-2p351tck\\\/#primaryimage\"},\"thumbnailUrl\":\"https:\\\/\\\/elektro-fontana.com\\\/shop\\\/wp-content\\\/uploads\\\/2024\\\/05\\\/Bartscher-2P-351TCK-01.jpg\",\"datePublished\":\"2024-05-10T07:17:14+00:00\",\"dateModified\":\"2025-08-13T09:24:48+00:00\",\"breadcrumb\":{\"@id\":\"https:\\\/\\\/elektro-fontana.com\\\/it\\\/produkt\\\/bartscher-piastra-a-induzione-2p351tck\\\/#breadcrumb\"},\"inLanguage\":\"it-IT\",\"potentialAction\":[{\"@type\":\"ReadAction\",\"target\":[\"https:\\\/\\\/elektro-fontana.com\\\/it\\\/produkt\\\/bartscher-piastra-a-induzione-2p351tck\\\/\"]}]},{\"@type\":\"ImageObject\",\"inLanguage\":\"it-IT\",\"@id\":\"https:\\\/\\\/elektro-fontana.com\\\/it\\\/produkt\\\/bartscher-piastra-a-induzione-2p351tck\\\/#primaryimage\",\"url\":\"https:\\\/\\\/elektro-fontana.com\\\/shop\\\/wp-content\\\/uploads\\\/2024\\\/05\\\/Bartscher-2P-351TCK-01.jpg\",\"contentUrl\":\"https:\\\/\\\/elektro-fontana.com\\\/shop\\\/wp-content\\\/uploads\\\/2024\\\/05\\\/Bartscher-2P-351TCK-01.jpg\",\"width\":1000,\"height\":1000},{\"@type\":\"BreadcrumbList\",\"@id\":\"https:\\\/\\\/elektro-fontana.com\\\/it\\\/produkt\\\/bartscher-piastra-a-induzione-2p351tck\\\/#breadcrumb\",\"itemListElement\":[{\"@type\":\"ListItem\",\"position\":1,\"name\":\"Startseite\",\"item\":\"https:\\\/\\\/elektro-fontana.com\\\/it\\\/\"},{\"@type\":\"ListItem\",\"position\":2,\"name\":\"Onlineshop\",\"item\":\"https:\\\/\\\/elektro-fontana.com\\\/it\\\/shop\\\/\"},{\"@type\":\"ListItem\",\"position\":3,\"name\":\"Bartscher Piastra a induzione 2P351TCK\"}]},{\"@type\":\"WebSite\",\"@id\":\"https:\\\/\\\/elektro-fontana.com\\\/#website\",\"url\":\"https:\\\/\\\/elektro-fontana.com\\\/\",\"name\":\"Elektrofachmarkt Fontana Meran\",\"description\":\"Bei uns finden Sie die wahrscheinlich gr\u00f6\u00dfte Auswahl an hochwertigen Elektroger\u00e4ten in und um Meran, sowie die beste pers\u00f6nliche Beratung\",\"potentialAction\":[{\"@type\":\"SearchAction\",\"target\":{\"@type\":\"EntryPoint\",\"urlTemplate\":\"https:\\\/\\\/elektro-fontana.com\\\/?s={search_term_string}\"},\"query-input\":{\"@type\":\"PropertyValueSpecification\",\"valueRequired\":true,\"valueName\":\"search_term_string\"}}],\"inLanguage\":\"it-IT\"}]}<\/script>\n<!-- \/ Yoast SEO plugin. -->","yoast_head_json":{"title":"Bartscher Piastra a induzione 2P351TCK - Elektrofachmarkt Fontana Meran","robots":{"index":"index","follow":"follow","max-snippet":"max-snippet:-1","max-image-preview":"max-image-preview:large","max-video-preview":"max-video-preview:-1"},"canonical":"https:\/\/elektro-fontana.com\/it\/produkt\/bartscher-piastra-a-induzione-2p351tck\/","og_locale":"it_IT","og_type":"article","og_title":"Bartscher Piastra a induzione 2P351TCK - Elektrofachmarkt Fontana Meran","og_description":"Numero zone cottura: 2 (1 anteriore, 1 posteriore)   Diametro zone cottura in cm: 2 x 24   Potenza massima zone cottura: 2 x 3.500 W   Tipologia zone cottura: Induzione   Impostazione temperatura: Intervalli di 20 \u00b0C   Range di temperatura: da 60\u00b0 C a 240\u00b0 C   Materiale Corpo \/ Piano cottura: Acciaio Inox \/ Vetro   Misure esterne in cm (L\/P\/A): 43 \/ 86,5 \/ 23,5        \u25ba Maggiori informazioni sui prodotti Bartscher      Ordinabile - Prezzo su richiesta","og_url":"https:\/\/elektro-fontana.com\/it\/produkt\/bartscher-piastra-a-induzione-2p351tck\/","og_site_name":"Elektrofachmarkt Fontana Meran","article_modified_time":"2025-08-13T09:24:48+00:00","og_image":[{"width":1000,"height":1000,"url":"https:\/\/elektro-fontana.com\/shop\/wp-content\/uploads\/2024\/05\/Bartscher-2P-351TCK-01.jpg","type":"image\/jpeg"}],"twitter_card":"summary_large_image","schema":{"@context":"https:\/\/schema.org","@graph":[{"@type":"WebPage","@id":"https:\/\/elektro-fontana.com\/it\/produkt\/bartscher-piastra-a-induzione-2p351tck\/","url":"https:\/\/elektro-fontana.com\/it\/produkt\/bartscher-piastra-a-induzione-2p351tck\/","name":"Bartscher Piastra a induzione 2P351TCK - Elektrofachmarkt Fontana Meran","isPartOf":{"@id":"https:\/\/elektro-fontana.com\/#website"},"primaryImageOfPage":{"@id":"https:\/\/elektro-fontana.com\/it\/produkt\/bartscher-piastra-a-induzione-2p351tck\/#primaryimage"},"image":{"@id":"https:\/\/elektro-fontana.com\/it\/produkt\/bartscher-piastra-a-induzione-2p351tck\/#primaryimage"},"thumbnailUrl":"https:\/\/elektro-fontana.com\/shop\/wp-content\/uploads\/2024\/05\/Bartscher-2P-351TCK-01.jpg","datePublished":"2024-05-10T07:17:14+00:00","dateModified":"2025-08-13T09:24:48+00:00","breadcrumb":{"@id":"https:\/\/elektro-fontana.com\/it\/produkt\/bartscher-piastra-a-induzione-2p351tck\/#breadcrumb"},"inLanguage":"it-IT","potentialAction":[{"@type":"ReadAction","target":["https:\/\/elektro-fontana.com\/it\/produkt\/bartscher-piastra-a-induzione-2p351tck\/"]}]},{"@type":"ImageObject","inLanguage":"it-IT","@id":"https:\/\/elektro-fontana.com\/it\/produkt\/bartscher-piastra-a-induzione-2p351tck\/#primaryimage","url":"https:\/\/elektro-fontana.com\/shop\/wp-content\/uploads\/2024\/05\/Bartscher-2P-351TCK-01.jpg","contentUrl":"https:\/\/elektro-fontana.com\/shop\/wp-content\/uploads\/2024\/05\/Bartscher-2P-351TCK-01.jpg","width":1000,"height":1000},{"@type":"BreadcrumbList","@id":"https:\/\/elektro-fontana.com\/it\/produkt\/bartscher-piastra-a-induzione-2p351tck\/#breadcrumb","itemListElement":[{"@type":"ListItem","position":1,"name":"Startseite","item":"https:\/\/elektro-fontana.com\/it\/"},{"@type":"ListItem","position":2,"name":"Onlineshop","item":"https:\/\/elektro-fontana.com\/it\/shop\/"},{"@type":"ListItem","position":3,"name":"Bartscher Piastra a induzione 2P351TCK"}]},{"@type":"WebSite","@id":"https:\/\/elektro-fontana.com\/#website","url":"https:\/\/elektro-fontana.com\/","name":"Elektrofachmarkt Fontana Meran","description":"Bei uns finden Sie die wahrscheinlich gr\u00f6\u00dfte Auswahl an hochwertigen Elektroger\u00e4ten in und um Meran, sowie die beste pers\u00f6nliche Beratung","potentialAction":[{"@type":"SearchAction","target":{"@type":"EntryPoint","urlTemplate":"https:\/\/elektro-fontana.com\/?s={search_term_string}"},"query-input":{"@type":"PropertyValueSpecification","valueRequired":true,"valueName":"search_term_string"}}],"inLanguage":"it-IT"}]}},"_links":{"self":[{"href":"https:\/\/elektro-fontana.com\/it\/wp-json\/wp\/v2\/product\/14702","targetHints":{"allow":["GET"]}}],"collection":[{"href":"https:\/\/elektro-fontana.com\/it\/wp-json\/wp\/v2\/product"}],"about":[{"href":"https:\/\/elektro-fontana.com\/it\/wp-json\/wp\/v2\/types\/product"}],"replies":[{"embeddable":true,"href":"https:\/\/elektro-fontana.com\/it\/wp-json\/wp\/v2\/comments?post=14702"}],"wp:featuredmedia":[{"embeddable":true,"href":"https:\/\/elektro-fontana.com\/it\/wp-json\/wp\/v2\/media\/14696"}],"wp:attachment":[{"href":"https:\/\/elektro-fontana.com\/it\/wp-json\/wp\/v2\/media?parent=14702"}],"wp:term":[{"taxonomy":"product_brand","embeddable":true,"href":"https:\/\/elektro-fontana.com\/it\/wp-json\/wp\/v2\/product_brand?post=14702"},{"taxonomy":"product_cat","embeddable":true,"href":"https:\/\/elektro-fontana.com\/it\/wp-json\/wp\/v2\/product_cat?post=14702"},{"taxonomy":"product_tag","embeddable":true,"href":"https:\/\/elektro-fontana.com\/it\/wp-json\/wp\/v2\/product_tag?post=14702"}],"curies":[{"name":"wp","href":"https:\/\/api.w.org\/{rel}","templated":true}]}}