{"id":14139,"date":"2024-04-11T10:45:54","date_gmt":"2024-04-11T08:45:54","guid":{"rendered":"https:\/\/elektro-fontana.com\/produkt\/e-beefer-pro\/"},"modified":"2024-05-27T11:28:34","modified_gmt":"2024-05-27T09:28:34","slug":"e-beefer-pro","status":"publish","type":"product","link":"https:\/\/elektro-fontana.com\/it\/produkt\/e-beefer-pro\/","title":{"rendered":"E-Beefer Pro"},"content":{"rendered":"","protected":false},"excerpt":{"rendered":"<table style=\"height: 275px;\" width=\"517\">\n<tbody>\n<tr>\n<td>\n<h4><span style=\"color: #0f62ab;\"><strong>Dettagli prodotto:<\/strong><\/span><\/h4>\n<\/td>\n<td>\n<h4><span style=\"color: #0f62ab;\"><strong>Grill Elettrico &#8211; 800\u00b0 Calore Superiore <\/strong><\/span><\/h4>\n<\/td>\n<\/tr>\n<tr>\n<td>Utilizzo:<\/td>\n<td>per l&#8217;uso all&#8217;interno e all&#8217;aperto<\/td>\n<\/tr>\n<tr>\n<td>Modalit\u00e0 operativa:<\/td>\n<td>Elemento riscaldante elettrico, presa Schuko<\/td>\n<\/tr>\n<tr>\n<td>Potenza:<\/td>\n<td>2.600 W<\/td>\n<\/tr>\n<tr>\n<td>Dimensione griglia:<\/td>\n<td>16 x 26,5 cm<\/td>\n<\/tr>\n<tr>\n<td>Materiale:<\/td>\n<td>Acciaio Inox<\/td>\n<\/tr>\n<tr>\n<td>Temperatura nella camera di cottura:<\/td>\n<td>800\u00b0C entro 5 minuti<\/td>\n<\/tr>\n<tr>\n<td>Misure esterne in cm (L\/A\/P):<\/td>\n<td>24,3 \/ 41 \/ 55,6<\/td>\n<\/tr>\n<\/tbody>\n<\/table>\n<tr>\n<td><video controls=\"true\" width=\"280\" height=\"158\" src=\"https:\/\/elektro-fontana.com\/shop\/wp-content\/uploads\/2024\/05\/E-Beefer-Pro.mp4\"><\/video><\/p>\n<td>\n<\/tr>\n<tr>\n<td><video controls=\"true\" width=\"280\" height=\"158\" src=\"https:\/\/elektro-fontana.com\/shop\/wp-content\/uploads\/2024\/05\/Beefer-Outdoor.mp4\"><\/video><\/p>\n<td>\n<\/tr>\n<h3><strong><span style=\"color: #ff0000;\"><span style=\"color: #0f62ab;\">Disponibile<\/span><\/span><\/strong><\/h3>\n<hr>\n<h3><\/h3>\n","protected":false},"featured_media":14099,"comment_status":"closed","ping_status":"closed","template":"","meta":[],"product_brand":[],"product_cat":[503,501,499,154],"product_tag":[],"class_list":{"0":"post-14139","1":"product","2":"type-product","3":"status-publish","4":"has-post-thumbnail","6":"product_cat-beefer-it","7":"product_cat-beefer-original-it","8":"product_cat-grill-co-it","9":"product_cat-piccoli-elettrodomestici","11":"first","12":"instock","13":"shipping-taxable","14":"purchasable","15":"product-type-simple"},"yoast_head":"<!-- This site is optimized with the Yoast SEO plugin v27.4 - https:\/\/yoast.com\/product\/yoast-seo-wordpress\/ -->\n<title>E-Beefer Pro - Elektrofachmarkt Fontana Meran<\/title>\n<meta name=\"robots\" content=\"index, follow, max-snippet:-1, max-image-preview:large, max-video-preview:-1\" \/>\n<link rel=\"canonical\" href=\"https:\/\/elektro-fontana.com\/it\/produkt\/e-beefer-pro\/\" \/>\n<meta property=\"og:locale\" content=\"it_IT\" \/>\n<meta property=\"og:type\" content=\"article\" \/>\n<meta property=\"og:title\" content=\"E-Beefer Pro - Elektrofachmarkt Fontana Meran\" \/>\n<meta property=\"og:description\" content=\"Dettagli prodotto:  Grill Elettrico - 800\u00b0 Calore Superiore   Utilizzo: per l&#039;uso all&#039;interno e all&#039;aperto  Modalit\u00e0 operativa: Elemento riscaldante elettrico, presa Schuko  Potenza: 2.600 W  Dimensione griglia: 16 x 26,5 cm  Materiale: Acciaio Inox  Temperatura nella camera di cottura: 800\u00b0C entro 5 minuti  Misure esterne in cm (L\/A\/P): 24,3 \/ 41 \/ 55,6      Disponibile\" \/>\n<meta property=\"og:url\" content=\"https:\/\/elektro-fontana.com\/it\/produkt\/e-beefer-pro\/\" \/>\n<meta property=\"og:site_name\" content=\"Elektrofachmarkt Fontana Meran\" \/>\n<meta property=\"article:modified_time\" content=\"2024-05-27T09:28:34+00:00\" \/>\n<meta property=\"og:image\" content=\"https:\/\/elektro-fontana.com\/shop\/wp-content\/uploads\/2024\/04\/Beefer-E-Beefer-Pro-01.jpg\" \/>\n\t<meta property=\"og:image:width\" content=\"1000\" \/>\n\t<meta property=\"og:image:height\" content=\"1000\" \/>\n\t<meta property=\"og:image:type\" content=\"image\/jpeg\" \/>\n<meta name=\"twitter:card\" content=\"summary_large_image\" \/>\n<script type=\"application\/ld+json\" class=\"yoast-schema-graph\">{\"@context\":\"https:\\\/\\\/schema.org\",\"@graph\":[{\"@type\":\"WebPage\",\"@id\":\"https:\\\/\\\/elektro-fontana.com\\\/it\\\/produkt\\\/e-beefer-pro\\\/\",\"url\":\"https:\\\/\\\/elektro-fontana.com\\\/it\\\/produkt\\\/e-beefer-pro\\\/\",\"name\":\"E-Beefer Pro - Elektrofachmarkt Fontana Meran\",\"isPartOf\":{\"@id\":\"https:\\\/\\\/elektro-fontana.com\\\/#website\"},\"primaryImageOfPage\":{\"@id\":\"https:\\\/\\\/elektro-fontana.com\\\/it\\\/produkt\\\/e-beefer-pro\\\/#primaryimage\"},\"image\":{\"@id\":\"https:\\\/\\\/elektro-fontana.com\\\/it\\\/produkt\\\/e-beefer-pro\\\/#primaryimage\"},\"thumbnailUrl\":\"https:\\\/\\\/elektro-fontana.com\\\/shop\\\/wp-content\\\/uploads\\\/2024\\\/04\\\/Beefer-E-Beefer-Pro-01.jpg\",\"datePublished\":\"2024-04-11T08:45:54+00:00\",\"dateModified\":\"2024-05-27T09:28:34+00:00\",\"breadcrumb\":{\"@id\":\"https:\\\/\\\/elektro-fontana.com\\\/it\\\/produkt\\\/e-beefer-pro\\\/#breadcrumb\"},\"inLanguage\":\"it-IT\",\"potentialAction\":[{\"@type\":\"ReadAction\",\"target\":[\"https:\\\/\\\/elektro-fontana.com\\\/it\\\/produkt\\\/e-beefer-pro\\\/\"]}]},{\"@type\":\"ImageObject\",\"inLanguage\":\"it-IT\",\"@id\":\"https:\\\/\\\/elektro-fontana.com\\\/it\\\/produkt\\\/e-beefer-pro\\\/#primaryimage\",\"url\":\"https:\\\/\\\/elektro-fontana.com\\\/shop\\\/wp-content\\\/uploads\\\/2024\\\/04\\\/Beefer-E-Beefer-Pro-01.jpg\",\"contentUrl\":\"https:\\\/\\\/elektro-fontana.com\\\/shop\\\/wp-content\\\/uploads\\\/2024\\\/04\\\/Beefer-E-Beefer-Pro-01.jpg\",\"width\":1000,\"height\":1000},{\"@type\":\"BreadcrumbList\",\"@id\":\"https:\\\/\\\/elektro-fontana.com\\\/it\\\/produkt\\\/e-beefer-pro\\\/#breadcrumb\",\"itemListElement\":[{\"@type\":\"ListItem\",\"position\":1,\"name\":\"Startseite\",\"item\":\"https:\\\/\\\/elektro-fontana.com\\\/it\\\/\"},{\"@type\":\"ListItem\",\"position\":2,\"name\":\"Onlineshop\",\"item\":\"https:\\\/\\\/elektro-fontana.com\\\/it\\\/shop\\\/\"},{\"@type\":\"ListItem\",\"position\":3,\"name\":\"E-Beefer Pro\"}]},{\"@type\":\"WebSite\",\"@id\":\"https:\\\/\\\/elektro-fontana.com\\\/#website\",\"url\":\"https:\\\/\\\/elektro-fontana.com\\\/\",\"name\":\"Elektrofachmarkt Fontana Meran\",\"description\":\"Bei uns finden Sie die wahrscheinlich gr\u00f6\u00dfte Auswahl an hochwertigen Elektroger\u00e4ten in und um Meran, sowie die beste pers\u00f6nliche Beratung\",\"potentialAction\":[{\"@type\":\"SearchAction\",\"target\":{\"@type\":\"EntryPoint\",\"urlTemplate\":\"https:\\\/\\\/elektro-fontana.com\\\/?s={search_term_string}\"},\"query-input\":{\"@type\":\"PropertyValueSpecification\",\"valueRequired\":true,\"valueName\":\"search_term_string\"}}],\"inLanguage\":\"it-IT\"}]}<\/script>\n<!-- \/ Yoast SEO plugin. -->","yoast_head_json":{"title":"E-Beefer Pro - Elektrofachmarkt Fontana Meran","robots":{"index":"index","follow":"follow","max-snippet":"max-snippet:-1","max-image-preview":"max-image-preview:large","max-video-preview":"max-video-preview:-1"},"canonical":"https:\/\/elektro-fontana.com\/it\/produkt\/e-beefer-pro\/","og_locale":"it_IT","og_type":"article","og_title":"E-Beefer Pro - Elektrofachmarkt Fontana Meran","og_description":"Dettagli prodotto:  Grill Elettrico - 800\u00b0 Calore Superiore   Utilizzo: per l'uso all'interno e all'aperto  Modalit\u00e0 operativa: Elemento riscaldante elettrico, presa Schuko  Potenza: 2.600 W  Dimensione griglia: 16 x 26,5 cm  Materiale: Acciaio Inox  Temperatura nella camera di cottura: 800\u00b0C entro 5 minuti  Misure esterne in cm (L\/A\/P): 24,3 \/ 41 \/ 55,6      Disponibile","og_url":"https:\/\/elektro-fontana.com\/it\/produkt\/e-beefer-pro\/","og_site_name":"Elektrofachmarkt Fontana Meran","article_modified_time":"2024-05-27T09:28:34+00:00","og_image":[{"width":1000,"height":1000,"url":"https:\/\/elektro-fontana.com\/shop\/wp-content\/uploads\/2024\/04\/Beefer-E-Beefer-Pro-01.jpg","type":"image\/jpeg"}],"twitter_card":"summary_large_image","schema":{"@context":"https:\/\/schema.org","@graph":[{"@type":"WebPage","@id":"https:\/\/elektro-fontana.com\/it\/produkt\/e-beefer-pro\/","url":"https:\/\/elektro-fontana.com\/it\/produkt\/e-beefer-pro\/","name":"E-Beefer Pro - Elektrofachmarkt Fontana Meran","isPartOf":{"@id":"https:\/\/elektro-fontana.com\/#website"},"primaryImageOfPage":{"@id":"https:\/\/elektro-fontana.com\/it\/produkt\/e-beefer-pro\/#primaryimage"},"image":{"@id":"https:\/\/elektro-fontana.com\/it\/produkt\/e-beefer-pro\/#primaryimage"},"thumbnailUrl":"https:\/\/elektro-fontana.com\/shop\/wp-content\/uploads\/2024\/04\/Beefer-E-Beefer-Pro-01.jpg","datePublished":"2024-04-11T08:45:54+00:00","dateModified":"2024-05-27T09:28:34+00:00","breadcrumb":{"@id":"https:\/\/elektro-fontana.com\/it\/produkt\/e-beefer-pro\/#breadcrumb"},"inLanguage":"it-IT","potentialAction":[{"@type":"ReadAction","target":["https:\/\/elektro-fontana.com\/it\/produkt\/e-beefer-pro\/"]}]},{"@type":"ImageObject","inLanguage":"it-IT","@id":"https:\/\/elektro-fontana.com\/it\/produkt\/e-beefer-pro\/#primaryimage","url":"https:\/\/elektro-fontana.com\/shop\/wp-content\/uploads\/2024\/04\/Beefer-E-Beefer-Pro-01.jpg","contentUrl":"https:\/\/elektro-fontana.com\/shop\/wp-content\/uploads\/2024\/04\/Beefer-E-Beefer-Pro-01.jpg","width":1000,"height":1000},{"@type":"BreadcrumbList","@id":"https:\/\/elektro-fontana.com\/it\/produkt\/e-beefer-pro\/#breadcrumb","itemListElement":[{"@type":"ListItem","position":1,"name":"Startseite","item":"https:\/\/elektro-fontana.com\/it\/"},{"@type":"ListItem","position":2,"name":"Onlineshop","item":"https:\/\/elektro-fontana.com\/it\/shop\/"},{"@type":"ListItem","position":3,"name":"E-Beefer Pro"}]},{"@type":"WebSite","@id":"https:\/\/elektro-fontana.com\/#website","url":"https:\/\/elektro-fontana.com\/","name":"Elektrofachmarkt Fontana Meran","description":"Bei uns finden Sie die wahrscheinlich gr\u00f6\u00dfte Auswahl an hochwertigen Elektroger\u00e4ten in und um Meran, sowie die beste pers\u00f6nliche Beratung","potentialAction":[{"@type":"SearchAction","target":{"@type":"EntryPoint","urlTemplate":"https:\/\/elektro-fontana.com\/?s={search_term_string}"},"query-input":{"@type":"PropertyValueSpecification","valueRequired":true,"valueName":"search_term_string"}}],"inLanguage":"it-IT"}]}},"_links":{"self":[{"href":"https:\/\/elektro-fontana.com\/it\/wp-json\/wp\/v2\/product\/14139","targetHints":{"allow":["GET"]}}],"collection":[{"href":"https:\/\/elektro-fontana.com\/it\/wp-json\/wp\/v2\/product"}],"about":[{"href":"https:\/\/elektro-fontana.com\/it\/wp-json\/wp\/v2\/types\/product"}],"replies":[{"embeddable":true,"href":"https:\/\/elektro-fontana.com\/it\/wp-json\/wp\/v2\/comments?post=14139"}],"wp:featuredmedia":[{"embeddable":true,"href":"https:\/\/elektro-fontana.com\/it\/wp-json\/wp\/v2\/media\/14099"}],"wp:attachment":[{"href":"https:\/\/elektro-fontana.com\/it\/wp-json\/wp\/v2\/media?parent=14139"}],"wp:term":[{"taxonomy":"product_brand","embeddable":true,"href":"https:\/\/elektro-fontana.com\/it\/wp-json\/wp\/v2\/product_brand?post=14139"},{"taxonomy":"product_cat","embeddable":true,"href":"https:\/\/elektro-fontana.com\/it\/wp-json\/wp\/v2\/product_cat?post=14139"},{"taxonomy":"product_tag","embeddable":true,"href":"https:\/\/elektro-fontana.com\/it\/wp-json\/wp\/v2\/product_tag?post=14139"}],"curies":[{"name":"wp","href":"https:\/\/api.w.org\/{rel}","templated":true}]}}