{"id":13409,"date":"2024-02-15T10:59:06","date_gmt":"2024-02-15T09:59:06","guid":{"rendered":"https:\/\/elektro-fontana.com\/?post_type=product&#038;p=13409"},"modified":"2024-11-14T09:07:22","modified_gmt":"2024-11-14T08:07:22","slug":"electrolux-mypro","status":"publish","type":"product","link":"https:\/\/elektro-fontana.com\/it\/produkt\/electrolux-mypro\/","title":{"rendered":"Electrolux MyPro &#8211; Lavatrici &amp; Asciugatrici"},"content":{"rendered":"","protected":false},"excerpt":{"rendered":"<h3><span style=\"color: #00053d;\">La soluzione di lavanderia semi-professionale:<\/span><\/h3>\n<h6><span style=\"color: #000000;\"><span style=\"color: #ca083a;\">\u25ba<\/span> Bassi consumi<br \/>\n<\/span><span style=\"color: #000000;\"><span style=\"color: #ca083a;\">\u25ba<\/span> Extra risparmi<br \/>\n<\/span><span style=\"color: #000000;\"><span style=\"color: #ca083a;\">\u25ba<\/span> Garanzia professionale<\/span><\/h6>\n<table style=\"height: 87px;\" width=\"615\">\n<tbody>\n<tr>\n<td bgcolor=\"#00053d\">\n<h6><span style=\"color: #ffffff;\">MyPRO di Electrolux Professional \u00e8 la soluzione per imprese che necessitano di lavatrici, essiccatoi e mangani a vapore pi\u00f9 resistenti e pi\u00f9 veloci delle macchine per uso domestico.<\/span><span style=\"color: #ffffff;\"><br \/>\n<\/span><\/h6>\n<\/td>\n<\/tr>\n<\/tbody>\n<\/table>\n<table style=\"height: 85px;\" width=\"365\">\n<tbody>\n<tr>\n<td bgcolor=\"#f2f2f2\">\n<h6><span style=\"color: #000000;\"><span style=\"color: #bd0926;\">\u25cf<\/span> Resistenti \u2013 pensate per durare pi\u00f9 a lungo.<br \/>\n<span style=\"color: #ca083a;\">\u25cf<\/span> Cicli pi\u00f9 rapidi \u2013 fino al 50% pi\u00f9 veloci.<br \/>\n<span style=\"color: #ca083a;\">\u25cf<\/span> Qualit\u00e0 al top \u2013 risultati sempre perfetti.<br \/>\n<span style=\"color: #ca083a;\">\u25cf<\/span> Massima flessibilit\u00e0 &#8211; grazie ai programmi professionali.<br \/>\n<\/span><\/h6>\n<\/td>\n<\/tr>\n<\/tbody>\n<\/table>\n<p><strong><a href=\"https:\/\/www.electroluxprofessional.com\/de\/waeschereitechnik\/mypro-waschmaschinen-trockner-und-mangeln-fuer-kleingewerbe\/\" target=\"_blank\" rel=\"noopener\"><span style=\"color: #ca083a;\"><u>QU\u00cc TROVATE UNA PANORAMICA DI TUTTI I PRODOTTI DA NOI ORDINABILI<\/u><\/span><\/a><br \/>\n<\/strong><\/p>\n<p>&nbsp;<\/p>\n<hr>\n<p>&nbsp;<\/p>\n","protected":false},"featured_media":13413,"comment_status":"closed","ping_status":"closed","template":"","meta":[],"product_brand":[],"product_cat":[194,308,489,198],"product_tag":[],"class_list":{"0":"post-13409","1":"product","2":"type-product","3":"status-publish","4":"has-post-thumbnail","6":"product_cat-asciugatrici","7":"product_cat-electrolux-it","8":"product_cat-electrolux-my-pro-it","9":"product_cat-lavatrici","11":"first","12":"outofstock","13":"shipping-taxable","14":"product-type-simple"},"yoast_head":"<!-- This site is optimized with the Yoast SEO plugin v27.4 - https:\/\/yoast.com\/product\/yoast-seo-wordpress\/ -->\n<title>Electrolux MyPro - Lavatrici &amp; Asciugatrici - Elektrofachmarkt Fontana Meran<\/title>\n<meta name=\"robots\" content=\"index, follow, max-snippet:-1, max-image-preview:large, max-video-preview:-1\" \/>\n<link rel=\"canonical\" href=\"https:\/\/elektro-fontana.com\/it\/produkt\/electrolux-mypro\/\" \/>\n<meta property=\"og:locale\" content=\"it_IT\" \/>\n<meta property=\"og:type\" content=\"article\" \/>\n<meta property=\"og:title\" content=\"Electrolux MyPro - Lavatrici &amp; Asciugatrici - Elektrofachmarkt Fontana Meran\" \/>\n<meta property=\"og:description\" content=\"La soluzione di lavanderia semi-professionale: \u25ba Bassi consumi \u25ba Extra risparmi \u25ba Garanzia professionale   MyPRO di Electrolux Professional \u00e8 la soluzione per imprese che necessitano di lavatrici, essiccatoi e mangani a vapore pi\u00f9 resistenti e pi\u00f9 veloci delle macchine per uso domestico.     \u25cf Resistenti \u2013 pensate per durare pi\u00f9 a lungo. \u25cf Cicli pi\u00f9 rapidi \u2013 fino al 50% pi\u00f9 veloci. \u25cf Qualit\u00e0 al top \u2013 risultati sempre perfetti. \u25cf Massima flessibilit\u00e0 - grazie ai programmi professionali.   QU\u00cc TROVATE UNA PANORAMICA DI TUTTI I PRODOTTI DA NOI ORDINABILI  &nbsp;  &nbsp;\" \/>\n<meta property=\"og:url\" content=\"https:\/\/elektro-fontana.com\/it\/produkt\/electrolux-mypro\/\" \/>\n<meta property=\"og:site_name\" content=\"Elektrofachmarkt Fontana Meran\" \/>\n<meta property=\"article:modified_time\" content=\"2024-11-14T08:07:22+00:00\" \/>\n<meta property=\"og:image\" content=\"https:\/\/elektro-fontana.com\/shop\/wp-content\/uploads\/2024\/02\/Electrolux-MyPro-01-it.jpg\" \/>\n\t<meta property=\"og:image:width\" content=\"1000\" \/>\n\t<meta property=\"og:image:height\" content=\"1000\" \/>\n\t<meta property=\"og:image:type\" content=\"image\/jpeg\" \/>\n<meta name=\"twitter:card\" content=\"summary_large_image\" \/>\n<script type=\"application\/ld+json\" class=\"yoast-schema-graph\">{\"@context\":\"https:\\\/\\\/schema.org\",\"@graph\":[{\"@type\":\"WebPage\",\"@id\":\"https:\\\/\\\/elektro-fontana.com\\\/it\\\/produkt\\\/electrolux-mypro\\\/\",\"url\":\"https:\\\/\\\/elektro-fontana.com\\\/it\\\/produkt\\\/electrolux-mypro\\\/\",\"name\":\"Electrolux MyPro - Lavatrici &amp; Asciugatrici - Elektrofachmarkt Fontana Meran\",\"isPartOf\":{\"@id\":\"https:\\\/\\\/elektro-fontana.com\\\/#website\"},\"primaryImageOfPage\":{\"@id\":\"https:\\\/\\\/elektro-fontana.com\\\/it\\\/produkt\\\/electrolux-mypro\\\/#primaryimage\"},\"image\":{\"@id\":\"https:\\\/\\\/elektro-fontana.com\\\/it\\\/produkt\\\/electrolux-mypro\\\/#primaryimage\"},\"thumbnailUrl\":\"https:\\\/\\\/elektro-fontana.com\\\/shop\\\/wp-content\\\/uploads\\\/2024\\\/02\\\/Electrolux-MyPro-01-it.jpg\",\"datePublished\":\"2024-02-15T09:59:06+00:00\",\"dateModified\":\"2024-11-14T08:07:22+00:00\",\"breadcrumb\":{\"@id\":\"https:\\\/\\\/elektro-fontana.com\\\/it\\\/produkt\\\/electrolux-mypro\\\/#breadcrumb\"},\"inLanguage\":\"it-IT\",\"potentialAction\":[{\"@type\":\"ReadAction\",\"target\":[\"https:\\\/\\\/elektro-fontana.com\\\/it\\\/produkt\\\/electrolux-mypro\\\/\"]}]},{\"@type\":\"ImageObject\",\"inLanguage\":\"it-IT\",\"@id\":\"https:\\\/\\\/elektro-fontana.com\\\/it\\\/produkt\\\/electrolux-mypro\\\/#primaryimage\",\"url\":\"https:\\\/\\\/elektro-fontana.com\\\/shop\\\/wp-content\\\/uploads\\\/2024\\\/02\\\/Electrolux-MyPro-01-it.jpg\",\"contentUrl\":\"https:\\\/\\\/elektro-fontana.com\\\/shop\\\/wp-content\\\/uploads\\\/2024\\\/02\\\/Electrolux-MyPro-01-it.jpg\",\"width\":1000,\"height\":1000},{\"@type\":\"BreadcrumbList\",\"@id\":\"https:\\\/\\\/elektro-fontana.com\\\/it\\\/produkt\\\/electrolux-mypro\\\/#breadcrumb\",\"itemListElement\":[{\"@type\":\"ListItem\",\"position\":1,\"name\":\"Startseite\",\"item\":\"https:\\\/\\\/elektro-fontana.com\\\/it\\\/\"},{\"@type\":\"ListItem\",\"position\":2,\"name\":\"Onlineshop\",\"item\":\"https:\\\/\\\/elektro-fontana.com\\\/it\\\/shop\\\/\"},{\"@type\":\"ListItem\",\"position\":3,\"name\":\"Electrolux MyPro &#8211; Lavatrici &amp; Asciugatrici\"}]},{\"@type\":\"WebSite\",\"@id\":\"https:\\\/\\\/elektro-fontana.com\\\/#website\",\"url\":\"https:\\\/\\\/elektro-fontana.com\\\/\",\"name\":\"Elektrofachmarkt Fontana Meran\",\"description\":\"Bei uns finden Sie die wahrscheinlich gr\u00f6\u00dfte Auswahl an hochwertigen Elektroger\u00e4ten in und um Meran, sowie die beste pers\u00f6nliche Beratung\",\"potentialAction\":[{\"@type\":\"SearchAction\",\"target\":{\"@type\":\"EntryPoint\",\"urlTemplate\":\"https:\\\/\\\/elektro-fontana.com\\\/?s={search_term_string}\"},\"query-input\":{\"@type\":\"PropertyValueSpecification\",\"valueRequired\":true,\"valueName\":\"search_term_string\"}}],\"inLanguage\":\"it-IT\"}]}<\/script>\n<!-- \/ Yoast SEO plugin. -->","yoast_head_json":{"title":"Electrolux MyPro - Lavatrici &amp; Asciugatrici - Elektrofachmarkt Fontana Meran","robots":{"index":"index","follow":"follow","max-snippet":"max-snippet:-1","max-image-preview":"max-image-preview:large","max-video-preview":"max-video-preview:-1"},"canonical":"https:\/\/elektro-fontana.com\/it\/produkt\/electrolux-mypro\/","og_locale":"it_IT","og_type":"article","og_title":"Electrolux MyPro - Lavatrici &amp; Asciugatrici - Elektrofachmarkt Fontana Meran","og_description":"La soluzione di lavanderia semi-professionale: \u25ba Bassi consumi \u25ba Extra risparmi \u25ba Garanzia professionale   MyPRO di Electrolux Professional \u00e8 la soluzione per imprese che necessitano di lavatrici, essiccatoi e mangani a vapore pi\u00f9 resistenti e pi\u00f9 veloci delle macchine per uso domestico.     \u25cf Resistenti \u2013 pensate per durare pi\u00f9 a lungo. \u25cf Cicli pi\u00f9 rapidi \u2013 fino al 50% pi\u00f9 veloci. \u25cf Qualit\u00e0 al top \u2013 risultati sempre perfetti. \u25cf Massima flessibilit\u00e0 - grazie ai programmi professionali.   QU\u00cc TROVATE UNA PANORAMICA DI TUTTI I PRODOTTI DA NOI ORDINABILI  &nbsp;  &nbsp;","og_url":"https:\/\/elektro-fontana.com\/it\/produkt\/electrolux-mypro\/","og_site_name":"Elektrofachmarkt Fontana Meran","article_modified_time":"2024-11-14T08:07:22+00:00","og_image":[{"width":1000,"height":1000,"url":"https:\/\/elektro-fontana.com\/shop\/wp-content\/uploads\/2024\/02\/Electrolux-MyPro-01-it.jpg","type":"image\/jpeg"}],"twitter_card":"summary_large_image","schema":{"@context":"https:\/\/schema.org","@graph":[{"@type":"WebPage","@id":"https:\/\/elektro-fontana.com\/it\/produkt\/electrolux-mypro\/","url":"https:\/\/elektro-fontana.com\/it\/produkt\/electrolux-mypro\/","name":"Electrolux MyPro - Lavatrici &amp; Asciugatrici - Elektrofachmarkt Fontana Meran","isPartOf":{"@id":"https:\/\/elektro-fontana.com\/#website"},"primaryImageOfPage":{"@id":"https:\/\/elektro-fontana.com\/it\/produkt\/electrolux-mypro\/#primaryimage"},"image":{"@id":"https:\/\/elektro-fontana.com\/it\/produkt\/electrolux-mypro\/#primaryimage"},"thumbnailUrl":"https:\/\/elektro-fontana.com\/shop\/wp-content\/uploads\/2024\/02\/Electrolux-MyPro-01-it.jpg","datePublished":"2024-02-15T09:59:06+00:00","dateModified":"2024-11-14T08:07:22+00:00","breadcrumb":{"@id":"https:\/\/elektro-fontana.com\/it\/produkt\/electrolux-mypro\/#breadcrumb"},"inLanguage":"it-IT","potentialAction":[{"@type":"ReadAction","target":["https:\/\/elektro-fontana.com\/it\/produkt\/electrolux-mypro\/"]}]},{"@type":"ImageObject","inLanguage":"it-IT","@id":"https:\/\/elektro-fontana.com\/it\/produkt\/electrolux-mypro\/#primaryimage","url":"https:\/\/elektro-fontana.com\/shop\/wp-content\/uploads\/2024\/02\/Electrolux-MyPro-01-it.jpg","contentUrl":"https:\/\/elektro-fontana.com\/shop\/wp-content\/uploads\/2024\/02\/Electrolux-MyPro-01-it.jpg","width":1000,"height":1000},{"@type":"BreadcrumbList","@id":"https:\/\/elektro-fontana.com\/it\/produkt\/electrolux-mypro\/#breadcrumb","itemListElement":[{"@type":"ListItem","position":1,"name":"Startseite","item":"https:\/\/elektro-fontana.com\/it\/"},{"@type":"ListItem","position":2,"name":"Onlineshop","item":"https:\/\/elektro-fontana.com\/it\/shop\/"},{"@type":"ListItem","position":3,"name":"Electrolux MyPro &#8211; Lavatrici &amp; Asciugatrici"}]},{"@type":"WebSite","@id":"https:\/\/elektro-fontana.com\/#website","url":"https:\/\/elektro-fontana.com\/","name":"Elektrofachmarkt Fontana Meran","description":"Bei uns finden Sie die wahrscheinlich gr\u00f6\u00dfte Auswahl an hochwertigen Elektroger\u00e4ten in und um Meran, sowie die beste pers\u00f6nliche Beratung","potentialAction":[{"@type":"SearchAction","target":{"@type":"EntryPoint","urlTemplate":"https:\/\/elektro-fontana.com\/?s={search_term_string}"},"query-input":{"@type":"PropertyValueSpecification","valueRequired":true,"valueName":"search_term_string"}}],"inLanguage":"it-IT"}]}},"_links":{"self":[{"href":"https:\/\/elektro-fontana.com\/it\/wp-json\/wp\/v2\/product\/13409","targetHints":{"allow":["GET"]}}],"collection":[{"href":"https:\/\/elektro-fontana.com\/it\/wp-json\/wp\/v2\/product"}],"about":[{"href":"https:\/\/elektro-fontana.com\/it\/wp-json\/wp\/v2\/types\/product"}],"replies":[{"embeddable":true,"href":"https:\/\/elektro-fontana.com\/it\/wp-json\/wp\/v2\/comments?post=13409"}],"wp:featuredmedia":[{"embeddable":true,"href":"https:\/\/elektro-fontana.com\/it\/wp-json\/wp\/v2\/media\/13413"}],"wp:attachment":[{"href":"https:\/\/elektro-fontana.com\/it\/wp-json\/wp\/v2\/media?parent=13409"}],"wp:term":[{"taxonomy":"product_brand","embeddable":true,"href":"https:\/\/elektro-fontana.com\/it\/wp-json\/wp\/v2\/product_brand?post=13409"},{"taxonomy":"product_cat","embeddable":true,"href":"https:\/\/elektro-fontana.com\/it\/wp-json\/wp\/v2\/product_cat?post=13409"},{"taxonomy":"product_tag","embeddable":true,"href":"https:\/\/elektro-fontana.com\/it\/wp-json\/wp\/v2\/product_tag?post=13409"}],"curies":[{"name":"wp","href":"https:\/\/api.w.org\/{rel}","templated":true}]}}