{"id":13195,"date":"2024-01-30T10:06:50","date_gmt":"2024-01-30T09:06:50","guid":{"rendered":"https:\/\/elektro-fontana.com\/?post_type=product&#038;p=13195"},"modified":"2024-07-08T10:55:37","modified_gmt":"2024-07-08T08:55:37","slug":"aeg-einbau-backofen-bss57606bm","status":"publish","type":"product","link":"https:\/\/elektro-fontana.com\/it\/produkt\/aeg-einbau-backofen-bss57606bm\/","title":{"rendered":"AEG BSS57606BM"},"content":{"rendered":"","protected":false},"excerpt":{"rendered":"<table style=\"height: 163px;\" width=\"580\">\n<tbody>\n<tr>\n<td>\n<h4><span style=\"color: #0f62ab;\"><strong>Dettagli prodotto:<\/strong><\/span><\/h4>\n<\/td>\n<td>\n<h4><span style=\"color: #0f62ab;\"><strong>Forno da incasso con supporto vapore<br \/>\n7000 SteamCrisp <\/strong><\/span><\/h4>\n<\/td>\n<\/tr>\n<tr>\n<td>Potenza massima: <\/td>\n<td>3.390 W \/ Grill 2.300 W<\/td>\n<\/tr>\n<tr>\n<td>Range di temperatura:<\/td>\n<td>da 30 \u00b0C a 300 \u00b0C<\/td>\n<\/tr>\n<tr>\n<td>Volume vano cottura:<\/td>\n<td>72 l<\/td>\n<\/tr>\n<tr>\n<td>Tipo di controllo:<\/td>\n<td>Touch-Display LED, manopole a scomparsa<\/td>\n<\/tr>\n<tr>\n<td>Colore:<\/td>\n<td>Acciaio Inox, nero<\/td>\n<\/tr>\n<tr>\n<td>Misure esterne in cm (L\/A\/P):<\/td>\n<td>59,6 \/ 59,4 \/ 56,8<\/td>\n<\/tr>\n<\/tbody>\n<\/table>\n<h3><strong><span style=\"color: #ff0000;\"><span style=\"color: #0f62ab;\">Disponibile &#8211; Prezzo su richiesta<\/span><\/span><\/strong><\/h3>\n<hr>\n<h3><\/h3>\n","protected":false},"featured_media":13197,"comment_status":"closed","ping_status":"closed","template":"","meta":[],"product_brand":[],"product_cat":[290,122,128,131],"product_tag":[],"class_list":{"0":"post-13195","1":"product","2":"type-product","3":"status-publish","4":"has-post-thumbnail","6":"product_cat-aeg-it","7":"product_cat-da-incasso","8":"product_cat-forni-co-it","9":"product_cat-forni-da-incasso","11":"first","12":"instock","13":"shipping-taxable","14":"product-type-simple"},"yoast_head":"<!-- This site is optimized with the Yoast SEO plugin v27.3 - https:\/\/yoast.com\/product\/yoast-seo-wordpress\/ -->\n<title>AEG BSS57606BM - Elektrofachmarkt Fontana Meran<\/title>\n<meta name=\"robots\" content=\"index, follow, max-snippet:-1, max-image-preview:large, max-video-preview:-1\" \/>\n<link rel=\"canonical\" href=\"https:\/\/elektro-fontana.com\/it\/produkt\/aeg-einbau-backofen-bss57606bm\/\" \/>\n<meta property=\"og:locale\" content=\"it_IT\" \/>\n<meta property=\"og:type\" content=\"article\" \/>\n<meta property=\"og:title\" content=\"AEG BSS57606BM - Elektrofachmarkt Fontana Meran\" \/>\n<meta property=\"og:description\" content=\"Dettagli prodotto:  Forno da incasso con supporto vapore 7000 SteamCrisp   Potenza massima: 3.390 W \/ Grill 2.300 W  Range di temperatura: da 30 \u00b0C a 300 \u00b0C  Volume vano cottura: 72 l  Tipo di controllo: Touch-Display LED, manopole a scomparsa  Colore: Acciaio Inox, nero  Misure esterne in cm (L\/A\/P): 59,6 \/ 59,4 \/ 56,8  Disponibile - Prezzo su richiesta\" \/>\n<meta property=\"og:url\" content=\"https:\/\/elektro-fontana.com\/it\/produkt\/aeg-einbau-backofen-bss57606bm\/\" \/>\n<meta property=\"og:site_name\" content=\"Elektrofachmarkt Fontana Meran\" \/>\n<meta property=\"article:modified_time\" content=\"2024-07-08T08:55:37+00:00\" \/>\n<meta property=\"og:image\" content=\"https:\/\/elektro-fontana.com\/shop\/wp-content\/uploads\/2024\/01\/AEG-BSS-57606-BM-01.jpg\" \/>\n\t<meta property=\"og:image:width\" content=\"1000\" \/>\n\t<meta property=\"og:image:height\" content=\"1000\" \/>\n\t<meta property=\"og:image:type\" content=\"image\/jpeg\" \/>\n<meta name=\"twitter:card\" content=\"summary_large_image\" \/>\n<script type=\"application\/ld+json\" class=\"yoast-schema-graph\">{\"@context\":\"https:\\\/\\\/schema.org\",\"@graph\":[{\"@type\":\"WebPage\",\"@id\":\"https:\\\/\\\/elektro-fontana.com\\\/it\\\/produkt\\\/aeg-einbau-backofen-bss57606bm\\\/\",\"url\":\"https:\\\/\\\/elektro-fontana.com\\\/it\\\/produkt\\\/aeg-einbau-backofen-bss57606bm\\\/\",\"name\":\"AEG BSS57606BM - Elektrofachmarkt Fontana Meran\",\"isPartOf\":{\"@id\":\"https:\\\/\\\/elektro-fontana.com\\\/#website\"},\"primaryImageOfPage\":{\"@id\":\"https:\\\/\\\/elektro-fontana.com\\\/it\\\/produkt\\\/aeg-einbau-backofen-bss57606bm\\\/#primaryimage\"},\"image\":{\"@id\":\"https:\\\/\\\/elektro-fontana.com\\\/it\\\/produkt\\\/aeg-einbau-backofen-bss57606bm\\\/#primaryimage\"},\"thumbnailUrl\":\"https:\\\/\\\/elektro-fontana.com\\\/shop\\\/wp-content\\\/uploads\\\/2024\\\/01\\\/AEG-BSS-57606-BM-01.jpg\",\"datePublished\":\"2024-01-30T09:06:50+00:00\",\"dateModified\":\"2024-07-08T08:55:37+00:00\",\"breadcrumb\":{\"@id\":\"https:\\\/\\\/elektro-fontana.com\\\/it\\\/produkt\\\/aeg-einbau-backofen-bss57606bm\\\/#breadcrumb\"},\"inLanguage\":\"it-IT\",\"potentialAction\":[{\"@type\":\"ReadAction\",\"target\":[\"https:\\\/\\\/elektro-fontana.com\\\/it\\\/produkt\\\/aeg-einbau-backofen-bss57606bm\\\/\"]}]},{\"@type\":\"ImageObject\",\"inLanguage\":\"it-IT\",\"@id\":\"https:\\\/\\\/elektro-fontana.com\\\/it\\\/produkt\\\/aeg-einbau-backofen-bss57606bm\\\/#primaryimage\",\"url\":\"https:\\\/\\\/elektro-fontana.com\\\/shop\\\/wp-content\\\/uploads\\\/2024\\\/01\\\/AEG-BSS-57606-BM-01.jpg\",\"contentUrl\":\"https:\\\/\\\/elektro-fontana.com\\\/shop\\\/wp-content\\\/uploads\\\/2024\\\/01\\\/AEG-BSS-57606-BM-01.jpg\",\"width\":1000,\"height\":1000},{\"@type\":\"BreadcrumbList\",\"@id\":\"https:\\\/\\\/elektro-fontana.com\\\/it\\\/produkt\\\/aeg-einbau-backofen-bss57606bm\\\/#breadcrumb\",\"itemListElement\":[{\"@type\":\"ListItem\",\"position\":1,\"name\":\"Startseite\",\"item\":\"https:\\\/\\\/elektro-fontana.com\\\/it\\\/\"},{\"@type\":\"ListItem\",\"position\":2,\"name\":\"Onlineshop\",\"item\":\"https:\\\/\\\/elektro-fontana.com\\\/it\\\/shop\\\/\"},{\"@type\":\"ListItem\",\"position\":3,\"name\":\"AEG BSS57606BM\"}]},{\"@type\":\"WebSite\",\"@id\":\"https:\\\/\\\/elektro-fontana.com\\\/#website\",\"url\":\"https:\\\/\\\/elektro-fontana.com\\\/\",\"name\":\"Elektrofachmarkt Fontana Meran\",\"description\":\"Bei uns finden Sie die wahrscheinlich gr\u00f6\u00dfte Auswahl an hochwertigen Elektroger\u00e4ten in und um Meran, sowie die beste pers\u00f6nliche Beratung\",\"potentialAction\":[{\"@type\":\"SearchAction\",\"target\":{\"@type\":\"EntryPoint\",\"urlTemplate\":\"https:\\\/\\\/elektro-fontana.com\\\/?s={search_term_string}\"},\"query-input\":{\"@type\":\"PropertyValueSpecification\",\"valueRequired\":true,\"valueName\":\"search_term_string\"}}],\"inLanguage\":\"it-IT\"}]}<\/script>\n<!-- \/ Yoast SEO plugin. -->","yoast_head_json":{"title":"AEG BSS57606BM - Elektrofachmarkt Fontana Meran","robots":{"index":"index","follow":"follow","max-snippet":"max-snippet:-1","max-image-preview":"max-image-preview:large","max-video-preview":"max-video-preview:-1"},"canonical":"https:\/\/elektro-fontana.com\/it\/produkt\/aeg-einbau-backofen-bss57606bm\/","og_locale":"it_IT","og_type":"article","og_title":"AEG BSS57606BM - Elektrofachmarkt Fontana Meran","og_description":"Dettagli prodotto:  Forno da incasso con supporto vapore 7000 SteamCrisp   Potenza massima: 3.390 W \/ Grill 2.300 W  Range di temperatura: da 30 \u00b0C a 300 \u00b0C  Volume vano cottura: 72 l  Tipo di controllo: Touch-Display LED, manopole a scomparsa  Colore: Acciaio Inox, nero  Misure esterne in cm (L\/A\/P): 59,6 \/ 59,4 \/ 56,8  Disponibile - Prezzo su richiesta","og_url":"https:\/\/elektro-fontana.com\/it\/produkt\/aeg-einbau-backofen-bss57606bm\/","og_site_name":"Elektrofachmarkt Fontana Meran","article_modified_time":"2024-07-08T08:55:37+00:00","og_image":[{"width":1000,"height":1000,"url":"https:\/\/elektro-fontana.com\/shop\/wp-content\/uploads\/2024\/01\/AEG-BSS-57606-BM-01.jpg","type":"image\/jpeg"}],"twitter_card":"summary_large_image","schema":{"@context":"https:\/\/schema.org","@graph":[{"@type":"WebPage","@id":"https:\/\/elektro-fontana.com\/it\/produkt\/aeg-einbau-backofen-bss57606bm\/","url":"https:\/\/elektro-fontana.com\/it\/produkt\/aeg-einbau-backofen-bss57606bm\/","name":"AEG BSS57606BM - Elektrofachmarkt Fontana Meran","isPartOf":{"@id":"https:\/\/elektro-fontana.com\/#website"},"primaryImageOfPage":{"@id":"https:\/\/elektro-fontana.com\/it\/produkt\/aeg-einbau-backofen-bss57606bm\/#primaryimage"},"image":{"@id":"https:\/\/elektro-fontana.com\/it\/produkt\/aeg-einbau-backofen-bss57606bm\/#primaryimage"},"thumbnailUrl":"https:\/\/elektro-fontana.com\/shop\/wp-content\/uploads\/2024\/01\/AEG-BSS-57606-BM-01.jpg","datePublished":"2024-01-30T09:06:50+00:00","dateModified":"2024-07-08T08:55:37+00:00","breadcrumb":{"@id":"https:\/\/elektro-fontana.com\/it\/produkt\/aeg-einbau-backofen-bss57606bm\/#breadcrumb"},"inLanguage":"it-IT","potentialAction":[{"@type":"ReadAction","target":["https:\/\/elektro-fontana.com\/it\/produkt\/aeg-einbau-backofen-bss57606bm\/"]}]},{"@type":"ImageObject","inLanguage":"it-IT","@id":"https:\/\/elektro-fontana.com\/it\/produkt\/aeg-einbau-backofen-bss57606bm\/#primaryimage","url":"https:\/\/elektro-fontana.com\/shop\/wp-content\/uploads\/2024\/01\/AEG-BSS-57606-BM-01.jpg","contentUrl":"https:\/\/elektro-fontana.com\/shop\/wp-content\/uploads\/2024\/01\/AEG-BSS-57606-BM-01.jpg","width":1000,"height":1000},{"@type":"BreadcrumbList","@id":"https:\/\/elektro-fontana.com\/it\/produkt\/aeg-einbau-backofen-bss57606bm\/#breadcrumb","itemListElement":[{"@type":"ListItem","position":1,"name":"Startseite","item":"https:\/\/elektro-fontana.com\/it\/"},{"@type":"ListItem","position":2,"name":"Onlineshop","item":"https:\/\/elektro-fontana.com\/it\/shop\/"},{"@type":"ListItem","position":3,"name":"AEG BSS57606BM"}]},{"@type":"WebSite","@id":"https:\/\/elektro-fontana.com\/#website","url":"https:\/\/elektro-fontana.com\/","name":"Elektrofachmarkt Fontana Meran","description":"Bei uns finden Sie die wahrscheinlich gr\u00f6\u00dfte Auswahl an hochwertigen Elektroger\u00e4ten in und um Meran, sowie die beste pers\u00f6nliche Beratung","potentialAction":[{"@type":"SearchAction","target":{"@type":"EntryPoint","urlTemplate":"https:\/\/elektro-fontana.com\/?s={search_term_string}"},"query-input":{"@type":"PropertyValueSpecification","valueRequired":true,"valueName":"search_term_string"}}],"inLanguage":"it-IT"}]}},"_links":{"self":[{"href":"https:\/\/elektro-fontana.com\/it\/wp-json\/wp\/v2\/product\/13195","targetHints":{"allow":["GET"]}}],"collection":[{"href":"https:\/\/elektro-fontana.com\/it\/wp-json\/wp\/v2\/product"}],"about":[{"href":"https:\/\/elektro-fontana.com\/it\/wp-json\/wp\/v2\/types\/product"}],"replies":[{"embeddable":true,"href":"https:\/\/elektro-fontana.com\/it\/wp-json\/wp\/v2\/comments?post=13195"}],"wp:featuredmedia":[{"embeddable":true,"href":"https:\/\/elektro-fontana.com\/it\/wp-json\/wp\/v2\/media\/13197"}],"wp:attachment":[{"href":"https:\/\/elektro-fontana.com\/it\/wp-json\/wp\/v2\/media?parent=13195"}],"wp:term":[{"taxonomy":"product_brand","embeddable":true,"href":"https:\/\/elektro-fontana.com\/it\/wp-json\/wp\/v2\/product_brand?post=13195"},{"taxonomy":"product_cat","embeddable":true,"href":"https:\/\/elektro-fontana.com\/it\/wp-json\/wp\/v2\/product_cat?post=13195"},{"taxonomy":"product_tag","embeddable":true,"href":"https:\/\/elektro-fontana.com\/it\/wp-json\/wp\/v2\/product_tag?post=13195"}],"curies":[{"name":"wp","href":"https:\/\/api.w.org\/{rel}","templated":true}]}}