{"id":12904,"date":"2024-01-15T08:19:01","date_gmt":"2024-01-15T07:19:01","guid":{"rendered":"https:\/\/elektro-fontana.com\/?post_type=product&#038;p=12904"},"modified":"2024-01-15T11:38:08","modified_gmt":"2024-01-15T10:38:08","slug":"gewerbliche-professionelle-waeschereimaschinen-miele","status":"publish","type":"product","link":"https:\/\/elektro-fontana.com\/it\/produkt\/gewerbliche-professionelle-waeschereimaschinen-miele\/","title":{"rendered":"Macchine per lavanderia professionali industriali Miele"},"content":{"rendered":"","protected":false},"excerpt":{"rendered":"<h3><span style=\"color: #a60d1f;\">Tecnologia innovativa e robusta all&#8217;avanguardia per le esigenze professionali:<\/span><\/h3>\n<h6><span style=\"color: #000000;\"><span style=\"color: #bd0926;\">\u25ba <\/span><\/span><strong><span style=\"color: #000000;\">SmartBiz\u00a0 \u00a0<span style=\"color: #a60d1f;\">\u25ba<\/span> Piccoli giganti\u00a0 \u00a0<span style=\"color: #a60d1f;\">\u25ba<\/span> OctoPlus\u00a0 \u00a0<span style=\"color: #a60d1f;\">\u25ba<\/span> Performance\u00a0 \u00a0<span style=\"color: #a60d1f;\">\u25ba<\/span> ProfiTronic\u00a0 \u00a0<span style=\"color: #a60d1f;\">\u25ba<\/span> SlimLine<\/span><\/strong><\/h6>\n<table style=\"height: 119px;\" width=\"614\">\n<tbody>\n<tr>\n<td bgcolor=\"#a60d1f\">\n<h6><span style=\"color: #ffffff;\">Le lavatrici e asciugatrici Miele Professional sono progettate per uso commerciale. Dalla lavatrice SmartBiz, per esigenze che vanno oltre quelle di un normale uso domestico, alle lavatrici Profitronic con design a pareti divisorie per la massima sicurezza igienica. Soluzioni innovative e pratiche come il sistema di asciugatura PerfectDry, che asciuga con precisione tutti i tessuti grazie all&#8217;esclusivo sistema di misurazione dell&#8217;umidit\u00e0 residua Miele. <\/span><span style=\"color: #ffffff;\"><br \/>\n<\/span><\/h6>\n<\/td>\n<\/tr>\n<\/tbody>\n<\/table>\n<table style=\"height: 67px;\" width=\"363\">\n<tbody>\n<tr>\n<td bgcolor=\"#f2f2f2\">\n<h6><span style=\"color: #000000;\"><span style=\"color: #bd0926;\">\u25cf<\/span> Prestazioni al top per ogni settore.<br \/>\n<span style=\"color: #bd0926;\">\u25cf<\/span> Sistemi di lavaggio e asciugatura per ogni esigenza.<br \/>\n<span style=\"color: #bd0926;\">\u25cf<\/span> Risultati perfetti, flussi di lavoro efficienti.<br \/>\n<span style=\"color: #bd0926;\">\u25cf<\/span> Pulizia approfondita e cura dei tessuti.<br \/>\n<span style=\"color: #bd0926;\">\u25cf<\/span> Dimensioni prestazionali su misura per ogni applicazione.<br \/>\n<span style=\"color: #bd0926;\">\u25cf<\/span> Massima prestazione ed efficienza.<br \/>\n<span style=\"color: #bd0926;\">\u25cf<\/span> Quantit\u00e0 di carico per ogni esigenza da 14 a 44 kg.<br \/>\n<\/span><\/h6>\n<\/td>\n<\/tr>\n<\/tbody>\n<\/table>\n<h3><a href=\"https:\/\/elektro-fontana.com\/shop\/wp-content\/uploads\/2024\/01\/Miele-Waescherei-Spuelmaschinen.pdf\" target=\"_blank\" rel=\"noopener\"><img loading=\"lazy\" decoding=\"async\" class=\"alignnone wp-image-12929\" style=\"font-size: 16px;\" src=\"https:\/\/elektro-fontana.com\/shop\/wp-content\/uploads\/2024\/01\/Miele-Waescherei-Spuelmaschinen-logo-212x300.jpg\" alt=\"\" width=\"132\" height=\"187\" srcset=\"https:\/\/elektro-fontana.com\/shop\/wp-content\/uploads\/2024\/01\/Miele-Waescherei-Spuelmaschinen-logo-212x300.jpg 212w, https:\/\/elektro-fontana.com\/shop\/wp-content\/uploads\/2024\/01\/Miele-Waescherei-Spuelmaschinen-logo.jpg 280w\" sizes=\"auto, (max-width: 132px) 100vw, 132px\" \/><\/a> \u00a0\u00a0<a style=\"font-size: 16px;\" href=\"https:\/\/elektro-fontana.com\/shop\/wp-content\/uploads\/2024\/01\/Miele-Waescherei-Spuelmaschinen.pdf\" target=\"_blank\" rel=\"noopener\"><strong><span style=\"color: #a60d1f;\"><u>Apri il catalogo (in lingua tedesca)<\/u><\/span><\/strong><\/a><\/h3>\n<h3><a style=\"font-size: 16px;\" href=\"https:\/\/www.miele.it\/it\/p\/cura-dei-tessuti-1957.htm\" target=\"_blank\" rel=\"noopener\"><strong><span style=\"color: #a60d1f;\"><u>Qui trovate la gamma completa dei prodotti per la lavanderia professionale sul sito Miele<\/u><\/span><\/strong><\/a><\/h3>\n<h6><\/h6>\n<hr \/>\n<p>&nbsp;<\/p>\n","protected":false},"featured_media":12910,"comment_status":"closed","ping_status":"closed","template":"","meta":[],"product_brand":[],"product_cat":[331,385,387],"product_tag":[],"class_list":{"0":"post-12904","1":"product","2":"type-product","3":"status-publish","4":"has-post-thumbnail","6":"product_cat-miele-it","7":"product_cat-miele-professional-lavatrici","8":"product_cat-miele-professional-asciugatrici","10":"first","11":"outofstock","12":"shipping-taxable","13":"product-type-simple"},"yoast_head":"<!-- This site is optimized with the Yoast SEO plugin v27.3 - https:\/\/yoast.com\/product\/yoast-seo-wordpress\/ -->\n<title>Macchine per lavanderia professionali industriali Miele - Elektrofachmarkt Fontana Meran<\/title>\n<meta name=\"robots\" content=\"index, follow, max-snippet:-1, max-image-preview:large, max-video-preview:-1\" \/>\n<link rel=\"canonical\" href=\"https:\/\/elektro-fontana.com\/it\/produkt\/gewerbliche-professionelle-waeschereimaschinen-miele\/\" \/>\n<meta property=\"og:locale\" content=\"it_IT\" \/>\n<meta property=\"og:type\" content=\"article\" \/>\n<meta property=\"og:title\" content=\"Macchine per lavanderia professionali industriali Miele - Elektrofachmarkt Fontana Meran\" \/>\n<meta property=\"og:description\" content=\"Tecnologia innovativa e robusta all&#039;avanguardia per le esigenze professionali: \u25ba SmartBiz\u00a0 \u00a0\u25ba Piccoli giganti\u00a0 \u00a0\u25ba OctoPlus\u00a0 \u00a0\u25ba Performance\u00a0 \u00a0\u25ba ProfiTronic\u00a0 \u00a0\u25ba SlimLine     Le lavatrici e asciugatrici Miele Professional sono progettate per uso commerciale. Dalla lavatrice SmartBiz, per esigenze che vanno oltre quelle di un normale uso domestico, alle lavatrici Profitronic con design a pareti divisorie per la massima sicurezza igienica. Soluzioni innovative e pratiche come il sistema di asciugatura PerfectDry, che asciuga con precisione tutti i tessuti grazie all&#039;esclusivo sistema di misurazione dell&#039;umidit\u00e0 residua Miele.           \u25cf Prestazioni al top per ogni settore. \u25cf Sistemi di lavaggio e asciugatura per ogni esigenza. \u25cf Risultati perfetti, flussi di lavoro efficienti. \u25cf Pulizia approfondita e cura dei tessuti. \u25cf Dimensioni prestazionali su misura per ogni applicazione. \u25cf Massima prestazione ed efficienza. \u25cf Quantit\u00e0 di carico per ogni esigenza da 14 a 44 kg.       \u00a0\u00a0Apri il catalogo (in lingua tedesca) Qui trovate la gamma completa dei prodotti per la lavanderia professionale sul sito Miele     &nbsp;\" \/>\n<meta property=\"og:url\" content=\"https:\/\/elektro-fontana.com\/it\/produkt\/gewerbliche-professionelle-waeschereimaschinen-miele\/\" \/>\n<meta property=\"og:site_name\" content=\"Elektrofachmarkt Fontana Meran\" \/>\n<meta property=\"article:modified_time\" content=\"2024-01-15T10:38:08+00:00\" \/>\n<meta property=\"og:image\" content=\"https:\/\/elektro-fontana.com\/shop\/wp-content\/uploads\/2024\/01\/Miele-Profi-Waescerei-Maschinen-01-it.jpg\" \/>\n\t<meta property=\"og:image:width\" content=\"1000\" \/>\n\t<meta property=\"og:image:height\" content=\"1000\" \/>\n\t<meta property=\"og:image:type\" content=\"image\/jpeg\" \/>\n<meta name=\"twitter:card\" content=\"summary_large_image\" \/>\n<script type=\"application\/ld+json\" class=\"yoast-schema-graph\">{\"@context\":\"https:\\\/\\\/schema.org\",\"@graph\":[{\"@type\":\"WebPage\",\"@id\":\"https:\\\/\\\/elektro-fontana.com\\\/it\\\/produkt\\\/gewerbliche-professionelle-waeschereimaschinen-miele\\\/\",\"url\":\"https:\\\/\\\/elektro-fontana.com\\\/it\\\/produkt\\\/gewerbliche-professionelle-waeschereimaschinen-miele\\\/\",\"name\":\"Macchine per lavanderia professionali industriali Miele - Elektrofachmarkt Fontana Meran\",\"isPartOf\":{\"@id\":\"https:\\\/\\\/elektro-fontana.com\\\/#website\"},\"primaryImageOfPage\":{\"@id\":\"https:\\\/\\\/elektro-fontana.com\\\/it\\\/produkt\\\/gewerbliche-professionelle-waeschereimaschinen-miele\\\/#primaryimage\"},\"image\":{\"@id\":\"https:\\\/\\\/elektro-fontana.com\\\/it\\\/produkt\\\/gewerbliche-professionelle-waeschereimaschinen-miele\\\/#primaryimage\"},\"thumbnailUrl\":\"https:\\\/\\\/elektro-fontana.com\\\/shop\\\/wp-content\\\/uploads\\\/2024\\\/01\\\/Miele-Profi-Waescerei-Maschinen-01-it.jpg\",\"datePublished\":\"2024-01-15T07:19:01+00:00\",\"dateModified\":\"2024-01-15T10:38:08+00:00\",\"breadcrumb\":{\"@id\":\"https:\\\/\\\/elektro-fontana.com\\\/it\\\/produkt\\\/gewerbliche-professionelle-waeschereimaschinen-miele\\\/#breadcrumb\"},\"inLanguage\":\"it-IT\",\"potentialAction\":[{\"@type\":\"ReadAction\",\"target\":[\"https:\\\/\\\/elektro-fontana.com\\\/it\\\/produkt\\\/gewerbliche-professionelle-waeschereimaschinen-miele\\\/\"]}]},{\"@type\":\"ImageObject\",\"inLanguage\":\"it-IT\",\"@id\":\"https:\\\/\\\/elektro-fontana.com\\\/it\\\/produkt\\\/gewerbliche-professionelle-waeschereimaschinen-miele\\\/#primaryimage\",\"url\":\"https:\\\/\\\/elektro-fontana.com\\\/shop\\\/wp-content\\\/uploads\\\/2024\\\/01\\\/Miele-Profi-Waescerei-Maschinen-01-it.jpg\",\"contentUrl\":\"https:\\\/\\\/elektro-fontana.com\\\/shop\\\/wp-content\\\/uploads\\\/2024\\\/01\\\/Miele-Profi-Waescerei-Maschinen-01-it.jpg\",\"width\":1000,\"height\":1000},{\"@type\":\"BreadcrumbList\",\"@id\":\"https:\\\/\\\/elektro-fontana.com\\\/it\\\/produkt\\\/gewerbliche-professionelle-waeschereimaschinen-miele\\\/#breadcrumb\",\"itemListElement\":[{\"@type\":\"ListItem\",\"position\":1,\"name\":\"Startseite\",\"item\":\"https:\\\/\\\/elektro-fontana.com\\\/it\\\/\"},{\"@type\":\"ListItem\",\"position\":2,\"name\":\"Onlineshop\",\"item\":\"https:\\\/\\\/elektro-fontana.com\\\/it\\\/shop\\\/\"},{\"@type\":\"ListItem\",\"position\":3,\"name\":\"Macchine per lavanderia professionali industriali Miele\"}]},{\"@type\":\"WebSite\",\"@id\":\"https:\\\/\\\/elektro-fontana.com\\\/#website\",\"url\":\"https:\\\/\\\/elektro-fontana.com\\\/\",\"name\":\"Elektrofachmarkt Fontana Meran\",\"description\":\"Bei uns finden Sie die wahrscheinlich gr\u00f6\u00dfte Auswahl an hochwertigen Elektroger\u00e4ten in und um Meran, sowie die beste pers\u00f6nliche Beratung\",\"potentialAction\":[{\"@type\":\"SearchAction\",\"target\":{\"@type\":\"EntryPoint\",\"urlTemplate\":\"https:\\\/\\\/elektro-fontana.com\\\/?s={search_term_string}\"},\"query-input\":{\"@type\":\"PropertyValueSpecification\",\"valueRequired\":true,\"valueName\":\"search_term_string\"}}],\"inLanguage\":\"it-IT\"}]}<\/script>\n<!-- \/ Yoast SEO plugin. -->","yoast_head_json":{"title":"Macchine per lavanderia professionali industriali Miele - Elektrofachmarkt Fontana Meran","robots":{"index":"index","follow":"follow","max-snippet":"max-snippet:-1","max-image-preview":"max-image-preview:large","max-video-preview":"max-video-preview:-1"},"canonical":"https:\/\/elektro-fontana.com\/it\/produkt\/gewerbliche-professionelle-waeschereimaschinen-miele\/","og_locale":"it_IT","og_type":"article","og_title":"Macchine per lavanderia professionali industriali Miele - Elektrofachmarkt Fontana Meran","og_description":"Tecnologia innovativa e robusta all'avanguardia per le esigenze professionali: \u25ba SmartBiz\u00a0 \u00a0\u25ba Piccoli giganti\u00a0 \u00a0\u25ba OctoPlus\u00a0 \u00a0\u25ba Performance\u00a0 \u00a0\u25ba ProfiTronic\u00a0 \u00a0\u25ba SlimLine     Le lavatrici e asciugatrici Miele Professional sono progettate per uso commerciale. Dalla lavatrice SmartBiz, per esigenze che vanno oltre quelle di un normale uso domestico, alle lavatrici Profitronic con design a pareti divisorie per la massima sicurezza igienica. Soluzioni innovative e pratiche come il sistema di asciugatura PerfectDry, che asciuga con precisione tutti i tessuti grazie all'esclusivo sistema di misurazione dell'umidit\u00e0 residua Miele.           \u25cf Prestazioni al top per ogni settore. \u25cf Sistemi di lavaggio e asciugatura per ogni esigenza. \u25cf Risultati perfetti, flussi di lavoro efficienti. \u25cf Pulizia approfondita e cura dei tessuti. \u25cf Dimensioni prestazionali su misura per ogni applicazione. \u25cf Massima prestazione ed efficienza. \u25cf Quantit\u00e0 di carico per ogni esigenza da 14 a 44 kg.       \u00a0\u00a0Apri il catalogo (in lingua tedesca) Qui trovate la gamma completa dei prodotti per la lavanderia professionale sul sito Miele     &nbsp;","og_url":"https:\/\/elektro-fontana.com\/it\/produkt\/gewerbliche-professionelle-waeschereimaschinen-miele\/","og_site_name":"Elektrofachmarkt Fontana Meran","article_modified_time":"2024-01-15T10:38:08+00:00","og_image":[{"width":1000,"height":1000,"url":"https:\/\/elektro-fontana.com\/shop\/wp-content\/uploads\/2024\/01\/Miele-Profi-Waescerei-Maschinen-01-it.jpg","type":"image\/jpeg"}],"twitter_card":"summary_large_image","schema":{"@context":"https:\/\/schema.org","@graph":[{"@type":"WebPage","@id":"https:\/\/elektro-fontana.com\/it\/produkt\/gewerbliche-professionelle-waeschereimaschinen-miele\/","url":"https:\/\/elektro-fontana.com\/it\/produkt\/gewerbliche-professionelle-waeschereimaschinen-miele\/","name":"Macchine per lavanderia professionali industriali Miele - Elektrofachmarkt Fontana Meran","isPartOf":{"@id":"https:\/\/elektro-fontana.com\/#website"},"primaryImageOfPage":{"@id":"https:\/\/elektro-fontana.com\/it\/produkt\/gewerbliche-professionelle-waeschereimaschinen-miele\/#primaryimage"},"image":{"@id":"https:\/\/elektro-fontana.com\/it\/produkt\/gewerbliche-professionelle-waeschereimaschinen-miele\/#primaryimage"},"thumbnailUrl":"https:\/\/elektro-fontana.com\/shop\/wp-content\/uploads\/2024\/01\/Miele-Profi-Waescerei-Maschinen-01-it.jpg","datePublished":"2024-01-15T07:19:01+00:00","dateModified":"2024-01-15T10:38:08+00:00","breadcrumb":{"@id":"https:\/\/elektro-fontana.com\/it\/produkt\/gewerbliche-professionelle-waeschereimaschinen-miele\/#breadcrumb"},"inLanguage":"it-IT","potentialAction":[{"@type":"ReadAction","target":["https:\/\/elektro-fontana.com\/it\/produkt\/gewerbliche-professionelle-waeschereimaschinen-miele\/"]}]},{"@type":"ImageObject","inLanguage":"it-IT","@id":"https:\/\/elektro-fontana.com\/it\/produkt\/gewerbliche-professionelle-waeschereimaschinen-miele\/#primaryimage","url":"https:\/\/elektro-fontana.com\/shop\/wp-content\/uploads\/2024\/01\/Miele-Profi-Waescerei-Maschinen-01-it.jpg","contentUrl":"https:\/\/elektro-fontana.com\/shop\/wp-content\/uploads\/2024\/01\/Miele-Profi-Waescerei-Maschinen-01-it.jpg","width":1000,"height":1000},{"@type":"BreadcrumbList","@id":"https:\/\/elektro-fontana.com\/it\/produkt\/gewerbliche-professionelle-waeschereimaschinen-miele\/#breadcrumb","itemListElement":[{"@type":"ListItem","position":1,"name":"Startseite","item":"https:\/\/elektro-fontana.com\/it\/"},{"@type":"ListItem","position":2,"name":"Onlineshop","item":"https:\/\/elektro-fontana.com\/it\/shop\/"},{"@type":"ListItem","position":3,"name":"Macchine per lavanderia professionali industriali Miele"}]},{"@type":"WebSite","@id":"https:\/\/elektro-fontana.com\/#website","url":"https:\/\/elektro-fontana.com\/","name":"Elektrofachmarkt Fontana Meran","description":"Bei uns finden Sie die wahrscheinlich gr\u00f6\u00dfte Auswahl an hochwertigen Elektroger\u00e4ten in und um Meran, sowie die beste pers\u00f6nliche Beratung","potentialAction":[{"@type":"SearchAction","target":{"@type":"EntryPoint","urlTemplate":"https:\/\/elektro-fontana.com\/?s={search_term_string}"},"query-input":{"@type":"PropertyValueSpecification","valueRequired":true,"valueName":"search_term_string"}}],"inLanguage":"it-IT"}]}},"_links":{"self":[{"href":"https:\/\/elektro-fontana.com\/it\/wp-json\/wp\/v2\/product\/12904","targetHints":{"allow":["GET"]}}],"collection":[{"href":"https:\/\/elektro-fontana.com\/it\/wp-json\/wp\/v2\/product"}],"about":[{"href":"https:\/\/elektro-fontana.com\/it\/wp-json\/wp\/v2\/types\/product"}],"replies":[{"embeddable":true,"href":"https:\/\/elektro-fontana.com\/it\/wp-json\/wp\/v2\/comments?post=12904"}],"wp:featuredmedia":[{"embeddable":true,"href":"https:\/\/elektro-fontana.com\/it\/wp-json\/wp\/v2\/media\/12910"}],"wp:attachment":[{"href":"https:\/\/elektro-fontana.com\/it\/wp-json\/wp\/v2\/media?parent=12904"}],"wp:term":[{"taxonomy":"product_brand","embeddable":true,"href":"https:\/\/elektro-fontana.com\/it\/wp-json\/wp\/v2\/product_brand?post=12904"},{"taxonomy":"product_cat","embeddable":true,"href":"https:\/\/elektro-fontana.com\/it\/wp-json\/wp\/v2\/product_cat?post=12904"},{"taxonomy":"product_tag","embeddable":true,"href":"https:\/\/elektro-fontana.com\/it\/wp-json\/wp\/v2\/product_tag?post=12904"}],"curies":[{"name":"wp","href":"https:\/\/api.w.org\/{rel}","templated":true}]}}