{"id":12846,"date":"2024-01-08T08:14:02","date_gmt":"2024-01-08T07:14:02","guid":{"rendered":"https:\/\/elektro-fontana.com\/?post_type=product&#038;p=12846"},"modified":"2024-01-10T09:23:19","modified_gmt":"2024-01-10T08:23:19","slug":"temptech-einbau-freistehende-weinkuehlschraenke","status":"publish","type":"product","link":"https:\/\/elektro-fontana.com\/it\/produkt\/temptech-einbau-freistehende-weinkuehlschraenke\/","title":{"rendered":"TEMPTECH: Cantine vino da incasso e freestanding"},"content":{"rendered":"","protected":false},"excerpt":{"rendered":"<h3><span style=\"color: #a02020;\">Conservare il vino in modo appropriato e servirlo alla giusta temperature porter\u00e0 la tua esperienza di degustazione a un livello superiore.<\/span><\/h3>\n<table style=\"height: 65px;\" width=\"502\">\n<tbody>\n<tr>\n<td bgcolor=\"#3c3c3c\">\n<h6><span style=\"color: #ffffff;\">Con pi\u00f9 di 25 diversi modelli di cantine vino in svariate fasce di prezzo, colori, dimensioni e capacit\u00e0, \u00e8 facile trovare il prodotto pi\u00f9 adatto alle proprie esigenze.<br \/>\n<\/span><\/h6>\n<\/td>\n<\/tr>\n<\/tbody>\n<\/table>\n<table style=\"height: 65px;\" width=\"502\">\n<tbody>\n<tr>\n<td bgcolor=\"#e8e8e8\">\n<h6><span style=\"color: #000000;\"><span style=\"color: #a02020;\">\u25ba<\/span> TEMPERATURA GIUSTA E STABILE<br \/>\n<span style=\"color: #a02020;\">\u25ba<\/span> UMIDIT\u00c0 OTTIMALE<br \/>\n<span style=\"color: #a02020;\">\u25ba<\/span> PROTEZIONE CONTRO IL CALORE E LA LUCE SOLARE<br \/>\n<span style=\"color: #a02020;\">\u25ba<\/span> SCHUTZ VOR UNANGENEHMEN GER\u00dcCHEN<br \/>\n<span style=\"color: #a02020;\">\u25ba<\/span> BASSO LIVELLO DI VIBRAZIONE<br \/>\n<span style=\"color: #a02020;\">\u25ba<\/span> FILTRO A CARBONI ATTIVI<br \/>\n<span style=\"color: #a02020;\">\u25ba<\/span> LUCE A LED E DISPLAY DIGITALE<br \/>\n<span style=\"color: #a02020;\">\u25ba<\/span> STRUTTURA ROBUSTA<br \/>\n<span style=\"color: #a02020;\">\u25ba<\/span> PORTE REVERSIBILI<br \/>\n<span style=\"color: #a02020;\">\u25ba<\/span> VETRI A DOPPIO O TRIPLO STRATO<br \/>\n<\/span><\/h6>\n<\/td>\n<\/tr>\n<\/tbody>\n<\/table>\n<h3><a href=\"https:\/\/elektro-fontana.com\/shop\/wp-content\/uploads\/2024\/01\/Temptech-Catalogo-23-24.pdf\" target=\"_blank\" rel=\"noopener\"><img loading=\"lazy\" decoding=\"async\" class=\"alignnone wp-image-12869\" src=\"https:\/\/elektro-fontana.com\/shop\/wp-content\/uploads\/2022\/12\/Temptech-Catalogo-Logo-212x300.jpg\" alt=\"\" width=\"132\" height=\"187\" srcset=\"https:\/\/elektro-fontana.com\/shop\/wp-content\/uploads\/2022\/12\/Temptech-Catalogo-Logo-212x300.jpg 212w, https:\/\/elektro-fontana.com\/shop\/wp-content\/uploads\/2022\/12\/Temptech-Catalogo-Logo.jpg 280w\" sizes=\"auto, (max-width: 132px) 100vw, 132px\" \/><\/a> \u00a0 \u00a0<a href=\"https:\/\/elektro-fontana.com\/shop\/wp-content\/uploads\/2024\/01\/Temptech-Catalogo-23-24.pdf\" target=\"_blank\" rel=\"noopener\"><strong style=\"font-size: 16px;\"><span style=\"color: #a12237;\"><u>Apri il catalogo<\/u><\/span><\/strong><\/a><\/h3>\n<hr \/>\n<p>&nbsp;<\/p>\n","protected":false},"featured_media":12850,"comment_status":"closed","ping_status":"closed","template":"","meta":[],"product_brand":[],"product_cat":[192,485],"product_tag":[],"class_list":{"0":"post-12846","1":"product","2":"type-product","3":"status-publish","4":"has-post-thumbnail","6":"product_cat-frigoriferi-per-vini","7":"product_cat-temptech-it","9":"first","10":"outofstock","11":"shipping-taxable","12":"product-type-simple"},"yoast_head":"<!-- This site is optimized with the Yoast SEO plugin v27.4 - https:\/\/yoast.com\/product\/yoast-seo-wordpress\/ -->\n<title>TEMPTECH: Cantine vino da incasso e freestanding - Elektrofachmarkt Fontana Meran<\/title>\n<meta name=\"robots\" content=\"index, follow, max-snippet:-1, max-image-preview:large, max-video-preview:-1\" \/>\n<link rel=\"canonical\" href=\"https:\/\/elektro-fontana.com\/it\/produkt\/temptech-einbau-freistehende-weinkuehlschraenke\/\" \/>\n<meta property=\"og:locale\" content=\"it_IT\" \/>\n<meta property=\"og:type\" content=\"article\" \/>\n<meta property=\"og:title\" content=\"TEMPTECH: Cantine vino da incasso e freestanding - Elektrofachmarkt Fontana Meran\" \/>\n<meta property=\"og:description\" content=\"Conservare il vino in modo appropriato e servirlo alla giusta temperature porter\u00e0 la tua esperienza di degustazione a un livello superiore.     Con pi\u00f9 di 25 diversi modelli di cantine vino in svariate fasce di prezzo, colori, dimensioni e capacit\u00e0, \u00e8 facile trovare il prodotto pi\u00f9 adatto alle proprie esigenze.          \u25ba TEMPERATURA GIUSTA E STABILE \u25ba UMIDIT\u00c0 OTTIMALE \u25ba PROTEZIONE CONTRO IL CALORE E LA LUCE SOLARE \u25ba SCHUTZ VOR UNANGENEHMEN GER\u00dcCHEN \u25ba BASSO LIVELLO DI VIBRAZIONE \u25ba FILTRO A CARBONI ATTIVI \u25ba LUCE A LED E DISPLAY DIGITALE \u25ba STRUTTURA ROBUSTA \u25ba PORTE REVERSIBILI \u25ba VETRI A DOPPIO O TRIPLO STRATO       \u00a0 \u00a0Apri il catalogo    &nbsp;\" \/>\n<meta property=\"og:url\" content=\"https:\/\/elektro-fontana.com\/it\/produkt\/temptech-einbau-freistehende-weinkuehlschraenke\/\" \/>\n<meta property=\"og:site_name\" content=\"Elektrofachmarkt Fontana Meran\" \/>\n<meta property=\"article:modified_time\" content=\"2024-01-10T08:23:19+00:00\" \/>\n<meta property=\"og:image\" content=\"https:\/\/elektro-fontana.com\/shop\/wp-content\/uploads\/2024\/01\/Temptech-01-it.jpg\" \/>\n\t<meta property=\"og:image:width\" content=\"1000\" \/>\n\t<meta property=\"og:image:height\" content=\"1000\" \/>\n\t<meta property=\"og:image:type\" content=\"image\/jpeg\" \/>\n<meta name=\"twitter:card\" content=\"summary_large_image\" \/>\n<script type=\"application\/ld+json\" class=\"yoast-schema-graph\">{\"@context\":\"https:\\\/\\\/schema.org\",\"@graph\":[{\"@type\":\"WebPage\",\"@id\":\"https:\\\/\\\/elektro-fontana.com\\\/it\\\/produkt\\\/temptech-einbau-freistehende-weinkuehlschraenke\\\/\",\"url\":\"https:\\\/\\\/elektro-fontana.com\\\/it\\\/produkt\\\/temptech-einbau-freistehende-weinkuehlschraenke\\\/\",\"name\":\"TEMPTECH: Cantine vino da incasso e freestanding - Elektrofachmarkt Fontana Meran\",\"isPartOf\":{\"@id\":\"https:\\\/\\\/elektro-fontana.com\\\/#website\"},\"primaryImageOfPage\":{\"@id\":\"https:\\\/\\\/elektro-fontana.com\\\/it\\\/produkt\\\/temptech-einbau-freistehende-weinkuehlschraenke\\\/#primaryimage\"},\"image\":{\"@id\":\"https:\\\/\\\/elektro-fontana.com\\\/it\\\/produkt\\\/temptech-einbau-freistehende-weinkuehlschraenke\\\/#primaryimage\"},\"thumbnailUrl\":\"https:\\\/\\\/elektro-fontana.com\\\/shop\\\/wp-content\\\/uploads\\\/2024\\\/01\\\/Temptech-01-it.jpg\",\"datePublished\":\"2024-01-08T07:14:02+00:00\",\"dateModified\":\"2024-01-10T08:23:19+00:00\",\"breadcrumb\":{\"@id\":\"https:\\\/\\\/elektro-fontana.com\\\/it\\\/produkt\\\/temptech-einbau-freistehende-weinkuehlschraenke\\\/#breadcrumb\"},\"inLanguage\":\"it-IT\",\"potentialAction\":[{\"@type\":\"ReadAction\",\"target\":[\"https:\\\/\\\/elektro-fontana.com\\\/it\\\/produkt\\\/temptech-einbau-freistehende-weinkuehlschraenke\\\/\"]}]},{\"@type\":\"ImageObject\",\"inLanguage\":\"it-IT\",\"@id\":\"https:\\\/\\\/elektro-fontana.com\\\/it\\\/produkt\\\/temptech-einbau-freistehende-weinkuehlschraenke\\\/#primaryimage\",\"url\":\"https:\\\/\\\/elektro-fontana.com\\\/shop\\\/wp-content\\\/uploads\\\/2024\\\/01\\\/Temptech-01-it.jpg\",\"contentUrl\":\"https:\\\/\\\/elektro-fontana.com\\\/shop\\\/wp-content\\\/uploads\\\/2024\\\/01\\\/Temptech-01-it.jpg\",\"width\":1000,\"height\":1000},{\"@type\":\"BreadcrumbList\",\"@id\":\"https:\\\/\\\/elektro-fontana.com\\\/it\\\/produkt\\\/temptech-einbau-freistehende-weinkuehlschraenke\\\/#breadcrumb\",\"itemListElement\":[{\"@type\":\"ListItem\",\"position\":1,\"name\":\"Startseite\",\"item\":\"https:\\\/\\\/elektro-fontana.com\\\/it\\\/\"},{\"@type\":\"ListItem\",\"position\":2,\"name\":\"Onlineshop\",\"item\":\"https:\\\/\\\/elektro-fontana.com\\\/it\\\/shop\\\/\"},{\"@type\":\"ListItem\",\"position\":3,\"name\":\"TEMPTECH: Cantine vino da incasso e freestanding\"}]},{\"@type\":\"WebSite\",\"@id\":\"https:\\\/\\\/elektro-fontana.com\\\/#website\",\"url\":\"https:\\\/\\\/elektro-fontana.com\\\/\",\"name\":\"Elektrofachmarkt Fontana Meran\",\"description\":\"Bei uns finden Sie die wahrscheinlich gr\u00f6\u00dfte Auswahl an hochwertigen Elektroger\u00e4ten in und um Meran, sowie die beste pers\u00f6nliche Beratung\",\"potentialAction\":[{\"@type\":\"SearchAction\",\"target\":{\"@type\":\"EntryPoint\",\"urlTemplate\":\"https:\\\/\\\/elektro-fontana.com\\\/?s={search_term_string}\"},\"query-input\":{\"@type\":\"PropertyValueSpecification\",\"valueRequired\":true,\"valueName\":\"search_term_string\"}}],\"inLanguage\":\"it-IT\"}]}<\/script>\n<!-- \/ Yoast SEO plugin. -->","yoast_head_json":{"title":"TEMPTECH: Cantine vino da incasso e freestanding - Elektrofachmarkt Fontana Meran","robots":{"index":"index","follow":"follow","max-snippet":"max-snippet:-1","max-image-preview":"max-image-preview:large","max-video-preview":"max-video-preview:-1"},"canonical":"https:\/\/elektro-fontana.com\/it\/produkt\/temptech-einbau-freistehende-weinkuehlschraenke\/","og_locale":"it_IT","og_type":"article","og_title":"TEMPTECH: Cantine vino da incasso e freestanding - Elektrofachmarkt Fontana Meran","og_description":"Conservare il vino in modo appropriato e servirlo alla giusta temperature porter\u00e0 la tua esperienza di degustazione a un livello superiore.     Con pi\u00f9 di 25 diversi modelli di cantine vino in svariate fasce di prezzo, colori, dimensioni e capacit\u00e0, \u00e8 facile trovare il prodotto pi\u00f9 adatto alle proprie esigenze.          \u25ba TEMPERATURA GIUSTA E STABILE \u25ba UMIDIT\u00c0 OTTIMALE \u25ba PROTEZIONE CONTRO IL CALORE E LA LUCE SOLARE \u25ba SCHUTZ VOR UNANGENEHMEN GER\u00dcCHEN \u25ba BASSO LIVELLO DI VIBRAZIONE \u25ba FILTRO A CARBONI ATTIVI \u25ba LUCE A LED E DISPLAY DIGITALE \u25ba STRUTTURA ROBUSTA \u25ba PORTE REVERSIBILI \u25ba VETRI A DOPPIO O TRIPLO STRATO       \u00a0 \u00a0Apri il catalogo    &nbsp;","og_url":"https:\/\/elektro-fontana.com\/it\/produkt\/temptech-einbau-freistehende-weinkuehlschraenke\/","og_site_name":"Elektrofachmarkt Fontana Meran","article_modified_time":"2024-01-10T08:23:19+00:00","og_image":[{"width":1000,"height":1000,"url":"https:\/\/elektro-fontana.com\/shop\/wp-content\/uploads\/2024\/01\/Temptech-01-it.jpg","type":"image\/jpeg"}],"twitter_card":"summary_large_image","schema":{"@context":"https:\/\/schema.org","@graph":[{"@type":"WebPage","@id":"https:\/\/elektro-fontana.com\/it\/produkt\/temptech-einbau-freistehende-weinkuehlschraenke\/","url":"https:\/\/elektro-fontana.com\/it\/produkt\/temptech-einbau-freistehende-weinkuehlschraenke\/","name":"TEMPTECH: Cantine vino da incasso e freestanding - Elektrofachmarkt Fontana Meran","isPartOf":{"@id":"https:\/\/elektro-fontana.com\/#website"},"primaryImageOfPage":{"@id":"https:\/\/elektro-fontana.com\/it\/produkt\/temptech-einbau-freistehende-weinkuehlschraenke\/#primaryimage"},"image":{"@id":"https:\/\/elektro-fontana.com\/it\/produkt\/temptech-einbau-freistehende-weinkuehlschraenke\/#primaryimage"},"thumbnailUrl":"https:\/\/elektro-fontana.com\/shop\/wp-content\/uploads\/2024\/01\/Temptech-01-it.jpg","datePublished":"2024-01-08T07:14:02+00:00","dateModified":"2024-01-10T08:23:19+00:00","breadcrumb":{"@id":"https:\/\/elektro-fontana.com\/it\/produkt\/temptech-einbau-freistehende-weinkuehlschraenke\/#breadcrumb"},"inLanguage":"it-IT","potentialAction":[{"@type":"ReadAction","target":["https:\/\/elektro-fontana.com\/it\/produkt\/temptech-einbau-freistehende-weinkuehlschraenke\/"]}]},{"@type":"ImageObject","inLanguage":"it-IT","@id":"https:\/\/elektro-fontana.com\/it\/produkt\/temptech-einbau-freistehende-weinkuehlschraenke\/#primaryimage","url":"https:\/\/elektro-fontana.com\/shop\/wp-content\/uploads\/2024\/01\/Temptech-01-it.jpg","contentUrl":"https:\/\/elektro-fontana.com\/shop\/wp-content\/uploads\/2024\/01\/Temptech-01-it.jpg","width":1000,"height":1000},{"@type":"BreadcrumbList","@id":"https:\/\/elektro-fontana.com\/it\/produkt\/temptech-einbau-freistehende-weinkuehlschraenke\/#breadcrumb","itemListElement":[{"@type":"ListItem","position":1,"name":"Startseite","item":"https:\/\/elektro-fontana.com\/it\/"},{"@type":"ListItem","position":2,"name":"Onlineshop","item":"https:\/\/elektro-fontana.com\/it\/shop\/"},{"@type":"ListItem","position":3,"name":"TEMPTECH: Cantine vino da incasso e freestanding"}]},{"@type":"WebSite","@id":"https:\/\/elektro-fontana.com\/#website","url":"https:\/\/elektro-fontana.com\/","name":"Elektrofachmarkt Fontana Meran","description":"Bei uns finden Sie die wahrscheinlich gr\u00f6\u00dfte Auswahl an hochwertigen Elektroger\u00e4ten in und um Meran, sowie die beste pers\u00f6nliche Beratung","potentialAction":[{"@type":"SearchAction","target":{"@type":"EntryPoint","urlTemplate":"https:\/\/elektro-fontana.com\/?s={search_term_string}"},"query-input":{"@type":"PropertyValueSpecification","valueRequired":true,"valueName":"search_term_string"}}],"inLanguage":"it-IT"}]}},"_links":{"self":[{"href":"https:\/\/elektro-fontana.com\/it\/wp-json\/wp\/v2\/product\/12846","targetHints":{"allow":["GET"]}}],"collection":[{"href":"https:\/\/elektro-fontana.com\/it\/wp-json\/wp\/v2\/product"}],"about":[{"href":"https:\/\/elektro-fontana.com\/it\/wp-json\/wp\/v2\/types\/product"}],"replies":[{"embeddable":true,"href":"https:\/\/elektro-fontana.com\/it\/wp-json\/wp\/v2\/comments?post=12846"}],"wp:featuredmedia":[{"embeddable":true,"href":"https:\/\/elektro-fontana.com\/it\/wp-json\/wp\/v2\/media\/12850"}],"wp:attachment":[{"href":"https:\/\/elektro-fontana.com\/it\/wp-json\/wp\/v2\/media?parent=12846"}],"wp:term":[{"taxonomy":"product_brand","embeddable":true,"href":"https:\/\/elektro-fontana.com\/it\/wp-json\/wp\/v2\/product_brand?post=12846"},{"taxonomy":"product_cat","embeddable":true,"href":"https:\/\/elektro-fontana.com\/it\/wp-json\/wp\/v2\/product_cat?post=12846"},{"taxonomy":"product_tag","embeddable":true,"href":"https:\/\/elektro-fontana.com\/it\/wp-json\/wp\/v2\/product_tag?post=12846"}],"curies":[{"name":"wp","href":"https:\/\/api.w.org\/{rel}","templated":true}]}}