{"id":11343,"date":"2023-10-10T11:36:12","date_gmt":"2023-10-10T09:36:12","guid":{"rendered":"https:\/\/elektro-fontana.com\/?post_type=product&#038;p=11343"},"modified":"2024-11-15T08:42:12","modified_gmt":"2024-11-15T07:42:12","slug":"abzugshauben-zubehoer","status":"publish","type":"product","link":"https:\/\/elektro-fontana.com\/it\/produkt\/abzugshauben-zubehoer\/","title":{"rendered":"Naber &#8211; Accessori per cappe"},"content":{"rendered":"","protected":false},"excerpt":{"rendered":"<h3><span style=\"color: #00785f;\">Tecnologia di ventilazione. Soluzioni ottimali per un&#8217;aria pulita in cucina. <\/span><\/h3>\n<h6><span style=\"color: #e71f64;\"><strong>Da noi trovi tutti gli accessori giusti per la tua cappa.<\/strong><\/span><\/h6>\n<table style=\"height: 87px;\" width=\"615\">\n<tbody>\n<tr>\n<td bgcolor=\"#e71f64\">\n<h6><span style=\"color: #ffffff;\"><span style=\"color: #ffff00;\">La Tecnologia di ventilazione Naber COMPAIR\u00ae<\/span> offre componenti per condotti d&#8217;aria, scatole a muro e feritoie esterne perfettamente abbinati, con il massimo delle prestazioni e della flessibilit\u00e0 &#8211; per lo sfiato, il ricircolo d&#8217;aria e tutti i sistemi di aspirazione. Sviluppi e produzioni interne, studiate nei minimi dettagli, offrono un montaggio semplice, veloce e sicuro. Il punto di riferimento &#8211; in tutto il mondo!  <\/span><span style=\"color: #ffffff;\"><br \/>\n<\/span><\/h6>\n<\/td>\n<\/tr>\n<\/tbody>\n<\/table>\n<table>\n<tbody>\n<tr>\n<td bgcolor=\"#f2f2f2\">\n<h6><span style=\"color: #000000;\"><span style=\"color: #e71f64;\">\u25ba<\/span> Connettori universali<br \/>\n<span style=\"color: #e71f64;\">\u25ba<\/span> Condotti di ventilazione<br \/>\n<span style=\"color: #e71f64;\">\u25ba<\/span> Curvature dei tubi<br \/>\n<span style=\"color: #e71f64;\">\u25ba<\/span> Scatole a muro<br \/>\n<span style=\"color: #e71f64;\">\u25ba<\/span> Set di montaggio<br \/>\n<span style=\"color: #e71f64;\">\u25ba<\/span> Alette di riflusso<br \/>\n<span style=\"color: #e71f64;\">\u25ba<\/span> Condotti per tetti<br \/>\n<span style=\"color: #e71f64;\">\u25ba<\/span> Collegamenti per piani cottura con cappa integrata<br \/>\n<span style=\"color: #e71f64;\">\u25ba<\/span> &#8230;e molto altro!<br \/>\n<\/span><\/h6>\n<\/td>\n<\/tr>\n<\/tbody>\n<\/table>\n<p>&nbsp;<\/p>\n","protected":false},"featured_media":11347,"comment_status":"closed","ping_status":"closed","template":"","meta":[],"product_brand":[],"product_cat":[465,125,122,532],"product_tag":[],"class_list":{"0":"post-11343","1":"product","2":"type-product","3":"status-publish","4":"has-post-thumbnail","6":"product_cat-accessori-per-cappe","7":"product_cat-cappe-e-aspiratori","8":"product_cat-da-incasso","9":"product_cat-naber-it","11":"first","12":"instock","13":"shipping-taxable","14":"product-type-simple"},"yoast_head":"<!-- This site is optimized with the Yoast SEO plugin v27.4 - https:\/\/yoast.com\/product\/yoast-seo-wordpress\/ -->\n<title>Naber - Accessori per cappe - Elektrofachmarkt Fontana Meran<\/title>\n<meta name=\"robots\" content=\"index, follow, max-snippet:-1, max-image-preview:large, max-video-preview:-1\" \/>\n<link rel=\"canonical\" href=\"https:\/\/elektro-fontana.com\/it\/produkt\/abzugshauben-zubehoer\/\" \/>\n<meta property=\"og:locale\" content=\"it_IT\" \/>\n<meta property=\"og:type\" content=\"article\" \/>\n<meta property=\"og:title\" content=\"Naber - Accessori per cappe - Elektrofachmarkt Fontana Meran\" \/>\n<meta property=\"og:description\" content=\"Tecnologia di ventilazione. Soluzioni ottimali per un&#039;aria pulita in cucina. Da noi trovi tutti gli accessori giusti per la tua cappa.   La Tecnologia di ventilazione Naber COMPAIR\u00ae offre componenti per condotti d&#039;aria, scatole a muro e feritoie esterne perfettamente abbinati, con il massimo delle prestazioni e della flessibilit\u00e0 - per lo sfiato, il ricircolo d&#039;aria e tutti i sistemi di aspirazione. Sviluppi e produzioni interne, studiate nei minimi dettagli, offrono un montaggio semplice, veloce e sicuro. Il punto di riferimento - in tutto il mondo!      \u25ba Connettori universali \u25ba Condotti di ventilazione \u25ba Curvature dei tubi \u25ba Scatole a muro \u25ba Set di montaggio \u25ba Alette di riflusso \u25ba Condotti per tetti \u25ba Collegamenti per piani cottura con cappa integrata \u25ba ...e molto altro!   &nbsp;\" \/>\n<meta property=\"og:url\" content=\"https:\/\/elektro-fontana.com\/it\/produkt\/abzugshauben-zubehoer\/\" \/>\n<meta property=\"og:site_name\" content=\"Elektrofachmarkt Fontana Meran\" \/>\n<meta property=\"article:modified_time\" content=\"2024-11-15T07:42:12+00:00\" \/>\n<meta property=\"og:image\" content=\"https:\/\/elektro-fontana.com\/shop\/wp-content\/uploads\/2022\/12\/Naber-Accessori-Cappe.jpg\" \/>\n\t<meta property=\"og:image:width\" content=\"1000\" \/>\n\t<meta property=\"og:image:height\" content=\"1000\" \/>\n\t<meta property=\"og:image:type\" content=\"image\/jpeg\" \/>\n<meta name=\"twitter:card\" content=\"summary_large_image\" \/>\n<script type=\"application\/ld+json\" class=\"yoast-schema-graph\">{\"@context\":\"https:\\\/\\\/schema.org\",\"@graph\":[{\"@type\":\"WebPage\",\"@id\":\"https:\\\/\\\/elektro-fontana.com\\\/it\\\/produkt\\\/abzugshauben-zubehoer\\\/\",\"url\":\"https:\\\/\\\/elektro-fontana.com\\\/it\\\/produkt\\\/abzugshauben-zubehoer\\\/\",\"name\":\"Naber - Accessori per cappe - Elektrofachmarkt Fontana Meran\",\"isPartOf\":{\"@id\":\"https:\\\/\\\/elektro-fontana.com\\\/#website\"},\"primaryImageOfPage\":{\"@id\":\"https:\\\/\\\/elektro-fontana.com\\\/it\\\/produkt\\\/abzugshauben-zubehoer\\\/#primaryimage\"},\"image\":{\"@id\":\"https:\\\/\\\/elektro-fontana.com\\\/it\\\/produkt\\\/abzugshauben-zubehoer\\\/#primaryimage\"},\"thumbnailUrl\":\"https:\\\/\\\/elektro-fontana.com\\\/shop\\\/wp-content\\\/uploads\\\/2022\\\/12\\\/Naber-Accessori-Cappe.jpg\",\"datePublished\":\"2023-10-10T09:36:12+00:00\",\"dateModified\":\"2024-11-15T07:42:12+00:00\",\"breadcrumb\":{\"@id\":\"https:\\\/\\\/elektro-fontana.com\\\/it\\\/produkt\\\/abzugshauben-zubehoer\\\/#breadcrumb\"},\"inLanguage\":\"it-IT\",\"potentialAction\":[{\"@type\":\"ReadAction\",\"target\":[\"https:\\\/\\\/elektro-fontana.com\\\/it\\\/produkt\\\/abzugshauben-zubehoer\\\/\"]}]},{\"@type\":\"ImageObject\",\"inLanguage\":\"it-IT\",\"@id\":\"https:\\\/\\\/elektro-fontana.com\\\/it\\\/produkt\\\/abzugshauben-zubehoer\\\/#primaryimage\",\"url\":\"https:\\\/\\\/elektro-fontana.com\\\/shop\\\/wp-content\\\/uploads\\\/2022\\\/12\\\/Naber-Accessori-Cappe.jpg\",\"contentUrl\":\"https:\\\/\\\/elektro-fontana.com\\\/shop\\\/wp-content\\\/uploads\\\/2022\\\/12\\\/Naber-Accessori-Cappe.jpg\",\"width\":1000,\"height\":1000},{\"@type\":\"BreadcrumbList\",\"@id\":\"https:\\\/\\\/elektro-fontana.com\\\/it\\\/produkt\\\/abzugshauben-zubehoer\\\/#breadcrumb\",\"itemListElement\":[{\"@type\":\"ListItem\",\"position\":1,\"name\":\"Startseite\",\"item\":\"https:\\\/\\\/elektro-fontana.com\\\/it\\\/\"},{\"@type\":\"ListItem\",\"position\":2,\"name\":\"Onlineshop\",\"item\":\"https:\\\/\\\/elektro-fontana.com\\\/it\\\/shop\\\/\"},{\"@type\":\"ListItem\",\"position\":3,\"name\":\"Naber &#8211; Accessori per cappe\"}]},{\"@type\":\"WebSite\",\"@id\":\"https:\\\/\\\/elektro-fontana.com\\\/#website\",\"url\":\"https:\\\/\\\/elektro-fontana.com\\\/\",\"name\":\"Elektrofachmarkt Fontana Meran\",\"description\":\"Bei uns finden Sie die wahrscheinlich gr\u00f6\u00dfte Auswahl an hochwertigen Elektroger\u00e4ten in und um Meran, sowie die beste pers\u00f6nliche Beratung\",\"potentialAction\":[{\"@type\":\"SearchAction\",\"target\":{\"@type\":\"EntryPoint\",\"urlTemplate\":\"https:\\\/\\\/elektro-fontana.com\\\/?s={search_term_string}\"},\"query-input\":{\"@type\":\"PropertyValueSpecification\",\"valueRequired\":true,\"valueName\":\"search_term_string\"}}],\"inLanguage\":\"it-IT\"}]}<\/script>\n<!-- \/ Yoast SEO plugin. -->","yoast_head_json":{"title":"Naber - Accessori per cappe - Elektrofachmarkt Fontana Meran","robots":{"index":"index","follow":"follow","max-snippet":"max-snippet:-1","max-image-preview":"max-image-preview:large","max-video-preview":"max-video-preview:-1"},"canonical":"https:\/\/elektro-fontana.com\/it\/produkt\/abzugshauben-zubehoer\/","og_locale":"it_IT","og_type":"article","og_title":"Naber - Accessori per cappe - Elektrofachmarkt Fontana Meran","og_description":"Tecnologia di ventilazione. Soluzioni ottimali per un'aria pulita in cucina. Da noi trovi tutti gli accessori giusti per la tua cappa.   La Tecnologia di ventilazione Naber COMPAIR\u00ae offre componenti per condotti d'aria, scatole a muro e feritoie esterne perfettamente abbinati, con il massimo delle prestazioni e della flessibilit\u00e0 - per lo sfiato, il ricircolo d'aria e tutti i sistemi di aspirazione. Sviluppi e produzioni interne, studiate nei minimi dettagli, offrono un montaggio semplice, veloce e sicuro. Il punto di riferimento - in tutto il mondo!      \u25ba Connettori universali \u25ba Condotti di ventilazione \u25ba Curvature dei tubi \u25ba Scatole a muro \u25ba Set di montaggio \u25ba Alette di riflusso \u25ba Condotti per tetti \u25ba Collegamenti per piani cottura con cappa integrata \u25ba ...e molto altro!   &nbsp;","og_url":"https:\/\/elektro-fontana.com\/it\/produkt\/abzugshauben-zubehoer\/","og_site_name":"Elektrofachmarkt Fontana Meran","article_modified_time":"2024-11-15T07:42:12+00:00","og_image":[{"width":1000,"height":1000,"url":"https:\/\/elektro-fontana.com\/shop\/wp-content\/uploads\/2022\/12\/Naber-Accessori-Cappe.jpg","type":"image\/jpeg"}],"twitter_card":"summary_large_image","schema":{"@context":"https:\/\/schema.org","@graph":[{"@type":"WebPage","@id":"https:\/\/elektro-fontana.com\/it\/produkt\/abzugshauben-zubehoer\/","url":"https:\/\/elektro-fontana.com\/it\/produkt\/abzugshauben-zubehoer\/","name":"Naber - Accessori per cappe - Elektrofachmarkt Fontana Meran","isPartOf":{"@id":"https:\/\/elektro-fontana.com\/#website"},"primaryImageOfPage":{"@id":"https:\/\/elektro-fontana.com\/it\/produkt\/abzugshauben-zubehoer\/#primaryimage"},"image":{"@id":"https:\/\/elektro-fontana.com\/it\/produkt\/abzugshauben-zubehoer\/#primaryimage"},"thumbnailUrl":"https:\/\/elektro-fontana.com\/shop\/wp-content\/uploads\/2022\/12\/Naber-Accessori-Cappe.jpg","datePublished":"2023-10-10T09:36:12+00:00","dateModified":"2024-11-15T07:42:12+00:00","breadcrumb":{"@id":"https:\/\/elektro-fontana.com\/it\/produkt\/abzugshauben-zubehoer\/#breadcrumb"},"inLanguage":"it-IT","potentialAction":[{"@type":"ReadAction","target":["https:\/\/elektro-fontana.com\/it\/produkt\/abzugshauben-zubehoer\/"]}]},{"@type":"ImageObject","inLanguage":"it-IT","@id":"https:\/\/elektro-fontana.com\/it\/produkt\/abzugshauben-zubehoer\/#primaryimage","url":"https:\/\/elektro-fontana.com\/shop\/wp-content\/uploads\/2022\/12\/Naber-Accessori-Cappe.jpg","contentUrl":"https:\/\/elektro-fontana.com\/shop\/wp-content\/uploads\/2022\/12\/Naber-Accessori-Cappe.jpg","width":1000,"height":1000},{"@type":"BreadcrumbList","@id":"https:\/\/elektro-fontana.com\/it\/produkt\/abzugshauben-zubehoer\/#breadcrumb","itemListElement":[{"@type":"ListItem","position":1,"name":"Startseite","item":"https:\/\/elektro-fontana.com\/it\/"},{"@type":"ListItem","position":2,"name":"Onlineshop","item":"https:\/\/elektro-fontana.com\/it\/shop\/"},{"@type":"ListItem","position":3,"name":"Naber &#8211; Accessori per cappe"}]},{"@type":"WebSite","@id":"https:\/\/elektro-fontana.com\/#website","url":"https:\/\/elektro-fontana.com\/","name":"Elektrofachmarkt Fontana Meran","description":"Bei uns finden Sie die wahrscheinlich gr\u00f6\u00dfte Auswahl an hochwertigen Elektroger\u00e4ten in und um Meran, sowie die beste pers\u00f6nliche Beratung","potentialAction":[{"@type":"SearchAction","target":{"@type":"EntryPoint","urlTemplate":"https:\/\/elektro-fontana.com\/?s={search_term_string}"},"query-input":{"@type":"PropertyValueSpecification","valueRequired":true,"valueName":"search_term_string"}}],"inLanguage":"it-IT"}]}},"_links":{"self":[{"href":"https:\/\/elektro-fontana.com\/it\/wp-json\/wp\/v2\/product\/11343","targetHints":{"allow":["GET"]}}],"collection":[{"href":"https:\/\/elektro-fontana.com\/it\/wp-json\/wp\/v2\/product"}],"about":[{"href":"https:\/\/elektro-fontana.com\/it\/wp-json\/wp\/v2\/types\/product"}],"replies":[{"embeddable":true,"href":"https:\/\/elektro-fontana.com\/it\/wp-json\/wp\/v2\/comments?post=11343"}],"wp:featuredmedia":[{"embeddable":true,"href":"https:\/\/elektro-fontana.com\/it\/wp-json\/wp\/v2\/media\/11347"}],"wp:attachment":[{"href":"https:\/\/elektro-fontana.com\/it\/wp-json\/wp\/v2\/media?parent=11343"}],"wp:term":[{"taxonomy":"product_brand","embeddable":true,"href":"https:\/\/elektro-fontana.com\/it\/wp-json\/wp\/v2\/product_brand?post=11343"},{"taxonomy":"product_cat","embeddable":true,"href":"https:\/\/elektro-fontana.com\/it\/wp-json\/wp\/v2\/product_cat?post=11343"},{"taxonomy":"product_tag","embeddable":true,"href":"https:\/\/elektro-fontana.com\/it\/wp-json\/wp\/v2\/product_tag?post=11343"}],"curies":[{"name":"wp","href":"https:\/\/api.w.org\/{rel}","templated":true}]}}