{"id":11216,"date":"2023-10-03T10:40:51","date_gmt":"2023-10-03T08:40:51","guid":{"rendered":"https:\/\/elektro-fontana.com\/?post_type=product&#038;p=11216"},"modified":"2023-10-03T11:06:55","modified_gmt":"2023-10-03T09:06:55","slug":"siemens-lj97bam60-einbauhaube","status":"publish","type":"product","link":"https:\/\/elektro-fontana.com\/it\/produkt\/siemens-lj97bam60-einbauhaube\/","title":{"rendered":"Siemens LJ97BAM60 Cappa da incasso"},"content":{"rendered":"","protected":false},"excerpt":{"rendered":"<table style=\"height: 248px;\" width=\"613\">\n<tbody>\n<tr>\n<td>\n<h4><span style=\"color: #0f62ab;\"><strong>Dettagli prodotto:<\/strong><\/span><\/h4>\n<\/td>\n<td>\n<h4><span style=\"color: #0f62ab;\"><strong>Cappa integrata \/ iQ500 \/ 90 cm<\/strong><\/span><\/h4>\n<\/td>\n<\/tr>\n<tr>\n<td>Modalit\u00e0 operative:<\/td>\n<td>Sfiato \/ Ricircolo d\u2019aria (accessorio disponibile separatamente)<\/td>\n<\/tr>\n<tr>\n<td>Capacit\u00e0 di aspirazione sfiato:<\/td>\n<td>460 m\u00b3\/h (749 m\u00b3\/h con livello intensivo)<\/td>\n<\/tr>\n<tr>\n<td>Capacit\u00e0 di aspirazione ricircolo d\u2019aria:<\/td>\n<td>451 m\u00b3\/h (652 m\u00b3\/h con livello intensivo)<\/td>\n<\/tr>\n<tr>\n<td>Rumorosit\u00e0:<\/td>\n<td>63 dB(A)<\/td>\n<\/tr>\n<tr>\n<td>Tipo di controllo:<\/td>\n<td>Indicatore LED, Touch Control Plus<\/td>\n<\/tr>\n<tr>\n<td>Materiale \/ Colore:<\/td>\n<td>Vetro \/ Nero<\/td>\n<\/tr>\n<tr>\n<td>Misure esterne in cm (L\/P\/A):<\/td>\n<td>89,7 \/ 29,8 \/ 34<\/td>\n<\/tr>\n<\/tbody>\n<\/table>\n<h3><strong><span style=\"color: #ff0000;\"><span style=\"color: #0f62ab;\">Ordinabile &#8211; Prezzo su richiesta<\/span><\/span><\/strong><\/h3>\n<hr \/>\n<h3><\/h3>\n","protected":false},"featured_media":11218,"comment_status":"closed","ping_status":"closed","template":"","meta":[],"product_brand":[],"product_cat":[126,125,122,341],"product_tag":[],"class_list":{"0":"post-11216","1":"product","2":"type-product","3":"status-publish","4":"has-post-thumbnail","6":"product_cat-cappe-da-incasso","7":"product_cat-cappe-e-aspiratori","8":"product_cat-da-incasso","9":"product_cat-siemens-it","11":"first","12":"outofstock","13":"shipping-taxable","14":"product-type-simple"},"yoast_head":"<!-- This site is optimized with the Yoast SEO plugin v27.3 - https:\/\/yoast.com\/product\/yoast-seo-wordpress\/ -->\n<title>Siemens LJ97BAM60 Cappa da incasso - Elektrofachmarkt Fontana Meran<\/title>\n<meta name=\"robots\" content=\"index, follow, max-snippet:-1, max-image-preview:large, max-video-preview:-1\" \/>\n<link rel=\"canonical\" href=\"https:\/\/elektro-fontana.com\/it\/produkt\/siemens-lj97bam60-einbauhaube\/\" \/>\n<meta property=\"og:locale\" content=\"it_IT\" \/>\n<meta property=\"og:type\" content=\"article\" \/>\n<meta property=\"og:title\" content=\"Siemens LJ97BAM60 Cappa da incasso - Elektrofachmarkt Fontana Meran\" \/>\n<meta property=\"og:description\" content=\"Dettagli prodotto:   Cappa integrata \/ iQ500 \/ 90 cm    Modalit\u00e0 operative: Sfiato \/ Ricircolo d\u2019aria (accessorio disponibile separatamente)   Capacit\u00e0 di aspirazione sfiato: 460 m\u00b3\/h (749 m\u00b3\/h con livello intensivo)   Capacit\u00e0 di aspirazione ricircolo d\u2019aria: 451 m\u00b3\/h (652 m\u00b3\/h con livello intensivo)   Rumorosit\u00e0: 63 dB(A)   Tipo di controllo: Indicatore LED, Touch Control Plus   Materiale \/ Colore: Vetro \/ Nero   Misure esterne in cm (L\/P\/A): 89,7 \/ 29,8 \/ 34    Ordinabile - Prezzo su richiesta\" \/>\n<meta property=\"og:url\" content=\"https:\/\/elektro-fontana.com\/it\/produkt\/siemens-lj97bam60-einbauhaube\/\" \/>\n<meta property=\"og:site_name\" content=\"Elektrofachmarkt Fontana Meran\" \/>\n<meta property=\"article:modified_time\" content=\"2023-10-03T09:06:55+00:00\" \/>\n<meta property=\"og:image\" content=\"https:\/\/elektro-fontana.com\/shop\/wp-content\/uploads\/2023\/10\/Siemens-LJ-97-BAM60-01.jpg\" \/>\n\t<meta property=\"og:image:width\" content=\"1000\" \/>\n\t<meta property=\"og:image:height\" content=\"1000\" \/>\n\t<meta property=\"og:image:type\" content=\"image\/jpeg\" \/>\n<meta name=\"twitter:card\" content=\"summary_large_image\" \/>\n<script type=\"application\/ld+json\" class=\"yoast-schema-graph\">{\"@context\":\"https:\\\/\\\/schema.org\",\"@graph\":[{\"@type\":\"WebPage\",\"@id\":\"https:\\\/\\\/elektro-fontana.com\\\/it\\\/produkt\\\/siemens-lj97bam60-einbauhaube\\\/\",\"url\":\"https:\\\/\\\/elektro-fontana.com\\\/it\\\/produkt\\\/siemens-lj97bam60-einbauhaube\\\/\",\"name\":\"Siemens LJ97BAM60 Cappa da incasso - Elektrofachmarkt Fontana Meran\",\"isPartOf\":{\"@id\":\"https:\\\/\\\/elektro-fontana.com\\\/#website\"},\"primaryImageOfPage\":{\"@id\":\"https:\\\/\\\/elektro-fontana.com\\\/it\\\/produkt\\\/siemens-lj97bam60-einbauhaube\\\/#primaryimage\"},\"image\":{\"@id\":\"https:\\\/\\\/elektro-fontana.com\\\/it\\\/produkt\\\/siemens-lj97bam60-einbauhaube\\\/#primaryimage\"},\"thumbnailUrl\":\"https:\\\/\\\/elektro-fontana.com\\\/shop\\\/wp-content\\\/uploads\\\/2023\\\/10\\\/Siemens-LJ-97-BAM60-01.jpg\",\"datePublished\":\"2023-10-03T08:40:51+00:00\",\"dateModified\":\"2023-10-03T09:06:55+00:00\",\"breadcrumb\":{\"@id\":\"https:\\\/\\\/elektro-fontana.com\\\/it\\\/produkt\\\/siemens-lj97bam60-einbauhaube\\\/#breadcrumb\"},\"inLanguage\":\"it-IT\",\"potentialAction\":[{\"@type\":\"ReadAction\",\"target\":[\"https:\\\/\\\/elektro-fontana.com\\\/it\\\/produkt\\\/siemens-lj97bam60-einbauhaube\\\/\"]}]},{\"@type\":\"ImageObject\",\"inLanguage\":\"it-IT\",\"@id\":\"https:\\\/\\\/elektro-fontana.com\\\/it\\\/produkt\\\/siemens-lj97bam60-einbauhaube\\\/#primaryimage\",\"url\":\"https:\\\/\\\/elektro-fontana.com\\\/shop\\\/wp-content\\\/uploads\\\/2023\\\/10\\\/Siemens-LJ-97-BAM60-01.jpg\",\"contentUrl\":\"https:\\\/\\\/elektro-fontana.com\\\/shop\\\/wp-content\\\/uploads\\\/2023\\\/10\\\/Siemens-LJ-97-BAM60-01.jpg\",\"width\":1000,\"height\":1000},{\"@type\":\"BreadcrumbList\",\"@id\":\"https:\\\/\\\/elektro-fontana.com\\\/it\\\/produkt\\\/siemens-lj97bam60-einbauhaube\\\/#breadcrumb\",\"itemListElement\":[{\"@type\":\"ListItem\",\"position\":1,\"name\":\"Startseite\",\"item\":\"https:\\\/\\\/elektro-fontana.com\\\/it\\\/\"},{\"@type\":\"ListItem\",\"position\":2,\"name\":\"Onlineshop\",\"item\":\"https:\\\/\\\/elektro-fontana.com\\\/it\\\/shop\\\/\"},{\"@type\":\"ListItem\",\"position\":3,\"name\":\"Siemens LJ97BAM60 Cappa da incasso\"}]},{\"@type\":\"WebSite\",\"@id\":\"https:\\\/\\\/elektro-fontana.com\\\/#website\",\"url\":\"https:\\\/\\\/elektro-fontana.com\\\/\",\"name\":\"Elektrofachmarkt Fontana Meran\",\"description\":\"Bei uns finden Sie die wahrscheinlich gr\u00f6\u00dfte Auswahl an hochwertigen Elektroger\u00e4ten in und um Meran, sowie die beste pers\u00f6nliche Beratung\",\"potentialAction\":[{\"@type\":\"SearchAction\",\"target\":{\"@type\":\"EntryPoint\",\"urlTemplate\":\"https:\\\/\\\/elektro-fontana.com\\\/?s={search_term_string}\"},\"query-input\":{\"@type\":\"PropertyValueSpecification\",\"valueRequired\":true,\"valueName\":\"search_term_string\"}}],\"inLanguage\":\"it-IT\"}]}<\/script>\n<!-- \/ Yoast SEO plugin. -->","yoast_head_json":{"title":"Siemens LJ97BAM60 Cappa da incasso - Elektrofachmarkt Fontana Meran","robots":{"index":"index","follow":"follow","max-snippet":"max-snippet:-1","max-image-preview":"max-image-preview:large","max-video-preview":"max-video-preview:-1"},"canonical":"https:\/\/elektro-fontana.com\/it\/produkt\/siemens-lj97bam60-einbauhaube\/","og_locale":"it_IT","og_type":"article","og_title":"Siemens LJ97BAM60 Cappa da incasso - Elektrofachmarkt Fontana Meran","og_description":"Dettagli prodotto:   Cappa integrata \/ iQ500 \/ 90 cm    Modalit\u00e0 operative: Sfiato \/ Ricircolo d\u2019aria (accessorio disponibile separatamente)   Capacit\u00e0 di aspirazione sfiato: 460 m\u00b3\/h (749 m\u00b3\/h con livello intensivo)   Capacit\u00e0 di aspirazione ricircolo d\u2019aria: 451 m\u00b3\/h (652 m\u00b3\/h con livello intensivo)   Rumorosit\u00e0: 63 dB(A)   Tipo di controllo: Indicatore LED, Touch Control Plus   Materiale \/ Colore: Vetro \/ Nero   Misure esterne in cm (L\/P\/A): 89,7 \/ 29,8 \/ 34    Ordinabile - Prezzo su richiesta","og_url":"https:\/\/elektro-fontana.com\/it\/produkt\/siemens-lj97bam60-einbauhaube\/","og_site_name":"Elektrofachmarkt Fontana Meran","article_modified_time":"2023-10-03T09:06:55+00:00","og_image":[{"width":1000,"height":1000,"url":"https:\/\/elektro-fontana.com\/shop\/wp-content\/uploads\/2023\/10\/Siemens-LJ-97-BAM60-01.jpg","type":"image\/jpeg"}],"twitter_card":"summary_large_image","schema":{"@context":"https:\/\/schema.org","@graph":[{"@type":"WebPage","@id":"https:\/\/elektro-fontana.com\/it\/produkt\/siemens-lj97bam60-einbauhaube\/","url":"https:\/\/elektro-fontana.com\/it\/produkt\/siemens-lj97bam60-einbauhaube\/","name":"Siemens LJ97BAM60 Cappa da incasso - Elektrofachmarkt Fontana Meran","isPartOf":{"@id":"https:\/\/elektro-fontana.com\/#website"},"primaryImageOfPage":{"@id":"https:\/\/elektro-fontana.com\/it\/produkt\/siemens-lj97bam60-einbauhaube\/#primaryimage"},"image":{"@id":"https:\/\/elektro-fontana.com\/it\/produkt\/siemens-lj97bam60-einbauhaube\/#primaryimage"},"thumbnailUrl":"https:\/\/elektro-fontana.com\/shop\/wp-content\/uploads\/2023\/10\/Siemens-LJ-97-BAM60-01.jpg","datePublished":"2023-10-03T08:40:51+00:00","dateModified":"2023-10-03T09:06:55+00:00","breadcrumb":{"@id":"https:\/\/elektro-fontana.com\/it\/produkt\/siemens-lj97bam60-einbauhaube\/#breadcrumb"},"inLanguage":"it-IT","potentialAction":[{"@type":"ReadAction","target":["https:\/\/elektro-fontana.com\/it\/produkt\/siemens-lj97bam60-einbauhaube\/"]}]},{"@type":"ImageObject","inLanguage":"it-IT","@id":"https:\/\/elektro-fontana.com\/it\/produkt\/siemens-lj97bam60-einbauhaube\/#primaryimage","url":"https:\/\/elektro-fontana.com\/shop\/wp-content\/uploads\/2023\/10\/Siemens-LJ-97-BAM60-01.jpg","contentUrl":"https:\/\/elektro-fontana.com\/shop\/wp-content\/uploads\/2023\/10\/Siemens-LJ-97-BAM60-01.jpg","width":1000,"height":1000},{"@type":"BreadcrumbList","@id":"https:\/\/elektro-fontana.com\/it\/produkt\/siemens-lj97bam60-einbauhaube\/#breadcrumb","itemListElement":[{"@type":"ListItem","position":1,"name":"Startseite","item":"https:\/\/elektro-fontana.com\/it\/"},{"@type":"ListItem","position":2,"name":"Onlineshop","item":"https:\/\/elektro-fontana.com\/it\/shop\/"},{"@type":"ListItem","position":3,"name":"Siemens LJ97BAM60 Cappa da incasso"}]},{"@type":"WebSite","@id":"https:\/\/elektro-fontana.com\/#website","url":"https:\/\/elektro-fontana.com\/","name":"Elektrofachmarkt Fontana Meran","description":"Bei uns finden Sie die wahrscheinlich gr\u00f6\u00dfte Auswahl an hochwertigen Elektroger\u00e4ten in und um Meran, sowie die beste pers\u00f6nliche Beratung","potentialAction":[{"@type":"SearchAction","target":{"@type":"EntryPoint","urlTemplate":"https:\/\/elektro-fontana.com\/?s={search_term_string}"},"query-input":{"@type":"PropertyValueSpecification","valueRequired":true,"valueName":"search_term_string"}}],"inLanguage":"it-IT"}]}},"_links":{"self":[{"href":"https:\/\/elektro-fontana.com\/it\/wp-json\/wp\/v2\/product\/11216","targetHints":{"allow":["GET"]}}],"collection":[{"href":"https:\/\/elektro-fontana.com\/it\/wp-json\/wp\/v2\/product"}],"about":[{"href":"https:\/\/elektro-fontana.com\/it\/wp-json\/wp\/v2\/types\/product"}],"replies":[{"embeddable":true,"href":"https:\/\/elektro-fontana.com\/it\/wp-json\/wp\/v2\/comments?post=11216"}],"wp:featuredmedia":[{"embeddable":true,"href":"https:\/\/elektro-fontana.com\/it\/wp-json\/wp\/v2\/media\/11218"}],"wp:attachment":[{"href":"https:\/\/elektro-fontana.com\/it\/wp-json\/wp\/v2\/media?parent=11216"}],"wp:term":[{"taxonomy":"product_brand","embeddable":true,"href":"https:\/\/elektro-fontana.com\/it\/wp-json\/wp\/v2\/product_brand?post=11216"},{"taxonomy":"product_cat","embeddable":true,"href":"https:\/\/elektro-fontana.com\/it\/wp-json\/wp\/v2\/product_cat?post=11216"},{"taxonomy":"product_tag","embeddable":true,"href":"https:\/\/elektro-fontana.com\/it\/wp-json\/wp\/v2\/product_tag?post=11216"}],"curies":[{"name":"wp","href":"https:\/\/api.w.org\/{rel}","templated":true}]}}