{"id":11170,"date":"2023-10-03T09:29:17","date_gmt":"2023-10-03T07:29:17","guid":{"rendered":"https:\/\/elektro-fontana.com\/?post_type=product&#038;p=11170"},"modified":"2023-10-03T09:48:01","modified_gmt":"2023-10-03T07:48:01","slug":"siemens-ki96nnse0","status":"publish","type":"product","link":"https:\/\/elektro-fontana.com\/it\/produkt\/siemens-ki96nnse0\/","title":{"rendered":"Siemens KI96NNSE0"},"content":{"rendered":"","protected":false},"excerpt":{"rendered":"<table style=\"height: 276px;\" width=\"594\">\n<tbody>\n<tr>\n<td>\n<h4><span style=\"color: #0f62ab;\"><strong>Dettagli prodotto:<\/strong><\/span><\/h4>\n<\/td>\n<td>\n<h4><span style=\"color: #0f62ab;\"><strong>Frigo-congelatore combinato da incasso \/ iQ100<\/strong><\/span><\/h4>\n<\/td>\n<\/tr>\n<tr>\n<td><strong>Montaggio sportello:<\/strong><\/td>\n<td><strong>Cerniera scorrevole<\/strong><\/td>\n<\/tr>\n<tr>\n<td>Classe Efficienza Energetica:<\/td>\n<td>E<\/td>\n<\/tr>\n<tr>\n<td>Consumo energetico annuo:<\/td>\n<td>231 kWh<\/td>\n<\/tr>\n<tr>\n<td>Volume totale:<\/td>\n<td>290 l (75 l vano congelatore)<\/td>\n<\/tr>\n<tr>\n<td>Rumorosit\u00e0:<\/td>\n<td>34 dB(A)<\/td>\n<\/tr>\n<tr>\n<td>Illuminazione:<\/td>\n<td>LED<\/td>\n<\/tr>\n<tr>\n<td>Autonomia Black-Out:<\/td>\n<td>10 h<\/td>\n<\/tr>\n<tr>\n<td>Misure esterne in cm (A\/L\/P):<\/td>\n<td>193,5 \/ 54,1 \/ 54,8<\/td>\n<\/tr>\n<\/tbody>\n<\/table>\n<h3><strong><span style=\"color: #ff0000;\"><span style=\"color: #0f62ab;\">Ordinabile &#8211; Prezzo su richiesta<\/span><\/span><\/strong><\/h3>\n<hr \/>\n<h3><\/h3>\n<p>&nbsp;<\/p>\n","protected":false},"featured_media":11172,"comment_status":"closed","ping_status":"closed","template":"","meta":[],"product_brand":[],"product_cat":[461,122,123,341],"product_tag":[],"class_list":{"0":"post-11170","1":"product","2":"type-product","3":"status-publish","4":"has-post-thumbnail","6":"product_cat-altezza-195-cm","7":"product_cat-da-incasso","8":"product_cat-frigoriferi-da-incasso","9":"product_cat-siemens-it","11":"first","12":"outofstock","13":"shipping-taxable","14":"product-type-simple"},"yoast_head":"<!-- This site is optimized with the Yoast SEO plugin v27.4 - https:\/\/yoast.com\/product\/yoast-seo-wordpress\/ -->\n<title>Siemens KI96NNSE0 - Elektrofachmarkt Fontana Meran<\/title>\n<meta name=\"robots\" content=\"index, follow, max-snippet:-1, max-image-preview:large, max-video-preview:-1\" \/>\n<link rel=\"canonical\" href=\"https:\/\/elektro-fontana.com\/it\/produkt\/siemens-ki96nnse0\/\" \/>\n<meta property=\"og:locale\" content=\"it_IT\" \/>\n<meta property=\"og:type\" content=\"article\" \/>\n<meta property=\"og:title\" content=\"Siemens KI96NNSE0 - Elektrofachmarkt Fontana Meran\" \/>\n<meta property=\"og:description\" content=\"Dettagli prodotto:   Frigo-congelatore combinato da incasso \/ iQ100    Montaggio sportello: Cerniera scorrevole   Classe Efficienza Energetica: E   Consumo energetico annuo: 231 kWh   Volume totale: 290 l (75 l vano congelatore)   Rumorosit\u00e0: 34 dB(A)   Illuminazione: LED   Autonomia Black-Out: 10 h   Misure esterne in cm (A\/L\/P): 193,5 \/ 54,1 \/ 54,8    Ordinabile - Prezzo su richiesta     &nbsp;\" \/>\n<meta property=\"og:url\" content=\"https:\/\/elektro-fontana.com\/it\/produkt\/siemens-ki96nnse0\/\" \/>\n<meta property=\"og:site_name\" content=\"Elektrofachmarkt Fontana Meran\" \/>\n<meta property=\"article:modified_time\" content=\"2023-10-03T07:48:01+00:00\" \/>\n<meta property=\"og:image\" content=\"https:\/\/elektro-fontana.com\/shop\/wp-content\/uploads\/2023\/10\/Siemens-KI-96-NNSE0-01.jpg\" \/>\n\t<meta property=\"og:image:width\" content=\"1000\" \/>\n\t<meta property=\"og:image:height\" content=\"1000\" \/>\n\t<meta property=\"og:image:type\" content=\"image\/jpeg\" \/>\n<meta name=\"twitter:card\" content=\"summary_large_image\" \/>\n<script type=\"application\/ld+json\" class=\"yoast-schema-graph\">{\"@context\":\"https:\\\/\\\/schema.org\",\"@graph\":[{\"@type\":\"WebPage\",\"@id\":\"https:\\\/\\\/elektro-fontana.com\\\/it\\\/produkt\\\/siemens-ki96nnse0\\\/\",\"url\":\"https:\\\/\\\/elektro-fontana.com\\\/it\\\/produkt\\\/siemens-ki96nnse0\\\/\",\"name\":\"Siemens KI96NNSE0 - Elektrofachmarkt Fontana Meran\",\"isPartOf\":{\"@id\":\"https:\\\/\\\/elektro-fontana.com\\\/#website\"},\"primaryImageOfPage\":{\"@id\":\"https:\\\/\\\/elektro-fontana.com\\\/it\\\/produkt\\\/siemens-ki96nnse0\\\/#primaryimage\"},\"image\":{\"@id\":\"https:\\\/\\\/elektro-fontana.com\\\/it\\\/produkt\\\/siemens-ki96nnse0\\\/#primaryimage\"},\"thumbnailUrl\":\"https:\\\/\\\/elektro-fontana.com\\\/shop\\\/wp-content\\\/uploads\\\/2023\\\/10\\\/Siemens-KI-96-NNSE0-01.jpg\",\"datePublished\":\"2023-10-03T07:29:17+00:00\",\"dateModified\":\"2023-10-03T07:48:01+00:00\",\"breadcrumb\":{\"@id\":\"https:\\\/\\\/elektro-fontana.com\\\/it\\\/produkt\\\/siemens-ki96nnse0\\\/#breadcrumb\"},\"inLanguage\":\"it-IT\",\"potentialAction\":[{\"@type\":\"ReadAction\",\"target\":[\"https:\\\/\\\/elektro-fontana.com\\\/it\\\/produkt\\\/siemens-ki96nnse0\\\/\"]}]},{\"@type\":\"ImageObject\",\"inLanguage\":\"it-IT\",\"@id\":\"https:\\\/\\\/elektro-fontana.com\\\/it\\\/produkt\\\/siemens-ki96nnse0\\\/#primaryimage\",\"url\":\"https:\\\/\\\/elektro-fontana.com\\\/shop\\\/wp-content\\\/uploads\\\/2023\\\/10\\\/Siemens-KI-96-NNSE0-01.jpg\",\"contentUrl\":\"https:\\\/\\\/elektro-fontana.com\\\/shop\\\/wp-content\\\/uploads\\\/2023\\\/10\\\/Siemens-KI-96-NNSE0-01.jpg\",\"width\":1000,\"height\":1000},{\"@type\":\"BreadcrumbList\",\"@id\":\"https:\\\/\\\/elektro-fontana.com\\\/it\\\/produkt\\\/siemens-ki96nnse0\\\/#breadcrumb\",\"itemListElement\":[{\"@type\":\"ListItem\",\"position\":1,\"name\":\"Startseite\",\"item\":\"https:\\\/\\\/elektro-fontana.com\\\/it\\\/\"},{\"@type\":\"ListItem\",\"position\":2,\"name\":\"Onlineshop\",\"item\":\"https:\\\/\\\/elektro-fontana.com\\\/it\\\/shop\\\/\"},{\"@type\":\"ListItem\",\"position\":3,\"name\":\"Siemens KI96NNSE0\"}]},{\"@type\":\"WebSite\",\"@id\":\"https:\\\/\\\/elektro-fontana.com\\\/#website\",\"url\":\"https:\\\/\\\/elektro-fontana.com\\\/\",\"name\":\"Elektrofachmarkt Fontana Meran\",\"description\":\"Bei uns finden Sie die wahrscheinlich gr\u00f6\u00dfte Auswahl an hochwertigen Elektroger\u00e4ten in und um Meran, sowie die beste pers\u00f6nliche Beratung\",\"potentialAction\":[{\"@type\":\"SearchAction\",\"target\":{\"@type\":\"EntryPoint\",\"urlTemplate\":\"https:\\\/\\\/elektro-fontana.com\\\/?s={search_term_string}\"},\"query-input\":{\"@type\":\"PropertyValueSpecification\",\"valueRequired\":true,\"valueName\":\"search_term_string\"}}],\"inLanguage\":\"it-IT\"}]}<\/script>\n<!-- \/ Yoast SEO plugin. -->","yoast_head_json":{"title":"Siemens KI96NNSE0 - Elektrofachmarkt Fontana Meran","robots":{"index":"index","follow":"follow","max-snippet":"max-snippet:-1","max-image-preview":"max-image-preview:large","max-video-preview":"max-video-preview:-1"},"canonical":"https:\/\/elektro-fontana.com\/it\/produkt\/siemens-ki96nnse0\/","og_locale":"it_IT","og_type":"article","og_title":"Siemens KI96NNSE0 - Elektrofachmarkt Fontana Meran","og_description":"Dettagli prodotto:   Frigo-congelatore combinato da incasso \/ iQ100    Montaggio sportello: Cerniera scorrevole   Classe Efficienza Energetica: E   Consumo energetico annuo: 231 kWh   Volume totale: 290 l (75 l vano congelatore)   Rumorosit\u00e0: 34 dB(A)   Illuminazione: LED   Autonomia Black-Out: 10 h   Misure esterne in cm (A\/L\/P): 193,5 \/ 54,1 \/ 54,8    Ordinabile - Prezzo su richiesta     &nbsp;","og_url":"https:\/\/elektro-fontana.com\/it\/produkt\/siemens-ki96nnse0\/","og_site_name":"Elektrofachmarkt Fontana Meran","article_modified_time":"2023-10-03T07:48:01+00:00","og_image":[{"width":1000,"height":1000,"url":"https:\/\/elektro-fontana.com\/shop\/wp-content\/uploads\/2023\/10\/Siemens-KI-96-NNSE0-01.jpg","type":"image\/jpeg"}],"twitter_card":"summary_large_image","schema":{"@context":"https:\/\/schema.org","@graph":[{"@type":"WebPage","@id":"https:\/\/elektro-fontana.com\/it\/produkt\/siemens-ki96nnse0\/","url":"https:\/\/elektro-fontana.com\/it\/produkt\/siemens-ki96nnse0\/","name":"Siemens KI96NNSE0 - Elektrofachmarkt Fontana Meran","isPartOf":{"@id":"https:\/\/elektro-fontana.com\/#website"},"primaryImageOfPage":{"@id":"https:\/\/elektro-fontana.com\/it\/produkt\/siemens-ki96nnse0\/#primaryimage"},"image":{"@id":"https:\/\/elektro-fontana.com\/it\/produkt\/siemens-ki96nnse0\/#primaryimage"},"thumbnailUrl":"https:\/\/elektro-fontana.com\/shop\/wp-content\/uploads\/2023\/10\/Siemens-KI-96-NNSE0-01.jpg","datePublished":"2023-10-03T07:29:17+00:00","dateModified":"2023-10-03T07:48:01+00:00","breadcrumb":{"@id":"https:\/\/elektro-fontana.com\/it\/produkt\/siemens-ki96nnse0\/#breadcrumb"},"inLanguage":"it-IT","potentialAction":[{"@type":"ReadAction","target":["https:\/\/elektro-fontana.com\/it\/produkt\/siemens-ki96nnse0\/"]}]},{"@type":"ImageObject","inLanguage":"it-IT","@id":"https:\/\/elektro-fontana.com\/it\/produkt\/siemens-ki96nnse0\/#primaryimage","url":"https:\/\/elektro-fontana.com\/shop\/wp-content\/uploads\/2023\/10\/Siemens-KI-96-NNSE0-01.jpg","contentUrl":"https:\/\/elektro-fontana.com\/shop\/wp-content\/uploads\/2023\/10\/Siemens-KI-96-NNSE0-01.jpg","width":1000,"height":1000},{"@type":"BreadcrumbList","@id":"https:\/\/elektro-fontana.com\/it\/produkt\/siemens-ki96nnse0\/#breadcrumb","itemListElement":[{"@type":"ListItem","position":1,"name":"Startseite","item":"https:\/\/elektro-fontana.com\/it\/"},{"@type":"ListItem","position":2,"name":"Onlineshop","item":"https:\/\/elektro-fontana.com\/it\/shop\/"},{"@type":"ListItem","position":3,"name":"Siemens KI96NNSE0"}]},{"@type":"WebSite","@id":"https:\/\/elektro-fontana.com\/#website","url":"https:\/\/elektro-fontana.com\/","name":"Elektrofachmarkt Fontana Meran","description":"Bei uns finden Sie die wahrscheinlich gr\u00f6\u00dfte Auswahl an hochwertigen Elektroger\u00e4ten in und um Meran, sowie die beste pers\u00f6nliche Beratung","potentialAction":[{"@type":"SearchAction","target":{"@type":"EntryPoint","urlTemplate":"https:\/\/elektro-fontana.com\/?s={search_term_string}"},"query-input":{"@type":"PropertyValueSpecification","valueRequired":true,"valueName":"search_term_string"}}],"inLanguage":"it-IT"}]}},"_links":{"self":[{"href":"https:\/\/elektro-fontana.com\/it\/wp-json\/wp\/v2\/product\/11170","targetHints":{"allow":["GET"]}}],"collection":[{"href":"https:\/\/elektro-fontana.com\/it\/wp-json\/wp\/v2\/product"}],"about":[{"href":"https:\/\/elektro-fontana.com\/it\/wp-json\/wp\/v2\/types\/product"}],"replies":[{"embeddable":true,"href":"https:\/\/elektro-fontana.com\/it\/wp-json\/wp\/v2\/comments?post=11170"}],"wp:featuredmedia":[{"embeddable":true,"href":"https:\/\/elektro-fontana.com\/it\/wp-json\/wp\/v2\/media\/11172"}],"wp:attachment":[{"href":"https:\/\/elektro-fontana.com\/it\/wp-json\/wp\/v2\/media?parent=11170"}],"wp:term":[{"taxonomy":"product_brand","embeddable":true,"href":"https:\/\/elektro-fontana.com\/it\/wp-json\/wp\/v2\/product_brand?post=11170"},{"taxonomy":"product_cat","embeddable":true,"href":"https:\/\/elektro-fontana.com\/it\/wp-json\/wp\/v2\/product_cat?post=11170"},{"taxonomy":"product_tag","embeddable":true,"href":"https:\/\/elektro-fontana.com\/it\/wp-json\/wp\/v2\/product_tag?post=11170"}],"curies":[{"name":"wp","href":"https:\/\/api.w.org\/{rel}","templated":true}]}}