{"id":11010,"date":"2023-10-02T10:09:01","date_gmt":"2023-10-02T08:09:01","guid":{"rendered":"https:\/\/elektro-fontana.com\/?post_type=product&#038;p=11010"},"modified":"2024-08-07T08:17:52","modified_gmt":"2024-08-07T06:17:52","slug":"siemens-ex877hvc1e","status":"publish","type":"product","link":"https:\/\/elektro-fontana.com\/it\/produkt\/siemens-ex877hvc1e\/","title":{"rendered":"Siemens EX877HVC1E"},"content":{"rendered":"","protected":false},"excerpt":{"rendered":"<table style=\"height: 245px;\" width=\"697\">\n<tbody>\n<tr>\n<td>\n<h4><span style=\"color: #0f62ab;\"><strong>Dettagli prodotto:<\/strong><\/span><\/h4>\n<\/td>\n<td>\n<h4><span style=\"color: #0f62ab;\"><strong>Piano cottura a induzione \/ iQ700<br \/>\n<\/strong><\/span><\/h4>\n<\/td>\n<\/tr>\n<tr>\n<td>Tipo di controllo:<\/td>\n<td>MultiTouch+ \/ Touch Slider<\/td>\n<\/tr>\n<tr>\n<td>Design:<\/td>\n<td>Cornice di design, sovrastante<\/td>\n<\/tr>\n<tr>\n<td>Materiale:<\/td>\n<td>Vetroceramica nera<\/td>\n<\/tr>\n<tr>\n<td>Dimensione zone cottura (in cm):<\/td>\n<td>1 x (40 x 21) \/ 1 x (14,5 x 14,5) \/ 1 x (18 x 18) \/ 1 x (24 x 24)<\/td>\n<\/tr>\n<tr>\n<td>Potenza zone cottura (in kW):<\/td>\n<td>1 x 1.6 (2.2) \/ 1 x 2.0 (3.1) \/ 1 x 2.5 (3.7) \/ 2 x 2.2 (3.7)<\/td>\n<\/tr>\n<tr>\n<td>Misure esterne (L\/P\/A in cm):<\/td>\n<td>81,2 \/ 52 \/ 5,1<\/td>\n<\/tr>\n<\/tbody>\n<\/table>\n<h3><strong><span style=\"color: #ff0000;\"><span style=\"color: #0f62ab;\">Ordinabile &#8211; Prezzo su richiesta<\/span><\/span><\/strong><\/h3>\n<hr>\n<h3><\/h3>\n","protected":false},"featured_media":11002,"comment_status":"closed","ping_status":"closed","template":"","meta":[],"product_brand":[],"product_cat":[122,141,143,341],"product_tag":[],"class_list":{"0":"post-11010","1":"product","2":"type-product","3":"status-publish","4":"has-post-thumbnail","6":"product_cat-da-incasso","7":"product_cat-piani-cottura","8":"product_cat-piani-cottura-a-induzione","9":"product_cat-siemens-it","11":"first","12":"outofstock","13":"shipping-taxable","14":"product-type-simple"},"yoast_head":"<!-- This site is optimized with the Yoast SEO plugin v27.3 - https:\/\/yoast.com\/product\/yoast-seo-wordpress\/ -->\n<title>Siemens EX877HVC1E - Elektrofachmarkt Fontana Meran<\/title>\n<meta name=\"robots\" content=\"index, follow, max-snippet:-1, max-image-preview:large, max-video-preview:-1\" \/>\n<link rel=\"canonical\" href=\"https:\/\/elektro-fontana.com\/it\/produkt\/siemens-ex877hvc1e\/\" \/>\n<meta property=\"og:locale\" content=\"it_IT\" \/>\n<meta property=\"og:type\" content=\"article\" \/>\n<meta property=\"og:title\" content=\"Siemens EX877HVC1E - Elektrofachmarkt Fontana Meran\" \/>\n<meta property=\"og:description\" content=\"Dettagli prodotto:  Piano cottura a induzione \/ iQ700   Tipo di controllo: MultiTouch+ \/ Touch Slider  Design: Cornice di design, sovrastante  Materiale: Vetroceramica nera  Dimensione zone cottura (in cm): 1 x (40 x 21) \/ 1 x (14,5 x 14,5) \/ 1 x (18 x 18) \/ 1 x (24 x 24)  Potenza zone cottura (in kW): 1 x 1.6 (2.2) \/ 1 x 2.0 (3.1) \/ 1 x 2.5 (3.7) \/ 2 x 2.2 (3.7)  Misure esterne (L\/P\/A in cm): 81,2 \/ 52 \/ 5,1  Ordinabile - Prezzo su richiesta\" \/>\n<meta property=\"og:url\" content=\"https:\/\/elektro-fontana.com\/it\/produkt\/siemens-ex877hvc1e\/\" \/>\n<meta property=\"og:site_name\" content=\"Elektrofachmarkt Fontana Meran\" \/>\n<meta property=\"article:modified_time\" content=\"2024-08-07T06:17:52+00:00\" \/>\n<meta property=\"og:image\" content=\"https:\/\/elektro-fontana.com\/shop\/wp-content\/uploads\/2023\/10\/Siemens-EX-877-HVC1E-01.jpg\" \/>\n\t<meta property=\"og:image:width\" content=\"1000\" \/>\n\t<meta property=\"og:image:height\" content=\"1000\" \/>\n\t<meta property=\"og:image:type\" content=\"image\/jpeg\" \/>\n<meta name=\"twitter:card\" content=\"summary_large_image\" \/>\n<script type=\"application\/ld+json\" class=\"yoast-schema-graph\">{\"@context\":\"https:\\\/\\\/schema.org\",\"@graph\":[{\"@type\":\"WebPage\",\"@id\":\"https:\\\/\\\/elektro-fontana.com\\\/it\\\/produkt\\\/siemens-ex877hvc1e\\\/\",\"url\":\"https:\\\/\\\/elektro-fontana.com\\\/it\\\/produkt\\\/siemens-ex877hvc1e\\\/\",\"name\":\"Siemens EX877HVC1E - Elektrofachmarkt Fontana Meran\",\"isPartOf\":{\"@id\":\"https:\\\/\\\/elektro-fontana.com\\\/#website\"},\"primaryImageOfPage\":{\"@id\":\"https:\\\/\\\/elektro-fontana.com\\\/it\\\/produkt\\\/siemens-ex877hvc1e\\\/#primaryimage\"},\"image\":{\"@id\":\"https:\\\/\\\/elektro-fontana.com\\\/it\\\/produkt\\\/siemens-ex877hvc1e\\\/#primaryimage\"},\"thumbnailUrl\":\"https:\\\/\\\/elektro-fontana.com\\\/shop\\\/wp-content\\\/uploads\\\/2023\\\/10\\\/Siemens-EX-877-HVC1E-01.jpg\",\"datePublished\":\"2023-10-02T08:09:01+00:00\",\"dateModified\":\"2024-08-07T06:17:52+00:00\",\"breadcrumb\":{\"@id\":\"https:\\\/\\\/elektro-fontana.com\\\/it\\\/produkt\\\/siemens-ex877hvc1e\\\/#breadcrumb\"},\"inLanguage\":\"it-IT\",\"potentialAction\":[{\"@type\":\"ReadAction\",\"target\":[\"https:\\\/\\\/elektro-fontana.com\\\/it\\\/produkt\\\/siemens-ex877hvc1e\\\/\"]}]},{\"@type\":\"ImageObject\",\"inLanguage\":\"it-IT\",\"@id\":\"https:\\\/\\\/elektro-fontana.com\\\/it\\\/produkt\\\/siemens-ex877hvc1e\\\/#primaryimage\",\"url\":\"https:\\\/\\\/elektro-fontana.com\\\/shop\\\/wp-content\\\/uploads\\\/2023\\\/10\\\/Siemens-EX-877-HVC1E-01.jpg\",\"contentUrl\":\"https:\\\/\\\/elektro-fontana.com\\\/shop\\\/wp-content\\\/uploads\\\/2023\\\/10\\\/Siemens-EX-877-HVC1E-01.jpg\",\"width\":1000,\"height\":1000},{\"@type\":\"BreadcrumbList\",\"@id\":\"https:\\\/\\\/elektro-fontana.com\\\/it\\\/produkt\\\/siemens-ex877hvc1e\\\/#breadcrumb\",\"itemListElement\":[{\"@type\":\"ListItem\",\"position\":1,\"name\":\"Startseite\",\"item\":\"https:\\\/\\\/elektro-fontana.com\\\/it\\\/\"},{\"@type\":\"ListItem\",\"position\":2,\"name\":\"Onlineshop\",\"item\":\"https:\\\/\\\/elektro-fontana.com\\\/it\\\/shop\\\/\"},{\"@type\":\"ListItem\",\"position\":3,\"name\":\"Siemens EX877HVC1E\"}]},{\"@type\":\"WebSite\",\"@id\":\"https:\\\/\\\/elektro-fontana.com\\\/#website\",\"url\":\"https:\\\/\\\/elektro-fontana.com\\\/\",\"name\":\"Elektrofachmarkt Fontana Meran\",\"description\":\"Bei uns finden Sie die wahrscheinlich gr\u00f6\u00dfte Auswahl an hochwertigen Elektroger\u00e4ten in und um Meran, sowie die beste pers\u00f6nliche Beratung\",\"potentialAction\":[{\"@type\":\"SearchAction\",\"target\":{\"@type\":\"EntryPoint\",\"urlTemplate\":\"https:\\\/\\\/elektro-fontana.com\\\/?s={search_term_string}\"},\"query-input\":{\"@type\":\"PropertyValueSpecification\",\"valueRequired\":true,\"valueName\":\"search_term_string\"}}],\"inLanguage\":\"it-IT\"}]}<\/script>\n<!-- \/ Yoast SEO plugin. -->","yoast_head_json":{"title":"Siemens EX877HVC1E - Elektrofachmarkt Fontana Meran","robots":{"index":"index","follow":"follow","max-snippet":"max-snippet:-1","max-image-preview":"max-image-preview:large","max-video-preview":"max-video-preview:-1"},"canonical":"https:\/\/elektro-fontana.com\/it\/produkt\/siemens-ex877hvc1e\/","og_locale":"it_IT","og_type":"article","og_title":"Siemens EX877HVC1E - Elektrofachmarkt Fontana Meran","og_description":"Dettagli prodotto:  Piano cottura a induzione \/ iQ700   Tipo di controllo: MultiTouch+ \/ Touch Slider  Design: Cornice di design, sovrastante  Materiale: Vetroceramica nera  Dimensione zone cottura (in cm): 1 x (40 x 21) \/ 1 x (14,5 x 14,5) \/ 1 x (18 x 18) \/ 1 x (24 x 24)  Potenza zone cottura (in kW): 1 x 1.6 (2.2) \/ 1 x 2.0 (3.1) \/ 1 x 2.5 (3.7) \/ 2 x 2.2 (3.7)  Misure esterne (L\/P\/A in cm): 81,2 \/ 52 \/ 5,1  Ordinabile - Prezzo su richiesta","og_url":"https:\/\/elektro-fontana.com\/it\/produkt\/siemens-ex877hvc1e\/","og_site_name":"Elektrofachmarkt Fontana Meran","article_modified_time":"2024-08-07T06:17:52+00:00","og_image":[{"width":1000,"height":1000,"url":"https:\/\/elektro-fontana.com\/shop\/wp-content\/uploads\/2023\/10\/Siemens-EX-877-HVC1E-01.jpg","type":"image\/jpeg"}],"twitter_card":"summary_large_image","schema":{"@context":"https:\/\/schema.org","@graph":[{"@type":"WebPage","@id":"https:\/\/elektro-fontana.com\/it\/produkt\/siemens-ex877hvc1e\/","url":"https:\/\/elektro-fontana.com\/it\/produkt\/siemens-ex877hvc1e\/","name":"Siemens EX877HVC1E - Elektrofachmarkt Fontana Meran","isPartOf":{"@id":"https:\/\/elektro-fontana.com\/#website"},"primaryImageOfPage":{"@id":"https:\/\/elektro-fontana.com\/it\/produkt\/siemens-ex877hvc1e\/#primaryimage"},"image":{"@id":"https:\/\/elektro-fontana.com\/it\/produkt\/siemens-ex877hvc1e\/#primaryimage"},"thumbnailUrl":"https:\/\/elektro-fontana.com\/shop\/wp-content\/uploads\/2023\/10\/Siemens-EX-877-HVC1E-01.jpg","datePublished":"2023-10-02T08:09:01+00:00","dateModified":"2024-08-07T06:17:52+00:00","breadcrumb":{"@id":"https:\/\/elektro-fontana.com\/it\/produkt\/siemens-ex877hvc1e\/#breadcrumb"},"inLanguage":"it-IT","potentialAction":[{"@type":"ReadAction","target":["https:\/\/elektro-fontana.com\/it\/produkt\/siemens-ex877hvc1e\/"]}]},{"@type":"ImageObject","inLanguage":"it-IT","@id":"https:\/\/elektro-fontana.com\/it\/produkt\/siemens-ex877hvc1e\/#primaryimage","url":"https:\/\/elektro-fontana.com\/shop\/wp-content\/uploads\/2023\/10\/Siemens-EX-877-HVC1E-01.jpg","contentUrl":"https:\/\/elektro-fontana.com\/shop\/wp-content\/uploads\/2023\/10\/Siemens-EX-877-HVC1E-01.jpg","width":1000,"height":1000},{"@type":"BreadcrumbList","@id":"https:\/\/elektro-fontana.com\/it\/produkt\/siemens-ex877hvc1e\/#breadcrumb","itemListElement":[{"@type":"ListItem","position":1,"name":"Startseite","item":"https:\/\/elektro-fontana.com\/it\/"},{"@type":"ListItem","position":2,"name":"Onlineshop","item":"https:\/\/elektro-fontana.com\/it\/shop\/"},{"@type":"ListItem","position":3,"name":"Siemens EX877HVC1E"}]},{"@type":"WebSite","@id":"https:\/\/elektro-fontana.com\/#website","url":"https:\/\/elektro-fontana.com\/","name":"Elektrofachmarkt Fontana Meran","description":"Bei uns finden Sie die wahrscheinlich gr\u00f6\u00dfte Auswahl an hochwertigen Elektroger\u00e4ten in und um Meran, sowie die beste pers\u00f6nliche Beratung","potentialAction":[{"@type":"SearchAction","target":{"@type":"EntryPoint","urlTemplate":"https:\/\/elektro-fontana.com\/?s={search_term_string}"},"query-input":{"@type":"PropertyValueSpecification","valueRequired":true,"valueName":"search_term_string"}}],"inLanguage":"it-IT"}]}},"_links":{"self":[{"href":"https:\/\/elektro-fontana.com\/it\/wp-json\/wp\/v2\/product\/11010","targetHints":{"allow":["GET"]}}],"collection":[{"href":"https:\/\/elektro-fontana.com\/it\/wp-json\/wp\/v2\/product"}],"about":[{"href":"https:\/\/elektro-fontana.com\/it\/wp-json\/wp\/v2\/types\/product"}],"replies":[{"embeddable":true,"href":"https:\/\/elektro-fontana.com\/it\/wp-json\/wp\/v2\/comments?post=11010"}],"wp:featuredmedia":[{"embeddable":true,"href":"https:\/\/elektro-fontana.com\/it\/wp-json\/wp\/v2\/media\/11002"}],"wp:attachment":[{"href":"https:\/\/elektro-fontana.com\/it\/wp-json\/wp\/v2\/media?parent=11010"}],"wp:term":[{"taxonomy":"product_brand","embeddable":true,"href":"https:\/\/elektro-fontana.com\/it\/wp-json\/wp\/v2\/product_brand?post=11010"},{"taxonomy":"product_cat","embeddable":true,"href":"https:\/\/elektro-fontana.com\/it\/wp-json\/wp\/v2\/product_cat?post=11010"},{"taxonomy":"product_tag","embeddable":true,"href":"https:\/\/elektro-fontana.com\/it\/wp-json\/wp\/v2\/product_tag?post=11010"}],"curies":[{"name":"wp","href":"https:\/\/api.w.org\/{rel}","templated":true}]}}