{"id":10767,"date":"2023-09-14T11:03:51","date_gmt":"2023-09-14T09:03:51","guid":{"rendered":"https:\/\/elektro-fontana.com\/?post_type=product&#038;p=10767"},"modified":"2023-09-14T11:49:14","modified_gmt":"2023-09-14T09:49:14","slug":"bartscher-mini-kuehlvitrine-98l-schwarz","status":"publish","type":"product","link":"https:\/\/elektro-fontana.com\/it\/produkt\/bartscher-mini-kuehlvitrine-98l-schwarz\/","title":{"rendered":"Bartscher Mini-Vetrina refrigerante 98L Nera"},"content":{"rendered":"","protected":false},"excerpt":{"rendered":"<table style=\"height: 221px;\" width=\"526\">\n<tbody>\n<tr>\n<td>Ripiani:<\/td>\n<td>4 griglie rivestite in plastica<\/td>\n<\/tr>\n<tr>\n<td>Misure ripiani (L\/P in cm):<\/td>\n<td>38 \/ 32,5<\/td>\n<\/tr>\n<tr>\n<td>Materiale:<\/td>\n<td>Plastica, vetro<\/td>\n<\/tr>\n<tr>\n<td>Tipo di vetri:<\/td>\n<td>Doppio vetro<\/td>\n<\/tr>\n<tr>\n<td>Contenuto:<\/td>\n<td>98 l<\/td>\n<\/tr>\n<tr>\n<td>Range di temperatura:<\/td>\n<td>da 2\u00b0 C a 12\u00b0 C<\/td>\n<\/tr>\n<tr>\n<td>Consumo energetico annuo:<\/td>\n<td>1.401 kWh<\/td>\n<\/tr>\n<tr>\n<td>Colore:<\/td>\n<td>Nero<\/td>\n<\/tr>\n<tr>\n<td>Misure esterne (A\/L\/P in cm):<\/td>\n<td>110,5 \/ 43,5 \/ 38,5<\/td>\n<\/tr>\n<\/tbody>\n<\/table>\n<table>\n<tbody>\n<tr>\n<td bgcolor=\"#f0f0f0\">\n<h6><span style=\"color: #000000;\"><span style=\"color: #bd0926;\">\u25ba<\/span> <a href=\"https:\/\/www.bartscher.com\/it\/\" target=\"_blank\" rel=\"noopener\">Maggiori informazioni sui prodotti Bartscher<\/a><br \/>\n<\/span><\/h6>\n<\/td>\n<\/tr>\n<\/tbody>\n<\/table>\n<h3><strong><span style=\"color: #ff0000;\"><span style=\"color: #0f62ab;\">Ordinabile &#8211; Prezzo su richiesta<\/span><\/span><\/strong><\/h3>\n<hr \/>\n<h3><\/h3>\n","protected":false},"featured_media":10761,"comment_status":"closed","ping_status":"closed","template":"","meta":[],"product_brand":[],"product_cat":[292,177,186,166],"product_tag":[],"class_list":{"0":"post-10767","1":"product","2":"type-product","3":"status-publish","4":"has-post-thumbnail","6":"product_cat-bartscher-it","7":"product_cat-bianco","8":"product_cat-frigoriferi","9":"product_cat-vetrine-refrigeranti-professionali","11":"first","12":"outofstock","13":"shipping-taxable","14":"product-type-simple"},"yoast_head":"<!-- This site is optimized with the Yoast SEO plugin v27.3 - https:\/\/yoast.com\/product\/yoast-seo-wordpress\/ -->\n<title>Bartscher Mini-Vetrina refrigerante 98L Nera - Elektrofachmarkt Fontana Meran<\/title>\n<meta name=\"robots\" content=\"index, follow, max-snippet:-1, max-image-preview:large, max-video-preview:-1\" \/>\n<link rel=\"canonical\" href=\"https:\/\/elektro-fontana.com\/it\/produkt\/bartscher-mini-kuehlvitrine-98l-schwarz\/\" \/>\n<meta property=\"og:locale\" content=\"it_IT\" \/>\n<meta property=\"og:type\" content=\"article\" \/>\n<meta property=\"og:title\" content=\"Bartscher Mini-Vetrina refrigerante 98L Nera - Elektrofachmarkt Fontana Meran\" \/>\n<meta property=\"og:description\" content=\"Ripiani: 4 griglie rivestite in plastica   Misure ripiani (L\/P in cm): 38 \/ 32,5   Materiale: Plastica, vetro   Tipo di vetri: Doppio vetro   Contenuto: 98 l   Range di temperatura: da 2\u00b0 C a 12\u00b0 C   Consumo energetico annuo: 1.401 kWh   Colore: Nero   Misure esterne (A\/L\/P in cm): 110,5 \/ 43,5 \/ 38,5        \u25ba Maggiori informazioni sui prodotti Bartscher      Ordinabile - Prezzo su richiesta\" \/>\n<meta property=\"og:url\" content=\"https:\/\/elektro-fontana.com\/it\/produkt\/bartscher-mini-kuehlvitrine-98l-schwarz\/\" \/>\n<meta property=\"og:site_name\" content=\"Elektrofachmarkt Fontana Meran\" \/>\n<meta property=\"article:modified_time\" content=\"2023-09-14T09:49:14+00:00\" \/>\n<meta property=\"og:image\" content=\"https:\/\/elektro-fontana.com\/shop\/wp-content\/uploads\/2023\/09\/Bartscher-Mini-Kuehlvitrine-98L-Schwarz-01.jpg\" \/>\n\t<meta property=\"og:image:width\" content=\"1000\" \/>\n\t<meta property=\"og:image:height\" content=\"1000\" \/>\n\t<meta property=\"og:image:type\" content=\"image\/jpeg\" \/>\n<meta name=\"twitter:card\" content=\"summary_large_image\" \/>\n<script type=\"application\/ld+json\" class=\"yoast-schema-graph\">{\"@context\":\"https:\\\/\\\/schema.org\",\"@graph\":[{\"@type\":\"WebPage\",\"@id\":\"https:\\\/\\\/elektro-fontana.com\\\/it\\\/produkt\\\/bartscher-mini-kuehlvitrine-98l-schwarz\\\/\",\"url\":\"https:\\\/\\\/elektro-fontana.com\\\/it\\\/produkt\\\/bartscher-mini-kuehlvitrine-98l-schwarz\\\/\",\"name\":\"Bartscher Mini-Vetrina refrigerante 98L Nera - Elektrofachmarkt Fontana Meran\",\"isPartOf\":{\"@id\":\"https:\\\/\\\/elektro-fontana.com\\\/#website\"},\"primaryImageOfPage\":{\"@id\":\"https:\\\/\\\/elektro-fontana.com\\\/it\\\/produkt\\\/bartscher-mini-kuehlvitrine-98l-schwarz\\\/#primaryimage\"},\"image\":{\"@id\":\"https:\\\/\\\/elektro-fontana.com\\\/it\\\/produkt\\\/bartscher-mini-kuehlvitrine-98l-schwarz\\\/#primaryimage\"},\"thumbnailUrl\":\"https:\\\/\\\/elektro-fontana.com\\\/shop\\\/wp-content\\\/uploads\\\/2023\\\/09\\\/Bartscher-Mini-Kuehlvitrine-98L-Schwarz-01.jpg\",\"datePublished\":\"2023-09-14T09:03:51+00:00\",\"dateModified\":\"2023-09-14T09:49:14+00:00\",\"breadcrumb\":{\"@id\":\"https:\\\/\\\/elektro-fontana.com\\\/it\\\/produkt\\\/bartscher-mini-kuehlvitrine-98l-schwarz\\\/#breadcrumb\"},\"inLanguage\":\"it-IT\",\"potentialAction\":[{\"@type\":\"ReadAction\",\"target\":[\"https:\\\/\\\/elektro-fontana.com\\\/it\\\/produkt\\\/bartscher-mini-kuehlvitrine-98l-schwarz\\\/\"]}]},{\"@type\":\"ImageObject\",\"inLanguage\":\"it-IT\",\"@id\":\"https:\\\/\\\/elektro-fontana.com\\\/it\\\/produkt\\\/bartscher-mini-kuehlvitrine-98l-schwarz\\\/#primaryimage\",\"url\":\"https:\\\/\\\/elektro-fontana.com\\\/shop\\\/wp-content\\\/uploads\\\/2023\\\/09\\\/Bartscher-Mini-Kuehlvitrine-98L-Schwarz-01.jpg\",\"contentUrl\":\"https:\\\/\\\/elektro-fontana.com\\\/shop\\\/wp-content\\\/uploads\\\/2023\\\/09\\\/Bartscher-Mini-Kuehlvitrine-98L-Schwarz-01.jpg\",\"width\":1000,\"height\":1000},{\"@type\":\"BreadcrumbList\",\"@id\":\"https:\\\/\\\/elektro-fontana.com\\\/it\\\/produkt\\\/bartscher-mini-kuehlvitrine-98l-schwarz\\\/#breadcrumb\",\"itemListElement\":[{\"@type\":\"ListItem\",\"position\":1,\"name\":\"Startseite\",\"item\":\"https:\\\/\\\/elektro-fontana.com\\\/it\\\/\"},{\"@type\":\"ListItem\",\"position\":2,\"name\":\"Onlineshop\",\"item\":\"https:\\\/\\\/elektro-fontana.com\\\/it\\\/shop\\\/\"},{\"@type\":\"ListItem\",\"position\":3,\"name\":\"Bartscher Mini-Vetrina refrigerante 98L Nera\"}]},{\"@type\":\"WebSite\",\"@id\":\"https:\\\/\\\/elektro-fontana.com\\\/#website\",\"url\":\"https:\\\/\\\/elektro-fontana.com\\\/\",\"name\":\"Elektrofachmarkt Fontana Meran\",\"description\":\"Bei uns finden Sie die wahrscheinlich gr\u00f6\u00dfte Auswahl an hochwertigen Elektroger\u00e4ten in und um Meran, sowie die beste pers\u00f6nliche Beratung\",\"potentialAction\":[{\"@type\":\"SearchAction\",\"target\":{\"@type\":\"EntryPoint\",\"urlTemplate\":\"https:\\\/\\\/elektro-fontana.com\\\/?s={search_term_string}\"},\"query-input\":{\"@type\":\"PropertyValueSpecification\",\"valueRequired\":true,\"valueName\":\"search_term_string\"}}],\"inLanguage\":\"it-IT\"}]}<\/script>\n<!-- \/ Yoast SEO plugin. -->","yoast_head_json":{"title":"Bartscher Mini-Vetrina refrigerante 98L Nera - Elektrofachmarkt Fontana Meran","robots":{"index":"index","follow":"follow","max-snippet":"max-snippet:-1","max-image-preview":"max-image-preview:large","max-video-preview":"max-video-preview:-1"},"canonical":"https:\/\/elektro-fontana.com\/it\/produkt\/bartscher-mini-kuehlvitrine-98l-schwarz\/","og_locale":"it_IT","og_type":"article","og_title":"Bartscher Mini-Vetrina refrigerante 98L Nera - Elektrofachmarkt Fontana Meran","og_description":"Ripiani: 4 griglie rivestite in plastica   Misure ripiani (L\/P in cm): 38 \/ 32,5   Materiale: Plastica, vetro   Tipo di vetri: Doppio vetro   Contenuto: 98 l   Range di temperatura: da 2\u00b0 C a 12\u00b0 C   Consumo energetico annuo: 1.401 kWh   Colore: Nero   Misure esterne (A\/L\/P in cm): 110,5 \/ 43,5 \/ 38,5        \u25ba Maggiori informazioni sui prodotti Bartscher      Ordinabile - Prezzo su richiesta","og_url":"https:\/\/elektro-fontana.com\/it\/produkt\/bartscher-mini-kuehlvitrine-98l-schwarz\/","og_site_name":"Elektrofachmarkt Fontana Meran","article_modified_time":"2023-09-14T09:49:14+00:00","og_image":[{"width":1000,"height":1000,"url":"https:\/\/elektro-fontana.com\/shop\/wp-content\/uploads\/2023\/09\/Bartscher-Mini-Kuehlvitrine-98L-Schwarz-01.jpg","type":"image\/jpeg"}],"twitter_card":"summary_large_image","schema":{"@context":"https:\/\/schema.org","@graph":[{"@type":"WebPage","@id":"https:\/\/elektro-fontana.com\/it\/produkt\/bartscher-mini-kuehlvitrine-98l-schwarz\/","url":"https:\/\/elektro-fontana.com\/it\/produkt\/bartscher-mini-kuehlvitrine-98l-schwarz\/","name":"Bartscher Mini-Vetrina refrigerante 98L Nera - Elektrofachmarkt Fontana Meran","isPartOf":{"@id":"https:\/\/elektro-fontana.com\/#website"},"primaryImageOfPage":{"@id":"https:\/\/elektro-fontana.com\/it\/produkt\/bartscher-mini-kuehlvitrine-98l-schwarz\/#primaryimage"},"image":{"@id":"https:\/\/elektro-fontana.com\/it\/produkt\/bartscher-mini-kuehlvitrine-98l-schwarz\/#primaryimage"},"thumbnailUrl":"https:\/\/elektro-fontana.com\/shop\/wp-content\/uploads\/2023\/09\/Bartscher-Mini-Kuehlvitrine-98L-Schwarz-01.jpg","datePublished":"2023-09-14T09:03:51+00:00","dateModified":"2023-09-14T09:49:14+00:00","breadcrumb":{"@id":"https:\/\/elektro-fontana.com\/it\/produkt\/bartscher-mini-kuehlvitrine-98l-schwarz\/#breadcrumb"},"inLanguage":"it-IT","potentialAction":[{"@type":"ReadAction","target":["https:\/\/elektro-fontana.com\/it\/produkt\/bartscher-mini-kuehlvitrine-98l-schwarz\/"]}]},{"@type":"ImageObject","inLanguage":"it-IT","@id":"https:\/\/elektro-fontana.com\/it\/produkt\/bartscher-mini-kuehlvitrine-98l-schwarz\/#primaryimage","url":"https:\/\/elektro-fontana.com\/shop\/wp-content\/uploads\/2023\/09\/Bartscher-Mini-Kuehlvitrine-98L-Schwarz-01.jpg","contentUrl":"https:\/\/elektro-fontana.com\/shop\/wp-content\/uploads\/2023\/09\/Bartscher-Mini-Kuehlvitrine-98L-Schwarz-01.jpg","width":1000,"height":1000},{"@type":"BreadcrumbList","@id":"https:\/\/elektro-fontana.com\/it\/produkt\/bartscher-mini-kuehlvitrine-98l-schwarz\/#breadcrumb","itemListElement":[{"@type":"ListItem","position":1,"name":"Startseite","item":"https:\/\/elektro-fontana.com\/it\/"},{"@type":"ListItem","position":2,"name":"Onlineshop","item":"https:\/\/elektro-fontana.com\/it\/shop\/"},{"@type":"ListItem","position":3,"name":"Bartscher Mini-Vetrina refrigerante 98L Nera"}]},{"@type":"WebSite","@id":"https:\/\/elektro-fontana.com\/#website","url":"https:\/\/elektro-fontana.com\/","name":"Elektrofachmarkt Fontana Meran","description":"Bei uns finden Sie die wahrscheinlich gr\u00f6\u00dfte Auswahl an hochwertigen Elektroger\u00e4ten in und um Meran, sowie die beste pers\u00f6nliche Beratung","potentialAction":[{"@type":"SearchAction","target":{"@type":"EntryPoint","urlTemplate":"https:\/\/elektro-fontana.com\/?s={search_term_string}"},"query-input":{"@type":"PropertyValueSpecification","valueRequired":true,"valueName":"search_term_string"}}],"inLanguage":"it-IT"}]}},"_links":{"self":[{"href":"https:\/\/elektro-fontana.com\/it\/wp-json\/wp\/v2\/product\/10767","targetHints":{"allow":["GET"]}}],"collection":[{"href":"https:\/\/elektro-fontana.com\/it\/wp-json\/wp\/v2\/product"}],"about":[{"href":"https:\/\/elektro-fontana.com\/it\/wp-json\/wp\/v2\/types\/product"}],"replies":[{"embeddable":true,"href":"https:\/\/elektro-fontana.com\/it\/wp-json\/wp\/v2\/comments?post=10767"}],"wp:featuredmedia":[{"embeddable":true,"href":"https:\/\/elektro-fontana.com\/it\/wp-json\/wp\/v2\/media\/10761"}],"wp:attachment":[{"href":"https:\/\/elektro-fontana.com\/it\/wp-json\/wp\/v2\/media?parent=10767"}],"wp:term":[{"taxonomy":"product_brand","embeddable":true,"href":"https:\/\/elektro-fontana.com\/it\/wp-json\/wp\/v2\/product_brand?post=10767"},{"taxonomy":"product_cat","embeddable":true,"href":"https:\/\/elektro-fontana.com\/it\/wp-json\/wp\/v2\/product_cat?post=10767"},{"taxonomy":"product_tag","embeddable":true,"href":"https:\/\/elektro-fontana.com\/it\/wp-json\/wp\/v2\/product_tag?post=10767"}],"curies":[{"name":"wp","href":"https:\/\/api.w.org\/{rel}","templated":true}]}}